{"id":990,"date":"2025-09-24T11:32:22","date_gmt":"2025-09-24T14:32:22","guid":{"rendered":"http:\/\/ftuvz.unsl.edu.ar\/?page_id=990"},"modified":"2025-09-24T11:44:51","modified_gmt":"2025-09-24T14:44:51","slug":"sec-extension-diplomatura-de-extension-geoecologia-aplicada-al-turismo-una-mirada-de-futuro","status":"publish","type":"page","link":"http:\/\/ftuvz.unsl.edu.ar\/index.php\/sec-extension-diplomatura-de-extension-geoecologia-aplicada-al-turismo-una-mirada-de-futuro\/","title":{"rendered":"Sec. Extensi\u00f3n DIPLOMATURA DE EXTENSI\u00d3N  &#8220;GEOECOLOG\u00cdA APLICADA AL TURISMO. UNA MIRADA DE FUTURO&#8221;"},"content":{"rendered":"\n<p class=\"has-large-font-size\"><strong>Secretar\u00eda de Extensi\u00f3n<\/strong><\/p>\n\n\n\n<figure class=\"wp-block-image aligncenter size-full\"><img loading=\"lazy\" decoding=\"async\" width=\"478\" height=\"200\" src=\"http:\/\/ftuvz.unsl.edu.ar\/wp-content\/uploads\/2025\/09\/SEU-FTU-Logo.png\" alt=\"\" class=\"wp-image-979\" srcset=\"http:\/\/ftuvz.unsl.edu.ar\/wp-content\/uploads\/2025\/09\/SEU-FTU-Logo.png 478w, http:\/\/ftuvz.unsl.edu.ar\/wp-content\/uploads\/2025\/09\/SEU-FTU-Logo-300x126.png 300w\" sizes=\"auto, (max-width: 478px) 100vw, 478px\" \/><\/figure>\n\n\n\n<p><strong>Secretaria:&nbsp;<\/strong>&nbsp;&nbsp; Lic. M\u00f3nica del Valle Torrez &nbsp;&nbsp; &#8211; &nbsp;&nbsp; Resoluci\u00f3n Designaci\u00f3n:&nbsp;<strong><a href=\"http:\/\/digesto.unsl.edu.ar\/docs\/202309\/20230921110227_306.pdf\">R.D. 315\/23<\/a><\/strong> &#8211; &nbsp; Contacto:&nbsp;<a href=\"mailto:ftu-secgraladmin@unsl.edu.ar\">ftu-extension@unsl.edu.ar<\/a><\/p>\n\n\n\n<p><strong>Oficina de Extensi\u00f3n<\/strong>&nbsp;&#8211; Edificio administrativo (Av. del Libertador San Mart\u00edn 721 esq. Gob. Rufino Lucero &#8211; Barranca Colorada)<br>Horario de atenci\u00f3n: Lunes a Viernes de 9 a 13hs. &#8211; Tel. fijo: 02656-470316.<br>Contacto:&nbsp;<a href=\"mailto:ftu.extension@gmail.com\">ftu.extension@gmail.com<\/a><\/p>\n\n\n\n<hr class=\"wp-block-separator alignwide has-text-color has-luminous-vivid-amber-color has-alpha-channel-opacity has-luminous-vivid-amber-background-color has-background is-style-wide\"\/>\n\n\n\n<p class=\"has-text-align-center has-text-color has-link-color wp-elements-55e594d56dcaa51e834fb8f490d6cbe2\" style=\"color:#996a16\"><strong>DIPLOMATURA DE EXTENSI\u00d3N EN &#8220;GEOECOLOG\u00cdA APLICADA AL TURISMO. UNA MIRADA DE FUTURO&#8221;<\/strong><\/p>\n\n\n\n<h6 class=\"wp-block-heading has-text-align-center\"><strong>Una contribuci\u00f3n a la formaci\u00f3n de conocimiento b\u00e1sico espec\u00edfico relacionando componentes de la naturaleza, sitios de inter\u00e9s paisaj\u00edstico, patrimonio (geol\u00f3gico, arqueol\u00f3gico, ecol\u00f3gico) y turismo<\/strong><\/h6>\n\n\n\n<h6 class=\"wp-block-heading has-text-align-center\"><br><strong>INSCRIPCI\u00d3N ABIERTA: Hasta las 12hs del 3 de marzo 2025<br><br>INICIO DE CURSADO: 12 de marzo 2025<\/strong><\/h6>\n\n\n\n<figure class=\"wp-block-image aligncenter size-full\"><img loading=\"lazy\" decoding=\"async\" width=\"600\" height=\"600\" src=\"http:\/\/ftuvz.unsl.edu.ar\/wp-content\/uploads\/2025\/09\/Diplomatura-2.jpg\" alt=\"\" class=\"wp-image-1005\" srcset=\"http:\/\/ftuvz.unsl.edu.ar\/wp-content\/uploads\/2025\/09\/Diplomatura-2.jpg 600w, http:\/\/ftuvz.unsl.edu.ar\/wp-content\/uploads\/2025\/09\/Diplomatura-2-300x300.jpg 300w, http:\/\/ftuvz.unsl.edu.ar\/wp-content\/uploads\/2025\/09\/Diplomatura-2-150x150.jpg 150w\" sizes=\"auto, (max-width: 600px) 100vw, 600px\" \/><\/figure>\n\n\n\n<p><strong>La propuesta tiene como objetivos<\/strong>: contribuir a la formaci\u00f3n de conocimiento b\u00e1sico en tem\u00e1ticas espec\u00edficas relacionadas con las Ciencias Naturales, que permitan a los participantes realizar interpretaciones de los componentes de la naturaleza, poniendo en valor los sitios de inter\u00e9s paisaj\u00edstico, las diversas categor\u00edas de patrimonios (geol\u00f3gico, arqueol\u00f3gico, ecol\u00f3gico, etc.) y los recursos tur\u00edsticos.<\/p>\n\n\n\n<p><strong>La Diplomatura est\u00e1 destinada a<\/strong>: estudiantes y graduados de carreras t\u00e9cnicas y licenciaturas, docentes y no docentes, gu\u00edas profesionales y baqueanos, prestadores y operadores tur\u00edsticos, guardaparques, funcionarios de gobiernos nacionales, provinciales y locales, profesionales y p\u00fablico en general interesado en la tem\u00e1tica, de acuerdo a lo establecido por la Ordenanza C.S. N\u00b021\/20 de la Universidad Nacional de San Luis.<\/p>\n\n\n\n<p><strong>Requisitos de admisi\u00f3n<\/strong><br>&#8211; Ser mayor de 18 a\u00f1os con t\u00edtulo de nivel secundario completo o personas mayores de 25 a\u00f1os sin t\u00edtulo secundario completo.<br>&#8211; Presentar DNI, formulario de inscripci\u00f3n y t\u00edtulo seg\u00fan se especifique.<br>&#8211; Para asistir a cada una de las salidas, deber\u00e1n cumplimentar con un seguro (individual), declaraci\u00f3n jurada y deslinde de responsabilidades.<\/p>\n\n\n\n<p><strong>Cupo m\u00ednimo<\/strong>&nbsp;10 inscriptos<\/p>\n\n\n\n<p><strong>Carga Horaria y Duraci\u00f3n<\/strong><br>\u2022 Duraci\u00f3n total de la Diplomatura: 4 (cuatro) meses.<br>\u2022 Distribuci\u00f3n de los M\u00f3dulos: 2 (dos) m\u00f3dulos por mes.<br>\u2022 Duraci\u00f3n de cada M\u00f3dulo: 4 (cuatro) d\u00edas.<br>\u2022 Distribuci\u00f3n de la Carga Horaria por M\u00f3dulo: 20 (veinte) Hs.<br>\u2022 Distribuci\u00f3n de la Carga Horaria Trabajo Final Integrador: 40 (cuarenta) Hs.<br>\u2022 Carga Horaria Total: 180 Hs.<\/p>\n\n\n\n<p><strong>Becas a estudiantes de la FTU<\/strong><br>Se otorgar\u00e1n dos (2) becas de Matr\u00edcula y Arancel a estudiantes de la FTU, a seleccionar entre quienes que soliciten el beneficio.<br>Los interesados deber\u00e1n enviar hasta el d\u00eda 28 de febrero por correo electr\u00f3nico a&nbsp;<a href=\"mailto:ftu.mesadeentrada@gmail.com\">ftu.mesadeentrada@gmail.com<\/a>, nota dirigida a la Secretar\u00eda de Extensi\u00f3n y Vinculaci\u00f3n detallando los motivos por los cuales desea cursar la Diplomatura o el M\u00f3dulo individual, y aquellos por los cuales solicita la beca.<br>Incluir en la nota: Nombre y Apellido Completos, N\u00ba de Legajo e Historia Acad\u00e9mica.<\/p>\n\n\n\n<p><strong>Observaciones generales<\/strong><br>Cada participante, est\u00e9 becado o no, deber\u00e1 cubrir sus gastos en cada una de las salidas de campo: traslados, viandas, ingresos a parques y reservas naturales, entre otros.<\/p>\n\n\n\n<p><strong>Cronograma de cursado mes de marzo<\/strong><br>&nbsp;&nbsp;&nbsp;&nbsp;M\u00f3dulo 1&nbsp;&#8211; Las plantas, una aproximaci\u00f3n a su biolog\u00eda y biodiversidad<br>&nbsp;&nbsp;&nbsp;&nbsp;* Clases Te\u00f3rico &#8211; Pr\u00e1cticas: 12, 13, 14 de marzo de 9.00 a 12.00hs.<br>&nbsp;&nbsp;&nbsp;&nbsp;* Salida de Campo: 15 de Marzo de 9.00 a 17.00hs.<br>&nbsp;&nbsp;&nbsp;&nbsp;M\u00f3dulo 2&nbsp;&#8211; Conociendo a las aves<br>&nbsp;&nbsp;&nbsp;&nbsp;* Clases Te\u00f3rico &#8211; Pr\u00e1cticas: 25, 26, 27 de Marzo de 9.00 a 12.00hs.<br>&nbsp;&nbsp;&nbsp;&nbsp;* Salida de Campo: 29 de Marzo de 9.00 a 17.00hs.<\/p>\n\n\n\n<p><strong>Normativa<\/strong>:\u00a0<a href=\"https:\/\/notif-vz.unsl.edu.ar\/uploads\/109114\/RCD_185-24.pdf\" target=\"_blank\" rel=\"noreferrer noopener\">Res.C.D.185\/24<\/a><\/p>\n\n\n\n<p><strong>Formulario de Inscripci\u00f3n<\/strong>:\u00a0<a href=\"https:\/\/forms.gle\/nxMLXPH1FP95GTVYA\" target=\"_blank\" rel=\"noreferrer noopener\">Click para acceder<\/a><\/p>\n\n\n\n<figure class=\"wp-block-image aligncenter size-full\"><img loading=\"lazy\" decoding=\"async\" width=\"600\" height=\"600\" src=\"http:\/\/ftuvz.unsl.edu.ar\/wp-content\/uploads\/2025\/09\/Diplomatura-1.jpg\" alt=\"\" class=\"wp-image-1004\" srcset=\"http:\/\/ftuvz.unsl.edu.ar\/wp-content\/uploads\/2025\/09\/Diplomatura-1.jpg 600w, http:\/\/ftuvz.unsl.edu.ar\/wp-content\/uploads\/2025\/09\/Diplomatura-1-300x300.jpg 300w, http:\/\/ftuvz.unsl.edu.ar\/wp-content\/uploads\/2025\/09\/Diplomatura-1-150x150.jpg 150w\" sizes=\"auto, (max-width: 600px) 100vw, 600px\" \/><\/figure>\n\n\n\n<figure class=\"wp-block-image aligncenter size-full\"><img loading=\"lazy\" decoding=\"async\" width=\"600\" height=\"600\" src=\"http:\/\/ftuvz.unsl.edu.ar\/wp-content\/uploads\/2025\/09\/Diplomatura-3.jpg\" alt=\"\" class=\"wp-image-1006\" srcset=\"http:\/\/ftuvz.unsl.edu.ar\/wp-content\/uploads\/2025\/09\/Diplomatura-3.jpg 600w, http:\/\/ftuvz.unsl.edu.ar\/wp-content\/uploads\/2025\/09\/Diplomatura-3-300x300.jpg 300w, http:\/\/ftuvz.unsl.edu.ar\/wp-content\/uploads\/2025\/09\/Diplomatura-3-150x150.jpg 150w\" sizes=\"auto, (max-width: 600px) 100vw, 600px\" \/><\/figure>\n","protected":false},"excerpt":{"rendered":"<p>Secretar\u00eda de Extensi\u00f3n Secretaria:&nbsp;&nbsp;&nbsp; Lic. M\u00f3nica del Valle Torrez &nbsp;&nbsp; &#8211; &nbsp;&nbsp; Resoluci\u00f3n Designaci\u00f3n:&nbsp;R.D. 315\/23 &#8211; &nbsp; Contacto:&nbsp;ftu-extension@unsl.edu.ar Oficina de [&hellip;]<\/p>\n","protected":false},"author":1,"featured_media":0,"parent":0,"menu_order":0,"comment_status":"closed","ping_status":"closed","template":"","meta":{"site-sidebar-layout":"default","site-content-layout":"","ast-site-content-layout":"default","site-content-style":"default","site-sidebar-style":"default","ast-global-header-display":"","ast-banner-title-visibility":"","ast-main-header-display":"","ast-hfb-above-header-display":"","ast-hfb-below-header-display":"","ast-hfb-mobile-header-display":"","site-post-title":"disabled","ast-breadcrumbs-content":"","ast-featured-img":"","footer-sml-layout":"","theme-transparent-header-meta":"","adv-header-id-meta":"","stick-header-meta":"","header-above-stick-meta":"","header-main-stick-meta":"","header-below-stick-meta":"","astra-migrate-meta-layouts":"default","ast-page-background-enabled":"default","ast-page-background-meta":{"desktop":{"background-color":"var(--ast-global-color-5)","background-image":"","background-repeat":"repeat","background-position":"center center","background-size":"auto","background-attachment":"scroll","background-type":"","background-media":"","overlay-type":"","overlay-color":"","overlay-opacity":"","overlay-gradient":""},"tablet":{"background-color":"","background-image":"","background-repeat":"repeat","background-position":"center center","background-size":"auto","background-attachment":"scroll","background-type":"","background-media":"","overlay-type":"","overlay-color":"","overlay-opacity":"","overlay-gradient":""},"mobile":{"background-color":"","background-image":"","background-repeat":"repeat","background-position":"center center","background-size":"auto","background-attachment":"scroll","background-type":"","background-media":"","overlay-type":"","overlay-color":"","overlay-opacity":"","overlay-gradient":""}},"ast-content-background-meta":{"desktop":{"background-color":"var(--ast-global-color-4)","background-image":"","background-repeat":"repeat","background-position":"center center","background-size":"auto","background-attachment":"scroll","background-type":"","background-media":"","overlay-type":"","overlay-color":"","overlay-opacity":"","overlay-gradient":""},"tablet":{"background-color":"var(--ast-global-color-4)","background-image":"","background-repeat":"repeat","background-position":"center center","background-size":"auto","background-attachment":"scroll","background-type":"","background-media":"","overlay-type":"","overlay-color":"","overlay-opacity":"","overlay-gradient":""},"mobile":{"background-color":"var(--ast-global-color-4)","background-image":"","background-repeat":"repeat","background-position":"center center","background-size":"auto","background-attachment":"scroll","background-type":"","background-media":"","overlay-type":"","overlay-color":"","overlay-opacity":"","overlay-gradient":""}},"footnotes":"","_links_to":"","_links_to_target":""},"class_list":["post-990","page","type-page","status-publish","hentry"],"rttpg_featured_image_url":null,"rttpg_author":{"display_name":"ftu","author_link":"http:\/\/ftuvz.unsl.edu.ar\/index.php\/author\/ftu\/"},"rttpg_comment":0,"rttpg_category":null,"rttpg_excerpt":"Secretar\u00eda de Extensi\u00f3n Secretaria:&nbsp;&nbsp;&nbsp; Lic. M\u00f3nica del Valle Torrez &nbsp;&nbsp; &#8211; &nbsp;&nbsp; Resoluci\u00f3n Designaci\u00f3n:&nbsp;R.D. 315\/23 &#8211; &nbsp; Contacto:&nbsp;ftu-extension@unsl.edu.ar Oficina de [&hellip;]","_links":{"self":[{"href":"http:\/\/ftuvz.unsl.edu.ar\/index.php\/wp-json\/wp\/v2\/pages\/990","targetHints":{"allow":["GET"]}}],"collection":[{"href":"http:\/\/ftuvz.unsl.edu.ar\/index.php\/wp-json\/wp\/v2\/pages"}],"about":[{"href":"http:\/\/ftuvz.unsl.edu.ar\/index.php\/wp-json\/wp\/v2\/types\/page"}],"author":[{"embeddable":true,"href":"http:\/\/ftuvz.unsl.edu.ar\/index.php\/wp-json\/wp\/v2\/users\/1"}],"replies":[{"embeddable":true,"href":"http:\/\/ftuvz.unsl.edu.ar\/index.php\/wp-json\/wp\/v2\/comments?post=990"}],"version-history":[{"count":13,"href":"http:\/\/ftuvz.unsl.edu.ar\/index.php\/wp-json\/wp\/v2\/pages\/990\/revisions"}],"predecessor-version":[{"id":1007,"href":"http:\/\/ftuvz.unsl.edu.ar\/index.php\/wp-json\/wp\/v2\/pages\/990\/revisions\/1007"}],"wp:attachment":[{"href":"http:\/\/ftuvz.unsl.edu.ar\/index.php\/wp-json\/wp\/v2\/media?parent=990"}],"curies":[{"name":"wp","href":"https:\/\/api.w.org\/{rel}","templated":true}]}}