{"id":978,"date":"2025-09-24T09:44:04","date_gmt":"2025-09-24T12:44:04","guid":{"rendered":"http:\/\/ftuvz.unsl.edu.ar\/?page_id=978"},"modified":"2025-09-24T13:08:21","modified_gmt":"2025-09-24T16:08:21","slug":"secretaria-de-extension","status":"publish","type":"page","link":"http:\/\/ftuvz.unsl.edu.ar\/index.php\/secretaria-de-extension\/","title":{"rendered":"Secretar\u00eda de Extensi\u00f3n"},"content":{"rendered":"\n<figure class=\"wp-block-image aligncenter size-full\"><img loading=\"lazy\" decoding=\"async\" width=\"478\" height=\"200\" src=\"http:\/\/ftuvz.unsl.edu.ar\/wp-content\/uploads\/2025\/09\/SEU-FTU-Logo.png\" alt=\"\" class=\"wp-image-979\" srcset=\"http:\/\/ftuvz.unsl.edu.ar\/wp-content\/uploads\/2025\/09\/SEU-FTU-Logo.png 478w, http:\/\/ftuvz.unsl.edu.ar\/wp-content\/uploads\/2025\/09\/SEU-FTU-Logo-300x126.png 300w\" sizes=\"auto, (max-width: 478px) 100vw, 478px\" \/><\/figure>\n\n\n\n<p><strong>Secretaria:&nbsp;<\/strong>&nbsp;&nbsp; Lic. M\u00f3nica del Valle Torrez &nbsp;&nbsp; &#8211; &nbsp;&nbsp; Resoluci\u00f3n Designaci\u00f3n:&nbsp;<strong><a href=\"http:\/\/digesto.unsl.edu.ar\/docs\/202309\/20230921110227_306.pdf\">R.D. 315\/23<\/a><\/strong> &#8211; &nbsp; Contacto:&nbsp;<a href=\"mailto:ftu-secgraladmin@unsl.edu.ar\">ftu-extension@unsl.edu.ar<\/a><\/p>\n\n\n\n<p><strong>Oficina de Extensi\u00f3n<\/strong>&nbsp;&#8211; Edificio administrativo (Av. del Libertador San Mart\u00edn 721 esq. Gob. Rufino Lucero &#8211; Barranca Colorada)<br>Horario de atenci\u00f3n: Lunes a Viernes de 9 a 13hs. &#8211; Tel. fijo: 02656-470316.<br>Contacto:&nbsp;<a href=\"mailto:ftu.extension@gmail.com\">ftu.extension@gmail.com<\/a><\/p>\n\n\n\n<hr class=\"wp-block-separator alignwide has-text-color has-luminous-vivid-amber-color has-alpha-channel-opacity has-luminous-vivid-amber-background-color has-background is-style-wide\"\/>\n\n\n\n<h5 class=\"wp-block-heading has-text-color has-link-color wp-elements-4c2d172e6e7b7942a022fefa8b0cf619\" style=\"color:#996a16\"><strong>&#8211; Diplomaturas<\/strong><\/h5>\n\n\n\n<p>Diplomatura de Extensi\u00f3n Universitaria en&nbsp;<em>&#8220;Geoecolog\u00eda Aplicada al Turismo. Una Mirada de Futuro&#8221; <\/em><a href=\"http:\/\/ftuvz.unsl.edu.ar\/index.php\/sec-extension-diplomatura-de-extension-geoecologia-aplicada-al-turismo-una-mirada-de-futuro\/\" data-type=\"page\" data-id=\"990\">Click para acceder<\/a><\/p>\n\n\n\n<h5 class=\"wp-block-heading has-text-color has-link-color wp-elements-c01e03b67fd99eeb10d814e46b3a1d92\" style=\"color:#996a16\"><strong>&#8211; Normativa<\/strong><\/h5>\n\n\n\n<p><strong>&#8211; Normativa sobre las actividades de Extensi\u00f3n en la UNSL<\/strong><\/p>\n\n\n\n<div class=\"wp-block-columns is-layout-flex wp-container-core-columns-is-layout-1cb120eb wp-block-columns-is-layout-flex\" style=\"margin-top:0;margin-bottom:0;padding-top:0;padding-right:var(--wp--preset--spacing--20);padding-bottom:0;padding-left:var(--wp--preset--spacing--20)\">\n<div class=\"wp-block-column is-layout-flow wp-block-column-is-layout-flow\" style=\"flex-basis:100%\">\n<ul class=\"wp-block-list\">\n<li><strong>O.C.S. 21\/20<\/strong>&nbsp;&#8211; Crea las Diplomaturas de Extensi\u00f3n en el \u00e1mbito de la Universidad Nacional de San Luis. Aprueba su reglamento.&nbsp;<\/li>\n<\/ul>\n<\/div>\n\n\n\n<div class=\"wp-block-column is-vertically-aligned-center is-layout-flow wp-block-column-is-layout-flow\" style=\"flex-basis:20%\">\n<figure class=\"wp-block-image size-full is-resized\"><a href=\"http:\/\/digesto.unsl.edu.ar\/docs\/202012\/20201229142757_4118.pdf\" target=\"_blank\" rel=\" noreferrer noopener\"><img loading=\"lazy\" decoding=\"async\" width=\"25\" height=\"25\" src=\"http:\/\/ftuvz.unsl.edu.ar\/wp-content\/uploads\/2025\/09\/pdf.gif\" alt=\"\" class=\"wp-image-486\" style=\"width:30px\"\/><\/a><\/figure>\n<\/div>\n<\/div>\n\n\n\n<div class=\"wp-block-columns is-layout-flex wp-container-core-columns-is-layout-1cb120eb wp-block-columns-is-layout-flex\" style=\"margin-top:0;margin-bottom:0;padding-top:0;padding-right:var(--wp--preset--spacing--20);padding-bottom:0;padding-left:var(--wp--preset--spacing--20)\">\n<div class=\"wp-block-column is-layout-flow wp-block-column-is-layout-flow\" style=\"flex-basis:100%\">\n<ul class=\"wp-block-list\">\n<li><strong>O.C.S. 29\/17<\/strong>&nbsp;&#8211; Aprueba la Normativa General de Proyectos de Extensi\u00f3n de la Universidad Nacional de San Luis. Deroga la OCS 37\/03 y la OCS 20\/06<\/li>\n<\/ul>\n<\/div>\n\n\n\n<div class=\"wp-block-column is-vertically-aligned-center is-layout-flow wp-block-column-is-layout-flow\" style=\"flex-basis:20%\">\n<figure class=\"wp-block-image size-full is-resized\"><a href=\"http:\/\/digesto.unsl.edu.ar\/docs\/201709\/20170912105003_20782.pdf\" target=\"_blank\" rel=\" noreferrer noopener\"><img loading=\"lazy\" decoding=\"async\" width=\"25\" height=\"25\" src=\"http:\/\/ftuvz.unsl.edu.ar\/wp-content\/uploads\/2025\/09\/pdf.gif\" alt=\"\" class=\"wp-image-486\" style=\"width:30px\"\/><\/a><\/figure>\n<\/div>\n<\/div>\n\n\n\n<p><\/p>\n\n\n\n<p><\/p>\n\n\n\n<p><strong>&#8211; Normativa sobre las actividades de Extensi\u00f3n en la FTU<\/strong><\/p>\n\n\n\n<div class=\"wp-block-columns is-layout-flex wp-container-core-columns-is-layout-1cb120eb wp-block-columns-is-layout-flex\" style=\"margin-top:0;margin-bottom:0;padding-top:0;padding-right:var(--wp--preset--spacing--20);padding-bottom:0;padding-left:var(--wp--preset--spacing--20)\">\n<div class=\"wp-block-column is-layout-flow wp-block-column-is-layout-flow\" style=\"flex-basis:100%\">\n<ul class=\"wp-block-list\">\n<li><strong>Ord.D. 6\/2022&nbsp;<\/strong>&#8211; Aprueba las Pautas para la presentaci\u00f3n, aprobaci\u00f3n y desarrollo, de las Diplomaturas de Extensi\u00f3n en el \u00e1mbito de la Facultad de Turismo y Urbanismo de la Universidad Nacional de San Luis que consta en el ANEXO de la presente norma.<\/li>\n<\/ul>\n<\/div>\n\n\n\n<div class=\"wp-block-column is-vertically-aligned-center is-layout-flow wp-block-column-is-layout-flow\" style=\"flex-basis:20%\">\n<figure class=\"wp-block-image size-full is-resized\"><a href=\"http:\/\/digesto.unsl.edu.ar\/docs\/202211\/20221108081103_491.pdf\" target=\"_blank\" rel=\" noreferrer noopener\"><img loading=\"lazy\" decoding=\"async\" width=\"25\" height=\"25\" src=\"http:\/\/ftuvz.unsl.edu.ar\/wp-content\/uploads\/2025\/09\/pdf.gif\" alt=\"\" class=\"wp-image-486\" style=\"width:30px\"\/><\/a><\/figure>\n<\/div>\n<\/div>\n\n\n\n<div class=\"wp-block-columns is-layout-flex wp-container-core-columns-is-layout-1cb120eb wp-block-columns-is-layout-flex\" style=\"margin-top:0;margin-bottom:0;padding-top:0;padding-right:var(--wp--preset--spacing--20);padding-bottom:0;padding-left:var(--wp--preset--spacing--20)\">\n<div class=\"wp-block-column is-layout-flow wp-block-column-is-layout-flow\" style=\"flex-basis:100%\">\n<ul class=\"wp-block-list\">\n<li><strong><strong>Ord.D. 01\/22<\/strong><\/strong>&nbsp;&#8211; Mediante \u00e9sta Ordenanza se aprob\u00f3 el procedimiento para la presentaci\u00f3n de actividades de Extensi\u00f3n Universitaria que se generen desde la Facultad de Turismo y Urbanismo.<\/li>\n<\/ul>\n<\/div>\n\n\n\n<div class=\"wp-block-column is-vertically-aligned-center is-layout-flow wp-block-column-is-layout-flow\" style=\"flex-basis:20%\">\n<figure class=\"wp-block-image size-full is-resized\"><a href=\"http:\/\/digesto.unsl.edu.ar\/docs\/202202\/20220216113621_8865.pdf\" target=\"_blank\" rel=\" noreferrer noopener\"><img loading=\"lazy\" decoding=\"async\" width=\"25\" height=\"25\" src=\"http:\/\/ftuvz.unsl.edu.ar\/wp-content\/uploads\/2025\/09\/pdf.gif\" alt=\"\" class=\"wp-image-486\" style=\"width:30px\"\/><\/a><\/figure>\n<\/div>\n<\/div>\n\n\n\n<div class=\"wp-block-columns is-layout-flex wp-container-core-columns-is-layout-1cb120eb wp-block-columns-is-layout-flex\" style=\"margin-top:0;margin-bottom:0;padding-top:0;padding-right:var(--wp--preset--spacing--20);padding-bottom:0;padding-left:var(--wp--preset--spacing--20)\">\n<div class=\"wp-block-column is-layout-flow wp-block-column-is-layout-flow\" style=\"flex-basis:100%\">\n<ul class=\"wp-block-list\">\n<li>Las Disposiciones generales, modalidades de actividades de Extensi\u00f3n, informaci\u00f3n sobre el\/la\/los responsables y las caracter\u00edsticas de la actividad, forman parte de los Anexos de la mencionada ordenanza<\/li>\n<\/ul>\n<\/div>\n\n\n\n<div class=\"wp-block-column is-vertically-aligned-center is-layout-flow wp-block-column-is-layout-flow\" style=\"flex-basis:20%\"><\/div>\n<\/div>\n\n\n\n<p><\/p>\n\n\n\n<div class=\"wp-block-columns is-layout-flex wp-container-core-columns-is-layout-1cb120eb wp-block-columns-is-layout-flex\" style=\"margin-top:0;margin-bottom:0;padding-top:0;padding-right:var(--wp--preset--spacing--20);padding-bottom:0;padding-left:var(--wp--preset--spacing--20)\">\n<div class=\"wp-block-column is-layout-flow wp-block-column-is-layout-flow\" style=\"flex-basis:50%\">\n<ul class=\"wp-block-list\">\n<li>AnexoIII: Informaci\u00f3n sobre el\/la\/los responsables &nbsp;&nbsp;&nbsp; -Descargar<\/li>\n<\/ul>\n<\/div>\n\n\n\n<div class=\"wp-block-column is-vertically-aligned-center is-layout-flow wp-block-column-is-layout-flow\" style=\"flex-basis:20%\">\n<figure class=\"wp-block-image size-full is-resized\"><a href=\"\/wp-content\/uploads\/Formularios\/FTU-Anexo-III-Ord-D-1-2022.pdf\" target=\"_blank\" rel=\" noreferrer noopener\"><img loading=\"lazy\" decoding=\"async\" width=\"25\" height=\"25\" src=\"http:\/\/ftuvz.unsl.edu.ar\/wp-content\/uploads\/2025\/09\/pdf.gif\" alt=\"\" class=\"wp-image-486\" style=\"width:30px\"\/><\/a><\/figure>\n<\/div>\n<\/div>\n\n\n\n<div class=\"wp-block-columns is-layout-flex wp-container-core-columns-is-layout-1cb120eb wp-block-columns-is-layout-flex\" style=\"margin-top:0;margin-bottom:0;padding-top:0;padding-right:var(--wp--preset--spacing--20);padding-bottom:0;padding-left:var(--wp--preset--spacing--20)\">\n<div class=\"wp-block-column is-layout-flow wp-block-column-is-layout-flow\" style=\"flex-basis:50%\">\n<ul class=\"wp-block-list\">\n<li> AnexoIV: Caracter\u00edsticas de la actividad &nbsp;&nbsp;&nbsp; -Descargar-<\/li>\n<\/ul>\n<\/div>\n\n\n\n<div class=\"wp-block-column is-vertically-aligned-center is-layout-flow wp-block-column-is-layout-flow\" style=\"flex-basis:20%\">\n<figure class=\"wp-block-image size-full is-resized\"><a href=\"\/wp-content\/uploads\/Formularios\/FTU-Anexo-IV-Ord-D-1-2022.pdf\" target=\"_blank\" rel=\" noreferrer noopener\"><img loading=\"lazy\" decoding=\"async\" width=\"25\" height=\"25\" src=\"http:\/\/ftuvz.unsl.edu.ar\/wp-content\/uploads\/2025\/09\/pdf.gif\" alt=\"\" class=\"wp-image-486\" style=\"width:30px\"\/><\/a><\/figure>\n<\/div>\n<\/div>\n\n\n\n<p><\/p>\n","protected":false},"excerpt":{"rendered":"<p>Secretaria:&nbsp;&nbsp;&nbsp; Lic. M\u00f3nica del Valle Torrez &nbsp;&nbsp; &#8211; &nbsp;&nbsp; Resoluci\u00f3n Designaci\u00f3n:&nbsp;R.D. 315\/23 &#8211; &nbsp; Contacto:&nbsp;ftu-extension@unsl.edu.ar Oficina de Extensi\u00f3n&nbsp;&#8211; Edificio administrativo [&hellip;]<\/p>\n","protected":false},"author":1,"featured_media":0,"parent":0,"menu_order":0,"comment_status":"closed","ping_status":"closed","template":"","meta":{"site-sidebar-layout":"default","site-content-layout":"","ast-site-content-layout":"default","site-content-style":"default","site-sidebar-style":"default","ast-global-header-display":"","ast-banner-title-visibility":"","ast-main-header-display":"","ast-hfb-above-header-display":"","ast-hfb-below-header-display":"","ast-hfb-mobile-header-display":"","site-post-title":"","ast-breadcrumbs-content":"","ast-featured-img":"","footer-sml-layout":"","theme-transparent-header-meta":"","adv-header-id-meta":"","stick-header-meta":"","header-above-stick-meta":"","header-main-stick-meta":"","header-below-stick-meta":"","astra-migrate-meta-layouts":"default","ast-page-background-enabled":"default","ast-page-background-meta":{"desktop":{"background-color":"var(--ast-global-color-5)","background-image":"","background-repeat":"repeat","background-position":"center center","background-size":"auto","background-attachment":"scroll","background-type":"","background-media":"","overlay-type":"","overlay-color":"","overlay-opacity":"","overlay-gradient":""},"tablet":{"background-color":"","background-image":"","background-repeat":"repeat","background-position":"center center","background-size":"auto","background-attachment":"scroll","background-type":"","background-media":"","overlay-type":"","overlay-color":"","overlay-opacity":"","overlay-gradient":""},"mobile":{"background-color":"","background-image":"","background-repeat":"repeat","background-position":"center center","background-size":"auto","background-attachment":"scroll","background-type":"","background-media":"","overlay-type":"","overlay-color":"","overlay-opacity":"","overlay-gradient":""}},"ast-content-background-meta":{"desktop":{"background-color":"var(--ast-global-color-4)","background-image":"","background-repeat":"repeat","background-position":"center center","background-size":"auto","background-attachment":"scroll","background-type":"","background-media":"","overlay-type":"","overlay-color":"","overlay-opacity":"","overlay-gradient":""},"tablet":{"background-color":"var(--ast-global-color-4)","background-image":"","background-repeat":"repeat","background-position":"center center","background-size":"auto","background-attachment":"scroll","background-type":"","background-media":"","overlay-type":"","overlay-color":"","overlay-opacity":"","overlay-gradient":""},"mobile":{"background-color":"var(--ast-global-color-4)","background-image":"","background-repeat":"repeat","background-position":"center center","background-size":"auto","background-attachment":"scroll","background-type":"","background-media":"","overlay-type":"","overlay-color":"","overlay-opacity":"","overlay-gradient":""}},"footnotes":"","_links_to":"","_links_to_target":""},"class_list":["post-978","page","type-page","status-publish","hentry"],"rttpg_featured_image_url":null,"rttpg_author":{"display_name":"ftu","author_link":"http:\/\/ftuvz.unsl.edu.ar\/index.php\/author\/ftu\/"},"rttpg_comment":0,"rttpg_category":null,"rttpg_excerpt":"Secretaria:&nbsp;&nbsp;&nbsp; Lic. M\u00f3nica del Valle Torrez &nbsp;&nbsp; &#8211; &nbsp;&nbsp; Resoluci\u00f3n Designaci\u00f3n:&nbsp;R.D. 315\/23 &#8211; &nbsp; Contacto:&nbsp;ftu-extension@unsl.edu.ar Oficina de Extensi\u00f3n&nbsp;&#8211; Edificio administrativo [&hellip;]","_links":{"self":[{"href":"http:\/\/ftuvz.unsl.edu.ar\/index.php\/wp-json\/wp\/v2\/pages\/978","targetHints":{"allow":["GET"]}}],"collection":[{"href":"http:\/\/ftuvz.unsl.edu.ar\/index.php\/wp-json\/wp\/v2\/pages"}],"about":[{"href":"http:\/\/ftuvz.unsl.edu.ar\/index.php\/wp-json\/wp\/v2\/types\/page"}],"author":[{"embeddable":true,"href":"http:\/\/ftuvz.unsl.edu.ar\/index.php\/wp-json\/wp\/v2\/users\/1"}],"replies":[{"embeddable":true,"href":"http:\/\/ftuvz.unsl.edu.ar\/index.php\/wp-json\/wp\/v2\/comments?post=978"}],"version-history":[{"count":28,"href":"http:\/\/ftuvz.unsl.edu.ar\/index.php\/wp-json\/wp\/v2\/pages\/978\/revisions"}],"predecessor-version":[{"id":1038,"href":"http:\/\/ftuvz.unsl.edu.ar\/index.php\/wp-json\/wp\/v2\/pages\/978\/revisions\/1038"}],"wp:attachment":[{"href":"http:\/\/ftuvz.unsl.edu.ar\/index.php\/wp-json\/wp\/v2\/media?parent=978"}],"curies":[{"name":"wp","href":"https:\/\/api.w.org\/{rel}","templated":true}]}}