{"id":907,"date":"2025-09-23T12:16:14","date_gmt":"2025-09-23T15:16:14","guid":{"rendered":"http:\/\/ftuvz.unsl.edu.ar\/?page_id=907"},"modified":"2025-10-08T11:36:59","modified_gmt":"2025-10-08T14:36:59","slug":"comisiones-de-carreras","status":"publish","type":"page","link":"http:\/\/ftuvz.unsl.edu.ar\/index.php\/comisiones-de-carreras\/","title":{"rendered":"Comisiones de Carreras"},"content":{"rendered":"\n<p class=\"has-white-color has-text-color has-background has-link-color has-medium-font-size wp-elements-6908b28ea85f6062565eade8466d0ca9\" style=\"background-color:#996a16\"><em><em><strong>Comisiones de Carrera del Dpto. de Turismo<\/strong><\/em><\/em><\/p>\n\n\n\n<p><strong>&#8211; Licenciatura en Turismo (LT) y Tecnicatura Universitaria en Gesti\u00f3n Tur\u00edstica (TUGT)<\/strong>&nbsp;&#8211; (RCD 42\/23 y RCD 47\/25)<br>&nbsp;&nbsp;&nbsp; Directora de Carrera: Luc\u00eda Raquel MIRANDA &#8211; Contacto:&nbsp;<a href=\"mailto:ftu.turismo@gmail.com\">ftu.turismo@gmail.com<\/a><br>&nbsp;&nbsp;&nbsp; Integrantes de la Comisi\u00f3n de Carrera:<br>&nbsp;&nbsp;&nbsp;&nbsp;&nbsp;&nbsp;Docentes titulares: M\u00f3nica del Valle TORREZ, Ivana \u00c1LVAREZ<br>&nbsp;&nbsp;&nbsp;&nbsp;&nbsp;&nbsp;Docentes suplentes: Oscar Mart\u00edn MIGUEL, Anal\u00eda Ver\u00f3nica M\u00dcLLER<br>&nbsp;&nbsp;&nbsp;&nbsp;&nbsp;&nbsp;Auxiliar titular: Gabriela LANDRIEL<br>&nbsp;&nbsp;&nbsp;&nbsp;&nbsp;&nbsp;Auxiliar suplente: Mariano Jos\u00e9 MELIDONE<br>&nbsp;&nbsp;&nbsp;&nbsp;&nbsp;&nbsp;Graduada titular: Mar\u00eda Susana PUGLIESE<br>&nbsp;&nbsp;&nbsp;&nbsp;&nbsp;&nbsp;Graduada suplente: Mar\u00eda de los \u00c1ngeles ALAN\u00cdZ<br>&nbsp;&nbsp;&nbsp;&nbsp;&nbsp;&nbsp;Estudiantes titulares: Valentina VERA BECERRA, Mar\u00eda Noel BAZ\u00c1N<br>&nbsp;&nbsp;&nbsp;&nbsp;&nbsp;&nbsp;Estudiantes suplentes: Mari\u00e1ngeles ROLD\u00c1N GONZ\u00c1LEZ, Gabriel Emanuel PENNACCHIO<\/p>\n\n\n\n<p><strong>&#8211; Licenciatura en Hoteler\u00eda (LH) y Tecnicatura Universitaria en Gesti\u00f3n Hotelera (TUGH)<\/strong>&nbsp;&#8211; (RCD 128\/25)<br>&nbsp;&nbsp;&nbsp; Directora de Carrera: Mariana Andrea PI\u00d1ERO &#8211; Contacto:&nbsp;<a href=\"mailto:cch.ftu.unsl@gmail.com\">cch.ftu.unsl@gmail.com<\/a><br>&nbsp;&nbsp;&nbsp; Integrantes de la Comisi\u00f3n de Carrera:<br>&nbsp;&nbsp;&nbsp;&nbsp;&nbsp;&nbsp;Profesores titulares: Mar\u00eda Soledad AGUILERA, Mar\u00eda Laura DE SIMONY<br>&nbsp;&nbsp;&nbsp;&nbsp;&nbsp;&nbsp;Profesores suplentes: Elisabeth BARON, A\u00edda Alba SPINOSA CASTA\u00d1O<br>&nbsp;&nbsp;&nbsp;&nbsp;&nbsp;&nbsp;Auxiliar titular: Mar\u00eda Pilar REINOSO<br>&nbsp;&nbsp;&nbsp;&nbsp;&nbsp;&nbsp;Auxiliar suplente: Micaela CANCLINI<br>&nbsp;&nbsp;&nbsp;&nbsp;&nbsp;&nbsp;Graduado titular: Miguel \u00c1ngel MARI\u00d1O<br>&nbsp;&nbsp;&nbsp;&nbsp;&nbsp;&nbsp;Graduada suplente: Natalia Bel\u00e9n BATTIATO<br>&nbsp;&nbsp;&nbsp;&nbsp;&nbsp;&nbsp;Estudiantes titulares: Stella Maris GIMENEZ KARA, Julieta N\u00da\u00d1EZ<br>&nbsp;&nbsp;&nbsp;&nbsp;&nbsp;&nbsp;Estudiante suplente: Gabriel CATALANI<\/p>\n\n\n\n<p><strong>&#8211; Gu\u00eda Universitario de Turismo<\/strong>&nbsp;&#8211; (RCD 41\/23)<br>&nbsp;&nbsp;&nbsp; Director de Carrera: Gabriel Eduardo MAGNAGO &#8211; Contacto:&nbsp;<a href=\"mailto:ingreso.guia@gmail.com\">ingreso.guia@gmail.com<\/a><br>&nbsp;&nbsp;&nbsp; Integrantes de la Comisi\u00f3n de Carrera:<br>&nbsp;&nbsp;&nbsp;&nbsp;&nbsp;&nbsp;Profesores titulares: \u00c9rico Hern\u00e1n BIANCHI, Mar\u00eda Bel\u00e9n SENDER<br>&nbsp;&nbsp;&nbsp;&nbsp;&nbsp;&nbsp;Profesora suplente: Daniela Teresita GIROLIMETTO<br>&nbsp;&nbsp;&nbsp;&nbsp;&nbsp;&nbsp;Auxiliar titular: Juan Jos\u00e9 BERTOLINO<br>&nbsp;&nbsp;&nbsp;&nbsp;&nbsp;&nbsp;Auxiliare suplente:&nbsp;Leticia Elizabeth AGUILERA MARTURANO<br>&nbsp;&nbsp;&nbsp;&nbsp;&nbsp;&nbsp;Graduada titular: Mara FLORES<br>&nbsp;&nbsp;&nbsp;&nbsp;&nbsp;&nbsp;Graduada suplente: Pilar REINOSO<br>&nbsp;&nbsp;&nbsp;&nbsp;&nbsp;&nbsp;Estudiantes titulares: Florencia Valentina RODR\u00cdGUEZ, Catalina Abril SUAREZ MICHELET<br>&nbsp;&nbsp;&nbsp;&nbsp;&nbsp;&nbsp;Estudiante suplente: Felipe RAMOS<\/p>\n\n\n\n<p class=\"has-white-color has-text-color has-background has-link-color has-medium-font-size wp-elements-d5761437e163ef7488e14026c89c3dab\" style=\"background-color:#996a16\"><em><em><em><strong>Comisiones de Carrera del Dpto. de Arom\u00e1ticas y Jardiner\u00eda<\/strong><\/em><\/em><\/em><\/p>\n\n\n\n<p><strong>&#8211; Tecnicatura Universitaria en Producci\u00f3n de Plantas Arom\u00e1ticas (TUPPA)<\/strong>&nbsp;&#8211; (RCD 49\/23)<br>&nbsp;&nbsp;&nbsp; Directora de Carrera: Ariana Cristina POSADAZ &#8211; Contacto:&nbsp;<a href=\"mailto:arianaposadaz@yahoo.com.ar\">arianaposadaz@yahoo.com.ar<\/a><br>&nbsp;&nbsp;&nbsp; Integrantes de la Comisi\u00f3n de Carrera:<br>&nbsp;&nbsp;&nbsp;&nbsp;&nbsp;&nbsp;Profesora titular:<br>&nbsp;&nbsp;&nbsp;&nbsp;&nbsp;&nbsp;Profesora suplente: Sonia Fabiana OCA\u00d1O<br>&nbsp;&nbsp;&nbsp;&nbsp;&nbsp;&nbsp;Auxiliares titulares: Mar\u00eda Carolina GALLI<br>&nbsp;&nbsp;&nbsp;&nbsp;&nbsp;&nbsp;Auxiliar suplente: Myriam del Valle LEAL<br>&nbsp;&nbsp;&nbsp;&nbsp;&nbsp;&nbsp;Graduada titular: Patricia RIVES<br>&nbsp;&nbsp;&nbsp;&nbsp;&nbsp;&nbsp;Graduado suplente: Eduardo Rub\u00e9n HERRERO<br>&nbsp;&nbsp;&nbsp;&nbsp;&nbsp;&nbsp;Estudiantes titulares: Sandra Noem\u00ed ANTELO, Anah\u00ed Mar\u00eda OVIEDO<br>&nbsp;&nbsp;&nbsp;&nbsp;&nbsp;&nbsp;Estudiantes suplentes: Elian Franco STAFFOLANI, Narela Yamile TRUJILLO<\/p>\n\n\n\n<p><strong>&#8211; Tecnicatura Universitaria en Parques, Jardines y Floricultura (TUPJyF)<\/strong>&nbsp;&#8211; (RCD 50\/23)<br>&nbsp;&nbsp;&nbsp; Director de Carrera: Alejandro Daniel SUYAMA &#8211; Contacto:&nbsp;<a href=\"mailto:asuyama@unsl.edu.ar\">asuyama@unsl.edu.ar<\/a><br>&nbsp;&nbsp;&nbsp; Integrantes de la Comisi\u00f3n de Carrera:<br>&nbsp;&nbsp;&nbsp;&nbsp;&nbsp;&nbsp;Profesores titulares: Andrea DENEGRI, Gustavo Germ\u00e1n ROITMAN<br>&nbsp;&nbsp;&nbsp;&nbsp;&nbsp;&nbsp;Auxiliar titular: Zulma RUIZ D\u00cdAZ<br>&nbsp;&nbsp;&nbsp;&nbsp;&nbsp;&nbsp;Auxiliares suplentes: Alberto Antonio ATENCIA, Luciana Sol SILVESTRE, Ana Sof\u00eda RESIO<br>&nbsp;&nbsp;&nbsp;&nbsp;&nbsp;&nbsp;Graduada titular: Gabriela VIVERO<br>&nbsp;&nbsp;&nbsp;&nbsp;&nbsp;&nbsp;Graduada suplente: Mar\u00eda Alejandra ALLER\u00c1<br>&nbsp;&nbsp;&nbsp;&nbsp;&nbsp;&nbsp;Estudiantes titulares: Camila Noel\u00ed NU\u00d1EZ, Graciela Marta CHIESA<\/p>\n","protected":false},"excerpt":{"rendered":"<p>Comisiones de Carrera del Dpto. de Turismo &#8211; Licenciatura en Turismo (LT) y Tecnicatura Universitaria en Gesti\u00f3n Tur\u00edstica (TUGT)&nbsp;&#8211; (RCD [&hellip;]<\/p>\n","protected":false},"author":1,"featured_media":0,"parent":0,"menu_order":0,"comment_status":"closed","ping_status":"closed","template":"","meta":{"site-sidebar-layout":"default","site-content-layout":"","ast-site-content-layout":"default","site-content-style":"default","site-sidebar-style":"default","ast-global-header-display":"","ast-banner-title-visibility":"","ast-main-header-display":"","ast-hfb-above-header-display":"","ast-hfb-below-header-display":"","ast-hfb-mobile-header-display":"","site-post-title":"","ast-breadcrumbs-content":"","ast-featured-img":"","footer-sml-layout":"","theme-transparent-header-meta":"","adv-header-id-meta":"","stick-header-meta":"","header-above-stick-meta":"","header-main-stick-meta":"","header-below-stick-meta":"","astra-migrate-meta-layouts":"default","ast-page-background-enabled":"default","ast-page-background-meta":{"desktop":{"background-color":"var(--ast-global-color-5)","background-image":"","background-repeat":"repeat","background-position":"center center","background-size":"auto","background-attachment":"scroll","background-type":"","background-media":"","overlay-type":"","overlay-color":"","overlay-opacity":"","overlay-gradient":""},"tablet":{"background-color":"","background-image":"","background-repeat":"repeat","background-position":"center center","background-size":"auto","background-attachment":"scroll","background-type":"","background-media":"","overlay-type":"","overlay-color":"","overlay-opacity":"","overlay-gradient":""},"mobile":{"background-color":"","background-image":"","background-repeat":"repeat","background-position":"center center","background-size":"auto","background-attachment":"scroll","background-type":"","background-media":"","overlay-type":"","overlay-color":"","overlay-opacity":"","overlay-gradient":""}},"ast-content-background-meta":{"desktop":{"background-color":"var(--ast-global-color-4)","background-image":"","background-repeat":"repeat","background-position":"center center","background-size":"auto","background-attachment":"scroll","background-type":"","background-media":"","overlay-type":"","overlay-color":"","overlay-opacity":"","overlay-gradient":""},"tablet":{"background-color":"var(--ast-global-color-4)","background-image":"","background-repeat":"repeat","background-position":"center center","background-size":"auto","background-attachment":"scroll","background-type":"","background-media":"","overlay-type":"","overlay-color":"","overlay-opacity":"","overlay-gradient":""},"mobile":{"background-color":"var(--ast-global-color-4)","background-image":"","background-repeat":"repeat","background-position":"center center","background-size":"auto","background-attachment":"scroll","background-type":"","background-media":"","overlay-type":"","overlay-color":"","overlay-opacity":"","overlay-gradient":""}},"footnotes":"","_links_to":"","_links_to_target":""},"class_list":["post-907","page","type-page","status-publish","hentry"],"rttpg_featured_image_url":null,"rttpg_author":{"display_name":"ftu","author_link":"http:\/\/ftuvz.unsl.edu.ar\/index.php\/author\/ftu\/"},"rttpg_comment":0,"rttpg_category":null,"rttpg_excerpt":"Comisiones de Carrera del Dpto. de Turismo &#8211; Licenciatura en Turismo (LT) y Tecnicatura Universitaria en Gesti\u00f3n Tur\u00edstica (TUGT)&nbsp;&#8211; (RCD [&hellip;]","_links":{"self":[{"href":"http:\/\/ftuvz.unsl.edu.ar\/index.php\/wp-json\/wp\/v2\/pages\/907","targetHints":{"allow":["GET"]}}],"collection":[{"href":"http:\/\/ftuvz.unsl.edu.ar\/index.php\/wp-json\/wp\/v2\/pages"}],"about":[{"href":"http:\/\/ftuvz.unsl.edu.ar\/index.php\/wp-json\/wp\/v2\/types\/page"}],"author":[{"embeddable":true,"href":"http:\/\/ftuvz.unsl.edu.ar\/index.php\/wp-json\/wp\/v2\/users\/1"}],"replies":[{"embeddable":true,"href":"http:\/\/ftuvz.unsl.edu.ar\/index.php\/wp-json\/wp\/v2\/comments?post=907"}],"version-history":[{"count":4,"href":"http:\/\/ftuvz.unsl.edu.ar\/index.php\/wp-json\/wp\/v2\/pages\/907\/revisions"}],"predecessor-version":[{"id":1892,"href":"http:\/\/ftuvz.unsl.edu.ar\/index.php\/wp-json\/wp\/v2\/pages\/907\/revisions\/1892"}],"wp:attachment":[{"href":"http:\/\/ftuvz.unsl.edu.ar\/index.php\/wp-json\/wp\/v2\/media?parent=907"}],"curies":[{"name":"wp","href":"https:\/\/api.w.org\/{rel}","templated":true}]}}