{"id":839,"date":"2025-09-23T08:17:55","date_gmt":"2025-09-23T11:17:55","guid":{"rendered":"http:\/\/ftuvz.unsl.edu.ar\/?page_id=839"},"modified":"2025-09-24T09:18:51","modified_gmt":"2025-09-24T12:18:51","slug":"secretaria-academica-de-la-ftu","status":"publish","type":"page","link":"http:\/\/ftuvz.unsl.edu.ar\/index.php\/secretaria-academica-de-la-ftu\/","title":{"rendered":"Secretar\u00eda Acad\u00e9mica de la FTU"},"content":{"rendered":"\n<p class=\"has-text-align-left\"><strong>Secretario:&nbsp;<\/strong>&nbsp;&nbsp; <strong>Mgtr. Pablo Nicol\u00e1s Montero<\/strong> &#8211; Resoluci\u00f3n:&nbsp;<strong><strong><a href=\"https:\/\/notif-vz.unsl.edu.ar\/uploads\/100574\/RD_210-24.pdf\">R.D. 210\/24<\/a><\/strong><\/strong> &#8211; Contacto:&nbsp;<a href=\"mailto:ftu.secgral@gmail.com\">ftu.sacade@gmail.com<\/a><\/p>\n\n\n\n<hr class=\"wp-block-separator alignwide has-text-color has-luminous-vivid-amber-color has-alpha-channel-opacity has-luminous-vivid-amber-background-color has-background is-style-wide\"\/>\n\n\n\n<p class=\"has-ast-global-color-6-background-color has-text-color has-background has-link-color wp-elements-82787226731d10066a53e3eb7d11517a\" style=\"color:#996a16;padding-top:var(--wp--preset--spacing--20);padding-bottom:var(--wp--preset--spacing--20)\"><strong>&#8211; N- Departamentos, \u00c1reas de Integraci\u00f3n Curricular y Directores de Carrera<\/strong>F<strong>ormativa, formularios, solicitudes&#8230;<\/strong><\/p>\n\n\n\n<div class=\"wp-block-columns is-layout-flex wp-container-core-columns-is-layout-1a3f87fd wp-block-columns-is-layout-flex\" style=\"margin-top:0;margin-bottom:0;padding-top:0;padding-bottom:0\">\n<div class=\"wp-block-column is-layout-flow wp-block-column-is-layout-flow\" style=\"flex-basis:70%\">\n<ul class=\"wp-block-list\">\n<li><a href=\"http:\/\/ftuvz.unsl.edu.ar\/index.php\/departamentos-y-areas-de-integracion-curricular\/\" data-type=\"page\" data-id=\"905\">Departamentos y \u00c1reas de integraci\u00f3n curricular<\/a><\/li>\n<\/ul>\n<\/div>\n\n\n\n<div class=\"wp-block-column is-vertically-aligned-center is-layout-flow wp-block-column-is-layout-flow\" style=\"flex-basis:33.33%\"><\/div>\n<\/div>\n\n\n\n<div class=\"wp-block-columns is-layout-flex wp-container-core-columns-is-layout-1a3f87fd wp-block-columns-is-layout-flex\" style=\"margin-top:0;margin-bottom:0;padding-top:0;padding-bottom:0\">\n<div class=\"wp-block-column is-layout-flow wp-block-column-is-layout-flow\" style=\"flex-basis:70%\">\n<ul class=\"wp-block-list\">\n<li><a href=\"http:\/\/ftuvz.unsl.edu.ar\/index.php\/comisiones-de-carreras\/\" data-type=\"page\" data-id=\"907\">Comisiones de Carreras<\/a><\/li>\n<\/ul>\n<\/div>\n\n\n\n<div class=\"wp-block-column is-vertically-aligned-center is-layout-flow wp-block-column-is-layout-flow\" style=\"flex-basis:33.33%\"><\/div>\n<\/div>\n\n\n\n<p><\/p>\n\n\n\n<p class=\"has-ast-global-color-6-background-color has-text-color has-background has-link-color wp-elements-166550578620c85a8ba5a2405754aa66\" style=\"color:#996a16;padding-top:var(--wp--preset--spacing--20);padding-bottom:var(--wp--preset--spacing--20)\"><strong>&#8211; Normativa, formularios, solicitudes&#8230;<\/strong><\/p>\n\n\n\n<p><strong>&#8211; Admisi\u00f3n por equivalencias &#8211; Anexo II Ordenanza Decanato 1\/18<\/strong><\/p>\n\n\n\n<div class=\"wp-block-columns is-layout-flex wp-container-core-columns-is-layout-1a3f87fd wp-block-columns-is-layout-flex\" style=\"margin-top:0;margin-bottom:0;padding-top:0;padding-bottom:0\">\n<div class=\"wp-block-column is-layout-flow wp-block-column-is-layout-flow\" style=\"flex-basis:20%\">\n<ul class=\"wp-block-list\">\n<li>Formulario I<\/li>\n<\/ul>\n<\/div>\n\n\n\n<div class=\"wp-block-column is-vertically-aligned-center is-layout-flow wp-block-column-is-layout-flow\" style=\"flex-basis:33.33%\">\n<figure class=\"wp-block-image size-full is-resized\"><a href=\"\/wp-content\/uploads\/Formularios\/Ord-D-1-18-Anexo-II-Proced-Admision-por-Equivalencias-Form-I.pdf\"><img loading=\"lazy\" decoding=\"async\" width=\"25\" height=\"25\" src=\"http:\/\/ftuvz.unsl.edu.ar\/wp-content\/uploads\/2025\/09\/pdf.gif\" alt=\"\" class=\"wp-image-486\" style=\"width:30px;height:auto\"\/><\/a><\/figure>\n<\/div>\n<\/div>\n\n\n\n<div class=\"wp-block-columns is-layout-flex wp-container-core-columns-is-layout-1a3f87fd wp-block-columns-is-layout-flex\" style=\"margin-top:0;margin-bottom:0;padding-top:0;padding-bottom:0\">\n<div class=\"wp-block-column is-layout-flow wp-block-column-is-layout-flow\" style=\"flex-basis:20%\">\n<ul class=\"wp-block-list\">\n<li>Formulario II<\/li>\n<\/ul>\n<\/div>\n\n\n\n<div class=\"wp-block-column is-vertically-aligned-center is-layout-flow wp-block-column-is-layout-flow\" style=\"flex-basis:33.33%\">\n<figure class=\"wp-block-image size-full is-resized\"><a href=\"\/wp-content\/uploads\/Formularios\/Ord-D-1-18-Anexo-II-Proced-Admision-por-Equivalencias-Form-II.pdf\"><img loading=\"lazy\" decoding=\"async\" width=\"25\" height=\"25\" src=\"http:\/\/ftuvz.unsl.edu.ar\/wp-content\/uploads\/2025\/09\/pdf.gif\" alt=\"\" class=\"wp-image-486\" style=\"width:30px;height:auto\"\/><\/a><\/figure>\n<\/div>\n<\/div>\n\n\n\n<div class=\"wp-block-columns is-layout-flex wp-container-core-columns-is-layout-1a3f87fd wp-block-columns-is-layout-flex\" style=\"margin-top:0;margin-bottom:0;padding-top:0;padding-bottom:0\">\n<div class=\"wp-block-column is-layout-flow wp-block-column-is-layout-flow\" style=\"flex-basis:20%\">\n<ul class=\"wp-block-list\">\n<li>Formulario III<\/li>\n<\/ul>\n<\/div>\n\n\n\n<div class=\"wp-block-column is-vertically-aligned-center is-layout-flow wp-block-column-is-layout-flow\" style=\"flex-basis:33.33%\">\n<figure class=\"wp-block-image size-full is-resized\"><a href=\"\/wp-content\/uploads\/Formularios\/Ord-D-1-18-Anexo-II-Proced-Admision-por-Equivalencias-Form-III.pdf\"><img loading=\"lazy\" decoding=\"async\" width=\"25\" height=\"25\" src=\"http:\/\/ftuvz.unsl.edu.ar\/wp-content\/uploads\/2025\/09\/pdf.gif\" alt=\"\" class=\"wp-image-486\" style=\"width:30px;height:auto\"\/><\/a><\/figure>\n<\/div>\n<\/div>\n\n\n\n<div class=\"wp-block-columns is-layout-flex wp-container-core-columns-is-layout-1a3f87fd wp-block-columns-is-layout-flex\" style=\"margin-top:0;margin-bottom:0;padding-top:0;padding-bottom:0\">\n<div class=\"wp-block-column is-layout-flow wp-block-column-is-layout-flow\" style=\"flex-basis:20%\">\n<ul class=\"wp-block-list\">\n<li>Formulario IV<\/li>\n<\/ul>\n<\/div>\n\n\n\n<div class=\"wp-block-column is-vertically-aligned-center is-layout-flow wp-block-column-is-layout-flow\" style=\"flex-basis:33.33%\">\n<figure class=\"wp-block-image size-full is-resized\"><a href=\"\/wp-content\/uploads\/Formularios\/Ord-D-1-18-Anexo-II-Proced-Admision-por-Equivalencias-Form-IV.pdf\"><img loading=\"lazy\" decoding=\"async\" width=\"25\" height=\"25\" src=\"http:\/\/ftuvz.unsl.edu.ar\/wp-content\/uploads\/2025\/09\/pdf.gif\" alt=\"\" class=\"wp-image-486\" style=\"width:30px;height:auto\"\/><\/a><\/figure>\n<\/div>\n<\/div>\n\n\n\n<p><\/p>\n\n\n\n<p><strong>&#8211; \u00c1reas de integraci\u00f3n Curricular<\/strong><\/p>\n\n\n\n<div class=\"wp-block-columns is-layout-flex wp-container-core-columns-is-layout-1a3f87fd wp-block-columns-is-layout-flex\" style=\"margin-top:0;margin-bottom:0;padding-top:0;padding-bottom:0\">\n<div class=\"wp-block-column is-layout-flow wp-block-column-is-layout-flow\" style=\"flex-basis:100%\">\n<ul class=\"wp-block-list\">\n<li><strong>Ord.D. 1\/17&nbsp;<\/strong>&#8211; Conformaci\u00f3n de las \u00c1reas del Departamento de Turismo&nbsp;<\/li>\n<\/ul>\n<\/div>\n\n\n\n<div class=\"wp-block-column is-vertically-aligned-center is-layout-flow wp-block-column-is-layout-flow\" style=\"flex-basis:20%\">\n<figure class=\"wp-block-image size-full is-resized\"><a href=\"http:\/\/digesto.unsl.edu.ar\/docs\/201703\/20170321095708_29975.pdf\"><img loading=\"lazy\" decoding=\"async\" width=\"25\" height=\"25\" src=\"http:\/\/ftuvz.unsl.edu.ar\/wp-content\/uploads\/2025\/09\/pdf.gif\" alt=\"\" class=\"wp-image-486\" style=\"width:30px;height:auto\"\/><\/a><\/figure>\n<\/div>\n<\/div>\n\n\n\n<div class=\"wp-block-columns is-layout-flex wp-container-core-columns-is-layout-1a3f87fd wp-block-columns-is-layout-flex\" style=\"margin-top:0;margin-bottom:0;padding-top:0;padding-bottom:0\">\n<div class=\"wp-block-column is-layout-flow wp-block-column-is-layout-flow\" style=\"flex-basis:100%\">\n<ul class=\"wp-block-list\">\n<li><strong>Ord.D. 2\/15&nbsp;<\/strong>&#8211; Conformaci\u00f3n de las \u00c1reas del Departamento de Arom\u00e1ticas y Jardiner\u00eda<\/li>\n<\/ul>\n<\/div>\n\n\n\n<div class=\"wp-block-column is-vertically-aligned-center is-layout-flow wp-block-column-is-layout-flow\" style=\"flex-basis:20%\">\n<figure class=\"wp-block-image size-full is-resized\"><a href=\"http:\/\/digesto.unsl.edu.ar\/docs\/201504\/20150406101247_8890.pdf\"><img loading=\"lazy\" decoding=\"async\" width=\"25\" height=\"25\" src=\"http:\/\/ftuvz.unsl.edu.ar\/wp-content\/uploads\/2025\/09\/pdf.gif\" alt=\"\" class=\"wp-image-486\" style=\"width:30px;height:auto\"\/><\/a><\/figure>\n<\/div>\n<\/div>\n\n\n\n<div class=\"wp-block-columns is-layout-flex wp-container-core-columns-is-layout-1a3f87fd wp-block-columns-is-layout-flex\" style=\"margin-top:0;margin-bottom:0;padding-top:0;padding-bottom:0\">\n<div class=\"wp-block-column is-layout-flow wp-block-column-is-layout-flow\" style=\"flex-basis:90%\">\n<ul class=\"wp-block-list\">\n<li><strong>Ord.D. 1\/15&nbsp;<\/strong>&#8211; Protocoliza la conformaci\u00f3n de las \u00c1reas de Integraci\u00f3n Curricular del Dpto. de Turismo <a href=\"http:\/\/digesto.unsl.edu.ar\/docs\/201703\/20170321095708_29975.pdf\">(Modificada por Ord.D.1\/17)<\/a>&nbsp;<\/li>\n<\/ul>\n<\/div>\n<\/div>\n\n\n\n<p><\/p>\n\n\n\n<p><\/p>\n\n\n\n<div class=\"wp-block-columns is-layout-flex wp-container-core-columns-is-layout-1a3f87fd wp-block-columns-is-layout-flex\" style=\"margin-top:0;margin-bottom:0;padding-top:0;padding-bottom:0\">\n<div class=\"wp-block-column is-layout-flow wp-block-column-is-layout-flow\" style=\"flex-basis:70%\">\n<ul class=\"wp-block-list\">\n<li>Declaraci\u00f3n jurada de actividades frente alumnos&nbsp;<\/li>\n<\/ul>\n<\/div>\n\n\n\n<div class=\"wp-block-column is-vertically-aligned-center is-layout-flow wp-block-column-is-layout-flow\" style=\"flex-basis:33.33%\">\n<figure class=\"wp-block-image size-full is-resized\"><a href=\"\/wp-content\/uploads\/Formularios\/FTU-Declaracion-Jurada-actividades-frente-alumnos.pdf\"><img loading=\"lazy\" decoding=\"async\" width=\"25\" height=\"25\" src=\"http:\/\/ftuvz.unsl.edu.ar\/wp-content\/uploads\/2025\/09\/pdf.gif\" alt=\"\" class=\"wp-image-486\" style=\"width:30px;height:auto\"\/><\/a><\/figure>\n<\/div>\n<\/div>\n\n\n\n<div class=\"wp-block-columns is-layout-flex wp-container-core-columns-is-layout-1a3f87fd wp-block-columns-is-layout-flex\" style=\"margin-top:0;margin-bottom:0;padding-top:0;padding-bottom:0\">\n<div class=\"wp-block-column is-layout-flow wp-block-column-is-layout-flow\" style=\"flex-basis:70%\">\n<ul class=\"wp-block-list\">\n<li>Informe anual de actividades&nbsp;<\/li>\n<\/ul>\n<\/div>\n\n\n\n<div class=\"wp-block-column is-vertically-aligned-center is-layout-flow wp-block-column-is-layout-flow\" style=\"flex-basis:33.33%\">\n<figure class=\"wp-block-image size-full is-resized\"><a href=\"\/wp-content\/uploads\/Formularios\/FTU-Informe-anual-de-actividades.pdf\"><img loading=\"lazy\" decoding=\"async\" width=\"25\" height=\"25\" src=\"http:\/\/ftuvz.unsl.edu.ar\/wp-content\/uploads\/2025\/09\/pdf.gif\" alt=\"\" class=\"wp-image-486\" style=\"width:30px;height:auto\"\/><\/a><\/figure>\n<\/div>\n<\/div>\n\n\n\n<div class=\"wp-block-columns is-layout-flex wp-container-core-columns-is-layout-1a3f87fd wp-block-columns-is-layout-flex\" style=\"margin-top:0;margin-bottom:0;padding-top:0;padding-bottom:0\">\n<div class=\"wp-block-column is-layout-flow wp-block-column-is-layout-flow\" style=\"flex-basis:70%\">\n<ul class=\"wp-block-list\">\n<li>Plan anual de actividades&nbsp;<\/li>\n<\/ul>\n<\/div>\n\n\n\n<div class=\"wp-block-column is-vertically-aligned-center is-layout-flow wp-block-column-is-layout-flow\" style=\"flex-basis:33.33%\">\n<figure class=\"wp-block-image size-full is-resized\"><a href=\"\/wp-content\/uploads\/Formularios\/FTU-Plan-anual-de-actividades.pdf\"><img loading=\"lazy\" decoding=\"async\" width=\"25\" height=\"25\" src=\"http:\/\/ftuvz.unsl.edu.ar\/wp-content\/uploads\/2025\/09\/pdf.gif\" alt=\"\" class=\"wp-image-486\" style=\"width:30px;height:auto\"\/><\/a><\/figure>\n<\/div>\n<\/div>\n\n\n\n<div class=\"wp-block-columns is-layout-flex wp-container-core-columns-is-layout-1a3f87fd wp-block-columns-is-layout-flex\" style=\"margin-top:0;margin-bottom:0;padding-top:0;padding-bottom:0\">\n<div class=\"wp-block-column is-layout-flow wp-block-column-is-layout-flow\" style=\"flex-basis:70%\">\n<ul class=\"wp-block-list\">\n<li>Planilla autorizaci\u00f3n cambio de horario&nbsp;<\/li>\n<\/ul>\n<\/div>\n\n\n\n<div class=\"wp-block-column is-vertically-aligned-center is-layout-flow wp-block-column-is-layout-flow\" style=\"flex-basis:33.33%\">\n<figure class=\"wp-block-image size-full is-resized\"><a href=\"\/wp-content\/uploads\/Formularios\/FTU-Planilla-cambio-horario.pdf\"><img loading=\"lazy\" decoding=\"async\" width=\"25\" height=\"25\" src=\"http:\/\/ftuvz.unsl.edu.ar\/wp-content\/uploads\/2025\/09\/pdf.gif\" alt=\"\" class=\"wp-image-486\" style=\"width:30px;height:auto\"\/><\/a><\/figure>\n<\/div>\n<\/div>\n\n\n\n<p><\/p>\n\n\n\n<p><\/p>\n\n\n\n<p><\/p>\n\n\n\n<p><strong>&#8211; Presentaci\u00f3n de Programas<\/strong><\/p>\n\n\n\n<div class=\"wp-block-columns is-layout-flex wp-container-core-columns-is-layout-1a3f87fd wp-block-columns-is-layout-flex\" style=\"margin-top:0;margin-bottom:0;padding-top:0;padding-bottom:0\">\n<div class=\"wp-block-column is-layout-flow wp-block-column-is-layout-flow\" style=\"flex-basis:100%\">\n<ul class=\"wp-block-list\">\n<li><strong>R.C.D. 56\/23<\/strong>&nbsp;(28\/12\/2023) &#8211; APROBAR el Cronograma para la presentaci\u00f3n de los Planes Anuales para el ciclo lectivo 2024 e Informes de actividades docentes correspondientes al ciclo lectivo 2023&nbsp;<\/li>\n<\/ul>\n<\/div>\n\n\n\n<div class=\"wp-block-column is-vertically-aligned-center is-layout-flow wp-block-column-is-layout-flow\" style=\"flex-basis:20%\">\n<figure class=\"wp-block-image size-full is-resized\"><a href=\"http:\/\/digesto.unsl.edu.ar\/docs\/202312\/20231229094746_21185.pdf\"><img loading=\"lazy\" decoding=\"async\" width=\"25\" height=\"25\" src=\"http:\/\/ftuvz.unsl.edu.ar\/wp-content\/uploads\/2025\/09\/pdf.gif\" alt=\"\" class=\"wp-image-486\" style=\"width:30px;height:auto\"\/><\/a><\/figure>\n<\/div>\n<\/div>\n\n\n\n<div class=\"wp-block-columns is-layout-flex wp-container-core-columns-is-layout-1a3f87fd wp-block-columns-is-layout-flex\" style=\"margin-top:0;margin-bottom:0;padding-top:0;padding-bottom:0\">\n<div class=\"wp-block-column is-layout-flow wp-block-column-is-layout-flow\" style=\"flex-basis:100%\">\n<ul class=\"wp-block-list\">\n<li><strong>Ord.D. 7\/21&nbsp;<\/strong>&#8211; APRUEBA el &#8220;Procedimiento para la presentaci\u00f3n y evaluaci\u00f3n de programas&#8221; que se detalla en el ANEXO I de la presente disposici\u00f3n. Deroga Ord.D.6\/13 y Ord.D. 4\/15.<\/li>\n<\/ul>\n<\/div>\n\n\n\n<div class=\"wp-block-column is-vertically-aligned-center is-layout-flow wp-block-column-is-layout-flow\" style=\"flex-basis:20%\">\n<figure class=\"wp-block-image size-full is-resized\"><a href=\"http:\/\/digesto.unsl.edu.ar\/docs\/202112\/20211217093204_935.pdf\"><img loading=\"lazy\" decoding=\"async\" width=\"25\" height=\"25\" src=\"http:\/\/ftuvz.unsl.edu.ar\/wp-content\/uploads\/2025\/09\/pdf.gif\" alt=\"\" class=\"wp-image-486\" style=\"width:30px;height:auto\"\/><\/a><\/figure>\n<\/div>\n<\/div>\n\n\n\n<p><\/p>\n\n\n\n<p><\/p>\n\n\n\n<p><\/p>\n\n\n\n<p><strong>&#8211; Salidas de Pr\u00e1cticas<\/strong><\/p>\n\n\n\n<p>Por&nbsp;<a href=\"http:\/\/digesto.unsl.edu.ar\/docs\/202211\/20221108075420_32131.pdf\" target=\"_blank\" rel=\"noreferrer noopener\">Resoluci\u00f3n de Decanato Nro 364\/22<\/a>&nbsp;se aprueban los Procedimientos y Formularios para las solicitudes de Salida de Pr\u00e1cticas Acad\u00e9micas, de Extensi\u00f3n e Investigaci\u00f3n y de Promoci\u00f3n de Carreras. Se Derogan la Res.D. 96\/14 y su modificatoria Res.D. 68\/15.<\/p>\n\n\n\n<p>Se recomienda a los docentes leer cuidadosamente cada Procedimiento antes de descargar e imprimir el correspondiente formulario.<\/p>\n\n\n\n<p>Salidas de Pr\u00e1cticas Acad\u00e9micas<br>\u00a0\u00a0\u00a0&#8211; Anexo I Res.D.364\/22: Procedimiento para la Solicitud de Salidas de Pr\u00e1cticas Acad\u00e9micas<br>\u00a0\u00a0\u00a0&#8211; Anexo II Res.D.364\/22: Formulario de Solicitud de Autorizaci\u00f3n para las Salidas de Pr\u00e1cticas Acad\u00e9micas (<a href=\"\/wp-content\/uploads\/Formularios\/FTU-Formulario-Salidas-de-Practicas-Academicas.pdf\" target=\"_blank\" rel=\"noreferrer noopener\">Descargar formulario<\/a>.)<\/p>\n\n\n\n<p>Salidas de Pr\u00e1cticas de Extensi\u00f3n e Investigaci\u00f3n<br>\u00a0\u00a0\u00a0&#8211; Anexo III Res.D.364\/22: Procedimiento para la Solicitud de Salidas de Pr\u00e1cticas de Extensi\u00f3n e Investigaci\u00f3n<br>\u00a0\u00a0\u00a0&#8211; Anexo IV Res.D.364\/22: Formulario de Solicitud de Autorizaci\u00f3n para las Salidas de Pr\u00e1cticas de Extensi\u00f3n e Investigaci\u00f3n (<a href=\"\/wp-content\/uploads\/Formularios\/FTU-Formulario-Salidas-de-Practicas-Extension-e-Investigacion.pdf\" target=\"_blank\" rel=\"noreferrer noopener\">Descargar formulario<\/a>.)<\/p>\n\n\n\n<p>Salidas de Pr\u00e1cticas de Promoci\u00f3n de Carreras<br>\u00a0\u00a0\u00a0&#8211; Anexo V Res.D.364\/22: Procedimiento para la Solicitud de Salidas de Pr\u00e1cticas de Promoci\u00f3n de Carreras<br>\u00a0\u00a0\u00a0&#8211; Anexo VI Res.D.364\/22: Formulario de Solicitud de Autorizaci\u00f3n para las Salidas de Pr\u00e1cticas de Promoci\u00f3n de Carreras (<a href=\"\/wp-content\/uploads\/Formularios\/FTU-Formulario-Salidas-de-Practicas-Promocion-de-Carreras.pdf\" target=\"_blank\" rel=\"noreferrer noopener\">Descargar formulario<\/a>.)<\/p>\n\n\n\n<p>En caso de uso de veh\u00edculo particular, se debe adjuntar al tr\u00e1mite la planilla de &#8220;Solicitud de Uso de Veh\u00edculo Particular para Cumplimiento de Comisiones Oficiales&#8221;, la que se solicita en Mesa de Entradas de la facultad.<\/p>\n\n\n\n<div class=\"wp-block-columns is-layout-flex wp-container-core-columns-is-layout-73e09c0f wp-block-columns-is-layout-flex\" style=\"margin-top:0;margin-bottom:0;padding-top:0;padding-right:0;padding-bottom:0;padding-left:0\">\n<div class=\"wp-block-column is-layout-flow wp-block-column-is-layout-flow\" style=\"flex-basis:40%\">\n<p>Solicitud de Diploma y Certificado de Estudios<\/p>\n<\/div>\n\n\n\n<div class=\"wp-block-column is-vertically-aligned-center is-layout-flow wp-block-column-is-layout-flow\" style=\"flex-basis:33.33%\">\n<figure class=\"wp-block-image size-full is-resized\"><a href=\"\/wp-content\/uploads\/Formularios\/FTU-Solicitud-de-Diploma-y-Certif-de-Estudios-para-egreso.pdf\"><img loading=\"lazy\" decoding=\"async\" width=\"25\" height=\"25\" src=\"http:\/\/ftuvz.unsl.edu.ar\/wp-content\/uploads\/2025\/09\/pdf.gif\" alt=\"\" class=\"wp-image-486\" style=\"width:30px;height:auto\"\/><\/a><\/figure>\n<\/div>\n<\/div>\n\n\n\n<p><\/p>\n","protected":false},"excerpt":{"rendered":"<p>Secretario:&nbsp;&nbsp;&nbsp; Mgtr. Pablo Nicol\u00e1s Montero &#8211; Resoluci\u00f3n:&nbsp;R.D. 210\/24 &#8211; Contacto:&nbsp;ftu.sacade@gmail.com &#8211; N- Departamentos, \u00c1reas de Integraci\u00f3n Curricular y Directores de [&hellip;]<\/p>\n","protected":false},"author":1,"featured_media":0,"parent":0,"menu_order":0,"comment_status":"closed","ping_status":"closed","template":"","meta":{"site-sidebar-layout":"default","site-content-layout":"","ast-site-content-layout":"default","site-content-style":"default","site-sidebar-style":"default","ast-global-header-display":"","ast-banner-title-visibility":"","ast-main-header-display":"","ast-hfb-above-header-display":"","ast-hfb-below-header-display":"","ast-hfb-mobile-header-display":"","site-post-title":"","ast-breadcrumbs-content":"","ast-featured-img":"","footer-sml-layout":"","theme-transparent-header-meta":"","adv-header-id-meta":"","stick-header-meta":"","header-above-stick-meta":"","header-main-stick-meta":"","header-below-stick-meta":"","astra-migrate-meta-layouts":"default","ast-page-background-enabled":"default","ast-page-background-meta":{"desktop":{"background-color":"var(--ast-global-color-5)","background-image":"","background-repeat":"repeat","background-position":"center center","background-size":"auto","background-attachment":"scroll","background-type":"","background-media":"","overlay-type":"","overlay-color":"","overlay-opacity":"","overlay-gradient":""},"tablet":{"background-color":"","background-image":"","background-repeat":"repeat","background-position":"center center","background-size":"auto","background-attachment":"scroll","background-type":"","background-media":"","overlay-type":"","overlay-color":"","overlay-opacity":"","overlay-gradient":""},"mobile":{"background-color":"","background-image":"","background-repeat":"repeat","background-position":"center center","background-size":"auto","background-attachment":"scroll","background-type":"","background-media":"","overlay-type":"","overlay-color":"","overlay-opacity":"","overlay-gradient":""}},"ast-content-background-meta":{"desktop":{"background-color":"var(--ast-global-color-4)","background-image":"","background-repeat":"repeat","background-position":"center center","background-size":"auto","background-attachment":"scroll","background-type":"","background-media":"","overlay-type":"","overlay-color":"","overlay-opacity":"","overlay-gradient":""},"tablet":{"background-color":"var(--ast-global-color-4)","background-image":"","background-repeat":"repeat","background-position":"center center","background-size":"auto","background-attachment":"scroll","background-type":"","background-media":"","overlay-type":"","overlay-color":"","overlay-opacity":"","overlay-gradient":""},"mobile":{"background-color":"var(--ast-global-color-4)","background-image":"","background-repeat":"repeat","background-position":"center center","background-size":"auto","background-attachment":"scroll","background-type":"","background-media":"","overlay-type":"","overlay-color":"","overlay-opacity":"","overlay-gradient":""}},"footnotes":"","_links_to":"","_links_to_target":""},"class_list":["post-839","page","type-page","status-publish","hentry"],"rttpg_featured_image_url":null,"rttpg_author":{"display_name":"ftu","author_link":"http:\/\/ftuvz.unsl.edu.ar\/index.php\/author\/ftu\/"},"rttpg_comment":0,"rttpg_category":null,"rttpg_excerpt":"Secretario:&nbsp;&nbsp;&nbsp; Mgtr. Pablo Nicol\u00e1s Montero &#8211; Resoluci\u00f3n:&nbsp;R.D. 210\/24 &#8211; Contacto:&nbsp;ftu.sacade@gmail.com &#8211; N- Departamentos, \u00c1reas de Integraci\u00f3n Curricular y Directores de [&hellip;]","_links":{"self":[{"href":"http:\/\/ftuvz.unsl.edu.ar\/index.php\/wp-json\/wp\/v2\/pages\/839","targetHints":{"allow":["GET"]}}],"collection":[{"href":"http:\/\/ftuvz.unsl.edu.ar\/index.php\/wp-json\/wp\/v2\/pages"}],"about":[{"href":"http:\/\/ftuvz.unsl.edu.ar\/index.php\/wp-json\/wp\/v2\/types\/page"}],"author":[{"embeddable":true,"href":"http:\/\/ftuvz.unsl.edu.ar\/index.php\/wp-json\/wp\/v2\/users\/1"}],"replies":[{"embeddable":true,"href":"http:\/\/ftuvz.unsl.edu.ar\/index.php\/wp-json\/wp\/v2\/comments?post=839"}],"version-history":[{"count":50,"href":"http:\/\/ftuvz.unsl.edu.ar\/index.php\/wp-json\/wp\/v2\/pages\/839\/revisions"}],"predecessor-version":[{"id":971,"href":"http:\/\/ftuvz.unsl.edu.ar\/index.php\/wp-json\/wp\/v2\/pages\/839\/revisions\/971"}],"wp:attachment":[{"href":"http:\/\/ftuvz.unsl.edu.ar\/index.php\/wp-json\/wp\/v2\/media?parent=839"}],"curies":[{"name":"wp","href":"https:\/\/api.w.org\/{rel}","templated":true}]}}