{"id":797,"date":"2025-09-22T10:46:03","date_gmt":"2025-09-22T13:46:03","guid":{"rendered":"http:\/\/ftuvz.unsl.edu.ar\/?page_id=797"},"modified":"2025-09-30T08:49:52","modified_gmt":"2025-09-30T11:49:52","slug":"secretarias-de-la-facultad-de-turismo-y-urbanismo-2","status":"publish","type":"page","link":"http:\/\/ftuvz.unsl.edu.ar\/index.php\/secretarias-de-la-facultad-de-turismo-y-urbanismo-2\/","title":{"rendered":"Secretar\u00edas de la Facultad de Turismo y Urbanismo"},"content":{"rendered":"\n<p class=\"has-text-align-center has-ast-global-color-5-color has-text-color has-background has-link-color wp-elements-751fde2b9068f416ce41f8ec22074284\" style=\"border-style:none;border-width:0px;background-color:#996a16;font-size:28px\">Secretar\u00edas de la Facultad de Turismo y Urbanismo<\/p>\n\n\n\n<p><\/p>\n\n\n\n<p class=\"has-text-align-center has-background wp-container-content-cef90cc2\" style=\"background-color:#abb7c221;font-size:22px\"><strong><strong><strong><strong><strong><strong>Secretar\u00eda General<\/strong><\/strong><\/strong><\/strong><\/strong><\/strong><\/p>\n\n\n\n<div class=\"wp-block-columns is-layout-flex wp-container-core-columns-is-layout-6355c31f wp-block-columns-is-layout-flex\" style=\"margin-top:var(--wp--preset--spacing--20);margin-bottom:var(--wp--preset--spacing--20);padding-top:var(--wp--preset--spacing--50);padding-right:var(--wp--preset--spacing--20);padding-bottom:var(--wp--preset--spacing--50);padding-left:var(--wp--preset--spacing--20)\">\n<div class=\"wp-block-column has-border-color has-ast-global-color-3-border-color is-layout-flow wp-container-core-column-is-layout-237b2bdf wp-block-column-is-layout-flow\" style=\"border-width:1px;padding-top:var(--wp--preset--spacing--40);padding-right:var(--wp--preset--spacing--60);padding-bottom:var(--wp--preset--spacing--40);padding-left:var(--wp--preset--spacing--60)\">\n<p class=\"has-medium-font-size\"><strong>Lic. Pablo El\u00edas Roncal<\/strong><\/p>\n\n\n\n<p>Resoluci\u00f3n Designaci\u00f3n:\u00a0<strong><a href=\"https:\/\/notif-vz.unsl.edu.ar\/uploads\/133961\/RD_189-25.pdf\">R.D. 189\/25<\/a><\/strong><\/p>\n\n\n\n<p>Contacto:\u00a0<a href=\"mailto:ftu.secgral@gmail.com\">ftu.secgral@gmail.com<\/a><\/p>\n\n\n\n<div class=\"wp-block-buttons has-custom-font-size has-small-font-size is-layout-flex wp-block-buttons-is-layout-flex\">\n<div class=\"wp-block-button\"><a class=\"wp-block-button__link has-ast-global-color-5-color has-text-color has-background has-link-color wp-element-button\" href=\"http:\/\/ftuvz.unsl.edu.ar\/index.php\/secretaria-general-de-la-ftu\/\" style=\"background-color:#996a16\"><strong>Normativas, Formularios y Solicitudes&#8230;<\/strong><\/a><\/div>\n<\/div>\n<\/div>\n<\/div>\n\n\n\n<p><\/p>\n\n\n\n<p><\/p>\n\n\n\n<p><\/p>\n\n\n\n<p class=\"has-text-align-center has-background wp-container-content-cef90cc2\" style=\"background-color:#abb7c221;font-size:22px\"><strong><strong>Secretar\u00eda Acad\u00e9mica<\/strong><\/strong><\/p>\n\n\n\n<div class=\"wp-block-columns is-layout-flex wp-container-core-columns-is-layout-6355c31f wp-block-columns-is-layout-flex\" style=\"margin-top:var(--wp--preset--spacing--20);margin-bottom:var(--wp--preset--spacing--20);padding-top:var(--wp--preset--spacing--50);padding-right:var(--wp--preset--spacing--20);padding-bottom:var(--wp--preset--spacing--50);padding-left:var(--wp--preset--spacing--20)\">\n<div class=\"wp-block-column has-border-color has-ast-global-color-3-border-color is-layout-flow wp-container-core-column-is-layout-237b2bdf wp-block-column-is-layout-flow\" style=\"border-width:1px;padding-top:var(--wp--preset--spacing--40);padding-right:var(--wp--preset--spacing--60);padding-bottom:var(--wp--preset--spacing--40);padding-left:var(--wp--preset--spacing--60)\">\n<p class=\"has-medium-font-size\"><strong><strong>Mgtr. Pablo Nicol\u00e1s Montero<\/strong><\/strong><\/p>\n\n\n\n<p>Resoluci\u00f3n Designaci\u00f3n:\u00a0\u00a0<strong><a href=\"https:\/\/notif-vz.unsl.edu.ar\/uploads\/100574\/RD_210-24.pdf\">R.D. 210\/24<\/a><\/strong><\/p>\n\n\n\n<p>Contacto:\u00a0<a href=\"mailto:ftu.secgral@gmail.com\"><\/a><a href=\"mailto:ftu.sacade@gmail.com\">ftu.sacade@gmail.com<\/a><\/p>\n\n\n\n<div class=\"wp-block-buttons has-custom-font-size has-small-font-size is-layout-flex wp-block-buttons-is-layout-flex\">\n<div class=\"wp-block-button\"><a class=\"wp-block-button__link has-ast-global-color-5-color has-text-color has-background has-link-color wp-element-button\" href=\"http:\/\/ftuvz.unsl.edu.ar\/index.php\/secretaria-academica-de-la-ftu\/\" style=\"background-color:#996a16\"><strong>Normativas, Formularios y Solicitudes&#8230;<\/strong><\/a><\/div>\n<\/div>\n<\/div>\n<\/div>\n\n\n\n<p><\/p>\n\n\n\n<p><\/p>\n\n\n\n<p class=\"has-text-align-center has-background wp-container-content-cef90cc2\" style=\"background-color:#abb7c221;font-size:22px\"><strong><strong><strong>Secretar\u00eda de Extensi\u00f3n y Vinculaci\u00f3n<\/strong><\/strong><\/strong><\/p>\n\n\n\n<div class=\"wp-block-columns is-layout-flex wp-container-core-columns-is-layout-6355c31f wp-block-columns-is-layout-flex\" style=\"margin-top:var(--wp--preset--spacing--20);margin-bottom:var(--wp--preset--spacing--20);padding-top:var(--wp--preset--spacing--50);padding-right:var(--wp--preset--spacing--20);padding-bottom:var(--wp--preset--spacing--50);padding-left:var(--wp--preset--spacing--20)\">\n<div class=\"wp-block-column has-border-color has-ast-global-color-3-border-color is-layout-flow wp-container-core-column-is-layout-237b2bdf wp-block-column-is-layout-flow\" style=\"border-width:1px;padding-top:var(--wp--preset--spacing--40);padding-right:var(--wp--preset--spacing--60);padding-bottom:var(--wp--preset--spacing--40);padding-left:var(--wp--preset--spacing--60)\">\n<p class=\"has-medium-font-size\"><strong><strong>Lic. M\u00f3nica del Valle Torrez<\/strong><\/strong><\/p>\n\n\n\n<p>Resoluci\u00f3n Designaci\u00f3n:\u00a0<strong><a href=\"http:\/\/digesto.unsl.edu.ar\/docs\/202309\/20230921110227_306.pdf\">R.D. 315\/23<\/a><\/strong><\/p>\n\n\n\n<p>Contacto:\u00a0<a href=\"mailto:ftu.extension@gmail.com\">ftu.extension@gmail.com<\/a><\/p>\n\n\n\n<div class=\"wp-block-buttons has-custom-font-size has-small-font-size is-layout-flex wp-block-buttons-is-layout-flex\">\n<div class=\"wp-block-button\"><a class=\"wp-block-button__link has-white-color has-text-color has-background has-link-color wp-element-button\" href=\"http:\/\/ftuvz.unsl.edu.ar\/index.php\/secretaria-de-extension\/\" style=\"background-color:#996a16\">Normativa&#8230;<\/a><\/div>\n<\/div>\n\n\n\n<p><\/p>\n\n\n\n<p>Contacto:\u00a0<a href=\"mailto:ftu.vinculacion@gmail.com\">ftu.vinculacion@gmail.com<\/a><\/p>\n\n\n\n<div class=\"wp-block-buttons has-custom-font-size has-small-font-size is-layout-flex wp-block-buttons-is-layout-flex\">\n<div class=\"wp-block-button\"><a class=\"wp-block-button__link has-ast-global-color-5-color has-text-color has-background has-link-color wp-element-button\" href=\"http:\/\/ftuvz.unsl.edu.ar\/index.php\/secretaria-de-extension-y-vinculacion-de-la-ftu\/\" style=\"background-color:#996a16\"><strong>M<\/strong>\u00e1s informaci\u00f3n&#8230;<\/a><\/div>\n<\/div>\n<\/div>\n<\/div>\n\n\n\n<p><\/p>\n\n\n\n<p><\/p>\n\n\n\n<p class=\"has-text-align-center has-background wp-container-content-cef90cc2\" style=\"background-color:#abb7c221;font-size:22px\"><strong><strong>Secretar\u00eda de Investigaci\u00f3n y Posgrado<\/strong><\/strong><\/p>\n\n\n\n<div class=\"wp-block-columns is-layout-flex wp-container-core-columns-is-layout-6355c31f wp-block-columns-is-layout-flex\" style=\"margin-top:var(--wp--preset--spacing--20);margin-bottom:var(--wp--preset--spacing--20);padding-top:var(--wp--preset--spacing--50);padding-right:var(--wp--preset--spacing--20);padding-bottom:var(--wp--preset--spacing--50);padding-left:var(--wp--preset--spacing--20)\">\n<div class=\"wp-block-column has-border-color has-ast-global-color-3-border-color is-layout-flow wp-container-core-column-is-layout-237b2bdf wp-block-column-is-layout-flow\" style=\"border-width:1px;padding-top:var(--wp--preset--spacing--40);padding-right:var(--wp--preset--spacing--60);padding-bottom:var(--wp--preset--spacing--40);padding-left:var(--wp--preset--spacing--60)\">\n<p class=\"has-medium-font-size\"><strong><strong><strong><strong><strong><small><strong>a\/c Vicedecano<\/strong><\/small>\u00a0Dr. Pablo V\u00edctor Perepelizin<\/strong><\/strong><\/strong><\/strong><\/strong><\/p>\n\n\n\n<p>Resoluci\u00f3n Designaci\u00f3n:\u00a0\u00a0<strong><strong><a href=\"http:\/\/digesto.unsl.edu.ar\/docs\/202309\/20230921135548_32490.pdf\">R.C.D. 4\/23<\/a><\/strong><\/strong><\/p>\n\n\n\n<p>Contacto:\u00a0<a href=\"mailto:ftu.posgrado@gmail.com\">ftu.posgrado@gmail.com<\/a><\/p>\n\n\n\n<div class=\"wp-block-buttons has-custom-font-size has-small-font-size is-layout-flex wp-block-buttons-is-layout-flex\">\n<div class=\"wp-block-button\"><a class=\"wp-block-button__link has-ast-global-color-5-color has-text-color has-background has-link-color wp-element-button\" href=\"http:\/\/ftuvz.unsl.edu.ar\/index.php\/secretaria-de-investigacion-y-posgrado-de-la-ftu-2\/\" style=\"background-color:#996a16\"><strong>Normativas.<\/strong>..<\/a><\/div>\n<\/div>\n<\/div>\n<\/div>\n\n\n\n<p><\/p>\n\n\n\n<p><\/p>\n\n\n\n<p class=\"has-text-align-center has-background wp-container-content-cef90cc2\" style=\"background-color:#abb7c221;font-size:22px\"><strong><strong><strong><strong><strong><strong>Secretar\u00eda Administrativa y de Infraestructura<\/strong><\/strong><\/strong><\/strong><\/strong><\/strong><\/p>\n\n\n\n<div class=\"wp-block-columns is-layout-flex wp-container-core-columns-is-layout-6355c31f wp-block-columns-is-layout-flex\" style=\"margin-top:var(--wp--preset--spacing--20);margin-bottom:var(--wp--preset--spacing--20);padding-top:var(--wp--preset--spacing--50);padding-right:var(--wp--preset--spacing--20);padding-bottom:var(--wp--preset--spacing--50);padding-left:var(--wp--preset--spacing--20)\">\n<div class=\"wp-block-column has-border-color has-ast-global-color-3-border-color is-layout-flow wp-container-core-column-is-layout-237b2bdf wp-block-column-is-layout-flow\" style=\"border-width:1px;padding-top:var(--wp--preset--spacing--40);padding-right:var(--wp--preset--spacing--60);padding-bottom:var(--wp--preset--spacing--40);padding-left:var(--wp--preset--spacing--60)\">\n<p class=\"has-medium-font-size\"><strong><strong><strong><strong><strong><strong><strong><strong><strong>CPN Eleonora Casaretto<\/strong><\/strong><\/strong><\/strong><\/strong><\/strong><\/strong><\/strong><\/strong><\/p>\n\n\n\n<p>Resoluci\u00f3n Designaci\u00f3n:\u00a0\u00a0<strong><strong><strong><a href=\"http:\/\/digesto.unsl.edu.ar\/docs\/202309\/20230921105611_32486.pdf\">R.D. 314\/23<\/a><\/strong><\/strong><\/strong>\u00a0<\/p>\n\n\n\n<p>Contacto:\u00a0<a href=\"mailto:ftu.contable@gmail.com\">ftu.contable@gmail.com<\/a><\/p>\n\n\n\n<div class=\"wp-block-buttons has-custom-font-size has-small-font-size is-layout-flex wp-block-buttons-is-layout-flex\">\n<div class=\"wp-block-button\"><a class=\"wp-block-button__link has-ast-global-color-5-color has-text-color has-background has-link-color wp-element-button\" href=\"http:\/\/ftuvz.unsl.edu.ar\/index.php\/secretaria-administrativa-de-la-ftu\/\" style=\"background-color:#996a16\">M\u00e1s Informaci\u00f3n&#8230;<\/a><\/div>\n<\/div>\n<\/div>\n<\/div>\n\n\n\n<p><\/p>\n\n\n\n<p><\/p>\n","protected":false},"excerpt":{"rendered":"<p>Secretar\u00edas de la Facultad de Turismo y Urbanismo Secretar\u00eda General Lic. Pablo El\u00edas Roncal Resoluci\u00f3n Designaci\u00f3n:\u00a0R.D. 189\/25 Contacto:\u00a0ftu.secgral@gmail.com Secretar\u00eda Acad\u00e9mica [&hellip;]<\/p>\n","protected":false},"author":1,"featured_media":0,"parent":0,"menu_order":0,"comment_status":"closed","ping_status":"closed","template":"","meta":{"site-sidebar-layout":"default","site-content-layout":"","ast-site-content-layout":"default","site-content-style":"default","site-sidebar-style":"default","ast-global-header-display":"","ast-banner-title-visibility":"","ast-main-header-display":"","ast-hfb-above-header-display":"","ast-hfb-below-header-display":"","ast-hfb-mobile-header-display":"","site-post-title":"disabled","ast-breadcrumbs-content":"","ast-featured-img":"","footer-sml-layout":"","theme-transparent-header-meta":"","adv-header-id-meta":"","stick-header-meta":"","header-above-stick-meta":"","header-main-stick-meta":"","header-below-stick-meta":"","astra-migrate-meta-layouts":"default","ast-page-background-enabled":"default","ast-page-background-meta":{"desktop":{"background-color":"var(--ast-global-color-5)","background-image":"","background-repeat":"repeat","background-position":"center center","background-size":"auto","background-attachment":"scroll","background-type":"","background-media":"","overlay-type":"","overlay-color":"","overlay-opacity":"","overlay-gradient":""},"tablet":{"background-color":"","background-image":"","background-repeat":"repeat","background-position":"center center","background-size":"auto","background-attachment":"scroll","background-type":"","background-media":"","overlay-type":"","overlay-color":"","overlay-opacity":"","overlay-gradient":""},"mobile":{"background-color":"","background-image":"","background-repeat":"repeat","background-position":"center center","background-size":"auto","background-attachment":"scroll","background-type":"","background-media":"","overlay-type":"","overlay-color":"","overlay-opacity":"","overlay-gradient":""}},"ast-content-background-meta":{"desktop":{"background-color":"var(--ast-global-color-4)","background-image":"","background-repeat":"repeat","background-position":"center center","background-size":"auto","background-attachment":"scroll","background-type":"","background-media":"","overlay-type":"","overlay-color":"","overlay-opacity":"","overlay-gradient":""},"tablet":{"background-color":"var(--ast-global-color-4)","background-image":"","background-repeat":"repeat","background-position":"center center","background-size":"auto","background-attachment":"scroll","background-type":"","background-media":"","overlay-type":"","overlay-color":"","overlay-opacity":"","overlay-gradient":""},"mobile":{"background-color":"var(--ast-global-color-4)","background-image":"","background-repeat":"repeat","background-position":"center center","background-size":"auto","background-attachment":"scroll","background-type":"","background-media":"","overlay-type":"","overlay-color":"","overlay-opacity":"","overlay-gradient":""}},"footnotes":"","_links_to":"","_links_to_target":""},"class_list":["post-797","page","type-page","status-publish","hentry"],"rttpg_featured_image_url":null,"rttpg_author":{"display_name":"ftu","author_link":"http:\/\/ftuvz.unsl.edu.ar\/index.php\/author\/ftu\/"},"rttpg_comment":0,"rttpg_category":null,"rttpg_excerpt":"Secretar\u00edas de la Facultad de Turismo y Urbanismo Secretar\u00eda General Lic. Pablo El\u00edas Roncal Resoluci\u00f3n Designaci\u00f3n:\u00a0R.D. 189\/25 Contacto:\u00a0ftu.secgral@gmail.com Secretar\u00eda Acad\u00e9mica [&hellip;]","_links":{"self":[{"href":"http:\/\/ftuvz.unsl.edu.ar\/index.php\/wp-json\/wp\/v2\/pages\/797","targetHints":{"allow":["GET"]}}],"collection":[{"href":"http:\/\/ftuvz.unsl.edu.ar\/index.php\/wp-json\/wp\/v2\/pages"}],"about":[{"href":"http:\/\/ftuvz.unsl.edu.ar\/index.php\/wp-json\/wp\/v2\/types\/page"}],"author":[{"embeddable":true,"href":"http:\/\/ftuvz.unsl.edu.ar\/index.php\/wp-json\/wp\/v2\/users\/1"}],"replies":[{"embeddable":true,"href":"http:\/\/ftuvz.unsl.edu.ar\/index.php\/wp-json\/wp\/v2\/comments?post=797"}],"version-history":[{"count":66,"href":"http:\/\/ftuvz.unsl.edu.ar\/index.php\/wp-json\/wp\/v2\/pages\/797\/revisions"}],"predecessor-version":[{"id":1355,"href":"http:\/\/ftuvz.unsl.edu.ar\/index.php\/wp-json\/wp\/v2\/pages\/797\/revisions\/1355"}],"wp:attachment":[{"href":"http:\/\/ftuvz.unsl.edu.ar\/index.php\/wp-json\/wp\/v2\/media?parent=797"}],"curies":[{"name":"wp","href":"https:\/\/api.w.org\/{rel}","templated":true}]}}