{"id":670,"date":"2025-09-19T14:44:09","date_gmt":"2025-09-19T17:44:09","guid":{"rendered":"http:\/\/ftuvz.unsl.edu.ar\/?page_id=670"},"modified":"2025-09-19T15:15:05","modified_gmt":"2025-09-19T18:15:05","slug":"secr-de-extension-y-vinculacion-division-vinculacion-convenios","status":"publish","type":"page","link":"http:\/\/ftuvz.unsl.edu.ar\/index.php\/secr-de-extension-y-vinculacion-division-vinculacion-convenios\/","title":{"rendered":"Secr. de Extensi\u00f3n y Vinculaci\u00f3n &#8211; Divisi\u00f3n Vinculaci\u00f3n &#8211; Convenios"},"content":{"rendered":"\n<h5 class=\"wp-block-heading\">Secretar\u00eda de Extensi\u00f3n y Vinculaci\u00f3n de la FTU<\/h5>\n\n\n\n<p><br><strong>Divisi\u00f3n Vinculaci\u00f3n &#8211; Convenios<\/strong>&nbsp;&#8211; Edificio Administrativo &#8211; Av. del Libertador San Mart\u00edn 721 (esq. Gob. Rufino Lucero) -Barranca Colorada- Villa de Merlo &#8211; San Luis<br>Horario de atenci\u00f3n: Lunes a Viernes de 9 a 13hs. &#8211; Tel. fijo: 02656-470316<br>Contacto:&nbsp;<a href=\"mailto:ftu.vinculacion@gmail.com\">ftu.vinculacion@gmail.com<\/a><\/p>\n\n\n\n<hr class=\"wp-block-separator has-text-color has-luminous-vivid-amber-color has-alpha-channel-opacity has-luminous-vivid-amber-background-color has-background is-style-wide\"\/>\n\n\n\n<p class=\"has-text-align-center has-text-color has-link-color wp-elements-0c85c40997d4d9ab3f24539ec463e583\" style=\"color:#996a16\"><strong>&#8211; CONVOCATORIA PASANT\u00cdAS EDUCATIVAS &#8211;<\/strong><\/p>\n\n\n\n<p>En la Reserva Natural Mogote Bayo, Villa de Merlo (San Luis)La Secretaria de Extensi\u00f3n y Vinculaci\u00f3n de la Facultad de Turismo y Urbanismo (UNSL), a trav\u00e9s de la Divisi\u00f3n Vinculaci\u00f3n informa que se encuentra abierta la Convocatoria a Pasant\u00edas Educativas en el marco del convenio firmado recientemente con la Secretar\u00eda de Estado de Ambiente y Desarrollo Sustentable de la provincia de San Luis.<\/p>\n\n\n\n<p><em>\u201cSe denomina pasant\u00eda educativa al conjunto de actividades formativas que realicen los estudiantes sustantivamente relacionado con la propuesta curricular de los estudios cursados en unidades acad\u00e9micas de la Universidad Nacional de San Luis\u201d. Las pasant\u00edas constituyen un instrumento que tiene \u201cpor objeto complementar la especialidad te\u00f3rica con la pr\u00e1ctica y de esa forma adquirir habilidad en el ejercicio de la profesi\u00f3n elegida y contacto con tecnolog\u00edas actualizadas\u201d y \u201clas partes de com\u00fan acuerdo establecer\u00e1n las pautas y caracter\u00edsticas que tendr\u00e1 el programa educativo de cada pasant\u00eda\u201d.<\/em><\/p>\n\n\n\n<p>La convocatoria se lleva adelante a solicitud de la Subdirecci\u00f3n de Parques Provinciales y \u00c1reas Naturales Protegidas, organismo a cargo de la Dra. Giuliana Torti y tiene por prop\u00f3sito incorporar a la Reserva Natural Mogote Bayo ubicada en la zona serrana de las Sierras de los Comechingones, Merlo, estudiantes de nuestra facultad que respondan al siguiente perfil:<\/p>\n\n\n\n<p>PERFIL REQUERIDO<br><strong>Disponibilidad horaria.<\/strong><\/p>\n\n\n\n<p><strong>Proactividad:<\/strong>&nbsp;Capacidad para participar en la planificaci\u00f3n, gesti\u00f3n y toma de decisiones.<\/p>\n\n\n\n<p><strong>Conocimientos normativos:<\/strong>&nbsp;Dominio de la normativa espec\u00edfica vigente aplicable a las \u00e1reas protegidas. Conocimiento de las normativas generales y espec\u00edficas sobre uso p\u00fablico y turismo.<\/p>\n\n\n\n<p><strong>Adaptabilidad:<\/strong>&nbsp;Habilidad para desempe\u00f1arse en zonas rurales, periurbanas y agrestes. Cumplimiento normativo: Capacidad para velar por la aplicaci\u00f3n de las leyes y reglamentos relacionados con: Conservaci\u00f3n de la naturaleza, Manejo de recursos naturales y culturales, Actividades recreativas y asentamientos humanos.<\/p>\n\n\n\n<p><strong>Compromiso con principios:<\/strong>&nbsp;Aceptar y aplicar los principios de equidad, solidaridad social y desarrollo sustentable en sus tareas. <\/p>\n\n\n\n<p>Trabajo en equipo: Habilidad para integrarse a equipos multidisciplinarios, disponibilidad para trabajar en condiciones de aislamiento o en sitios de inter\u00e9s tur\u00edstico.<\/p>\n\n\n\n<p><strong>Monitoreo ambiental:<\/strong>&nbsp;Participar en tareas de observaci\u00f3n, toma de datos y monitoreo ambiental en proyectos de investigaci\u00f3n asignados por las autoridades competentes.<\/p>\n\n\n\n<p>Habilidades t\u00e9cnicas: Capacidad para realizar actividades de mantenimiento requeridas por las \u00e1reas protegidas, Manejo de herramientas inform\u00e1ticas, especialmente Microsoft Office.<\/p>\n\n\n\n<p><strong>Atenci\u00f3n al p\u00fablico:<\/strong>&nbsp;Brindar informaci\u00f3n y asistencia a turistas y visitantes.<\/p>\n\n\n\n<p><strong>Din\u00e1mica social y mediaci\u00f3n:<\/strong>&nbsp;Aplicar instrumentos de interacci\u00f3n social y mediaci\u00f3n de conflictos para relacionarse con actores vinculados a las ANP y su entorno, Favorecer relaciones arm\u00f3nicas entre los actores, conciliando la conservaci\u00f3n con el desarrollo local sustentable y equitativo.<\/p>\n\n\n\n<p><strong>Educaci\u00f3n ambiental:<\/strong>&nbsp;Participar en la ejecuci\u00f3n de planes y programas de educaci\u00f3n ambiental dirigidos a visitantes, pobladores o residentes.<\/p>\n\n\n\n<p><strong>Compromiso:<\/strong>&nbsp;Demostrar inter\u00e9s y conocimientos afines al perfil t\u00e9cnico-profesional requerido. Mostrar un compromiso genuino con los objetivos de conservaci\u00f3n de la naturaleza.<\/p>\n\n\n\n<div class=\"wp-block-columns is-layout-flex wp-container-core-columns-is-layout-28f84493 wp-block-columns-is-layout-flex\">\n<div class=\"wp-block-column is-layout-flow wp-block-column-is-layout-flow\">\n<figure class=\"wp-block-image size-full\"><img loading=\"lazy\" decoding=\"async\" width=\"600\" height=\"600\" src=\"http:\/\/ftuvz.unsl.edu.ar\/wp-content\/uploads\/2025\/09\/Convocatoria-pasantias-mogoteBayo-2.jpg\" alt=\"\" class=\"wp-image-675\" srcset=\"http:\/\/ftuvz.unsl.edu.ar\/wp-content\/uploads\/2025\/09\/Convocatoria-pasantias-mogoteBayo-2.jpg 600w, http:\/\/ftuvz.unsl.edu.ar\/wp-content\/uploads\/2025\/09\/Convocatoria-pasantias-mogoteBayo-2-300x300.jpg 300w, http:\/\/ftuvz.unsl.edu.ar\/wp-content\/uploads\/2025\/09\/Convocatoria-pasantias-mogoteBayo-2-150x150.jpg 150w\" sizes=\"auto, (max-width: 600px) 100vw, 600px\" \/><\/figure>\n<\/div>\n\n\n\n<div class=\"wp-block-column is-layout-flow wp-block-column-is-layout-flow\">\n<figure class=\"wp-block-image size-full\"><img loading=\"lazy\" decoding=\"async\" width=\"600\" height=\"600\" src=\"http:\/\/ftuvz.unsl.edu.ar\/wp-content\/uploads\/2025\/09\/Convocatoria-pasantias-mogoteBayo-1.jpg\" alt=\"\" class=\"wp-image-677\" srcset=\"http:\/\/ftuvz.unsl.edu.ar\/wp-content\/uploads\/2025\/09\/Convocatoria-pasantias-mogoteBayo-1.jpg 600w, http:\/\/ftuvz.unsl.edu.ar\/wp-content\/uploads\/2025\/09\/Convocatoria-pasantias-mogoteBayo-1-300x300.jpg 300w, http:\/\/ftuvz.unsl.edu.ar\/wp-content\/uploads\/2025\/09\/Convocatoria-pasantias-mogoteBayo-1-150x150.jpg 150w\" sizes=\"auto, (max-width: 600px) 100vw, 600px\" \/><\/figure>\n<\/div>\n<\/div>\n\n\n\n<p>Algunas consideraciones de inter\u00e9s para quienes deseen postularse como candidatos en la presente convocatoria:<\/p>\n\n\n\n<p><br>Los pasantes recibir\u00e1n una suma de dinero de car\u00e1cter no remunerativo en calidad de asignaci\u00f3n est\u00edmulo, que se calcular\u00e1 sobre el salario b\u00e1sico del convenio colectivo aplicable a la INSTITUCI\u00d3N, y que ser\u00e1 proporcional a la carga horaria de la pasant\u00eda.<\/p>\n\n\n\n<p>La duraci\u00f3n y la carga horaria de las pasant\u00edas educativas se definen, en funci\u00f3n de las caracter\u00edsticas y complejidad de las actividades a desarrollar, por un plazo m\u00ednimo de DOS (2) meses y m\u00e1ximo de DOCE (12) meses, con una carga horaria semanal de hasta VEINTE (20) horas.<\/p>\n\n\n\n<p>La INSTITUCI\u00d3N designar\u00e1 un TUTOR y la FTU, designar\u00e1 un DOCENTE GU\u00cdA. El Tutor y el Docente Gu\u00eda elaborar\u00e1n conjuntamente el plan de trabajo, el cual determinar\u00e1 el proceso educativo del pasante y ser\u00e1 incorporado a su legajo.<\/p>\n\n\n\n<p>La implementaci\u00f3n del plan de pasant\u00edas educativas, su supervisi\u00f3n y evaluaci\u00f3n es responsabilidad de los docentes gu\u00edas y de los tutores, quienes elaborar\u00e1n informes peri\u00f3dicos, que ser\u00e1n incorporados al legajo individual del pasante.<\/p>\n\n\n\n<div class=\"wp-block-columns is-layout-flex wp-container-core-columns-is-layout-1768cf17 wp-block-columns-is-layout-flex\" style=\"padding-top:0;padding-right:var(--wp--preset--spacing--20);padding-bottom:0;padding-left:var(--wp--preset--spacing--20)\">\n<div class=\"wp-block-column is-layout-flow wp-block-column-is-layout-flow\" style=\"flex-basis:90%\">\n<p>Conoc\u00e9 m\u00e1s detalles del convenio de pasant\u00edas educativas con la Secretar\u00eda de Ambiente y Desarrollo Sustentable de la provincia de San Luis:<\/p>\n<\/div>\n\n\n\n<div class=\"wp-block-column is-vertically-aligned-center is-layout-flow wp-block-column-is-layout-flow\" style=\"flex-basis:20%\">\n<figure class=\"wp-block-image size-full\"><a href=\"https:\/\/notif-vz.unsl.edu.ar\/uploads\/109007\/RR_2035-24_CONVENIO_PASANTIAS.pdf\"><img loading=\"lazy\" decoding=\"async\" width=\"25\" height=\"25\" src=\"http:\/\/ftuvz.unsl.edu.ar\/wp-content\/uploads\/2025\/09\/pdf.gif\" alt=\"\" class=\"wp-image-486\"\/><\/a><\/figure>\n<\/div>\n<\/div>\n\n\n\n<p><strong>Las\/os estudiantes interesadas\/os en postularse<\/strong>&nbsp;para las Pasant\u00edas Educativas deber\u00e1n&nbsp;<strong>enviar hasta el 27\/12\/24<\/strong>, a&nbsp;<a href=\"mailto:ftu.vinculacion@gmail.com\">ftu.vinculacion@gmail.com<\/a>:&nbsp;<strong>CV, certificado de alumna\/o regular e historia acad\u00e9mica<\/strong>.<\/p>\n\n\n\n<p><\/p>\n","protected":false},"excerpt":{"rendered":"<p>Secretar\u00eda de Extensi\u00f3n y Vinculaci\u00f3n de la FTU Divisi\u00f3n Vinculaci\u00f3n &#8211; Convenios&nbsp;&#8211; Edificio Administrativo &#8211; Av. del Libertador San Mart\u00edn [&hellip;]<\/p>\n","protected":false},"author":1,"featured_media":0,"parent":0,"menu_order":0,"comment_status":"closed","ping_status":"closed","template":"","meta":{"site-sidebar-layout":"default","site-content-layout":"","ast-site-content-layout":"default","site-content-style":"default","site-sidebar-style":"default","ast-global-header-display":"","ast-banner-title-visibility":"","ast-main-header-display":"","ast-hfb-above-header-display":"","ast-hfb-below-header-display":"","ast-hfb-mobile-header-display":"","site-post-title":"","ast-breadcrumbs-content":"","ast-featured-img":"","footer-sml-layout":"","theme-transparent-header-meta":"","adv-header-id-meta":"","stick-header-meta":"","header-above-stick-meta":"","header-main-stick-meta":"","header-below-stick-meta":"","astra-migrate-meta-layouts":"default","ast-page-background-enabled":"default","ast-page-background-meta":{"desktop":{"background-color":"var(--ast-global-color-5)","background-image":"","background-repeat":"repeat","background-position":"center center","background-size":"auto","background-attachment":"scroll","background-type":"","background-media":"","overlay-type":"","overlay-color":"","overlay-opacity":"","overlay-gradient":""},"tablet":{"background-color":"","background-image":"","background-repeat":"repeat","background-position":"center center","background-size":"auto","background-attachment":"scroll","background-type":"","background-media":"","overlay-type":"","overlay-color":"","overlay-opacity":"","overlay-gradient":""},"mobile":{"background-color":"","background-image":"","background-repeat":"repeat","background-position":"center center","background-size":"auto","background-attachment":"scroll","background-type":"","background-media":"","overlay-type":"","overlay-color":"","overlay-opacity":"","overlay-gradient":""}},"ast-content-background-meta":{"desktop":{"background-color":"var(--ast-global-color-4)","background-image":"","background-repeat":"repeat","background-position":"center center","background-size":"auto","background-attachment":"scroll","background-type":"","background-media":"","overlay-type":"","overlay-color":"","overlay-opacity":"","overlay-gradient":""},"tablet":{"background-color":"var(--ast-global-color-4)","background-image":"","background-repeat":"repeat","background-position":"center center","background-size":"auto","background-attachment":"scroll","background-type":"","background-media":"","overlay-type":"","overlay-color":"","overlay-opacity":"","overlay-gradient":""},"mobile":{"background-color":"var(--ast-global-color-4)","background-image":"","background-repeat":"repeat","background-position":"center center","background-size":"auto","background-attachment":"scroll","background-type":"","background-media":"","overlay-type":"","overlay-color":"","overlay-opacity":"","overlay-gradient":""}},"footnotes":"","_links_to":"","_links_to_target":""},"class_list":["post-670","page","type-page","status-publish","hentry"],"rttpg_featured_image_url":null,"rttpg_author":{"display_name":"ftu","author_link":"http:\/\/ftuvz.unsl.edu.ar\/index.php\/author\/ftu\/"},"rttpg_comment":0,"rttpg_category":null,"rttpg_excerpt":"Secretar\u00eda de Extensi\u00f3n y Vinculaci\u00f3n de la FTU Divisi\u00f3n Vinculaci\u00f3n &#8211; Convenios&nbsp;&#8211; Edificio Administrativo &#8211; Av. del Libertador San Mart\u00edn [&hellip;]","_links":{"self":[{"href":"http:\/\/ftuvz.unsl.edu.ar\/index.php\/wp-json\/wp\/v2\/pages\/670","targetHints":{"allow":["GET"]}}],"collection":[{"href":"http:\/\/ftuvz.unsl.edu.ar\/index.php\/wp-json\/wp\/v2\/pages"}],"about":[{"href":"http:\/\/ftuvz.unsl.edu.ar\/index.php\/wp-json\/wp\/v2\/types\/page"}],"author":[{"embeddable":true,"href":"http:\/\/ftuvz.unsl.edu.ar\/index.php\/wp-json\/wp\/v2\/users\/1"}],"replies":[{"embeddable":true,"href":"http:\/\/ftuvz.unsl.edu.ar\/index.php\/wp-json\/wp\/v2\/comments?post=670"}],"version-history":[{"count":8,"href":"http:\/\/ftuvz.unsl.edu.ar\/index.php\/wp-json\/wp\/v2\/pages\/670\/revisions"}],"predecessor-version":[{"id":688,"href":"http:\/\/ftuvz.unsl.edu.ar\/index.php\/wp-json\/wp\/v2\/pages\/670\/revisions\/688"}],"wp:attachment":[{"href":"http:\/\/ftuvz.unsl.edu.ar\/index.php\/wp-json\/wp\/v2\/media?parent=670"}],"curies":[{"name":"wp","href":"https:\/\/api.w.org\/{rel}","templated":true}]}}