{"id":665,"date":"2025-09-19T14:35:17","date_gmt":"2025-09-19T17:35:17","guid":{"rendered":"http:\/\/ftuvz.unsl.edu.ar\/?page_id=665"},"modified":"2025-09-24T13:13:18","modified_gmt":"2025-09-24T16:13:18","slug":"secretaria-de-extension-y-vinculacion-de-la-ftu","status":"publish","type":"page","link":"http:\/\/ftuvz.unsl.edu.ar\/index.php\/secretaria-de-extension-y-vinculacion-de-la-ftu\/","title":{"rendered":"Secretar\u00eda de Vinculaci\u00f3n de la FTU"},"content":{"rendered":"\n<p><strong>Divisi\u00f3n Vinculaci\u00f3n &#8211; Convenios<\/strong>&nbsp;&#8211; Edificio Administrativo &#8211; Av. del Libertador San Mart\u00edn 721 (esq. Gob. Rufino Lucero) -Barranca Colorada- Villa de Merlo &#8211; San Luis<br>Horario de atenci\u00f3n: Lunes a Viernes de 9 a 13hs. &#8211; Tel. fijo: 02656-470316<br>Contacto:&nbsp;<a href=\"mailto:ftu.vinculacion@gmail.com\">ftu.vinculacion@gmail.com<\/a><\/p>\n\n\n\n<p class=\"has-text-color has-link-color wp-elements-dcf0753ee5cf2ad20a604aa0faaa352e\" style=\"color:#996a16\"><strong>&#8211; CONVOCATORIA PASANT\u00cdAS EDUCATIVAS &#8211;<\/strong><\/p>\n\n\n\n<p>En la Reserva Natural Mogote Bayo, Villa de Merlo (San Luis) <a href=\"http:\/\/ftuvz.unsl.edu.ar\/index.php\/secr-de-extension-y-vinculacion-division-vinculacion-convenios\/\" data-type=\"page\" data-id=\"670\" target=\"_blank\" rel=\"noreferrer noopener\">Click para acceder<\/a><\/p>\n\n\n\n<p class=\"has-text-color has-link-color wp-elements-c8bc6900d012159e0054e2960f316cfc\" style=\"color:#996a16\"><strong>&#8211; CONVENIOS VIGENTES &#8211;<\/strong><\/p>\n\n\n\n<ul class=\"wp-block-list\">\n<li>Para acceder a la informaci\u00f3n de los convenios vigentes ingresar al siguiente&nbsp;<a href=\"https:\/\/docs.google.com\/spreadsheets\/d\/1-uHsWFyhzroeyXLaHyGt1z25g08hEMhW3ERKimsgSvs\/edit?usp=sharing\" target=\"_blank\" rel=\"noreferrer noopener\">link<\/a><\/li>\n<\/ul>\n\n\n\n<p><strong>&#8211; Convenios Digitalizados UNSL &#8211;<\/strong><\/p>\n\n\n\n<ul class=\"wp-block-list\">\n<li>Para acceder a la informaci\u00f3n, ingresar al siguiente&nbsp;<a href=\"https:\/\/relint.unsl.edu.ar\/convenios\/convenios-digitalizados\" target=\"_blank\" rel=\"noreferrer noopener\">link<\/a><\/li>\n<\/ul>\n\n\n\n<p><strong>&#8211; Informaci\u00f3n para docentes y estudiantes &#8211;<\/strong><\/p>\n\n\n\n<ul class=\"wp-block-list\">\n<li style=\"margin-right:0;margin-left:0\">Para la realizaci\u00f3n de pr\u00e1cticas de formaci\u00f3n profesional recuerde que debe existir un convenio espec\u00edfico vigente con el Centro de Pr\u00e1ctica.<\/li>\n<\/ul>\n\n\n\n<p class=\"has-text-color has-link-color wp-elements-a10c7d86072e9bab941a76901ca0c95b\" style=\"color:#996a16\"><strong>&#8211; NUEVOS CONVENIOS &#8211;<\/strong><\/p>\n\n\n\n<ul class=\"wp-block-list\">\n<li>Para la firma de nuevos convenios contactarse con la Secretar\u00eda de Extensi\u00f3n y Vinculaci\u00f3n al email&nbsp;<a href=\"mailto:ftu.vinculacion@gmail.com\">ftu.vinculacion@gmail.com<\/a><\/li>\n<\/ul>\n\n\n\n<div class=\"wp-block-columns is-layout-flex wp-container-core-columns-is-layout-1cb120eb wp-block-columns-is-layout-flex\" style=\"margin-top:0;margin-bottom:0;padding-top:0;padding-right:var(--wp--preset--spacing--20);padding-bottom:0;padding-left:var(--wp--preset--spacing--20)\">\n<div class=\"wp-block-column is-layout-flow wp-block-column-is-layout-flow\" style=\"flex-basis:15%\">\n<ul class=\"wp-block-list\">\n<li>Requisitos:<\/li>\n<\/ul>\n<\/div>\n\n\n\n<div class=\"wp-block-column is-vertically-aligned-center is-layout-flow wp-block-column-is-layout-flow\" style=\"flex-basis:20%\">\n<figure class=\"wp-block-image size-full is-resized\"><a href=\"https:\/\/drive.google.com\/file\/d\/169oSuNSzy7kymQliJf37SfCEK0OGD10R\/view\" target=\"_blank\" rel=\" noreferrer noopener\"><img loading=\"lazy\" decoding=\"async\" width=\"25\" height=\"25\" src=\"http:\/\/ftuvz.unsl.edu.ar\/wp-content\/uploads\/2025\/09\/pdf.gif\" alt=\"\" class=\"wp-image-486\" style=\"width:30px\"\/><\/a><\/figure>\n<\/div>\n<\/div>\n\n\n\n<p><\/p>\n","protected":false},"excerpt":{"rendered":"<p>Divisi\u00f3n Vinculaci\u00f3n &#8211; Convenios&nbsp;&#8211; Edificio Administrativo &#8211; Av. del Libertador San Mart\u00edn 721 (esq. Gob. Rufino Lucero) -Barranca Colorada- Villa [&hellip;]<\/p>\n","protected":false},"author":1,"featured_media":0,"parent":0,"menu_order":0,"comment_status":"closed","ping_status":"closed","template":"","meta":{"site-sidebar-layout":"default","site-content-layout":"","ast-site-content-layout":"default","site-content-style":"default","site-sidebar-style":"default","ast-global-header-display":"","ast-banner-title-visibility":"","ast-main-header-display":"","ast-hfb-above-header-display":"","ast-hfb-below-header-display":"","ast-hfb-mobile-header-display":"","site-post-title":"","ast-breadcrumbs-content":"","ast-featured-img":"","footer-sml-layout":"","theme-transparent-header-meta":"","adv-header-id-meta":"","stick-header-meta":"","header-above-stick-meta":"","header-main-stick-meta":"","header-below-stick-meta":"","astra-migrate-meta-layouts":"default","ast-page-background-enabled":"default","ast-page-background-meta":{"desktop":{"background-color":"var(--ast-global-color-5)","background-image":"","background-repeat":"repeat","background-position":"center center","background-size":"auto","background-attachment":"scroll","background-type":"","background-media":"","overlay-type":"","overlay-color":"","overlay-opacity":"","overlay-gradient":""},"tablet":{"background-color":"","background-image":"","background-repeat":"repeat","background-position":"center center","background-size":"auto","background-attachment":"scroll","background-type":"","background-media":"","overlay-type":"","overlay-color":"","overlay-opacity":"","overlay-gradient":""},"mobile":{"background-color":"","background-image":"","background-repeat":"repeat","background-position":"center center","background-size":"auto","background-attachment":"scroll","background-type":"","background-media":"","overlay-type":"","overlay-color":"","overlay-opacity":"","overlay-gradient":""}},"ast-content-background-meta":{"desktop":{"background-color":"var(--ast-global-color-4)","background-image":"","background-repeat":"repeat","background-position":"center center","background-size":"auto","background-attachment":"scroll","background-type":"","background-media":"","overlay-type":"","overlay-color":"","overlay-opacity":"","overlay-gradient":""},"tablet":{"background-color":"var(--ast-global-color-4)","background-image":"","background-repeat":"repeat","background-position":"center center","background-size":"auto","background-attachment":"scroll","background-type":"","background-media":"","overlay-type":"","overlay-color":"","overlay-opacity":"","overlay-gradient":""},"mobile":{"background-color":"var(--ast-global-color-4)","background-image":"","background-repeat":"repeat","background-position":"center center","background-size":"auto","background-attachment":"scroll","background-type":"","background-media":"","overlay-type":"","overlay-color":"","overlay-opacity":"","overlay-gradient":""}},"footnotes":"","_links_to":"","_links_to_target":""},"class_list":["post-665","page","type-page","status-publish","hentry"],"rttpg_featured_image_url":null,"rttpg_author":{"display_name":"ftu","author_link":"http:\/\/ftuvz.unsl.edu.ar\/index.php\/author\/ftu\/"},"rttpg_comment":0,"rttpg_category":null,"rttpg_excerpt":"Divisi\u00f3n Vinculaci\u00f3n &#8211; Convenios&nbsp;&#8211; Edificio Administrativo &#8211; Av. del Libertador San Mart\u00edn 721 (esq. Gob. Rufino Lucero) -Barranca Colorada- Villa [&hellip;]","_links":{"self":[{"href":"http:\/\/ftuvz.unsl.edu.ar\/index.php\/wp-json\/wp\/v2\/pages\/665","targetHints":{"allow":["GET"]}}],"collection":[{"href":"http:\/\/ftuvz.unsl.edu.ar\/index.php\/wp-json\/wp\/v2\/pages"}],"about":[{"href":"http:\/\/ftuvz.unsl.edu.ar\/index.php\/wp-json\/wp\/v2\/types\/page"}],"author":[{"embeddable":true,"href":"http:\/\/ftuvz.unsl.edu.ar\/index.php\/wp-json\/wp\/v2\/users\/1"}],"replies":[{"embeddable":true,"href":"http:\/\/ftuvz.unsl.edu.ar\/index.php\/wp-json\/wp\/v2\/comments?post=665"}],"version-history":[{"count":16,"href":"http:\/\/ftuvz.unsl.edu.ar\/index.php\/wp-json\/wp\/v2\/pages\/665\/revisions"}],"predecessor-version":[{"id":1042,"href":"http:\/\/ftuvz.unsl.edu.ar\/index.php\/wp-json\/wp\/v2\/pages\/665\/revisions\/1042"}],"wp:attachment":[{"href":"http:\/\/ftuvz.unsl.edu.ar\/index.php\/wp-json\/wp\/v2\/media?parent=665"}],"curies":[{"name":"wp","href":"https:\/\/api.w.org\/{rel}","templated":true}]}}