{"id":53,"date":"2025-08-06T09:18:50","date_gmt":"2025-08-06T12:18:50","guid":{"rendered":"http:\/\/ftuvz.unsl.edu.ar\/?page_id=53"},"modified":"2026-03-04T11:09:12","modified_gmt":"2026-03-04T14:09:12","slug":"estudiantes","status":"publish","type":"page","link":"http:\/\/ftuvz.unsl.edu.ar\/index.php\/estudiantes\/","title":{"rendered":"Estudiantes"},"content":{"rendered":"\n<p class=\"has-text-align-center has-ast-global-color-5-color has-text-color has-background has-link-color wp-elements-3d00cb2f4752d64d3320cea6777c8de9\" style=\"background-color:#996a16;font-size:30px\"><strong>Estudiantes<\/strong><\/p>\n\n\n\n<div class=\"wp-block-columns has-border-color has-cyan-bluish-gray-border-color is-layout-flex wp-container-core-columns-is-layout-0d2466c3 wp-block-columns-is-layout-flex\" style=\"border-width:1px;padding-top:var(--wp--preset--spacing--20);padding-right:var(--wp--preset--spacing--20);padding-bottom:var(--wp--preset--spacing--20);padding-left:var(--wp--preset--spacing--20)\">\n<div class=\"wp-block-column is-layout-flow wp-block-column-is-layout-flow\" style=\"flex-basis:70%\">\n<p><strong>&#8211; Pr\u00e1cticas de Formaci\u00f3n Profesional      &#8211;<\/strong>    Instructivo para la Tramitaci\u00f3n de Acta Acuerdo Individual de Pr\u00e1ctica<\/p>\n<\/div>\n\n\n\n<div class=\"wp-block-column is-layout-flow wp-block-column-is-layout-flow\" style=\"flex-basis:5%\">\n<figure class=\"wp-block-image size-full\"><a href=\"\/wp-content\/uploads\/Normativa\/Instructivo-Estudiantes.pdf\"><img loading=\"lazy\" decoding=\"async\" width=\"25\" height=\"25\" src=\"http:\/\/ftuvz.unsl.edu.ar\/wp-content\/uploads\/2025\/09\/pdf.gif\" alt=\"\" class=\"wp-image-486\"\/><\/a><\/figure>\n<\/div>\n<\/div>\n\n\n\n<div class=\"wp-block-columns is-layout-flex wp-container-core-columns-is-layout-b406c88e wp-block-columns-is-layout-flex\" style=\"padding-top:var(--wp--preset--spacing--20);padding-right:var(--wp--preset--spacing--30);padding-bottom:var(--wp--preset--spacing--20);padding-left:var(--wp--preset--spacing--30)\">\n<div class=\"wp-block-column has-border-color has-ast-global-color-3-border-color is-layout-flow wp-block-column-is-layout-flow\" style=\"border-width:1px\">\n<figure class=\"wp-block-image aligncenter size-full\"><a href=\"http:\/\/ftuvz.unsl.edu.ar\/index.php\/programa-de-ingreso-y-permanencia-de-estudiantes-pipe\/\"><img loading=\"lazy\" decoding=\"async\" width=\"150\" height=\"150\" src=\"http:\/\/ftuvz.unsl.edu.ar\/wp-content\/uploads\/2025\/10\/E-PIPE-150.png\" alt=\"\" class=\"wp-image-1835\"\/><\/a><\/figure>\n<\/div>\n\n\n\n<div class=\"wp-block-column has-border-color has-cyan-bluish-gray-border-color is-layout-flow wp-block-column-is-layout-flow\" style=\"border-width:1px\">\n<figure class=\"wp-block-image aligncenter size-full is-style-default\"><a href=\"http:\/\/ftuvz.unsl.edu.ar\/index.php\/calendario-de-actividades-academicas-ciclo-lectivo-2026\/\"><img loading=\"lazy\" decoding=\"async\" width=\"150\" height=\"150\" src=\"http:\/\/ftuvz.unsl.edu.ar\/wp-content\/uploads\/2025\/10\/E-Calendario-150.png\" alt=\"\" class=\"wp-image-1836\"\/><\/a><\/figure>\n<\/div>\n\n\n\n<div class=\"wp-block-column has-border-color has-cyan-bluish-gray-border-color is-layout-flow wp-block-column-is-layout-flow\" style=\"border-width:1px\">\n<figure class=\"wp-block-image aligncenter size-full\"><a href=\"http:\/\/ftuvz.unsl.edu.ar\/index.php\/auxiliares-de-docencia-de-segunda-categoria\/\"><img loading=\"lazy\" decoding=\"async\" width=\"150\" height=\"150\" src=\"http:\/\/ftuvz.unsl.edu.ar\/wp-content\/uploads\/2025\/12\/E-Concurso-2da-150.png\" alt=\"\" class=\"wp-image-4132\"\/><\/a><\/figure>\n<\/div>\n<\/div>\n\n\n\n<div class=\"wp-block-columns is-layout-flex wp-container-core-columns-is-layout-b406c88e wp-block-columns-is-layout-flex\" style=\"padding-top:var(--wp--preset--spacing--20);padding-right:var(--wp--preset--spacing--30);padding-bottom:var(--wp--preset--spacing--20);padding-left:var(--wp--preset--spacing--30)\">\n<div class=\"wp-block-column has-border-color has-cyan-bluish-gray-border-color is-layout-flow wp-block-column-is-layout-flow\" style=\"border-width:1px\">\n<figure class=\"wp-block-image aligncenter size-full\"><a href=\"\/wp-content\/uploads\/Academica\/AULERO-TURISMO-1C-2026.pdf\"><img loading=\"lazy\" decoding=\"async\" width=\"150\" height=\"150\" src=\"http:\/\/ftuvz.unsl.edu.ar\/wp-content\/uploads\/2025\/10\/E-Aulero-Turismo-y-Hoteleria-150.png\" alt=\"\" class=\"wp-image-1840\"\/><\/a><\/figure>\n<\/div>\n\n\n\n<div class=\"wp-block-column has-border-color has-cyan-bluish-gray-border-color is-layout-flow wp-block-column-is-layout-flow\" style=\"border-width:1px\">\n<figure class=\"wp-block-image aligncenter size-full\"><a href=\"\/wp-content\/uploads\/Academica\/AULERO-URBANISMO-1C-2026.pdf\"><img loading=\"lazy\" decoding=\"async\" width=\"150\" height=\"150\" src=\"http:\/\/ftuvz.unsl.edu.ar\/wp-content\/uploads\/2025\/10\/E-Aulero-Urbanismo-150.png\" alt=\"\" class=\"wp-image-1841\"\/><\/a><\/figure>\n<\/div>\n\n\n\n<div class=\"wp-block-column has-border-color has-cyan-bluish-gray-border-color is-layout-flow wp-block-column-is-layout-flow\" style=\"border-width:1px\">\n<figure class=\"wp-block-image aligncenter size-full\"><a href=\"\/wp-content\/uploads\/Academica\/AULERO-PARQUES-1C-2026.pdf\"><img loading=\"lazy\" decoding=\"async\" width=\"150\" height=\"150\" src=\"http:\/\/ftuvz.unsl.edu.ar\/wp-content\/uploads\/2025\/10\/E-Aulero-Parques-y-Jardines-150.png\" alt=\"\" class=\"wp-image-1837\"\/><\/a><\/figure>\n<\/div>\n<\/div>\n\n\n\n<div class=\"wp-block-columns is-layout-flex wp-container-core-columns-is-layout-b406c88e wp-block-columns-is-layout-flex\" style=\"padding-top:var(--wp--preset--spacing--20);padding-right:var(--wp--preset--spacing--30);padding-bottom:var(--wp--preset--spacing--20);padding-left:var(--wp--preset--spacing--30)\">\n<div class=\"wp-block-column has-border-color has-cyan-bluish-gray-border-color is-layout-flow wp-block-column-is-layout-flow\" style=\"border-width:1px\">\n<figure class=\"wp-block-image aligncenter size-full\"><a href=\"https:\/\/moodle4vz.unsl.edu.ar\/moodle\/\" target=\"_blank\" rel=\" noreferrer noopener\"><img loading=\"lazy\" decoding=\"async\" width=\"150\" height=\"150\" src=\"http:\/\/ftuvz.unsl.edu.ar\/wp-content\/uploads\/2025\/10\/E-Aula-virtual-150.png\" alt=\"\" class=\"wp-image-1842\"\/><\/a><\/figure>\n<\/div>\n\n\n\n<div class=\"wp-block-column has-border-color has-cyan-bluish-gray-border-color is-layout-flow wp-block-column-is-layout-flow\" style=\"border-width:1px\">\n<figure class=\"wp-block-image aligncenter size-full\"><a href=\"http:\/\/planesestudio.unsl.edu.ar\/index.php?action=fac_g3&amp;fac=11\" target=\"_blank\" rel=\" noreferrer noopener\"><img loading=\"lazy\" decoding=\"async\" width=\"150\" height=\"150\" src=\"http:\/\/ftuvz.unsl.edu.ar\/wp-content\/uploads\/2025\/10\/E-Programas-150.png\" alt=\"\" class=\"wp-image-1843\"\/><\/a><\/figure>\n<\/div>\n\n\n\n<div class=\"wp-block-column has-border-color has-cyan-bluish-gray-border-color is-layout-flow wp-block-column-is-layout-flow\" style=\"border-width:1px\">\n<figure class=\"wp-block-image aligncenter size-full\"><a href=\"http:\/\/planesestudio.unsl.edu.ar\/index.php?action=fac_g3&amp;fac=11\" target=\"_blank\" rel=\" noreferrer noopener\"><img loading=\"lazy\" decoding=\"async\" width=\"150\" height=\"150\" src=\"http:\/\/ftuvz.unsl.edu.ar\/wp-content\/uploads\/2025\/10\/E-Planes-estudio-150.png\" alt=\"\" class=\"wp-image-1844\"\/><\/a><\/figure>\n<\/div>\n<\/div>\n\n\n\n<div class=\"wp-block-columns is-layout-flex wp-container-core-columns-is-layout-b406c88e wp-block-columns-is-layout-flex\" style=\"padding-top:var(--wp--preset--spacing--20);padding-right:var(--wp--preset--spacing--30);padding-bottom:var(--wp--preset--spacing--20);padding-left:var(--wp--preset--spacing--30)\">\n<div class=\"wp-block-column has-border-color has-cyan-bluish-gray-border-color is-layout-flow wp-block-column-is-layout-flow\" style=\"border-width:1px\">\n<figure class=\"wp-block-image aligncenter size-full\"><a href=\"https:\/\/g3.unsl.edu.ar\/g3\/\" target=\"_blank\" rel=\" noreferrer noopener\"><img loading=\"lazy\" decoding=\"async\" width=\"150\" height=\"150\" src=\"http:\/\/ftuvz.unsl.edu.ar\/wp-content\/uploads\/2025\/10\/E-SIU-Guarani-150.png\" alt=\"\" class=\"wp-image-1839\"\/><\/a><\/figure>\n<\/div>\n\n\n\n<div class=\"wp-block-column has-border-color has-cyan-bluish-gray-border-color is-layout-flow wp-block-column-is-layout-flow\" style=\"border-width:1px\">\n<figure class=\"wp-block-image aligncenter size-full\"><a href=\"\/wp-content\/uploads\/Formularios\/FTU-Solicitud-de-Diploma-y-Certif-de-Estudios-para-egreso.pdf\"><img loading=\"lazy\" decoding=\"async\" width=\"150\" height=\"150\" src=\"http:\/\/ftuvz.unsl.edu.ar\/wp-content\/uploads\/2025\/10\/E-Diploma-150.png\" alt=\"\" class=\"wp-image-1846\"\/><\/a><\/figure>\n<\/div>\n\n\n\n<div class=\"wp-block-column has-border-color has-cyan-bluish-gray-border-color is-layout-flow wp-block-column-is-layout-flow\" style=\"border-width:1px\">\n<figure class=\"wp-block-image aligncenter size-full\"><a href=\"http:\/\/ftuvz.unsl.edu.ar\/index.php\/solicitud-de-equivalencias\/\"><img loading=\"lazy\" decoding=\"async\" width=\"150\" height=\"150\" src=\"http:\/\/ftuvz.unsl.edu.ar\/wp-content\/uploads\/2025\/10\/E-Equivalencias-150.png\" alt=\"\" class=\"wp-image-1847\"\/><\/a><\/figure>\n<\/div>\n<\/div>\n\n\n\n<div class=\"wp-block-columns is-layout-flex wp-container-core-columns-is-layout-b406c88e wp-block-columns-is-layout-flex\" style=\"padding-top:var(--wp--preset--spacing--20);padding-right:var(--wp--preset--spacing--30);padding-bottom:var(--wp--preset--spacing--20);padding-left:var(--wp--preset--spacing--30)\">\n<div class=\"wp-block-column has-border-color has-cyan-bluish-gray-border-color is-layout-flow wp-block-column-is-layout-flow\" style=\"border-width:1px\">\n<figure class=\"wp-block-image aligncenter size-full\"><a href=\"http:\/\/ftuvz.unsl.edu.ar\/index.php\/comisiones-de-carreras\/\"><img loading=\"lazy\" decoding=\"async\" width=\"150\" height=\"150\" src=\"http:\/\/ftuvz.unsl.edu.ar\/wp-content\/uploads\/2025\/10\/E-Comisiones-de-Carrera-150.png\" alt=\"\" class=\"wp-image-1848\"\/><\/a><\/figure>\n<\/div>\n\n\n\n<div class=\"wp-block-column has-border-color has-cyan-bluish-gray-border-color is-layout-flow wp-block-column-is-layout-flow\" style=\"border-width:1px\">\n<figure class=\"wp-block-image aligncenter size-full\"><a href=\"http:\/\/encuestas.unsl.edu.ar\/\" target=\"_blank\" rel=\" noreferrer noopener\"><img loading=\"lazy\" decoding=\"async\" width=\"150\" height=\"150\" src=\"http:\/\/ftuvz.unsl.edu.ar\/wp-content\/uploads\/2025\/10\/E-Encuestas-150.png\" alt=\"\" class=\"wp-image-1845\"\/><\/a><\/figure>\n<\/div>\n\n\n\n<div class=\"wp-block-column has-border-color has-cyan-bluish-gray-border-color is-layout-flow wp-block-column-is-layout-flow\" style=\"border-width:1px\">\n<p style=\"font-size:5px\"><\/p>\n\n\n\n<figure class=\"wp-block-image aligncenter size-full is-resized is-style-default\" style=\"margin-top:0;margin-bottom:0\"><a href=\"http:\/\/ftuvz.unsl.edu.ar\/index.php\/saebu\/\"><img loading=\"lazy\" decoding=\"async\" width=\"139\" height=\"143\" src=\"http:\/\/ftuvz.unsl.edu.ar\/wp-content\/uploads\/2025\/11\/saebu.jpg\" alt=\"\" class=\"wp-image-3859\" style=\"width:90px;height:auto\"\/><\/a><\/figure>\n\n\n\n<p class=\"has-text-align-center\" style=\"padding-top:0;padding-right:var(--wp--preset--spacing--50);padding-bottom:0;padding-left:var(--wp--preset--spacing--60);font-size:10px\"><strong>SECRETARIA de ASUNTOS ESTUDIANTILES y BIENESTAR UNIVERSITARIO<\/strong><\/p>\n<\/div>\n<\/div>\n\n\n\n<p><\/p>\n","protected":false},"excerpt":{"rendered":"<p>Estudiantes &#8211; Pr\u00e1cticas de Formaci\u00f3n Profesional &#8211; Instructivo para la Tramitaci\u00f3n de Acta Acuerdo Individual de Pr\u00e1ctica SECRETARIA de ASUNTOS [&hellip;]<\/p>\n","protected":false},"author":1,"featured_media":0,"parent":0,"menu_order":0,"comment_status":"closed","ping_status":"closed","template":"","meta":{"site-sidebar-layout":"default","site-content-layout":"","ast-site-content-layout":"default","site-content-style":"default","site-sidebar-style":"default","ast-global-header-display":"","ast-banner-title-visibility":"","ast-main-header-display":"","ast-hfb-above-header-display":"","ast-hfb-below-header-display":"","ast-hfb-mobile-header-display":"","site-post-title":"disabled","ast-breadcrumbs-content":"","ast-featured-img":"","footer-sml-layout":"","theme-transparent-header-meta":"","adv-header-id-meta":"","stick-header-meta":"","header-above-stick-meta":"","header-main-stick-meta":"","header-below-stick-meta":"","astra-migrate-meta-layouts":"default","ast-page-background-enabled":"default","ast-page-background-meta":{"desktop":{"background-color":"var(--ast-global-color-5)","background-image":"","background-repeat":"repeat","background-position":"center center","background-size":"auto","background-attachment":"scroll","background-type":"","background-media":"","overlay-type":"","overlay-color":"","overlay-opacity":"","overlay-gradient":""},"tablet":{"background-color":"","background-image":"","background-repeat":"repeat","background-position":"center center","background-size":"auto","background-attachment":"scroll","background-type":"","background-media":"","overlay-type":"","overlay-color":"","overlay-opacity":"","overlay-gradient":""},"mobile":{"background-color":"","background-image":"","background-repeat":"repeat","background-position":"center center","background-size":"auto","background-attachment":"scroll","background-type":"","background-media":"","overlay-type":"","overlay-color":"","overlay-opacity":"","overlay-gradient":""}},"ast-content-background-meta":{"desktop":{"background-color":"var(--ast-global-color-4)","background-image":"","background-repeat":"repeat","background-position":"center center","background-size":"auto","background-attachment":"scroll","background-type":"","background-media":"","overlay-type":"","overlay-color":"","overlay-opacity":"","overlay-gradient":""},"tablet":{"background-color":"var(--ast-global-color-4)","background-image":"","background-repeat":"repeat","background-position":"center center","background-size":"auto","background-attachment":"scroll","background-type":"","background-media":"","overlay-type":"","overlay-color":"","overlay-opacity":"","overlay-gradient":""},"mobile":{"background-color":"var(--ast-global-color-4)","background-image":"","background-repeat":"repeat","background-position":"center center","background-size":"auto","background-attachment":"scroll","background-type":"","background-media":"","overlay-type":"","overlay-color":"","overlay-opacity":"","overlay-gradient":""}},"footnotes":"","_links_to":"","_links_to_target":""},"class_list":["post-53","page","type-page","status-publish","hentry"],"rttpg_featured_image_url":null,"rttpg_author":{"display_name":"ftu","author_link":"http:\/\/ftuvz.unsl.edu.ar\/index.php\/author\/ftu\/"},"rttpg_comment":0,"rttpg_category":null,"rttpg_excerpt":"Estudiantes &#8211; Pr\u00e1cticas de Formaci\u00f3n Profesional &#8211; Instructivo para la Tramitaci\u00f3n de Acta Acuerdo Individual de Pr\u00e1ctica SECRETARIA de ASUNTOS [&hellip;]","_links":{"self":[{"href":"http:\/\/ftuvz.unsl.edu.ar\/index.php\/wp-json\/wp\/v2\/pages\/53","targetHints":{"allow":["GET"]}}],"collection":[{"href":"http:\/\/ftuvz.unsl.edu.ar\/index.php\/wp-json\/wp\/v2\/pages"}],"about":[{"href":"http:\/\/ftuvz.unsl.edu.ar\/index.php\/wp-json\/wp\/v2\/types\/page"}],"author":[{"embeddable":true,"href":"http:\/\/ftuvz.unsl.edu.ar\/index.php\/wp-json\/wp\/v2\/users\/1"}],"replies":[{"embeddable":true,"href":"http:\/\/ftuvz.unsl.edu.ar\/index.php\/wp-json\/wp\/v2\/comments?post=53"}],"version-history":[{"count":45,"href":"http:\/\/ftuvz.unsl.edu.ar\/index.php\/wp-json\/wp\/v2\/pages\/53\/revisions"}],"predecessor-version":[{"id":5362,"href":"http:\/\/ftuvz.unsl.edu.ar\/index.php\/wp-json\/wp\/v2\/pages\/53\/revisions\/5362"}],"wp:attachment":[{"href":"http:\/\/ftuvz.unsl.edu.ar\/index.php\/wp-json\/wp\/v2\/media?parent=53"}],"curies":[{"name":"wp","href":"https:\/\/api.w.org\/{rel}","templated":true}]}}