{"id":51,"date":"2025-08-06T09:18:32","date_gmt":"2025-08-06T12:18:32","guid":{"rendered":"http:\/\/ftuvz.unsl.edu.ar\/?page_id=51"},"modified":"2026-02-23T11:08:46","modified_gmt":"2026-02-23T14:08:46","slug":"ingreso","status":"publish","type":"page","link":"http:\/\/ftuvz.unsl.edu.ar\/index.php\/ingreso\/","title":{"rendered":"Ingreso"},"content":{"rendered":"\n<p class=\"has-text-align-center has-ast-global-color-5-color has-text-color has-background has-link-color wp-elements-0b787b3293583c5fed56d8b04d7b4612\" style=\"background-color:#996a16;font-size:30px\"><strong>Informaci\u00f3n para aspirantes a ingresar a la FTU<\/strong><\/p>\n\n\n\n<div class=\"wp-block-columns is-layout-flex wp-container-core-columns-is-layout-f8fe9439 wp-block-columns-is-layout-flex\" style=\"padding-top:var(--wp--preset--spacing--20);padding-right:var(--wp--preset--spacing--80);padding-bottom:var(--wp--preset--spacing--20);padding-left:var(--wp--preset--spacing--80)\">\n<div class=\"wp-block-column is-layout-flow wp-block-column-is-layout-flow\" style=\"flex-basis:90%\">\n<p><strong>IMPORTANTE<\/strong>&nbsp;&#8211; O.C.S. 39\/22 &#8211; Establece Requisitos y Condiciones de Ingreso a las carreras de la UNSL<\/p>\n<\/div>\n\n\n\n<div class=\"wp-block-column is-layout-flow wp-block-column-is-layout-flow\" style=\"flex-basis:20%\">\n<figure class=\"wp-block-image size-full\"><a href=\"http:\/\/digesto.unsl.edu.ar\/docs\/202209\/20220906090733_3441.pdf\"><img loading=\"lazy\" decoding=\"async\" width=\"25\" height=\"25\" src=\"http:\/\/ftuvz.unsl.edu.ar\/wp-content\/uploads\/2025\/09\/pdf.gif\" alt=\"\" class=\"wp-image-486\"\/><\/a><\/figure>\n<\/div>\n<\/div>\n\n\n\n<p class=\"has-text-align-left\" style=\"border-width:2px\">Preinscripci\u00f3n online para el ciclo lectivo 2026 \u00a0\u00a0 &#8211; \u00a0\u00a0\u00a0<a href=\"https:\/\/preins3vz.unsl.edu.ar\/ftu\/\">Preinscribite ac\u00e1<\/a>\u00a0\u00a0\u00a0\u00a0<em>(Ten\u00e9s tiempo hasta el 30 de marzo)<\/em><\/p>\n\n\n\n<div class=\"wp-block-columns is-layout-flex wp-container-core-columns-is-layout-983c8176 wp-block-columns-is-layout-flex\" style=\"padding-top:var(--wp--preset--spacing--20);padding-right:0;padding-bottom:var(--wp--preset--spacing--20);padding-left:0\">\n<div class=\"wp-block-column is-layout-flow wp-block-column-is-layout-flow\">\n<figure class=\"wp-block-image aligncenter size-full\"><a href=\"http:\/\/ftuvz.unsl.edu.ar\/index.php\/carreras\/\"><img loading=\"lazy\" decoding=\"async\" width=\"150\" height=\"150\" src=\"http:\/\/ftuvz.unsl.edu.ar\/wp-content\/uploads\/2025\/10\/Paso1-150.png\" alt=\"\" class=\"wp-image-1656\"\/><\/a><\/figure>\n<\/div>\n\n\n\n<div class=\"wp-block-column is-layout-flow wp-block-column-is-layout-flow\">\n<figure class=\"wp-block-image aligncenter size-full\"><a href=\"https:\/\/preins3vz.unsl.edu.ar\/ftu\/\"><img loading=\"lazy\" decoding=\"async\" width=\"150\" height=\"150\" src=\"http:\/\/ftuvz.unsl.edu.ar\/wp-content\/uploads\/2025\/10\/Paso2-150.png\" alt=\"\" class=\"wp-image-1657\"\/><\/a><\/figure>\n<\/div>\n\n\n\n<div class=\"wp-block-column is-layout-flow wp-block-column-is-layout-flow\">\n<figure class=\"wp-block-image aligncenter size-full\"><a href=\"http:\/\/ftuvz.unsl.edu.ar\/index.php\/documentacion-necesaria\/\"><img loading=\"lazy\" decoding=\"async\" width=\"150\" height=\"150\" src=\"http:\/\/ftuvz.unsl.edu.ar\/wp-content\/uploads\/2025\/10\/Paso3-150.png\" alt=\"\" class=\"wp-image-1658\"\/><\/a><\/figure>\n<\/div>\n\n\n\n<div class=\"wp-block-column is-layout-flow wp-block-column-is-layout-flow\">\n<figure class=\"wp-block-image aligncenter size-full\"><a href=\"http:\/\/ftuvz.unsl.edu.ar\/index.php\/informacion-para-aspirantes-a-ingresar-a-la-ftu-mayores-de-25-anos-sin-secundario-completo\/\"><img loading=\"lazy\" decoding=\"async\" width=\"150\" height=\"150\" src=\"http:\/\/ftuvz.unsl.edu.ar\/wp-content\/uploads\/2025\/10\/May-25-150.png\" alt=\"\" class=\"wp-image-1659\"\/><\/a><\/figure>\n<\/div>\n<\/div>\n\n\n\n<p>Si quer\u00e9s inscribirte en alguna de nuestras carreras segu\u00ed estos&nbsp;<strong>pasos<\/strong>:<br><\/p>\n\n\n\n<h5 class=\"wp-block-heading\"><strong>1-<\/strong>&nbsp;Eleg\u00ed tu&nbsp;<strong>Carrera<\/strong><\/h5>\n\n\n\n<h5 class=\"wp-block-heading\"><strong>2-<\/strong>&nbsp;Realiz\u00e1 la&nbsp;<strong>Pre-inscripci\u00f3n Online<\/strong><\/h5>\n\n\n\n<p><strong>\u00bfC\u00f3mo me inscribo?<\/strong><br><strong>&#8212; Ingreso por primera vez a la UNSL &#8212;<\/strong><br>&nbsp;&nbsp;&nbsp; a- Tienes que crear un usuario (con tus datos personales, una cuenta de correo -@gmail.com- a la que tengas acceso, y una contrase\u00f1a sencilla). Al finalizar, te llegar\u00e1 un email de confirmaci\u00f3n al correo electr\u00f3nico.<br>&nbsp;&nbsp;&nbsp; b- Completas el formulario de preinscripci\u00f3n (que tiene caracter de Declaraci\u00f3n Jurada) con todos los datos solicitados y subir, de manera digital, los documentos que te indica el sistema (DNI -frente y dorso en un solo archivo- en formato PDF o de imagen; certificado de finalizaci\u00f3n de estudios o el anal\u00edtico si ya lo tienes, foto 4\u00d74 y el certificado de salud). Este paso podr\u00e1 ser realizado en diferentes etapas.<br><strong>Al finalizar, descargas la Declaraci\u00f3n Jurada. La entregar\u00e1s al momento de presentar la documentaci\u00f3n.<\/strong><br><strong>Importante:<\/strong><br>&nbsp;&nbsp;&nbsp; &#8211; El&nbsp;<strong>correo electr\u00f3nico<\/strong>&nbsp;(con extensi\u00f3n @gmail.com) que detalles en el&nbsp;<strong>formulario de preinscripci\u00f3n<\/strong>&nbsp;se utilizar\u00e1 para enviarte toda la informaci\u00f3n necesaria durante el periodo del Ingreso.<br>&nbsp;&nbsp;&nbsp; &#8211; La preinscripci\u00f3n online se finaliza correctamente s\u00f3lo si has&nbsp;<strong>completado<\/strong>&nbsp;todos los&nbsp;<strong>campos obligatorios del formulario<\/strong>&nbsp;y ejecutado el bot\u00f3n&nbsp;<strong>Imprimir<\/strong>&nbsp;(esta acci\u00f3n te permite conservar la ficha completa).<br>&nbsp;&nbsp;&nbsp; &#8211; Guard\u00e1 el formulario impreso y firmado de pu\u00f1o y letra. Lo vas a presentar en el siguiente paso.<br>&nbsp;&nbsp;&nbsp; &#8211; Si ten\u00e9s dificultades en este paso comunicate con nosotros al correo&nbsp;<a href=\"mailto:ftu.alumnos@gmail.com\">ftu.alumnos@gmail.com<\/a><\/p>\n\n\n\n<p><strong>&#8212; Si ya soy Estudiante de la UNSL &#8212;<\/strong><br>&nbsp;&nbsp;&nbsp; &#8211; Tienes que preinscribirte a trav\u00e9s de&nbsp;<a href=\"https:\/\/g3.unsl.edu.ar\/g3\/\" target=\"_blank\" rel=\"noreferrer noopener\">SIU Guaran\u00ed<\/a>&nbsp;ingresando con tu usuario y contrase\u00f1a.<br>&nbsp;&nbsp;&nbsp; &#8211; Luego seleccionar la opci\u00f3n&nbsp;<em>&#8220;Preinscripci\u00f3n a Propuestas&#8221;<\/em><br>&nbsp;&nbsp;&nbsp; &#8211; Selecciona la propuesta y sube los requisitos solicitados.<br>&nbsp;&nbsp;&nbsp; &#8211; Luego con la ficha de preinscripci\u00f3n impresa (que tiene caracter de Declaraci\u00f3n Jurada) te presentas a la inscripci\u00f3n.<\/p>\n\n\n\n<h5 class=\"wp-block-heading\"><strong>3-<\/strong>&nbsp;Present\u00e1 la Documentaci\u00f3n para la&nbsp;<strong>Inscripci\u00f3n definitiva<\/strong><\/h5>\n\n\n\n<p><a href=\"http:\/\/ftuvz.unsl.edu.ar\/index.php\/documentacion-necesaria\/\" data-type=\"page\" data-id=\"1675\">Hac\u00e9 click aqu\u00ed<\/a>&nbsp;para conocer los documentos obligatorios a presentar.<br>&nbsp;&nbsp;&nbsp; La documentaci\u00f3n se recepcionar\u00e1,&nbsp;<strong>exclusivamente de manera presencial, hasta el 31 de marzo 2026<\/strong>, de lunes a viernes de 9hs. a 13hs. en la Oficina Acad\u00e9mica, Campus Universitario de la FTU, Av. del Libertador San Mart\u00edn S\/N &#8211; Barranca Colorada (frente al ingreso al Parque Recreativo).<\/p>\n\n\n\n<h5 class=\"wp-block-heading\"><strong>4-<\/strong>&nbsp;Curs\u00e1 el&nbsp;<strong>Ingreso<\/strong><\/h5>\n\n\n\n<p>Realiz\u00e1 los dos cursos obligatorios. Para hacerlos es necesario haber completado la pre-inscripci\u00f3n online.<\/p>\n\n\n\n<p>a.- <strong>Curso Introductorio a la Vida Universitaria (Modalidad: a Distancia)<\/strong><br>Se podr\u00e1 cursar en dos instancias diferentes con actividades sincr\u00f3nicas y asincr\u00f3nicas.<br><strong>Primera Instancia<\/strong>: <strong>del 20 de noviembre al 11 de diciembre de 2025 de 19 a 21hs.<\/strong> (35 hs).<br>Cronograma de actividades sincr\u00f3nicas por ZOOM.<br>20\/11 \u2013 Bienvenida<br>28\/11 &#8211; M\u00f3dulo I: Estructura de una universidad<br>04\/12 &#8211; M\u00f3dulo II: Introducci\u00f3n a la vida universitaria<br>11\/12 &#8211; M\u00f3dulo III: Estudiar y aprender en la universidad<br><strong>Segunda Instancia<\/strong>: <strong>del 6 al 27 de febrero de 2026 de 17 a 19hs.<\/strong> (35 hs.)<br>Cronograma de actividades sincr\u00f3nicas por ZOOM.<br>06\/02 &#8211; Bienvenida<br>13\/02 &#8211; M\u00f3dulo I: Estructura de una universidad<br>20\/02 &#8211; M\u00f3dulo II: Introducci\u00f3n a la vida universitaria<br>27\/02 &#8211; M\u00f3dulo III: Estudiar y aprender en la universidad<\/p>\n\n\n\n<p><strong>b.- Curso Introductorio a tu Carrera (Modalidad: Presencial)<\/strong><br>El Curso Introductorio a la Carrera se dicta en una \u00fanica instancia presencial, durante la primera semana de marzo, desde el lunes 2 al viernes 6 de marzo de 16 a 19hs. en el Campus de la FTU. Este espacio tiene como finalidad brindarte un primer acercamiento formal a los fundamentos acad\u00e9micos y profesionales de la carrera elegida. Contenidos m\u00ednimos: Introducci\u00f3n a la carrera, Plan de estudios, Alcances del t\u00edtulo, Perfil profesional, Campo laboral del egresado.<\/p>\n\n\n\n<p><strong>Recuerda:<\/strong>&nbsp;el \u00fanico medio de contacto ser\u00e1 el correo electr\u00f3nico que ingresaste al realizar la pre-inscripci\u00f3n online, all\u00ed te enviaremos toda la informaci\u00f3n relevante.<\/p>\n\n\n\n<p>Consultas:<br>&#8211; Programa de Ingreso y Permanencia (PIPE)<br>&nbsp;&nbsp;&nbsp; Email:&nbsp;<a href=\"mailto:ftu.ingreso@gmail.com\">ftu.ingreso@gmail.com<\/a><br>&nbsp;&nbsp;&nbsp; Tel: 266-5253165 (WhatsApp)<br>&#8211; Oficina Acad\u00e9mica<br>&nbsp;&nbsp;&nbsp; Email:&nbsp;<a href=\"mailto:ftu.alumnos@gmail.com\">ftu.alumnos@gmail.com<\/a><br>&nbsp;&nbsp;&nbsp; Tel fijo: 02656-479216<\/p>\n\n\n\n<h5 class=\"wp-block-heading\"><strong>Te esperamos en la Facultad de Turismo y Urbanismo. \u00a1Sumate a nuestras Carreras!<\/strong><\/h5>\n\n\n\n<figure class=\"wp-block-image size-full\"><img loading=\"lazy\" decoding=\"async\" width=\"300\" height=\"63\" src=\"http:\/\/ftuvz.unsl.edu.ar\/wp-content\/uploads\/2025\/10\/ETI-Protocolo-violencia-300x63-1.jpg\" alt=\"\" class=\"wp-image-1663\"\/><\/figure>\n\n\n\n<div class=\"wp-block-columns is-layout-flex wp-container-core-columns-is-layout-0d2466c3 wp-block-columns-is-layout-flex\" style=\"padding-top:var(--wp--preset--spacing--20);padding-right:var(--wp--preset--spacing--20);padding-bottom:var(--wp--preset--spacing--20);padding-left:var(--wp--preset--spacing--20)\">\n<div class=\"wp-block-column is-layout-flow wp-block-column-is-layout-flow\" style=\"flex-basis:85%\">\n<p>Importante!&nbsp;Al ser parte de la UNSL cont\u00e1s con un protocolo que te acompa\u00f1a en caso de violencias y\/o discriminaci\u00f3n de g\u00e9nero.<\/p>\n<\/div>\n\n\n\n<div class=\"wp-block-column is-layout-flow wp-block-column-is-layout-flow\" style=\"flex-basis:5%\">\n<figure class=\"wp-block-image size-full\"><a href=\"\/wp-content\/uploads\/Normativa\/ETI-Protocolo-amigable-UNSL.pdf\"><img loading=\"lazy\" decoding=\"async\" width=\"25\" height=\"25\" src=\"http:\/\/ftuvz.unsl.edu.ar\/wp-content\/uploads\/2025\/09\/pdf.gif\" alt=\"\" class=\"wp-image-486\"\/><\/a><\/figure>\n<\/div>\n<\/div>\n\n\n\n<div class=\"wp-block-columns is-layout-flex wp-container-core-columns-is-layout-0d2466c3 wp-block-columns-is-layout-flex\" style=\"padding-top:var(--wp--preset--spacing--20);padding-right:var(--wp--preset--spacing--20);padding-bottom:var(--wp--preset--spacing--20);padding-left:var(--wp--preset--spacing--20)\">\n<div class=\"wp-block-column is-layout-flow wp-block-column-is-layout-flow\" style=\"flex-basis:20%\">\n<p>Video presentaci\u00f3n:<\/p>\n<\/div>\n\n\n\n<div class=\"wp-block-column is-layout-flow wp-block-column-is-layout-flow\" style=\"flex-basis:5%\">\n<figure class=\"wp-block-image size-full\"><a href=\"\/wp-content\/uploads\/videos\/ETI-video-presentacion.mp4\" target=\"_blank\" rel=\" noreferrer noopener\"><img loading=\"lazy\" decoding=\"async\" width=\"25\" height=\"25\" src=\"http:\/\/ftuvz.unsl.edu.ar\/wp-content\/uploads\/2025\/10\/play.png\" alt=\"\" class=\"wp-image-1666\"\/><\/a><\/figure>\n<\/div>\n<\/div>\n\n\n\n<p><\/p>\n\n\n\n<div class=\"wp-block-columns has-border-color is-layout-flex wp-container-core-columns-is-layout-983c8176 wp-block-columns-is-layout-flex\" style=\"border-color:#996a16;border-width:5px;padding-top:var(--wp--preset--spacing--20);padding-right:0;padding-bottom:var(--wp--preset--spacing--20);padding-left:0\">\n<div class=\"wp-block-column is-layout-flow wp-block-column-is-layout-flow\" style=\"flex-basis:33.33%\">\n<figure class=\"wp-block-image aligncenter size-full is-resized\"><img loading=\"lazy\" decoding=\"async\" width=\"100\" height=\"100\" src=\"http:\/\/ftuvz.unsl.edu.ar\/wp-content\/uploads\/2025\/10\/Estudiar-en-Merlo-100.png\" alt=\"\" class=\"wp-image-1669\" style=\"object-fit:cover;width:150px;height:150px\"\/><\/figure>\n<\/div>\n\n\n\n<div class=\"wp-block-column is-layout-flow wp-block-column-is-layout-flow\" style=\"flex-basis:80%\">\n<p>Porque la Villa de Merlo es uno de los diecisiete centros tur\u00edsticos m\u00e1s importantes de la Argentina.<\/p>\n\n\n\n<p>Porque la localidad es un fant\u00e1stico escenario para realizar todo tipo de pr\u00e1cticas, investigaciones y pasant\u00edas en los temas concernientes a las carreras que se dictan.<\/p>\n\n\n\n<p>Porque su din\u00e1mica de constante crecimiento tur\u00edstico, ofrece a diario nuevas oportunidades laborales en el sector.<\/p>\n\n\n\n<p>Porque la riqueza de sus recursos naturales y culturales hacen propicia la interacci\u00f3n entre universidad y comunidad.<\/p>\n\n\n\n<p>Porque su crecimiento demanda la generaci\u00f3n de nuevos emprendimientos tur\u00edsticos creativos e innovadores.<\/p>\n\n\n\n<p>Porque la regi\u00f3n es apta para el desarrollo de cultivos de plantas arom\u00e1ticas tanto nativas como ex\u00f3ticas.<\/p>\n\n\n\n<p>Porque la naturaleza ha dotado a la regi\u00f3n de suelo y paisaje propicio para el dise\u00f1o de parques y jardines.<\/p>\n<\/div>\n<\/div>\n\n\n\n<p><\/p>\n\n\n\n<div class=\"wp-block-columns has-border-color is-layout-flex wp-container-core-columns-is-layout-983c8176 wp-block-columns-is-layout-flex\" style=\"border-color:#996a16;border-width:5px;padding-top:var(--wp--preset--spacing--20);padding-right:0;padding-bottom:var(--wp--preset--spacing--20);padding-left:0\">\n<div class=\"wp-block-column is-layout-flow wp-block-column-is-layout-flow\" style=\"flex-basis:33.33%\">\n<figure class=\"wp-block-image aligncenter size-full is-resized\"><img loading=\"lazy\" decoding=\"async\" width=\"100\" height=\"100\" src=\"http:\/\/ftuvz.unsl.edu.ar\/wp-content\/uploads\/2025\/10\/Estudiar-en-la-FTU-100.png\" alt=\"\" class=\"wp-image-1671\" style=\"object-fit:cover;width:150px;height:150px\"\/><\/figure>\n<\/div>\n\n\n\n<div class=\"wp-block-column is-layout-flow wp-block-column-is-layout-flow\" style=\"flex-basis:80%\">\n<p>Porque es una Facultad que surgi\u00f3 como un Centro Universitario en respuesta a las necesidades locales y regionales de contar con los recursos humanos t\u00e9cnico profesionales calificados.<\/p>\n\n\n\n<p>Porque por su estructura, la relaci\u00f3n docente-estudiante en el proceso de ense\u00f1anza-aprendizaje, es altamente personalizada.<\/p>\n\n\n\n<p>Porque el dise\u00f1o y el ordenamiento de su curr\u00edcula, les permite a los estudiantes articular la teor\u00eda y la pr\u00e1ctica durante toda la cursada de las carreras.<\/p>\n\n\n\n<p>Porque la implementaci\u00f3n de trabajos de campo y de viajes de estudio, complementan el dictado te\u00f3rico de las materias.<\/p>\n\n\n\n<p>Porque la incorporaci\u00f3n de dos idiomas extranjeros, le agrega valor a la formaci\u00f3n integral del alumno.<\/p>\n\n\n\n<p>Porque la orientaci\u00f3n de las carreras &#8220;hacia la gesti\u00f3n&#8221; forman a los estudiantes competitivamente para afrontar los retos empresariales.<\/p>\n\n\n\n<p>Porque sus docentes mantienen una permanente dedicaci\u00f3n, actualizaci\u00f3n y participaci\u00f3n en tareas de investigaci\u00f3n.<\/p>\n\n\n\n<p>Porque permite la organizaci\u00f3n y participaci\u00f3n de eventos nacionales.<\/p>\n\n\n\n<p>Porque permite la participaci\u00f3n en las ferias y exposiciones m\u00e1s importantes del pa\u00eds.<\/p>\n\n\n\n<p>Porque existe una estrecha vinculaci\u00f3n e interacci\u00f3n con otras Instituciones educativas.<\/p>\n\n\n\n<p>Porque la Facultad de Turismo y Urbanismo pertenece a una&nbsp;<strong>Universidad P\u00fablica, Gratuita y de Calidad<\/strong>.<\/p>\n<\/div>\n<\/div>\n\n\n\n<p><\/p>\n\n\n\n<p><\/p>\n\n\n\n<p><\/p>\n","protected":false},"excerpt":{"rendered":"<p>Informaci\u00f3n para aspirantes a ingresar a la FTU IMPORTANTE&nbsp;&#8211; O.C.S. 39\/22 &#8211; Establece Requisitos y Condiciones de Ingreso a las [&hellip;]<\/p>\n","protected":false},"author":1,"featured_media":0,"parent":0,"menu_order":0,"comment_status":"closed","ping_status":"closed","template":"","meta":{"site-sidebar-layout":"default","site-content-layout":"","ast-site-content-layout":"default","site-content-style":"default","site-sidebar-style":"default","ast-global-header-display":"","ast-banner-title-visibility":"","ast-main-header-display":"","ast-hfb-above-header-display":"","ast-hfb-below-header-display":"","ast-hfb-mobile-header-display":"","site-post-title":"disabled","ast-breadcrumbs-content":"","ast-featured-img":"","footer-sml-layout":"","theme-transparent-header-meta":"","adv-header-id-meta":"","stick-header-meta":"","header-above-stick-meta":"","header-main-stick-meta":"","header-below-stick-meta":"","astra-migrate-meta-layouts":"default","ast-page-background-enabled":"default","ast-page-background-meta":{"desktop":{"background-color":"var(--ast-global-color-5)","background-image":"","background-repeat":"repeat","background-position":"center center","background-size":"auto","background-attachment":"scroll","background-type":"","background-media":"","overlay-type":"","overlay-color":"","overlay-opacity":"","overlay-gradient":""},"tablet":{"background-color":"","background-image":"","background-repeat":"repeat","background-position":"center center","background-size":"auto","background-attachment":"scroll","background-type":"","background-media":"","overlay-type":"","overlay-color":"","overlay-opacity":"","overlay-gradient":""},"mobile":{"background-color":"","background-image":"","background-repeat":"repeat","background-position":"center center","background-size":"auto","background-attachment":"scroll","background-type":"","background-media":"","overlay-type":"","overlay-color":"","overlay-opacity":"","overlay-gradient":""}},"ast-content-background-meta":{"desktop":{"background-color":"var(--ast-global-color-4)","background-image":"","background-repeat":"repeat","background-position":"center center","background-size":"auto","background-attachment":"scroll","background-type":"","background-media":"","overlay-type":"","overlay-color":"","overlay-opacity":"","overlay-gradient":""},"tablet":{"background-color":"var(--ast-global-color-4)","background-image":"","background-repeat":"repeat","background-position":"center center","background-size":"auto","background-attachment":"scroll","background-type":"","background-media":"","overlay-type":"","overlay-color":"","overlay-opacity":"","overlay-gradient":""},"mobile":{"background-color":"var(--ast-global-color-4)","background-image":"","background-repeat":"repeat","background-position":"center center","background-size":"auto","background-attachment":"scroll","background-type":"","background-media":"","overlay-type":"","overlay-color":"","overlay-opacity":"","overlay-gradient":""}},"footnotes":"","_links_to":"","_links_to_target":""},"class_list":["post-51","page","type-page","status-publish","hentry"],"rttpg_featured_image_url":null,"rttpg_author":{"display_name":"ftu","author_link":"http:\/\/ftuvz.unsl.edu.ar\/index.php\/author\/ftu\/"},"rttpg_comment":0,"rttpg_category":null,"rttpg_excerpt":"Informaci\u00f3n para aspirantes a ingresar a la FTU IMPORTANTE&nbsp;&#8211; O.C.S. 39\/22 &#8211; Establece Requisitos y Condiciones de Ingreso a las [&hellip;]","_links":{"self":[{"href":"http:\/\/ftuvz.unsl.edu.ar\/index.php\/wp-json\/wp\/v2\/pages\/51","targetHints":{"allow":["GET"]}}],"collection":[{"href":"http:\/\/ftuvz.unsl.edu.ar\/index.php\/wp-json\/wp\/v2\/pages"}],"about":[{"href":"http:\/\/ftuvz.unsl.edu.ar\/index.php\/wp-json\/wp\/v2\/types\/page"}],"author":[{"embeddable":true,"href":"http:\/\/ftuvz.unsl.edu.ar\/index.php\/wp-json\/wp\/v2\/users\/1"}],"replies":[{"embeddable":true,"href":"http:\/\/ftuvz.unsl.edu.ar\/index.php\/wp-json\/wp\/v2\/comments?post=51"}],"version-history":[{"count":33,"href":"http:\/\/ftuvz.unsl.edu.ar\/index.php\/wp-json\/wp\/v2\/pages\/51\/revisions"}],"predecessor-version":[{"id":5063,"href":"http:\/\/ftuvz.unsl.edu.ar\/index.php\/wp-json\/wp\/v2\/pages\/51\/revisions\/5063"}],"wp:attachment":[{"href":"http:\/\/ftuvz.unsl.edu.ar\/index.php\/wp-json\/wp\/v2\/media?parent=51"}],"curies":[{"name":"wp","href":"https:\/\/api.w.org\/{rel}","templated":true}]}}