{"id":493,"date":"2025-09-18T10:13:10","date_gmt":"2025-09-18T13:13:10","guid":{"rendered":"http:\/\/ftuvz.unsl.edu.ar\/?page_id=493"},"modified":"2025-09-18T10:13:10","modified_gmt":"2025-09-18T13:13:10","slug":"estacion-meteorologica-de-la-ftu","status":"publish","type":"page","link":"http:\/\/ftuvz.unsl.edu.ar\/index.php\/estacion-meteorologica-de-la-ftu\/","title":{"rendered":"Estaci\u00f3n Meteorol\u00f3gica de la FTU"},"content":{"rendered":"\n<figure class=\"wp-block-image aligncenter size-full\"><img loading=\"lazy\" decoding=\"async\" width=\"235\" height=\"235\" src=\"http:\/\/ftuvz.unsl.edu.ar\/wp-content\/uploads\/2025\/09\/0779-Estacion-meteorologica-s.jpg\" alt=\"\" class=\"wp-image-494\" srcset=\"http:\/\/ftuvz.unsl.edu.ar\/wp-content\/uploads\/2025\/09\/0779-Estacion-meteorologica-s.jpg 235w, http:\/\/ftuvz.unsl.edu.ar\/wp-content\/uploads\/2025\/09\/0779-Estacion-meteorologica-s-150x150.jpg 150w\" sizes=\"auto, (max-width: 235px) 100vw, 235px\" \/><\/figure>\n\n\n\n<p>El 14 de diciembre de 2017 la Facultad de Turismo y Urbanismo (FTU) puso en marcha en el Campus Universitario de Barranca Colorada, la estaci\u00f3n meteorol\u00f3gica Daivis Vantage Pro 2, que funciona bajo la supervisi\u00f3n del Laboratorio de Energ\u00edas Alternativas (LAE) de la Facultad de Ingenier\u00eda y Ciencias Agropecuarias (FICA) dependiente de la Universidad Nacional de San Luis (UNSL).<\/p>\n\n\n\n<p>La estaci\u00f3n proveer\u00e1 a toda la comunidad de Merlo de datos meteorol\u00f3gicos como Humedad Ambiente, Temperatura Ambiente, Temperatura Punto de Roc\u00edo, Radiaci\u00f3n Solar, Direcci\u00f3n y Velocidad de Viento, Precipitaciones y Presi\u00f3n Atmosf\u00e9rica.<\/p>\n\n\n\n<p>Al respecto la Secretaria de Investigaci\u00f3n y Posgrado de la FTU, Dra. Daniela Girolimetto, coment\u00f3&nbsp;<em>&#8220;&#8230; La instalaci\u00f3n de esta Central en nuestra Facultad, es un paso m\u00e1s que esta Casa de Altos Estudios da en pos de la comunidad en su conjunto, en miras a contribuir con informaci\u00f3n de calidad que pueda ser utilizada por los diferentes organismos e instituciones de la Villa de Merlo &#8230;&#8221;<\/em><\/p>\n\n\n\n<p>La central trabaja de forma aut\u00f3noma con energ\u00edas renovables y realiza la adquisici\u00f3n de datos en forma continua en intervalos de 20 minutos, con publicaci\u00f3n on-line en tiempo real. Estos datos son publicados autom\u00e1ticamente en internet, para la utilizaci\u00f3n no solo de todos los equipos de investigaci\u00f3n, sino tambi\u00e9n como transferencia de datos hacia el p\u00fablico en general a trav\u00e9s de la p\u00e1gina web de la FTU.<\/p>\n\n\n\n<p><a href=\"https:\/\/ler.fica.unsl.edu.ar\/index.php\/cm-ftu-merlo\/\" target=\"_blank\" rel=\"noreferrer noopener\">M\u00e1s datos meteorol\u00f3gicos<\/a><\/p>\n","protected":false},"excerpt":{"rendered":"<p>El 14 de diciembre de 2017 la Facultad de Turismo y Urbanismo (FTU) puso en marcha en el Campus Universitario [&hellip;]<\/p>\n","protected":false},"author":1,"featured_media":0,"parent":0,"menu_order":0,"comment_status":"closed","ping_status":"closed","template":"","meta":{"site-sidebar-layout":"default","site-content-layout":"","ast-site-content-layout":"default","site-content-style":"default","site-sidebar-style":"default","ast-global-header-display":"","ast-banner-title-visibility":"","ast-main-header-display":"","ast-hfb-above-header-display":"","ast-hfb-below-header-display":"","ast-hfb-mobile-header-display":"","site-post-title":"","ast-breadcrumbs-content":"","ast-featured-img":"","footer-sml-layout":"","theme-transparent-header-meta":"","adv-header-id-meta":"","stick-header-meta":"","header-above-stick-meta":"","header-main-stick-meta":"","header-below-stick-meta":"","astra-migrate-meta-layouts":"default","ast-page-background-enabled":"default","ast-page-background-meta":{"desktop":{"background-color":"var(--ast-global-color-5)","background-image":"","background-repeat":"repeat","background-position":"center center","background-size":"auto","background-attachment":"scroll","background-type":"","background-media":"","overlay-type":"","overlay-color":"","overlay-opacity":"","overlay-gradient":""},"tablet":{"background-color":"","background-image":"","background-repeat":"repeat","background-position":"center center","background-size":"auto","background-attachment":"scroll","background-type":"","background-media":"","overlay-type":"","overlay-color":"","overlay-opacity":"","overlay-gradient":""},"mobile":{"background-color":"","background-image":"","background-repeat":"repeat","background-position":"center center","background-size":"auto","background-attachment":"scroll","background-type":"","background-media":"","overlay-type":"","overlay-color":"","overlay-opacity":"","overlay-gradient":""}},"ast-content-background-meta":{"desktop":{"background-color":"var(--ast-global-color-4)","background-image":"","background-repeat":"repeat","background-position":"center center","background-size":"auto","background-attachment":"scroll","background-type":"","background-media":"","overlay-type":"","overlay-color":"","overlay-opacity":"","overlay-gradient":""},"tablet":{"background-color":"var(--ast-global-color-4)","background-image":"","background-repeat":"repeat","background-position":"center center","background-size":"auto","background-attachment":"scroll","background-type":"","background-media":"","overlay-type":"","overlay-color":"","overlay-opacity":"","overlay-gradient":""},"mobile":{"background-color":"var(--ast-global-color-4)","background-image":"","background-repeat":"repeat","background-position":"center center","background-size":"auto","background-attachment":"scroll","background-type":"","background-media":"","overlay-type":"","overlay-color":"","overlay-opacity":"","overlay-gradient":""}},"footnotes":"","_links_to":"","_links_to_target":""},"class_list":["post-493","page","type-page","status-publish","hentry"],"rttpg_featured_image_url":null,"rttpg_author":{"display_name":"ftu","author_link":"http:\/\/ftuvz.unsl.edu.ar\/index.php\/author\/ftu\/"},"rttpg_comment":0,"rttpg_category":null,"rttpg_excerpt":"El 14 de diciembre de 2017 la Facultad de Turismo y Urbanismo (FTU) puso en marcha en el Campus Universitario [&hellip;]","_links":{"self":[{"href":"http:\/\/ftuvz.unsl.edu.ar\/index.php\/wp-json\/wp\/v2\/pages\/493","targetHints":{"allow":["GET"]}}],"collection":[{"href":"http:\/\/ftuvz.unsl.edu.ar\/index.php\/wp-json\/wp\/v2\/pages"}],"about":[{"href":"http:\/\/ftuvz.unsl.edu.ar\/index.php\/wp-json\/wp\/v2\/types\/page"}],"author":[{"embeddable":true,"href":"http:\/\/ftuvz.unsl.edu.ar\/index.php\/wp-json\/wp\/v2\/users\/1"}],"replies":[{"embeddable":true,"href":"http:\/\/ftuvz.unsl.edu.ar\/index.php\/wp-json\/wp\/v2\/comments?post=493"}],"version-history":[{"count":1,"href":"http:\/\/ftuvz.unsl.edu.ar\/index.php\/wp-json\/wp\/v2\/pages\/493\/revisions"}],"predecessor-version":[{"id":495,"href":"http:\/\/ftuvz.unsl.edu.ar\/index.php\/wp-json\/wp\/v2\/pages\/493\/revisions\/495"}],"wp:attachment":[{"href":"http:\/\/ftuvz.unsl.edu.ar\/index.php\/wp-json\/wp\/v2\/media?parent=493"}],"curies":[{"name":"wp","href":"https:\/\/api.w.org\/{rel}","templated":true}]}}