{"id":489,"date":"2025-09-18T10:10:00","date_gmt":"2025-09-18T13:10:00","guid":{"rendered":"http:\/\/ftuvz.unsl.edu.ar\/?page_id=489"},"modified":"2025-09-18T10:10:00","modified_gmt":"2025-09-18T13:10:00","slug":"premiorector-alberto-francisco-puchmuller","status":"publish","type":"page","link":"http:\/\/ftuvz.unsl.edu.ar\/index.php\/premiorector-alberto-francisco-puchmuller\/","title":{"rendered":"Premio&#8221;Rector Alberto Francisco Puchm\u00fcller&#8221;"},"content":{"rendered":"\n<figure class=\"wp-block-image aligncenter size-full\"><img loading=\"lazy\" decoding=\"async\" width=\"595\" height=\"219\" src=\"http:\/\/ftuvz.unsl.edu.ar\/wp-content\/uploads\/2025\/09\/Premio-AFP-2020-s.jpg\" alt=\"\" class=\"wp-image-490\" srcset=\"http:\/\/ftuvz.unsl.edu.ar\/wp-content\/uploads\/2025\/09\/Premio-AFP-2020-s.jpg 595w, http:\/\/ftuvz.unsl.edu.ar\/wp-content\/uploads\/2025\/09\/Premio-AFP-2020-s-300x110.jpg 300w\" sizes=\"auto, (max-width: 595px) 100vw, 595px\" \/><\/figure>\n\n\n\n<p><strong>La Universidad Nacional de San Luis (UNSL), mediante&nbsp;<a href=\"http:\/\/digesto.unsl.edu.ar\/docs\/202003\/20200306094744_7567.pdf\" target=\"_blank\" rel=\"noreferrer noopener\">Ordenanza Rectoral 14\/2019<\/a>, ha instituido a instancias de la Facultad de Turismo y Urbanismo (FTU) el Premio y Menci\u00f3n Especial&nbsp;<em>&#8220;Rector Alberto Francisco Puchm\u00fcller&#8221;<\/em>.<br>El premio se otorgar\u00e1 el 26 de marzo de cada a\u00f1o, d\u00eda en que se conmemora la creaci\u00f3n del Centro Universitario Villa de Merlo.<\/strong><\/p>\n\n\n\n<p>La distinci\u00f3n ser\u00e1 otorgada en m\u00e9rito a personas e instituciones que evidencien manifiestas y destacadas contribuciones en el devenir cultural y social de la Villa de Merlo y la regi\u00f3n, a instancias de lo resuelto por un jurado integrado por miembros de la comunidad universitaria de la FTU y representantes de distintas instituciones de la Villa de Merlo.<\/p>\n\n\n\n<p>Podr\u00e1n proponer candidatos a recibir el&nbsp;<strong>Premio y Menci\u00f3n Especial&nbsp;<em>&#8220;Rector Alberto Francisco Puchm\u00fcller\u201d<\/em><\/strong>&nbsp;personas o instituciones interesadas en hacerlo, acompa\u00f1ando las justificaciones correspondientes.<\/p>\n\n\n\n<p><strong>Los valores implicados en el reconocimiento<\/strong><\/p>\n\n\n\n<p>Se trata de un reconocimiento universitario cuyo prop\u00f3sito esencial radica en destacar y promocionar aportes culturales y sociales de singular relevancia para el desarrollo integral de los pueblos, teniendo especialmente en cuenta aquellos vinculados con la generaci\u00f3n de trabajos, espacios o actividades en favor de obras de bien p\u00fablico y comunitario, a instancias de realizaciones personales o de diversos \u00e1mbitos (bibliotecas, museos, escuelas, ongs, encuentros, colectivos de artistas y artesanos, promotores culturales, coleccionistas, referentes y patrimonios culturales), a los efectos de reconocer y promover los valores que implican los testimonios, contribuciones y legados socio-culturales de instituciones y personas de la Villa de Merlo y la regi\u00f3n.<\/p>\n\n\n\n<p><strong>El nombre y sentido del premio<\/strong><\/p>\n\n\n\n<p>El premio instituido por la FTU llevar\u00e1 el nombre de quien fuera Rector de la UNSL \u201cAlberto Francisco Puchmuller\u201d. Esto en virtud de los valores ciudadanos que lo distinguieron en su paso por la gesti\u00f3n de gobierno, y porque, entre tantos impulsos institucionales que proyectaron a la UNSL dentro y fuera del pa\u00eds como una universidad de reconocido prestigio, uno de ellos refiere al haber sembrado y sentando las bases para el desarrollo de la educaci\u00f3n superior en la Villa de Merlo.<\/p>\n\n\n\n<p>Como lo consigna la Ordenanza del Consejo Superior de la UNSL: \u201clos valores que animan el sentido de \u00e9ste premio est\u00e1n directamente relacionados con los valores que signaron la impronta de quien fuera Rector de la Universidad Nacional de San Luis, Licenciado Alberto Puchm\u00fcller: compromiso, democracia, desarrollo social y comunitario, respeto y fomento de las manifestaciones culturales e identitarias de los pueblos\u201d.<\/p>\n\n\n\n<p><strong>Las categor\u00edas del reconocimiento<\/strong><\/p>\n\n\n\n<p>En lo referente a las instituciones o personas objeto de postulaci\u00f3n para el otorgamiento de la distinci\u00f3n, se tendr\u00e1 muy especialmente en cuenta:<\/p>\n\n\n\n<p>1) La naturaleza de sus realizaciones y contribuciones;<\/p>\n\n\n\n<p>2) El modo en que se hayan sostenido en el tiempo;<\/p>\n\n\n\n<p>3) Los valores implicados en sus pr\u00e1cticas y realizaciones.<\/p>\n\n\n\n<p>En cada caso, se habr\u00e1 de considerar claramente la especificidad de sus contribuciones:<\/p>\n\n\n\n<p>&#8211;&nbsp;<strong>Educativas<\/strong>: Proyectos de concientizaci\u00f3n; campa\u00f1as y programas; actividades de fomento.<\/p>\n\n\n\n<p>&#8211;&nbsp;<strong>Culturales<\/strong>: Realizaciones y espacios de relevancia; organizaci\u00f3n y sostenimientos de eventos de singular importancia, trayectorias institucionales y personales fecundas.<\/p>\n\n\n\n<p>&#8211;&nbsp;<strong>Patrimoniales<\/strong>: Resguardo y promoci\u00f3n de los recursos y patrimonios culturales; defensa y sostenimiento de las identidades culturales y diversidad cultural de los pueblos.<\/p>\n\n\n\n<p>&#8211;&nbsp;<strong>Comunitarias<\/strong>: Realizaci\u00f3n de pr\u00e1cticas de atenci\u00f3n y fomento a sectores vulnerables, generaci\u00f3n de espacios y pr\u00e1cticas alternativas sobre temas de relevancia comunitaria.<\/p>\n","protected":false},"excerpt":{"rendered":"<p>La Universidad Nacional de San Luis (UNSL), mediante&nbsp;Ordenanza Rectoral 14\/2019, ha instituido a instancias de la Facultad de Turismo y [&hellip;]<\/p>\n","protected":false},"author":1,"featured_media":0,"parent":0,"menu_order":0,"comment_status":"closed","ping_status":"closed","template":"","meta":{"site-sidebar-layout":"default","site-content-layout":"","ast-site-content-layout":"default","site-content-style":"default","site-sidebar-style":"default","ast-global-header-display":"","ast-banner-title-visibility":"","ast-main-header-display":"","ast-hfb-above-header-display":"","ast-hfb-below-header-display":"","ast-hfb-mobile-header-display":"","site-post-title":"","ast-breadcrumbs-content":"","ast-featured-img":"","footer-sml-layout":"","theme-transparent-header-meta":"","adv-header-id-meta":"","stick-header-meta":"","header-above-stick-meta":"","header-main-stick-meta":"","header-below-stick-meta":"","astra-migrate-meta-layouts":"default","ast-page-background-enabled":"default","ast-page-background-meta":{"desktop":{"background-color":"var(--ast-global-color-5)","background-image":"","background-repeat":"repeat","background-position":"center center","background-size":"auto","background-attachment":"scroll","background-type":"","background-media":"","overlay-type":"","overlay-color":"","overlay-opacity":"","overlay-gradient":""},"tablet":{"background-color":"","background-image":"","background-repeat":"repeat","background-position":"center center","background-size":"auto","background-attachment":"scroll","background-type":"","background-media":"","overlay-type":"","overlay-color":"","overlay-opacity":"","overlay-gradient":""},"mobile":{"background-color":"","background-image":"","background-repeat":"repeat","background-position":"center center","background-size":"auto","background-attachment":"scroll","background-type":"","background-media":"","overlay-type":"","overlay-color":"","overlay-opacity":"","overlay-gradient":""}},"ast-content-background-meta":{"desktop":{"background-color":"var(--ast-global-color-4)","background-image":"","background-repeat":"repeat","background-position":"center center","background-size":"auto","background-attachment":"scroll","background-type":"","background-media":"","overlay-type":"","overlay-color":"","overlay-opacity":"","overlay-gradient":""},"tablet":{"background-color":"var(--ast-global-color-4)","background-image":"","background-repeat":"repeat","background-position":"center center","background-size":"auto","background-attachment":"scroll","background-type":"","background-media":"","overlay-type":"","overlay-color":"","overlay-opacity":"","overlay-gradient":""},"mobile":{"background-color":"var(--ast-global-color-4)","background-image":"","background-repeat":"repeat","background-position":"center center","background-size":"auto","background-attachment":"scroll","background-type":"","background-media":"","overlay-type":"","overlay-color":"","overlay-opacity":"","overlay-gradient":""}},"footnotes":"","_links_to":"","_links_to_target":""},"class_list":["post-489","page","type-page","status-publish","hentry"],"rttpg_featured_image_url":null,"rttpg_author":{"display_name":"ftu","author_link":"http:\/\/ftuvz.unsl.edu.ar\/index.php\/author\/ftu\/"},"rttpg_comment":0,"rttpg_category":null,"rttpg_excerpt":"La Universidad Nacional de San Luis (UNSL), mediante&nbsp;Ordenanza Rectoral 14\/2019, ha instituido a instancias de la Facultad de Turismo y [&hellip;]","_links":{"self":[{"href":"http:\/\/ftuvz.unsl.edu.ar\/index.php\/wp-json\/wp\/v2\/pages\/489","targetHints":{"allow":["GET"]}}],"collection":[{"href":"http:\/\/ftuvz.unsl.edu.ar\/index.php\/wp-json\/wp\/v2\/pages"}],"about":[{"href":"http:\/\/ftuvz.unsl.edu.ar\/index.php\/wp-json\/wp\/v2\/types\/page"}],"author":[{"embeddable":true,"href":"http:\/\/ftuvz.unsl.edu.ar\/index.php\/wp-json\/wp\/v2\/users\/1"}],"replies":[{"embeddable":true,"href":"http:\/\/ftuvz.unsl.edu.ar\/index.php\/wp-json\/wp\/v2\/comments?post=489"}],"version-history":[{"count":1,"href":"http:\/\/ftuvz.unsl.edu.ar\/index.php\/wp-json\/wp\/v2\/pages\/489\/revisions"}],"predecessor-version":[{"id":491,"href":"http:\/\/ftuvz.unsl.edu.ar\/index.php\/wp-json\/wp\/v2\/pages\/489\/revisions\/491"}],"wp:attachment":[{"href":"http:\/\/ftuvz.unsl.edu.ar\/index.php\/wp-json\/wp\/v2\/media?parent=489"}],"curies":[{"name":"wp","href":"https:\/\/api.w.org\/{rel}","templated":true}]}}