{"id":480,"date":"2025-09-18T08:38:04","date_gmt":"2025-09-18T11:38:04","guid":{"rendered":"http:\/\/ftuvz.unsl.edu.ar\/?page_id=480"},"modified":"2025-09-18T08:38:04","modified_gmt":"2025-09-18T11:38:04","slug":"programa-de-ingreso-y-permanencia-de-estudiantes-pipe","status":"publish","type":"page","link":"http:\/\/ftuvz.unsl.edu.ar\/index.php\/programa-de-ingreso-y-permanencia-de-estudiantes-pipe\/","title":{"rendered":"Programa de Ingreso y Permanencia de Estudiantes -PIPE-"},"content":{"rendered":"\n<figure class=\"wp-block-image aligncenter size-full\"><img loading=\"lazy\" decoding=\"async\" width=\"478\" height=\"166\" src=\"http:\/\/ftuvz.unsl.edu.ar\/wp-content\/uploads\/2025\/09\/PIPE-Logo.png\" alt=\"\" class=\"wp-image-481\" srcset=\"http:\/\/ftuvz.unsl.edu.ar\/wp-content\/uploads\/2025\/09\/PIPE-Logo.png 478w, http:\/\/ftuvz.unsl.edu.ar\/wp-content\/uploads\/2025\/09\/PIPE-Logo-300x104.png 300w\" sizes=\"auto, (max-width: 478px) 100vw, 478px\" \/><\/figure>\n\n\n\n<p>Consultas:\u00a0<a href=\"mailto:ftu.ingreso@gmail.com\">ftu.ingreso@gmail.com<\/a><\/p>\n\n\n\n<p>El&nbsp;<strong>Programa de Ingreso y Permanencia de Estudiantes<\/strong>&nbsp;(PIPE) dependiente de la Secretar\u00eda Acad\u00e9mica, tiene como finalidad planificar y llevar a cabo tareas para cumplir con las siguientes l\u00edneas de acci\u00f3n:<br><br>&nbsp;&nbsp;&nbsp;&nbsp;a) Articulaci\u00f3n con el nivel Polimodal.<br>&nbsp;&nbsp;&nbsp;&nbsp;b) Informaci\u00f3n y orientaci\u00f3n sobre las carreras y el campo laboral.<br>&nbsp;&nbsp;&nbsp;&nbsp;c) Cursos de Apoyo y Trayecto de Formaci\u00f3n.<br>&nbsp;&nbsp;&nbsp;&nbsp;d) Sistema de tutor\u00edas y apoyo a estudiantes.<br>&nbsp;&nbsp;&nbsp;&nbsp;e) Pr\u00e1cticas de ense\u00f1anza en primer a\u00f1o.<br><\/p>\n\n\n\n<p><strong>Los objetivos y actividades a llevar a cabo durante cada ciclo lectivo son:<\/strong><\/p>\n\n\n\n<ul class=\"wp-block-list\">\n<li>Generar acciones mancomunadas entre las escuelas secundarias y la facultad.<\/li>\n<\/ul>\n\n\n\n<ul class=\"wp-block-list\">\n<li>Ofrecer charlas a estudiantes secundarios sobre las carreras, el derecho a la educaci\u00f3n superior y la gratuidad de las universidades nacionales.<\/li>\n<\/ul>\n\n\n\n<ul class=\"wp-block-list\">\n<li>Acompa\u00f1ar a los ingresantes por medio de tutor\u00edas de pares sobre h\u00e1bitos y pr\u00e1cticas de la vida universitaria.<\/li>\n<\/ul>\n\n\n\n<ul class=\"wp-block-list\">\n<li>Mantener contacto continuo con los estudiantes desde el inicio y promover una efectiva integraci\u00f3n a la educaci\u00f3n superior.<\/li>\n<\/ul>\n\n\n\n<ul class=\"wp-block-list\">\n<li>Planificar acciones destinadas a mejorar el rendimiento acad\u00e9mico por medio de diversos talleres presenciales con el fin de brindar estrategias de aprendizajes y t\u00e9cnicas de estudio.<\/li>\n<\/ul>\n\n\n\n<ul class=\"wp-block-list\">\n<li>Ofrecer apoyo y consultas en modalidad virtual y asincr\u00f3nica mediante aulas virtuales para fortalecer la estabilidad y continuidad en los estudios.<\/li>\n<\/ul>\n\n\n\n<ul class=\"wp-block-list\">\n<li>Asesorar a docentes de los primeros a\u00f1os sobre temas referidos a la permanencia y mantener un contacto continuo acerca de las necesidades de los estudiantes.<\/li>\n<\/ul>\n\n\n\n<p class=\"has-text-align-center\"><em>Si sos estudiante de la FTU podr\u00e1s recurrir al PIPE cuando necesites ayuda para estudiar, o surja alguna situaci\u00f3n a resolver personal o acad\u00e9mica que se presente en el transcurso de la vida universitaria, es importante que te sientas acompa\u00f1ado para que puedas avanzar en tus estudios en las mejores condiciones.<\/em><\/p>\n\n\n\n<p><\/p>\n","protected":false},"excerpt":{"rendered":"<p>Consultas:\u00a0ftu.ingreso@gmail.com El&nbsp;Programa de Ingreso y Permanencia de Estudiantes&nbsp;(PIPE) dependiente de la Secretar\u00eda Acad\u00e9mica, tiene como finalidad planificar y llevar a [&hellip;]<\/p>\n","protected":false},"author":1,"featured_media":0,"parent":0,"menu_order":0,"comment_status":"closed","ping_status":"closed","template":"","meta":{"site-sidebar-layout":"default","site-content-layout":"","ast-site-content-layout":"default","site-content-style":"default","site-sidebar-style":"default","ast-global-header-display":"","ast-banner-title-visibility":"","ast-main-header-display":"","ast-hfb-above-header-display":"","ast-hfb-below-header-display":"","ast-hfb-mobile-header-display":"","site-post-title":"","ast-breadcrumbs-content":"","ast-featured-img":"","footer-sml-layout":"","theme-transparent-header-meta":"","adv-header-id-meta":"","stick-header-meta":"","header-above-stick-meta":"","header-main-stick-meta":"","header-below-stick-meta":"","astra-migrate-meta-layouts":"default","ast-page-background-enabled":"default","ast-page-background-meta":{"desktop":{"background-color":"var(--ast-global-color-5)","background-image":"","background-repeat":"repeat","background-position":"center center","background-size":"auto","background-attachment":"scroll","background-type":"","background-media":"","overlay-type":"","overlay-color":"","overlay-opacity":"","overlay-gradient":""},"tablet":{"background-color":"","background-image":"","background-repeat":"repeat","background-position":"center center","background-size":"auto","background-attachment":"scroll","background-type":"","background-media":"","overlay-type":"","overlay-color":"","overlay-opacity":"","overlay-gradient":""},"mobile":{"background-color":"","background-image":"","background-repeat":"repeat","background-position":"center center","background-size":"auto","background-attachment":"scroll","background-type":"","background-media":"","overlay-type":"","overlay-color":"","overlay-opacity":"","overlay-gradient":""}},"ast-content-background-meta":{"desktop":{"background-color":"var(--ast-global-color-4)","background-image":"","background-repeat":"repeat","background-position":"center center","background-size":"auto","background-attachment":"scroll","background-type":"","background-media":"","overlay-type":"","overlay-color":"","overlay-opacity":"","overlay-gradient":""},"tablet":{"background-color":"var(--ast-global-color-4)","background-image":"","background-repeat":"repeat","background-position":"center center","background-size":"auto","background-attachment":"scroll","background-type":"","background-media":"","overlay-type":"","overlay-color":"","overlay-opacity":"","overlay-gradient":""},"mobile":{"background-color":"var(--ast-global-color-4)","background-image":"","background-repeat":"repeat","background-position":"center center","background-size":"auto","background-attachment":"scroll","background-type":"","background-media":"","overlay-type":"","overlay-color":"","overlay-opacity":"","overlay-gradient":""}},"footnotes":"","_links_to":"","_links_to_target":""},"class_list":["post-480","page","type-page","status-publish","hentry"],"rttpg_featured_image_url":null,"rttpg_author":{"display_name":"ftu","author_link":"http:\/\/ftuvz.unsl.edu.ar\/index.php\/author\/ftu\/"},"rttpg_comment":0,"rttpg_category":null,"rttpg_excerpt":"Consultas:\u00a0ftu.ingreso@gmail.com El&nbsp;Programa de Ingreso y Permanencia de Estudiantes&nbsp;(PIPE) dependiente de la Secretar\u00eda Acad\u00e9mica, tiene como finalidad planificar y llevar a [&hellip;]","_links":{"self":[{"href":"http:\/\/ftuvz.unsl.edu.ar\/index.php\/wp-json\/wp\/v2\/pages\/480","targetHints":{"allow":["GET"]}}],"collection":[{"href":"http:\/\/ftuvz.unsl.edu.ar\/index.php\/wp-json\/wp\/v2\/pages"}],"about":[{"href":"http:\/\/ftuvz.unsl.edu.ar\/index.php\/wp-json\/wp\/v2\/types\/page"}],"author":[{"embeddable":true,"href":"http:\/\/ftuvz.unsl.edu.ar\/index.php\/wp-json\/wp\/v2\/users\/1"}],"replies":[{"embeddable":true,"href":"http:\/\/ftuvz.unsl.edu.ar\/index.php\/wp-json\/wp\/v2\/comments?post=480"}],"version-history":[{"count":1,"href":"http:\/\/ftuvz.unsl.edu.ar\/index.php\/wp-json\/wp\/v2\/pages\/480\/revisions"}],"predecessor-version":[{"id":482,"href":"http:\/\/ftuvz.unsl.edu.ar\/index.php\/wp-json\/wp\/v2\/pages\/480\/revisions\/482"}],"wp:attachment":[{"href":"http:\/\/ftuvz.unsl.edu.ar\/index.php\/wp-json\/wp\/v2\/media?parent=480"}],"curies":[{"name":"wp","href":"https:\/\/api.w.org\/{rel}","templated":true}]}}