{"id":47,"date":"2025-08-06T09:18:00","date_gmt":"2025-08-06T12:18:00","guid":{"rendered":"http:\/\/ftuvz.unsl.edu.ar\/?page_id=47"},"modified":"2026-02-13T11:17:49","modified_gmt":"2026-02-13T14:17:49","slug":"institucional","status":"publish","type":"page","link":"http:\/\/ftuvz.unsl.edu.ar\/index.php\/institucional\/","title":{"rendered":"Institucional"},"content":{"rendered":"\n<p class=\"has-text-align-center has-white-color has-text-color has-background has-link-color wp-elements-cc39b657afdd82548021b77ce949f74f\" style=\"background-color:#996a16;font-size:30px\"><strong>Institucional<\/strong><\/p>\n\n\n\n<h3 class=\"wp-block-heading\"><strong>Misi\u00f3n<\/strong><\/h3>\n\n\n\n<p>La Facultad de Turismo y Urbanismo est\u00e1 inspirada en los principios esenciales de democracia, libertad y humanismo, cuya misi\u00f3n es propender al desarrollo de una actitud comprometida con la sociedad, el medio ambiente y el bienestar, promoviendo, desde la s\u00f3lida formaci\u00f3n acad\u00e9mica, \u201cel esp\u00edritu integrador\u201d y la \u201c\u00e9tica del compromiso\u201d, compromiso con el conocimiento, con las instituciones, con la sociedad, con el ciudadano, con la idoneidad, con el otro: en suma, con el presente y el futuro.<\/p>\n\n\n\n<h3 class=\"wp-block-heading\"><strong>Visi\u00f3n<\/strong><\/h3>\n\n\n\n<p>Ser reconocida a nivel local, regional y nacional como l\u00edder en la generaci\u00f3n, apropiaci\u00f3n y transferencia del conocimiento, en las \u00e1reas de las ciencias sociales, ambientales y econ\u00f3micas de su competencia, y por en la s\u00f3lida formaci\u00f3n de profesionales que sean capaces de ser docentes, investigadores, emprendedores, administradores, gerentes, planificadores, multiplicadores; con valores inclusivos en el ejercicio de la democracia, el humanismo y la \u00e9tica.<\/p>\n\n\n\n<h3 class=\"wp-block-heading\"><strong>Valores<\/strong><\/h3>\n\n\n\n<p>La Facultad de Turismo y Urbanismo es una Facultad joven, con un profundo sentido de pertenencia a la Universidad Nacional de San Luis, que la acoge y proyecta en su fecunda historia. De acuerdo con la realidad de la educaci\u00f3n superior y las propias aspiraciones, la Facultad se identifica con el entorno cultural, ambiental, econ\u00f3mico y su sociedad. Sustenta su misi\u00f3n sobre los valores fundamentales de las personas y la convivencia humana en el compromiso y la \u00e9tica, honrados con seriedad, honestidad, idoneidad y con profunda responsabilidad ciudadana.<\/p>\n\n\n\n<div class=\"wp-block-columns are-vertically-aligned-center is-layout-flex wp-container-core-columns-is-layout-ef350914 wp-block-columns-is-layout-flex\" style=\"padding-top:var(--wp--preset--spacing--30);padding-bottom:var(--wp--preset--spacing--30)\">\n<div class=\"wp-block-column is-vertically-aligned-center is-layout-flow wp-block-column-is-layout-flow\">\n<figure class=\"wp-block-image size-full\"><a href=\"http:\/\/ftuvz.unsl.edu.ar\/index.php\/autoridades\/\"><img loading=\"lazy\" decoding=\"async\" width=\"250\" height=\"250\" src=\"http:\/\/ftuvz.unsl.edu.ar\/wp-content\/uploads\/2025\/09\/Inst-Autoridades-FTU-250.png\" alt=\"\" class=\"wp-image-116\" srcset=\"http:\/\/ftuvz.unsl.edu.ar\/wp-content\/uploads\/2025\/09\/Inst-Autoridades-FTU-250.png 250w, http:\/\/ftuvz.unsl.edu.ar\/wp-content\/uploads\/2025\/09\/Inst-Autoridades-FTU-250-150x150.png 150w\" sizes=\"auto, (max-width: 250px) 100vw, 250px\" \/><\/a><\/figure>\n<\/div>\n\n\n\n<div class=\"wp-block-column is-vertically-aligned-center is-layout-flow wp-block-column-is-layout-flow\">\n<figure class=\"wp-block-image size-full\"><a href=\"http:\/\/ftuvz.unsl.edu.ar\/index.php\/consejo-directivo\/\"><img loading=\"lazy\" decoding=\"async\" width=\"250\" height=\"250\" src=\"http:\/\/ftuvz.unsl.edu.ar\/wp-content\/uploads\/2025\/09\/Inst-CD-250.png\" alt=\"\" class=\"wp-image-117\" srcset=\"http:\/\/ftuvz.unsl.edu.ar\/wp-content\/uploads\/2025\/09\/Inst-CD-250.png 250w, http:\/\/ftuvz.unsl.edu.ar\/wp-content\/uploads\/2025\/09\/Inst-CD-250-150x150.png 150w\" sizes=\"auto, (max-width: 250px) 100vw, 250px\" \/><\/a><\/figure>\n<\/div>\n\n\n\n<div class=\"wp-block-column is-vertically-aligned-center is-layout-flow wp-block-column-is-layout-flow\">\n<figure class=\"wp-block-image size-full\"><a href=\"http:\/\/ftuvz.unsl.edu.ar\/index.php\/secretarias-de-la-facultad-de-turismo-y-urbanismo-2\/\"><img loading=\"lazy\" decoding=\"async\" width=\"250\" height=\"250\" src=\"http:\/\/ftuvz.unsl.edu.ar\/wp-content\/uploads\/2025\/09\/Inst-Secretarias-250.png\" alt=\"\" class=\"wp-image-118\" srcset=\"http:\/\/ftuvz.unsl.edu.ar\/wp-content\/uploads\/2025\/09\/Inst-Secretarias-250.png 250w, http:\/\/ftuvz.unsl.edu.ar\/wp-content\/uploads\/2025\/09\/Inst-Secretarias-250-150x150.png 150w\" sizes=\"auto, (max-width: 250px) 100vw, 250px\" \/><\/a><\/figure>\n<\/div>\n\n\n\n<div class=\"wp-block-column is-vertically-aligned-center is-layout-flow wp-block-column-is-layout-flow\">\n<figure class=\"wp-block-image size-full\"><a href=\"http:\/\/ftuvz.unsl.edu.ar\/index.php\/normativa\/\"><img loading=\"lazy\" decoding=\"async\" width=\"250\" height=\"250\" src=\"http:\/\/ftuvz.unsl.edu.ar\/wp-content\/uploads\/2025\/09\/Inst-Normativa-250.png\" alt=\"\" class=\"wp-image-119\" srcset=\"http:\/\/ftuvz.unsl.edu.ar\/wp-content\/uploads\/2025\/09\/Inst-Normativa-250.png 250w, http:\/\/ftuvz.unsl.edu.ar\/wp-content\/uploads\/2025\/09\/Inst-Normativa-250-150x150.png 150w\" sizes=\"auto, (max-width: 250px) 100vw, 250px\" \/><\/a><\/figure>\n<\/div>\n<\/div>\n","protected":false},"excerpt":{"rendered":"<p>Institucional Misi\u00f3n La Facultad de Turismo y Urbanismo est\u00e1 inspirada en los principios esenciales de democracia, libertad y humanismo, cuya [&hellip;]<\/p>\n","protected":false},"author":1,"featured_media":0,"parent":0,"menu_order":0,"comment_status":"closed","ping_status":"closed","template":"","meta":{"site-sidebar-layout":"default","site-content-layout":"","ast-site-content-layout":"default","site-content-style":"default","site-sidebar-style":"default","ast-global-header-display":"","ast-banner-title-visibility":"","ast-main-header-display":"","ast-hfb-above-header-display":"","ast-hfb-below-header-display":"","ast-hfb-mobile-header-display":"","site-post-title":"disabled","ast-breadcrumbs-content":"","ast-featured-img":"","footer-sml-layout":"","theme-transparent-header-meta":"","adv-header-id-meta":"","stick-header-meta":"","header-above-stick-meta":"","header-main-stick-meta":"","header-below-stick-meta":"","astra-migrate-meta-layouts":"default","ast-page-background-enabled":"default","ast-page-background-meta":{"desktop":{"background-color":"var(--ast-global-color-5)","background-image":"","background-repeat":"repeat","background-position":"center center","background-size":"auto","background-attachment":"scroll","background-type":"","background-media":"","overlay-type":"","overlay-color":"","overlay-opacity":"","overlay-gradient":""},"tablet":{"background-color":"","background-image":"","background-repeat":"repeat","background-position":"center center","background-size":"auto","background-attachment":"scroll","background-type":"","background-media":"","overlay-type":"","overlay-color":"","overlay-opacity":"","overlay-gradient":""},"mobile":{"background-color":"","background-image":"","background-repeat":"repeat","background-position":"center center","background-size":"auto","background-attachment":"scroll","background-type":"","background-media":"","overlay-type":"","overlay-color":"","overlay-opacity":"","overlay-gradient":""}},"ast-content-background-meta":{"desktop":{"background-color":"var(--ast-global-color-4)","background-image":"","background-repeat":"repeat","background-position":"center center","background-size":"auto","background-attachment":"scroll","background-type":"","background-media":"","overlay-type":"","overlay-color":"","overlay-opacity":"","overlay-gradient":""},"tablet":{"background-color":"var(--ast-global-color-4)","background-image":"","background-repeat":"repeat","background-position":"center center","background-size":"auto","background-attachment":"scroll","background-type":"","background-media":"","overlay-type":"","overlay-color":"","overlay-opacity":"","overlay-gradient":""},"mobile":{"background-color":"var(--ast-global-color-4)","background-image":"","background-repeat":"repeat","background-position":"center center","background-size":"auto","background-attachment":"scroll","background-type":"","background-media":"","overlay-type":"","overlay-color":"","overlay-opacity":"","overlay-gradient":""}},"footnotes":"","_links_to":"","_links_to_target":""},"class_list":["post-47","page","type-page","status-publish","hentry"],"rttpg_featured_image_url":null,"rttpg_author":{"display_name":"ftu","author_link":"http:\/\/ftuvz.unsl.edu.ar\/index.php\/author\/ftu\/"},"rttpg_comment":0,"rttpg_category":null,"rttpg_excerpt":"Institucional Misi\u00f3n La Facultad de Turismo y Urbanismo est\u00e1 inspirada en los principios esenciales de democracia, libertad y humanismo, cuya [&hellip;]","_links":{"self":[{"href":"http:\/\/ftuvz.unsl.edu.ar\/index.php\/wp-json\/wp\/v2\/pages\/47","targetHints":{"allow":["GET"]}}],"collection":[{"href":"http:\/\/ftuvz.unsl.edu.ar\/index.php\/wp-json\/wp\/v2\/pages"}],"about":[{"href":"http:\/\/ftuvz.unsl.edu.ar\/index.php\/wp-json\/wp\/v2\/types\/page"}],"author":[{"embeddable":true,"href":"http:\/\/ftuvz.unsl.edu.ar\/index.php\/wp-json\/wp\/v2\/users\/1"}],"replies":[{"embeddable":true,"href":"http:\/\/ftuvz.unsl.edu.ar\/index.php\/wp-json\/wp\/v2\/comments?post=47"}],"version-history":[{"count":8,"href":"http:\/\/ftuvz.unsl.edu.ar\/index.php\/wp-json\/wp\/v2\/pages\/47\/revisions"}],"predecessor-version":[{"id":4889,"href":"http:\/\/ftuvz.unsl.edu.ar\/index.php\/wp-json\/wp\/v2\/pages\/47\/revisions\/4889"}],"wp:attachment":[{"href":"http:\/\/ftuvz.unsl.edu.ar\/index.php\/wp-json\/wp\/v2\/media?parent=47"}],"curies":[{"name":"wp","href":"https:\/\/api.w.org\/{rel}","templated":true}]}}