{"id":458,"date":"2025-09-16T13:26:55","date_gmt":"2025-09-16T16:26:55","guid":{"rendered":"http:\/\/ftuvz.unsl.edu.ar\/?page_id=458"},"modified":"2026-03-30T08:59:30","modified_gmt":"2026-03-30T11:59:30","slug":"consejo-directivo","status":"publish","type":"page","link":"http:\/\/ftuvz.unsl.edu.ar\/index.php\/consejo-directivo\/","title":{"rendered":"Consejo Directivo"},"content":{"rendered":"\n<p class=\"has-text-align-center has-ast-global-color-2-color has-text-color has-background has-link-color wp-elements-b4d966153ef3868c6243cd211db38ae7\" style=\"border-style:none;border-width:0px;background-color:#996a16;font-size:28px\">Consejo Directivo<\/p>\n\n\n\n<h5 class=\"wp-block-heading\">Consejo Directivo (C.D)<\/h5>\n\n\n\n<p>&#8211; Orden del d\u00eda del CD &#8211;&nbsp;<a href=\"\/wp-content\/uploads\/Consejo-FTU\/CD-Orden-del-dia-250326.pdf\">Sesi\u00f3n Ordinaria 25 de Marzo 2026<\/a><\/p>\n\n\n\n<p>&#8211;&nbsp;<a href=\"http:\/\/ftuvz.unsl.edu.ar\/index.php\/orden-del-dia-y-actas-del-c-d\/\" data-type=\"page\" data-id=\"563\">Orden del D\u00eda y Actas del C.D<\/a><\/p>\n\n\n\n<p>&#8211; Contacto:&nbsp;<a href=\"mailto:ftu.cdirectivo@gmail.com\">ftu.cdirectivo@gmail.com<\/a><\/p>\n\n\n\n<p>&#8211; Reglamento Interno del Consejo Directivo de la FTU &#8211;&nbsp;<a href=\"http:\/\/digesto.unsl.edu.ar\/docs\/202311\/20231110114644_11844.pdf\" target=\"_blank\" rel=\"noreferrer noopener\">O.C.D. 1\/23<\/a><\/p>\n\n\n\n<p>&#8211; Conformaci\u00f3n del C.D:&nbsp;<a href=\"http:\/\/digesto.unsl.edu.ar\/docs\/202308\/20230829094829_19362.pdf\" target=\"_blank\" rel=\"noreferrer noopener\">Res.JE 6\/23<\/a>&nbsp;y&nbsp;<a href=\"https:\/\/notif-vz.unsl.edu.ar\/uploads\/115013\/RCS_3-25_-_ELECCIONES_2024.pdf\" target=\"_blank\" rel=\"noreferrer noopener\">Res.CS 3\/2025<\/a><\/p>\n\n\n\n<div class=\"wp-block-columns is-layout-flex wp-container-core-columns-is-layout-ef350914 wp-block-columns-is-layout-flex\" style=\"padding-top:var(--wp--preset--spacing--30);padding-bottom:var(--wp--preset--spacing--30)\">\n<div class=\"wp-block-column has-border-color is-layout-flow wp-block-column-is-layout-flow\" style=\"border-color:#996a16;padding-right:var(--wp--preset--spacing--20);padding-left:var(--wp--preset--spacing--20)\">\n<p><strong>Profesores<\/strong><\/p>\n\n\n\n<h6 class=\"wp-block-heading\"><strong>Titulares<\/strong><\/h6>\n\n\n\n<p>Cinthia Desiree Vel\u00e1zquez<\/p>\n\n\n\n<p>Mariana Andrea Pi\u00f1ero<\/p>\n\n\n\n<p>Marcela Mar\u00eda De Luca<\/p>\n\n\n\n<p>Daniela Teresita Girolimetto<\/p>\n\n\n\n<p>Ariana Cristina Posadaz<\/p>\n\n\n\n<p><\/p>\n\n\n\n<h6 class=\"wp-block-heading\"><strong>Suplentes<\/strong><\/h6>\n\n\n\n<p>A\u00edda Alba Spinosa Casta\u00f1o<\/p>\n\n\n\n<p>Alejandro Daniel Suyama<\/p>\n\n\n\n<p>Carlos Ariel Barreto<\/p>\n\n\n\n<p>\u00c9rico Hern\u00e1n Bianchi<\/p>\n\n\n\n<p>Gustavo Germ\u00e1n Roitman<\/p>\n<\/div>\n\n\n\n<div class=\"wp-block-column has-border-color is-layout-flow wp-block-column-is-layout-flow\" style=\"border-color:#996a16;padding-right:var(--wp--preset--spacing--20);padding-left:var(--wp--preset--spacing--20)\">\n<p><strong>Auxiliares<\/strong><\/p>\n\n\n\n<h6 class=\"wp-block-heading\"><strong>Titulares<\/strong><\/h6>\n\n\n\n<p>Mar\u00eda In\u00e9s Ciccarone<\/p>\n\n\n\n<p>Gabriela Alejandra Landriel<\/p>\n\n\n\n<p>Mar\u00eda Florencia Arriola<\/p>\n\n\n\n<p>Elisabeth Ver\u00f3nica Baron<\/p>\n\n\n\n<p>Gabriel Eduardo Magnago<\/p>\n\n\n\n<p><\/p>\n\n\n\n<h6 class=\"wp-block-heading\"><strong>Suplentes<\/strong><\/h6>\n\n\n\n<p>Eleonora Elvira Casaretto<\/p>\n\n\n\n<p>Federico Mart\u00edn Lucero<\/p>\n\n\n\n<p>Mar\u00eda Cecilia Genovese<\/p>\n\n\n\n<p>Leticia Aguilera Marturano<\/p>\n\n\n\n<p>Alberto Atencia<\/p>\n\n\n\n<p><\/p>\n<\/div>\n\n\n\n<div class=\"wp-block-column has-border-color is-layout-flow wp-block-column-is-layout-flow\" style=\"border-color:#996a16;padding-right:var(--wp--preset--spacing--20);padding-left:var(--wp--preset--spacing--20)\">\n<p><strong>Estudiantes<\/strong><\/p>\n\n\n\n<h6 class=\"wp-block-heading\"><strong>Titulares<\/strong><\/h6>\n\n\n\n<p>Sof\u00eda Figueroa<\/p>\n\n\n\n<p>Mar\u00eda Valentina Fern\u00e1ndez Arce<\/p>\n\n\n\n<p>Gabriel Catalani<\/p>\n\n\n\n<p>Mariangeles Rold\u00e1n Gonz\u00e1lez<\/p>\n\n\n\n<p>Felipe Ramos<\/p>\n\n\n\n<p><\/p>\n\n\n\n<h6 class=\"wp-block-heading\"><strong>Suplentes<\/strong><\/h6>\n\n\n\n<p>Gabriel Emanuel Pennacchio<\/p>\n\n\n\n<p>Juan Santiago Sivori Proc<\/p>\n\n\n\n<p>Mariano Emanuel Sosa Grippo<\/p>\n\n\n\n<p>I\u00f1aki Juli\u00e1n Bentivegna<\/p>\n\n\n\n<p>Valentina Antonella Baldearena<\/p>\n\n\n\n<p>Florencia Valentina Rodr\u00edguez<\/p>\n\n\n\n<p>Mat\u00edas Emanuel Elguero<\/p>\n\n\n\n<p>Francisca Grangetto<\/p>\n\n\n\n<p>Yesica Alexandra Carisani Corralez<\/p>\n\n\n\n<p>Lucio Agust\u00edn Maieru<\/p>\n<\/div>\n\n\n\n<div class=\"wp-block-column has-border-color is-layout-flow wp-block-column-is-layout-flow\" style=\"border-color:#996a16;padding-right:var(--wp--preset--spacing--20);padding-left:var(--wp--preset--spacing--20)\">\n<p><strong>Graduados<\/strong><\/p>\n\n\n\n<h6 class=\"wp-block-heading\"><strong>Titular<\/strong><\/h6>\n\n\n\n<p>Eduardo Rub\u00e9n Herrero<\/p>\n\n\n\n<h6 class=\"wp-block-heading\"><strong>Suplentes<\/strong><\/h6>\n\n\n\n<p>M\u00f3nica Beatriz Ronzio<\/p>\n\n\n\n<p>Bettania Natalia Hern\u00e1ndez N\u00fa\u00f1ez<\/p>\n\n\n\n<p><\/p>\n\n\n\n<p><strong>Nodocentes<\/strong><\/p>\n\n\n\n<h6 class=\"wp-block-heading\"><strong>Titular<\/strong><\/h6>\n\n\n\n<p>Mar\u00eda Alejandra Reta<\/p>\n\n\n\n<h6 class=\"wp-block-heading\"><strong>Suplente<\/strong><\/h6>\n\n\n\n<p>V\u00edctor Daniel Godoy Vilchez<\/p>\n\n\n\n<p>Gisela Romina Aguirre<\/p>\n<\/div>\n<\/div>\n","protected":false},"excerpt":{"rendered":"<p>Consejo Directivo Consejo Directivo (C.D) &#8211; Orden del d\u00eda del CD &#8211;&nbsp;Sesi\u00f3n Ordinaria 25 de Marzo 2026 &#8211;&nbsp;Orden del D\u00eda [&hellip;]<\/p>\n","protected":false},"author":1,"featured_media":0,"parent":0,"menu_order":0,"comment_status":"closed","ping_status":"closed","template":"","meta":{"site-sidebar-layout":"default","site-content-layout":"","ast-site-content-layout":"default","site-content-style":"default","site-sidebar-style":"default","ast-global-header-display":"","ast-banner-title-visibility":"","ast-main-header-display":"","ast-hfb-above-header-display":"","ast-hfb-below-header-display":"","ast-hfb-mobile-header-display":"","site-post-title":"disabled","ast-breadcrumbs-content":"","ast-featured-img":"","footer-sml-layout":"","theme-transparent-header-meta":"","adv-header-id-meta":"","stick-header-meta":"","header-above-stick-meta":"","header-main-stick-meta":"","header-below-stick-meta":"","astra-migrate-meta-layouts":"default","ast-page-background-enabled":"default","ast-page-background-meta":{"desktop":{"background-color":"var(--ast-global-color-5)","background-image":"","background-repeat":"repeat","background-position":"center center","background-size":"auto","background-attachment":"scroll","background-type":"","background-media":"","overlay-type":"","overlay-color":"","overlay-opacity":"","overlay-gradient":""},"tablet":{"background-color":"","background-image":"","background-repeat":"repeat","background-position":"center center","background-size":"auto","background-attachment":"scroll","background-type":"","background-media":"","overlay-type":"","overlay-color":"","overlay-opacity":"","overlay-gradient":""},"mobile":{"background-color":"","background-image":"","background-repeat":"repeat","background-position":"center center","background-size":"auto","background-attachment":"scroll","background-type":"","background-media":"","overlay-type":"","overlay-color":"","overlay-opacity":"","overlay-gradient":""}},"ast-content-background-meta":{"desktop":{"background-color":"var(--ast-global-color-4)","background-image":"","background-repeat":"repeat","background-position":"center center","background-size":"auto","background-attachment":"scroll","background-type":"","background-media":"","overlay-type":"","overlay-color":"","overlay-opacity":"","overlay-gradient":""},"tablet":{"background-color":"var(--ast-global-color-4)","background-image":"","background-repeat":"repeat","background-position":"center center","background-size":"auto","background-attachment":"scroll","background-type":"","background-media":"","overlay-type":"","overlay-color":"","overlay-opacity":"","overlay-gradient":""},"mobile":{"background-color":"var(--ast-global-color-4)","background-image":"","background-repeat":"repeat","background-position":"center center","background-size":"auto","background-attachment":"scroll","background-type":"","background-media":"","overlay-type":"","overlay-color":"","overlay-opacity":"","overlay-gradient":""}},"footnotes":"","_links_to":"","_links_to_target":""},"class_list":["post-458","page","type-page","status-publish","hentry"],"rttpg_featured_image_url":null,"rttpg_author":{"display_name":"ftu","author_link":"http:\/\/ftuvz.unsl.edu.ar\/index.php\/author\/ftu\/"},"rttpg_comment":0,"rttpg_category":null,"rttpg_excerpt":"Consejo Directivo Consejo Directivo (C.D) &#8211; Orden del d\u00eda del CD &#8211;&nbsp;Sesi\u00f3n Ordinaria 25 de Marzo 2026 &#8211;&nbsp;Orden del D\u00eda [&hellip;]","_links":{"self":[{"href":"http:\/\/ftuvz.unsl.edu.ar\/index.php\/wp-json\/wp\/v2\/pages\/458","targetHints":{"allow":["GET"]}}],"collection":[{"href":"http:\/\/ftuvz.unsl.edu.ar\/index.php\/wp-json\/wp\/v2\/pages"}],"about":[{"href":"http:\/\/ftuvz.unsl.edu.ar\/index.php\/wp-json\/wp\/v2\/types\/page"}],"author":[{"embeddable":true,"href":"http:\/\/ftuvz.unsl.edu.ar\/index.php\/wp-json\/wp\/v2\/users\/1"}],"replies":[{"embeddable":true,"href":"http:\/\/ftuvz.unsl.edu.ar\/index.php\/wp-json\/wp\/v2\/comments?post=458"}],"version-history":[{"count":19,"href":"http:\/\/ftuvz.unsl.edu.ar\/index.php\/wp-json\/wp\/v2\/pages\/458\/revisions"}],"predecessor-version":[{"id":6110,"href":"http:\/\/ftuvz.unsl.edu.ar\/index.php\/wp-json\/wp\/v2\/pages\/458\/revisions\/6110"}],"wp:attachment":[{"href":"http:\/\/ftuvz.unsl.edu.ar\/index.php\/wp-json\/wp\/v2\/media?parent=458"}],"curies":[{"name":"wp","href":"https:\/\/api.w.org\/{rel}","templated":true}]}}