{"id":44,"date":"2025-08-06T09:17:46","date_gmt":"2025-08-06T12:17:46","guid":{"rendered":"http:\/\/ftuvz.unsl.edu.ar\/?page_id=44"},"modified":"2026-03-30T09:01:27","modified_gmt":"2026-03-30T12:01:27","slug":"autoridades","status":"publish","type":"page","link":"http:\/\/ftuvz.unsl.edu.ar\/index.php\/autoridades\/","title":{"rendered":"Autoridades"},"content":{"rendered":"\n<p class=\"has-text-align-center has-white-color has-text-color has-background has-link-color wp-elements-4bd5ca95602fa521825a70ae4b263818\" style=\"border-style:none;border-width:0px;background-color:#996a16;font-size:28px\"><strong>Autoridades<\/strong><\/p>\n\n\n\n<div class=\"wp-block-columns is-layout-flex wp-container-core-columns-is-layout-28f84493 wp-block-columns-is-layout-flex\">\n<div class=\"wp-block-column is-layout-flow wp-block-column-is-layout-flow\">\n<figure class=\"wp-block-image size-full is-resized is-style-rounded\"><img loading=\"lazy\" decoding=\"async\" width=\"171\" height=\"199\" src=\"http:\/\/ftuvz.unsl.edu.ar\/wp-content\/uploads\/2025\/09\/Agustina-Generoso.jpg\" alt=\"\" class=\"wp-image-288\" style=\"object-fit:cover;width:250px;height:250px\"\/><\/figure>\n\n\n\n<h5 class=\"wp-block-heading\">Esp. Agustina Generoso<\/h5>\n\n\n\n<h5 class=\"wp-block-heading\">Decana<\/h5>\n\n\n\n<p>Contacto:&nbsp;<a href=\"mailto:ftu.decanato@gmail.com\">ftu.decanato@gmail.com<\/a><\/p>\n<\/div>\n\n\n\n<div class=\"wp-block-column is-layout-flow wp-block-column-is-layout-flow\">\n<figure class=\"wp-block-image size-full is-resized is-style-rounded\"><img loading=\"lazy\" decoding=\"async\" width=\"200\" height=\"199\" src=\"http:\/\/ftuvz.unsl.edu.ar\/wp-content\/uploads\/2025\/09\/Pablo-Perepelizin.jpg\" alt=\"\" class=\"wp-image-289\" style=\"object-fit:cover;width:250px;height:250px\" srcset=\"http:\/\/ftuvz.unsl.edu.ar\/wp-content\/uploads\/2025\/09\/Pablo-Perepelizin.jpg 200w, http:\/\/ftuvz.unsl.edu.ar\/wp-content\/uploads\/2025\/09\/Pablo-Perepelizin-150x150.jpg 150w\" sizes=\"auto, (max-width: 200px) 100vw, 200px\" \/><\/figure>\n\n\n\n<h5 class=\"wp-block-heading\">Dr. Pablo V\u00edctor Perepelizin<\/h5>\n\n\n\n<h5 class=\"wp-block-heading\">Vicedecano<\/h5>\n\n\n\n<p>Contacto:&nbsp;<a href=\"mailto:ftu-vicedecanato@gmail.com\">ftu.vicedecanato@gmail.com<\/a><\/p>\n<\/div>\n<\/div>\n\n\n\n<p class=\"has-text-align-center has-ast-global-color-5-color has-text-color has-background has-link-color wp-elements-8141709d502640d14964ceea95bc177e\" style=\"background-color:#996a16;font-size:24px\"><strong>Secretarias<\/strong><\/p>\n\n\n\n<div class=\"wp-block-columns is-layout-flex wp-container-core-columns-is-layout-ef350914 wp-block-columns-is-layout-flex\" style=\"padding-top:var(--wp--preset--spacing--30);padding-bottom:var(--wp--preset--spacing--30)\">\n<div class=\"wp-block-column has-border-color is-layout-flow wp-block-column-is-layout-flow\" style=\"border-color:#996a16;padding-right:var(--wp--preset--spacing--20);padding-left:var(--wp--preset--spacing--20)\">\n<h5 class=\"wp-block-heading\">Secretar\u00eda General<\/h5>\n\n\n\n<p>Lic. Pablo El\u00edas Roncal<br>Contacto:&nbsp;<a href=\"mailto:ftu.secgral@gmail.com\">ftu.secgral@gmail.com<\/a><\/p>\n<\/div>\n\n\n\n<div class=\"wp-block-column has-border-color is-layout-flow wp-block-column-is-layout-flow\" style=\"border-color:#996a16;padding-right:var(--wp--preset--spacing--20);padding-left:var(--wp--preset--spacing--20)\">\n<h5 class=\"wp-block-heading\">Secretar\u00eda Acad\u00e9mica<\/h5>\n\n\n\n<p>Mgtr. Pablo Nicol\u00e1s Montero<br>Contacto:&nbsp;<a href=\"mailto:ftu-sacade@unsl.edu.ar\">ftu-sacade@unsl.edu.ar<\/a><\/p>\n<\/div>\n\n\n\n<div class=\"wp-block-column has-border-color is-layout-flow wp-block-column-is-layout-flow\" style=\"border-color:#996a16;padding-right:var(--wp--preset--spacing--20);padding-left:var(--wp--preset--spacing--20)\">\n<h5 class=\"wp-block-heading\">Secretar\u00eda de Extensi\u00f3n y Vinculaci\u00f3n<\/h5>\n\n\n\n<p>Lic. M\u00f3nica del Valle Torrez<br>Contacto:&nbsp;<a href=\"mailto:ftu-extension@unsl.edu.ar\">ftu-extension@unsl.edu.ar<\/a>&nbsp;<\/p>\n\n\n\n<p>Contacto:&nbsp;<a href=\"mailto:ftu.vinculacion@gmail.com\">ftu.vinculacion@gmail.com<\/a><\/p>\n<\/div>\n<\/div>\n\n\n\n<div class=\"wp-block-columns is-layout-flex wp-container-core-columns-is-layout-a54e0cfc wp-block-columns-is-layout-flex\" style=\"padding-top:var(--wp--preset--spacing--60);padding-bottom:var(--wp--preset--spacing--60)\">\n<div class=\"wp-block-column has-border-color is-layout-flow wp-block-column-is-layout-flow\" style=\"border-color:#996a16;padding-right:var(--wp--preset--spacing--20);padding-left:var(--wp--preset--spacing--20)\">\n<h5 class=\"wp-block-heading\">Secretar\u00eda de Investigaci\u00f3n y Posgrado<\/h5>\n\n\n\n<p>a\/c Vicedecano&nbsp;Dr. Pablo V\u00edctor Perepelizin<br>Contacto:&nbsp;<a href=\"mailto:ftu-secposg@unsl.edu.ar\">ftu-secposg@unsl.edu.a<\/a><\/p>\n<\/div>\n\n\n\n<div class=\"wp-block-column has-border-color is-layout-flow wp-block-column-is-layout-flow\" style=\"border-color:#996a16;padding-right:var(--wp--preset--spacing--20);padding-left:var(--wp--preset--spacing--20)\">\n<h5 class=\"wp-block-heading\">Secretar\u00eda Administrativa y de Infraestructura<\/h5>\n\n\n\n<p>CPN Eleonora E. Casaretto<br>Contacto:&nbsp;<a href=\"mailto:ftuadmin@unsl.edu.ar\">ftuadmin@unsl.edu.ar<\/a><\/p>\n<\/div>\n\n\n\n<div class=\"wp-block-column is-layout-flow wp-block-column-is-layout-flow\" style=\"padding-right:var(--wp--preset--spacing--20);padding-left:var(--wp--preset--spacing--20)\">\n<p><\/p>\n<\/div>\n<\/div>\n\n\n\n<p><\/p>\n\n\n\n<p><\/p>\n\n\n\n<p class=\"has-text-align-center has-ast-global-color-5-color has-text-color has-background has-link-color wp-elements-33e728097dd4ea28a447990d4562a818\" style=\"background-color:#996a16;font-size:24px\"><strong>Consejo Superior<\/strong><\/p>\n\n\n\n<p>&#8211; Conformaci\u00f3n:&nbsp;<a href=\"http:\/\/digesto.unsl.edu.ar\/docs\/202308\/20230829094829_19362.pdf\" target=\"_blank\" rel=\"noreferrer noopener\">Res.JE 6\/23<\/a>&nbsp;y&nbsp;<a href=\"https:\/\/notif-vz.unsl.edu.ar\/uploads\/115013\/RCS_3-25_-_ELECCIONES_2024.pdf\" target=\"_blank\" rel=\"noreferrer noopener\">Res.CS 3\/2025<\/a><\/p>\n\n\n\n<div class=\"wp-block-columns is-layout-flex wp-container-core-columns-is-layout-a54e0cfc wp-block-columns-is-layout-flex\" style=\"padding-top:var(--wp--preset--spacing--60);padding-bottom:var(--wp--preset--spacing--60)\">\n<div class=\"wp-block-column has-border-color is-layout-flow wp-block-column-is-layout-flow\" style=\"border-color:#996a16;padding-right:var(--wp--preset--spacing--20);padding-left:var(--wp--preset--spacing--20)\">\n<p><strong>Docentes<\/strong><\/p>\n\n\n\n<p>1\u00ba Titular TROSSERO, Alberto Pedro<\/p>\n\n\n\n<p>2\u00ba Titular DIAZ, Diego Fernando<\/p>\n\n\n\n<p>1\u00ba Suplente TORREZ, M\u00f3nica del Valle<\/p>\n\n\n\n<p>2\u00ba Suplente RAMACCIOTTI, Julieta Fernanda<\/p>\n\n\n\n<p>3\u00b0 Suplente SOLIS, Evangelina Paula<\/p>\n<\/div>\n\n\n\n<div class=\"wp-block-column has-border-color is-layout-flow wp-block-column-is-layout-flow\" style=\"border-color:#996a16;padding-right:var(--wp--preset--spacing--20);padding-left:var(--wp--preset--spacing--20)\">\n<p><strong>Estudiantes<\/strong><\/p>\n\n\n\n<p>Titular VERA BECERRA, Valentina<\/p>\n\n\n\n<p>1er Suplente CAPETTA, Ornella<\/p>\n\n\n\n<p>2do Suplente SU\u00c1REZ MICHELET, Catalina Abril<\/p>\n\n\n\n<p><strong>Graduados<\/strong><\/p>\n\n\n\n<p>HERN\u00c1NDEZ, Teresa<\/p>\n<\/div>\n\n\n\n<div class=\"wp-block-column has-border-color is-layout-flow wp-block-column-is-layout-flow\" style=\"border-color:#996a16;padding-right:var(--wp--preset--spacing--20);padding-left:var(--wp--preset--spacing--20)\">\n<p><strong>Nodocentes<\/strong><\/p>\n\n\n\n<p>Titular<\/p>\n\n\n\n<p>1er Suplente MARTINELLI, Nicol\u00e1s Hugo<\/p>\n<\/div>\n<\/div>\n\n\n\n<p><\/p>\n\n\n\n<p><\/p>\n\n\n\n<p class=\"has-text-align-center has-ast-global-color-5-color has-text-color has-background has-link-color wp-elements-d843227c4076ddaad3d1e34b86d0642f\" style=\"background-color:#996a16;font-size:24px\"><strong>Consejo Directivo (C.D)<\/strong><\/p>\n\n\n\n<p>&#8211; Conformaci\u00f3n:&nbsp;<a href=\"http:\/\/digesto.unsl.edu.ar\/docs\/202308\/20230829094829_19362.pdf\" target=\"_blank\" rel=\"noreferrer noopener\">Res.JE 6\/23<\/a>&nbsp;y&nbsp;<a href=\"https:\/\/notif-vz.unsl.edu.ar\/uploads\/115013\/RCS_3-25_-_ELECCIONES_2024.pdf\" target=\"_blank\" rel=\"noreferrer noopener\">Res.CS 3\/2025<\/a><\/p>\n\n\n\n<div class=\"wp-block-columns is-layout-flex wp-container-core-columns-is-layout-ef350914 wp-block-columns-is-layout-flex\" style=\"padding-top:var(--wp--preset--spacing--30);padding-bottom:var(--wp--preset--spacing--30)\">\n<div class=\"wp-block-column has-border-color is-layout-flow wp-block-column-is-layout-flow\" style=\"border-color:#996a16;padding-right:var(--wp--preset--spacing--20);padding-left:var(--wp--preset--spacing--20)\">\n<p><strong>Profesores<\/strong><\/p>\n\n\n\n<h6 class=\"wp-block-heading\"><strong>Titulares<\/strong><\/h6>\n\n\n\n<p>Cinthia Desiree Vel\u00e1zquez<\/p>\n\n\n\n<p>Mariana Andrea Pi\u00f1ero<\/p>\n\n\n\n<p>Marcela Mar\u00eda De Luca<\/p>\n\n\n\n<p>Daniela Teresita Girolimetto<\/p>\n\n\n\n<p>Ariana Cristina Posadaz<\/p>\n\n\n\n<p><\/p>\n\n\n\n<h6 class=\"wp-block-heading\"><strong>Suplentes<\/strong><\/h6>\n\n\n\n<p>A\u00edda Alba Spinosa Casta\u00f1o<\/p>\n\n\n\n<p>Alejandro Daniel Suyama<\/p>\n\n\n\n<p>Carlos Ariel Barreto<\/p>\n\n\n\n<p>\u00c9rico Hern\u00e1n Bianchi<\/p>\n\n\n\n<p>Gustavo Germ\u00e1n Roitman<\/p>\n<\/div>\n\n\n\n<div class=\"wp-block-column has-border-color is-layout-flow wp-block-column-is-layout-flow\" style=\"border-color:#996a16;padding-right:var(--wp--preset--spacing--20);padding-left:var(--wp--preset--spacing--20)\">\n<p><strong>Auxiliares<\/strong><\/p>\n\n\n\n<h6 class=\"wp-block-heading\"><strong>Titulares<\/strong><\/h6>\n\n\n\n<p>Mar\u00eda In\u00e9s Ciccarone<\/p>\n\n\n\n<p>Gabriela Alejandra Landriel<\/p>\n\n\n\n<p>Mar\u00eda Florencia Arriola<\/p>\n\n\n\n<p>Elisabeth Ver\u00f3nica Baron<\/p>\n\n\n\n<p>Gabriel Eduardo Magnago<\/p>\n\n\n\n<p><\/p>\n\n\n\n<h6 class=\"wp-block-heading\"><strong>Suplentes<\/strong><\/h6>\n\n\n\n<p>Luc\u00eda Villarroel<\/p>\n\n\n\n<p>Eleonora Elvira Casaretto<\/p>\n\n\n\n<p>Julio Francisco Javier Leiva<\/p>\n\n\n\n<p>Federico Mart\u00edn Lucero<\/p>\n\n\n\n<p>Mar\u00eda Cecilia Genovese<\/p>\n\n\n\n<p>Leticia Aguilera Marturano<\/p>\n\n\n\n<p>Alberto Atencia<\/p>\n\n\n\n<p><\/p>\n<\/div>\n\n\n\n<div class=\"wp-block-column has-border-color is-layout-flow wp-block-column-is-layout-flow\" style=\"border-color:#996a16;padding-right:var(--wp--preset--spacing--20);padding-left:var(--wp--preset--spacing--20)\">\n<p><strong>Estudiantes<\/strong><\/p>\n\n\n\n<h6 class=\"wp-block-heading\"><strong>Titulares<\/strong><\/h6>\n\n\n\n<p>Sof\u00eda Figueroa<\/p>\n\n\n\n<p>Mar\u00eda Valentina Fern\u00e1ndez Arce<\/p>\n\n\n\n<p>Gabriel Catalani<\/p>\n\n\n\n<p>Mariangeles Rold\u00e1n Gonz\u00e1lez<\/p>\n\n\n\n<p>Felipe Ramos<\/p>\n\n\n\n<p><\/p>\n\n\n\n<h6 class=\"wp-block-heading\"><strong>Suplentes<\/strong><\/h6>\n\n\n\n<p>Gabriel Emanuel Pennacchio<\/p>\n\n\n\n<p>Juan Santiago Sivori Proc<\/p>\n\n\n\n<p>Mariano Emanuel Sosa Grippo<\/p>\n\n\n\n<p>I\u00f1aki Juli\u00e1n Bentivegna<\/p>\n\n\n\n<p>Valentina Antonella Baldearena<\/p>\n\n\n\n<p>Florencia Valentina Rodr\u00edguez<\/p>\n\n\n\n<p>Mat\u00edas Emanuel Elguero<\/p>\n\n\n\n<p>Francisca Grangetto<\/p>\n\n\n\n<p>Yesica Alexandra Carisani Corralez<\/p>\n\n\n\n<p>Lucio Agust\u00edn Maieru<\/p>\n<\/div>\n\n\n\n<div class=\"wp-block-column has-border-color is-layout-flow wp-block-column-is-layout-flow\" style=\"border-color:#996a16;padding-right:var(--wp--preset--spacing--20);padding-left:var(--wp--preset--spacing--20)\">\n<p><strong>Graduados<\/strong><\/p>\n\n\n\n<h6 class=\"wp-block-heading\"><strong>Titular<\/strong><\/h6>\n\n\n\n<p>Eduardo Rub\u00e9n Herrero<\/p>\n\n\n\n<h6 class=\"wp-block-heading\"><strong>Suplentes<\/strong><\/h6>\n\n\n\n<p>M\u00f3nica Beatriz Ronzio<\/p>\n\n\n\n<p>Bettania Natalia Hern\u00e1ndez N\u00fa\u00f1ez<\/p>\n\n\n\n<p><\/p>\n\n\n\n<p><strong>Nodocentes<\/strong><\/p>\n\n\n\n<h6 class=\"wp-block-heading\"><strong>Titular<\/strong><\/h6>\n\n\n\n<p>Mar\u00eda Alejandra Reta<\/p>\n\n\n\n<h6 class=\"wp-block-heading\"><strong>Suplente<\/strong><\/h6>\n\n\n\n<p>V\u00edctor Daniel Godoy Vilchez<\/p>\n\n\n\n<p>Gisela Romina Aguirre<\/p>\n<\/div>\n<\/div>\n","protected":false},"excerpt":{"rendered":"<p>Autoridades Esp. Agustina Generoso Decana Contacto:&nbsp;ftu.decanato@gmail.com Dr. Pablo V\u00edctor Perepelizin Vicedecano Contacto:&nbsp;ftu.vicedecanato@gmail.com Secretarias Secretar\u00eda General Lic. Pablo El\u00edas RoncalContacto:&nbsp;ftu.secgral@gmail.com Secretar\u00eda [&hellip;]<\/p>\n","protected":false},"author":1,"featured_media":0,"parent":0,"menu_order":0,"comment_status":"closed","ping_status":"closed","template":"","meta":{"site-sidebar-layout":"default","site-content-layout":"","ast-site-content-layout":"default","site-content-style":"default","site-sidebar-style":"default","ast-global-header-display":"","ast-banner-title-visibility":"","ast-main-header-display":"","ast-hfb-above-header-display":"","ast-hfb-below-header-display":"","ast-hfb-mobile-header-display":"","site-post-title":"disabled","ast-breadcrumbs-content":"","ast-featured-img":"","footer-sml-layout":"","theme-transparent-header-meta":"","adv-header-id-meta":"","stick-header-meta":"","header-above-stick-meta":"","header-main-stick-meta":"","header-below-stick-meta":"","astra-migrate-meta-layouts":"default","ast-page-background-enabled":"default","ast-page-background-meta":{"desktop":{"background-color":"var(--ast-global-color-5)","background-image":"","background-repeat":"repeat","background-position":"center center","background-size":"auto","background-attachment":"scroll","background-type":"","background-media":"","overlay-type":"","overlay-color":"","overlay-opacity":"","overlay-gradient":""},"tablet":{"background-color":"","background-image":"","background-repeat":"repeat","background-position":"center center","background-size":"auto","background-attachment":"scroll","background-type":"","background-media":"","overlay-type":"","overlay-color":"","overlay-opacity":"","overlay-gradient":""},"mobile":{"background-color":"","background-image":"","background-repeat":"repeat","background-position":"center center","background-size":"auto","background-attachment":"scroll","background-type":"","background-media":"","overlay-type":"","overlay-color":"","overlay-opacity":"","overlay-gradient":""}},"ast-content-background-meta":{"desktop":{"background-color":"var(--ast-global-color-4)","background-image":"","background-repeat":"repeat","background-position":"center center","background-size":"auto","background-attachment":"scroll","background-type":"","background-media":"","overlay-type":"","overlay-color":"","overlay-opacity":"","overlay-gradient":""},"tablet":{"background-color":"var(--ast-global-color-4)","background-image":"","background-repeat":"repeat","background-position":"center center","background-size":"auto","background-attachment":"scroll","background-type":"","background-media":"","overlay-type":"","overlay-color":"","overlay-opacity":"","overlay-gradient":""},"mobile":{"background-color":"var(--ast-global-color-4)","background-image":"","background-repeat":"repeat","background-position":"center center","background-size":"auto","background-attachment":"scroll","background-type":"","background-media":"","overlay-type":"","overlay-color":"","overlay-opacity":"","overlay-gradient":""}},"footnotes":"","_links_to":"","_links_to_target":""},"class_list":["post-44","page","type-page","status-publish","hentry"],"rttpg_featured_image_url":null,"rttpg_author":{"display_name":"ftu","author_link":"http:\/\/ftuvz.unsl.edu.ar\/index.php\/author\/ftu\/"},"rttpg_comment":0,"rttpg_category":null,"rttpg_excerpt":"Autoridades Esp. Agustina Generoso Decana Contacto:&nbsp;ftu.decanato@gmail.com Dr. Pablo V\u00edctor Perepelizin Vicedecano Contacto:&nbsp;ftu.vicedecanato@gmail.com Secretarias Secretar\u00eda General Lic. Pablo El\u00edas RoncalContacto:&nbsp;ftu.secgral@gmail.com Secretar\u00eda [&hellip;]","_links":{"self":[{"href":"http:\/\/ftuvz.unsl.edu.ar\/index.php\/wp-json\/wp\/v2\/pages\/44","targetHints":{"allow":["GET"]}}],"collection":[{"href":"http:\/\/ftuvz.unsl.edu.ar\/index.php\/wp-json\/wp\/v2\/pages"}],"about":[{"href":"http:\/\/ftuvz.unsl.edu.ar\/index.php\/wp-json\/wp\/v2\/types\/page"}],"author":[{"embeddable":true,"href":"http:\/\/ftuvz.unsl.edu.ar\/index.php\/wp-json\/wp\/v2\/users\/1"}],"replies":[{"embeddable":true,"href":"http:\/\/ftuvz.unsl.edu.ar\/index.php\/wp-json\/wp\/v2\/comments?post=44"}],"version-history":[{"count":26,"href":"http:\/\/ftuvz.unsl.edu.ar\/index.php\/wp-json\/wp\/v2\/pages\/44\/revisions"}],"predecessor-version":[{"id":6112,"href":"http:\/\/ftuvz.unsl.edu.ar\/index.php\/wp-json\/wp\/v2\/pages\/44\/revisions\/6112"}],"wp:attachment":[{"href":"http:\/\/ftuvz.unsl.edu.ar\/index.php\/wp-json\/wp\/v2\/media?parent=44"}],"curies":[{"name":"wp","href":"https:\/\/api.w.org\/{rel}","templated":true}]}}