{"id":2625,"date":"2025-10-28T13:06:39","date_gmt":"2025-10-28T16:06:39","guid":{"rendered":"http:\/\/ftuvz.unsl.edu.ar\/?page_id=2625"},"modified":"2025-10-28T13:06:39","modified_gmt":"2025-10-28T16:06:39","slug":"usillo-aloysia-gratissima","status":"publish","type":"page","link":"http:\/\/ftuvz.unsl.edu.ar\/index.php\/usillo-aloysia-gratissima\/","title":{"rendered":"Usillo (Aloysia gratissima)"},"content":{"rendered":"\n<div class=\"wp-block-group has-border-color has-cyan-bluish-gray-border-color is-layout-constrained wp-block-group-is-layout-constrained\" style=\"border-width:1px;padding-top:var(--wp--preset--spacing--20);padding-bottom:var(--wp--preset--spacing--20)\">\n<div class=\"wp-block-columns is-layout-flex wp-container-core-columns-is-layout-d23209a0 wp-block-columns-is-layout-flex\" style=\"border-style:none;border-width:0px;padding-top:var(--wp--preset--spacing--30);padding-bottom:var(--wp--preset--spacing--30)\">\n<div class=\"wp-block-column is-layout-flow wp-block-column-is-layout-flow\">\n<figure class=\"wp-block-image aligncenter size-full is-resized\"><a href=\"http:\/\/ftuvz.unsl.edu.ar\/wp-content\/uploads\/2025\/10\/Usillo-Aloysia-gratissima1.jpg\"><img loading=\"lazy\" decoding=\"async\" width=\"800\" height=\"600\" src=\"http:\/\/ftuvz.unsl.edu.ar\/wp-content\/uploads\/2025\/10\/Usillo-Aloysia-gratissima1.jpg\" alt=\"\" class=\"wp-image-2626\" style=\"object-fit:cover;width:300px;height:300px\" srcset=\"http:\/\/ftuvz.unsl.edu.ar\/wp-content\/uploads\/2025\/10\/Usillo-Aloysia-gratissima1.jpg 800w, http:\/\/ftuvz.unsl.edu.ar\/wp-content\/uploads\/2025\/10\/Usillo-Aloysia-gratissima1-300x225.jpg 300w, http:\/\/ftuvz.unsl.edu.ar\/wp-content\/uploads\/2025\/10\/Usillo-Aloysia-gratissima1-768x576.jpg 768w\" sizes=\"auto, (max-width: 800px) 100vw, 800px\" \/><\/a><\/figure>\n<\/div>\n\n\n\n<div class=\"wp-block-column is-layout-flow wp-block-column-is-layout-flow\">\n<figure class=\"wp-block-image aligncenter size-full is-resized\"><a href=\"http:\/\/ftuvz.unsl.edu.ar\/wp-content\/uploads\/2025\/10\/Usillo-Aloysia-gratissima2.jpg\"><img loading=\"lazy\" decoding=\"async\" width=\"800\" height=\"600\" src=\"http:\/\/ftuvz.unsl.edu.ar\/wp-content\/uploads\/2025\/10\/Usillo-Aloysia-gratissima2.jpg\" alt=\"\" class=\"wp-image-2627\" style=\"object-fit:cover;width:300px;height:300px\" srcset=\"http:\/\/ftuvz.unsl.edu.ar\/wp-content\/uploads\/2025\/10\/Usillo-Aloysia-gratissima2.jpg 800w, http:\/\/ftuvz.unsl.edu.ar\/wp-content\/uploads\/2025\/10\/Usillo-Aloysia-gratissima2-300x225.jpg 300w, http:\/\/ftuvz.unsl.edu.ar\/wp-content\/uploads\/2025\/10\/Usillo-Aloysia-gratissima2-768x576.jpg 768w\" sizes=\"auto, (max-width: 800px) 100vw, 800px\" \/><\/a><\/figure>\n<\/div>\n<\/div>\n\n\n\n<p>Arbustos arom\u00e1ticos de 0,6-3 m de alto, glabros, en ocasiones brevemente hirsutos cuando j\u00f3venes.<br>Hojas opuestas, subs\u00e9siles a brevemente pecioladas, en ocasiones fasciculadas; l\u00e1minas lineares a el\u00edpticas u ovadas, m\u00e1s raramente obovadas, de 5-70 x 0,5-30 mm, membran\u00e1ceas a cori\u00e1ceas, base aguda, atenuada, \u00e1pice agudo, en ocasiones subobtuso, margen entero, aserrado o dentado, pubescencia escabrosa en la cara adaxial, cara abaxial subglabra a h\u00edspido-estrigosa.<br>Sinflorescencias en pleiobotrios homot\u00e9ticos, formadas por racimos espiciformes laxos o densos, de 2-13 cm de largo, con ped\u00fanculos de 0,4-3 cm de largo, solitarios, axilares.<br>Br\u00e1cteas florales ovadas, de \u00e1pice acuminado, de 1-2 mm de largo, pubescencia escasa, estrigosa, margen ciliado; c\u00e1liz de 2-4 mm de largo, h\u00edspido, pubescencia densa en la mitad inferior, rala hacia el \u00e1pice, dientes subiguales, agudos; corola blanca de 3-5 mm de largo, fauce villosa, subglabra a pub\u00e9rula en la mitad superior externa; estambres inclusos con el conectivo apiculado.<br>Clusas de 1-2 x 0,5 mm, glabras.<\/p>\n\n\n\n<p class=\"has-text-align-right\" style=\"font-size:15px\">Fuente:\u00a0<a href=\"http:\/\/conosur.floraargentina.edu.ar\/species\/details\/10367\" target=\"_blank\" rel=\"noreferrer noopener\">conosur.floraargentina<\/a><\/p>\n\n\n\n<p class=\"has-text-align-left\" style=\"font-size:15px\">Po\u00e9tica: Oraci\u00f3n al Usillo<\/p>\n\n\n\n<figure class=\"wp-block-image size-full is-resized\"><a href=\"\/wp-content\/uploads\/jardines-y-sensaciones\/Usillo.m4a\"><img loading=\"lazy\" decoding=\"async\" width=\"980\" height=\"980\" src=\"http:\/\/ftuvz.unsl.edu.ar\/wp-content\/uploads\/2025\/10\/audio.jpg\" alt=\"\" class=\"wp-image-2488\" style=\"object-fit:cover;width:60px;height:60px\" srcset=\"http:\/\/ftuvz.unsl.edu.ar\/wp-content\/uploads\/2025\/10\/audio.jpg 980w, http:\/\/ftuvz.unsl.edu.ar\/wp-content\/uploads\/2025\/10\/audio-300x300.jpg 300w, http:\/\/ftuvz.unsl.edu.ar\/wp-content\/uploads\/2025\/10\/audio-150x150.jpg 150w, http:\/\/ftuvz.unsl.edu.ar\/wp-content\/uploads\/2025\/10\/audio-768x768.jpg 768w\" sizes=\"auto, (max-width: 980px) 100vw, 980px\" \/><\/a><\/figure>\n<\/div>\n","protected":false},"excerpt":{"rendered":"<p>Arbustos arom\u00e1ticos de 0,6-3 m de alto, glabros, en ocasiones brevemente hirsutos cuando j\u00f3venes.Hojas opuestas, subs\u00e9siles a brevemente pecioladas, en [&hellip;]<\/p>\n","protected":false},"author":1,"featured_media":0,"parent":0,"menu_order":0,"comment_status":"closed","ping_status":"closed","template":"","meta":{"site-sidebar-layout":"default","site-content-layout":"","ast-site-content-layout":"default","site-content-style":"default","site-sidebar-style":"default","ast-global-header-display":"","ast-banner-title-visibility":"","ast-main-header-display":"","ast-hfb-above-header-display":"","ast-hfb-below-header-display":"","ast-hfb-mobile-header-display":"","site-post-title":"","ast-breadcrumbs-content":"","ast-featured-img":"","footer-sml-layout":"","theme-transparent-header-meta":"","adv-header-id-meta":"","stick-header-meta":"","header-above-stick-meta":"","header-main-stick-meta":"","header-below-stick-meta":"","astra-migrate-meta-layouts":"default","ast-page-background-enabled":"default","ast-page-background-meta":{"desktop":{"background-color":"var(--ast-global-color-5)","background-image":"","background-repeat":"repeat","background-position":"center center","background-size":"auto","background-attachment":"scroll","background-type":"","background-media":"","overlay-type":"","overlay-color":"","overlay-opacity":"","overlay-gradient":""},"tablet":{"background-color":"","background-image":"","background-repeat":"repeat","background-position":"center center","background-size":"auto","background-attachment":"scroll","background-type":"","background-media":"","overlay-type":"","overlay-color":"","overlay-opacity":"","overlay-gradient":""},"mobile":{"background-color":"","background-image":"","background-repeat":"repeat","background-position":"center center","background-size":"auto","background-attachment":"scroll","background-type":"","background-media":"","overlay-type":"","overlay-color":"","overlay-opacity":"","overlay-gradient":""}},"ast-content-background-meta":{"desktop":{"background-color":"var(--ast-global-color-4)","background-image":"","background-repeat":"repeat","background-position":"center center","background-size":"auto","background-attachment":"scroll","background-type":"","background-media":"","overlay-type":"","overlay-color":"","overlay-opacity":"","overlay-gradient":""},"tablet":{"background-color":"var(--ast-global-color-4)","background-image":"","background-repeat":"repeat","background-position":"center center","background-size":"auto","background-attachment":"scroll","background-type":"","background-media":"","overlay-type":"","overlay-color":"","overlay-opacity":"","overlay-gradient":""},"mobile":{"background-color":"var(--ast-global-color-4)","background-image":"","background-repeat":"repeat","background-position":"center center","background-size":"auto","background-attachment":"scroll","background-type":"","background-media":"","overlay-type":"","overlay-color":"","overlay-opacity":"","overlay-gradient":""}},"footnotes":"","_links_to":"","_links_to_target":""},"class_list":["post-2625","page","type-page","status-publish","hentry"],"rttpg_featured_image_url":null,"rttpg_author":{"display_name":"ftu","author_link":"http:\/\/ftuvz.unsl.edu.ar\/index.php\/author\/ftu\/"},"rttpg_comment":0,"rttpg_category":null,"rttpg_excerpt":"Arbustos arom\u00e1ticos de 0,6-3 m de alto, glabros, en ocasiones brevemente hirsutos cuando j\u00f3venes.Hojas opuestas, subs\u00e9siles a brevemente pecioladas, en [&hellip;]","_links":{"self":[{"href":"http:\/\/ftuvz.unsl.edu.ar\/index.php\/wp-json\/wp\/v2\/pages\/2625","targetHints":{"allow":["GET"]}}],"collection":[{"href":"http:\/\/ftuvz.unsl.edu.ar\/index.php\/wp-json\/wp\/v2\/pages"}],"about":[{"href":"http:\/\/ftuvz.unsl.edu.ar\/index.php\/wp-json\/wp\/v2\/types\/page"}],"author":[{"embeddable":true,"href":"http:\/\/ftuvz.unsl.edu.ar\/index.php\/wp-json\/wp\/v2\/users\/1"}],"replies":[{"embeddable":true,"href":"http:\/\/ftuvz.unsl.edu.ar\/index.php\/wp-json\/wp\/v2\/comments?post=2625"}],"version-history":[{"count":1,"href":"http:\/\/ftuvz.unsl.edu.ar\/index.php\/wp-json\/wp\/v2\/pages\/2625\/revisions"}],"predecessor-version":[{"id":2628,"href":"http:\/\/ftuvz.unsl.edu.ar\/index.php\/wp-json\/wp\/v2\/pages\/2625\/revisions\/2628"}],"wp:attachment":[{"href":"http:\/\/ftuvz.unsl.edu.ar\/index.php\/wp-json\/wp\/v2\/media?parent=2625"}],"curies":[{"name":"wp","href":"https:\/\/api.w.org\/{rel}","templated":true}]}}