{"id":2578,"date":"2025-10-28T12:16:52","date_gmt":"2025-10-28T15:16:52","guid":{"rendered":"http:\/\/ftuvz.unsl.edu.ar\/?page_id=2578"},"modified":"2025-10-28T12:16:52","modified_gmt":"2025-10-28T15:16:52","slug":"ruda-ruta-chalepensis","status":"publish","type":"page","link":"http:\/\/ftuvz.unsl.edu.ar\/index.php\/ruda-ruta-chalepensis\/","title":{"rendered":"Ruda (Ruta chalepensis)"},"content":{"rendered":"\n<div class=\"wp-block-group has-border-color has-cyan-bluish-gray-border-color is-layout-constrained wp-block-group-is-layout-constrained\" style=\"border-width:1px;padding-top:var(--wp--preset--spacing--20);padding-bottom:var(--wp--preset--spacing--20)\">\n<div class=\"wp-block-columns is-layout-flex wp-container-core-columns-is-layout-d23209a0 wp-block-columns-is-layout-flex\" style=\"border-style:none;border-width:0px;padding-top:var(--wp--preset--spacing--30);padding-bottom:var(--wp--preset--spacing--30)\">\n<div class=\"wp-block-column is-layout-flow wp-block-column-is-layout-flow\">\n<figure class=\"wp-block-image aligncenter size-full is-resized\"><a href=\"http:\/\/ftuvz.unsl.edu.ar\/wp-content\/uploads\/2025\/10\/Ruda-Ruta-chalepensis1.jpg\"><img loading=\"lazy\" decoding=\"async\" width=\"800\" height=\"600\" src=\"http:\/\/ftuvz.unsl.edu.ar\/wp-content\/uploads\/2025\/10\/Ruda-Ruta-chalepensis1.jpg\" alt=\"\" class=\"wp-image-2579\" style=\"object-fit:cover;width:300px;height:300px\" srcset=\"http:\/\/ftuvz.unsl.edu.ar\/wp-content\/uploads\/2025\/10\/Ruda-Ruta-chalepensis1.jpg 800w, http:\/\/ftuvz.unsl.edu.ar\/wp-content\/uploads\/2025\/10\/Ruda-Ruta-chalepensis1-300x225.jpg 300w, http:\/\/ftuvz.unsl.edu.ar\/wp-content\/uploads\/2025\/10\/Ruda-Ruta-chalepensis1-768x576.jpg 768w\" sizes=\"auto, (max-width: 800px) 100vw, 800px\" \/><\/a><\/figure>\n<\/div>\n\n\n\n<div class=\"wp-block-column is-layout-flow wp-block-column-is-layout-flow\">\n<figure class=\"wp-block-image aligncenter size-full is-resized\"><a href=\"http:\/\/ftuvz.unsl.edu.ar\/wp-content\/uploads\/2025\/10\/Ruda-Ruta-chalepensis2.jpg\"><img loading=\"lazy\" decoding=\"async\" width=\"800\" height=\"600\" src=\"http:\/\/ftuvz.unsl.edu.ar\/wp-content\/uploads\/2025\/10\/Ruda-Ruta-chalepensis2.jpg\" alt=\"\" class=\"wp-image-2580\" style=\"object-fit:cover;width:300px;height:300px\" srcset=\"http:\/\/ftuvz.unsl.edu.ar\/wp-content\/uploads\/2025\/10\/Ruda-Ruta-chalepensis2.jpg 800w, http:\/\/ftuvz.unsl.edu.ar\/wp-content\/uploads\/2025\/10\/Ruda-Ruta-chalepensis2-300x225.jpg 300w, http:\/\/ftuvz.unsl.edu.ar\/wp-content\/uploads\/2025\/10\/Ruda-Ruta-chalepensis2-768x576.jpg 768w\" sizes=\"auto, (max-width: 800px) 100vw, 800px\" \/><\/a><\/figure>\n<\/div>\n<\/div>\n\n\n\n<p>Planta perenne, glabra, de olor fuerte y desagradable, sabor picante, con tallos de 20 &#8211; 60 cm, cil\u00edndricos, de color verde azulado, con numerosas gl\u00e1ndulas s\u00e9siles y con una m\u00e9dula esponjosa blanca.<br>Las hojas, de hasta 7 mm, son alternas, 2 &#8211; 3 pinnatisectas, con 4 &#8211; 5 pares de pinnas subopuestas que tienen los \u00faltimos segmentos de linear o obovados, de 1,5 &#8211; 6 mm, margen entero y \u00e1pice redondeado; las basales tienen un peciolo m\u00e1s o menos corto.<br>Las flores se re\u00fanen en una inflorescencia cimosa, laxa, con pedicelos tan largos o m\u00e1s que el fruto; las ramas y el pedicelo son glabros, a veces con unas pocas gl\u00e1ndulas en la parte superior; las br\u00e1cteas son m\u00e1s anchas que las ramas, las inferiores generalmente cordadas &#8211; ovadas.<br>El c\u00e1liz consta de 4 s\u00e9palos glabros, de forma deltada &#8211; ovada, \u00e1pice agudo y hasta 3 mm. La corola tiene 4 p\u00e9talos oblongos, con el margen provisto de cilios o fimbrias m\u00e1s cortos que la anchura del p\u00e9talo.<br>El androceo tiene el doble de estambres que el n\u00famero de p\u00e9talos, con filamentos glabros y atenuados.<br>El fruto es una c\u00e1psula glabra de hasta 7 mm, ovoide, con el \u00e1pice hendido en 4 partes, cada una de las cuales tiene varias semillas pardas.<br>Florece de marzo a junio.<\/p>\n\n\n\n<p class=\"has-text-align-right\" style=\"font-size:15px\">Fuente:\u00a0<a href=\"https:\/\/www.asturnatura.com\/especie\/ruta-chalepensis.html\" target=\"_blank\" rel=\"noreferrer noopener\">asturnatura<\/a><\/p>\n<\/div>\n","protected":false},"excerpt":{"rendered":"<p>Planta perenne, glabra, de olor fuerte y desagradable, sabor picante, con tallos de 20 &#8211; 60 cm, cil\u00edndricos, de color [&hellip;]<\/p>\n","protected":false},"author":1,"featured_media":0,"parent":0,"menu_order":0,"comment_status":"closed","ping_status":"closed","template":"","meta":{"site-sidebar-layout":"default","site-content-layout":"","ast-site-content-layout":"default","site-content-style":"default","site-sidebar-style":"default","ast-global-header-display":"","ast-banner-title-visibility":"","ast-main-header-display":"","ast-hfb-above-header-display":"","ast-hfb-below-header-display":"","ast-hfb-mobile-header-display":"","site-post-title":"","ast-breadcrumbs-content":"","ast-featured-img":"","footer-sml-layout":"","theme-transparent-header-meta":"","adv-header-id-meta":"","stick-header-meta":"","header-above-stick-meta":"","header-main-stick-meta":"","header-below-stick-meta":"","astra-migrate-meta-layouts":"default","ast-page-background-enabled":"default","ast-page-background-meta":{"desktop":{"background-color":"var(--ast-global-color-5)","background-image":"","background-repeat":"repeat","background-position":"center center","background-size":"auto","background-attachment":"scroll","background-type":"","background-media":"","overlay-type":"","overlay-color":"","overlay-opacity":"","overlay-gradient":""},"tablet":{"background-color":"","background-image":"","background-repeat":"repeat","background-position":"center center","background-size":"auto","background-attachment":"scroll","background-type":"","background-media":"","overlay-type":"","overlay-color":"","overlay-opacity":"","overlay-gradient":""},"mobile":{"background-color":"","background-image":"","background-repeat":"repeat","background-position":"center center","background-size":"auto","background-attachment":"scroll","background-type":"","background-media":"","overlay-type":"","overlay-color":"","overlay-opacity":"","overlay-gradient":""}},"ast-content-background-meta":{"desktop":{"background-color":"var(--ast-global-color-4)","background-image":"","background-repeat":"repeat","background-position":"center center","background-size":"auto","background-attachment":"scroll","background-type":"","background-media":"","overlay-type":"","overlay-color":"","overlay-opacity":"","overlay-gradient":""},"tablet":{"background-color":"var(--ast-global-color-4)","background-image":"","background-repeat":"repeat","background-position":"center center","background-size":"auto","background-attachment":"scroll","background-type":"","background-media":"","overlay-type":"","overlay-color":"","overlay-opacity":"","overlay-gradient":""},"mobile":{"background-color":"var(--ast-global-color-4)","background-image":"","background-repeat":"repeat","background-position":"center center","background-size":"auto","background-attachment":"scroll","background-type":"","background-media":"","overlay-type":"","overlay-color":"","overlay-opacity":"","overlay-gradient":""}},"footnotes":"","_links_to":"","_links_to_target":""},"class_list":["post-2578","page","type-page","status-publish","hentry"],"rttpg_featured_image_url":null,"rttpg_author":{"display_name":"ftu","author_link":"http:\/\/ftuvz.unsl.edu.ar\/index.php\/author\/ftu\/"},"rttpg_comment":0,"rttpg_category":null,"rttpg_excerpt":"Planta perenne, glabra, de olor fuerte y desagradable, sabor picante, con tallos de 20 &#8211; 60 cm, cil\u00edndricos, de color [&hellip;]","_links":{"self":[{"href":"http:\/\/ftuvz.unsl.edu.ar\/index.php\/wp-json\/wp\/v2\/pages\/2578","targetHints":{"allow":["GET"]}}],"collection":[{"href":"http:\/\/ftuvz.unsl.edu.ar\/index.php\/wp-json\/wp\/v2\/pages"}],"about":[{"href":"http:\/\/ftuvz.unsl.edu.ar\/index.php\/wp-json\/wp\/v2\/types\/page"}],"author":[{"embeddable":true,"href":"http:\/\/ftuvz.unsl.edu.ar\/index.php\/wp-json\/wp\/v2\/users\/1"}],"replies":[{"embeddable":true,"href":"http:\/\/ftuvz.unsl.edu.ar\/index.php\/wp-json\/wp\/v2\/comments?post=2578"}],"version-history":[{"count":1,"href":"http:\/\/ftuvz.unsl.edu.ar\/index.php\/wp-json\/wp\/v2\/pages\/2578\/revisions"}],"predecessor-version":[{"id":2581,"href":"http:\/\/ftuvz.unsl.edu.ar\/index.php\/wp-json\/wp\/v2\/pages\/2578\/revisions\/2581"}],"wp:attachment":[{"href":"http:\/\/ftuvz.unsl.edu.ar\/index.php\/wp-json\/wp\/v2\/media?parent=2578"}],"curies":[{"name":"wp","href":"https:\/\/api.w.org\/{rel}","templated":true}]}}