{"id":2574,"date":"2025-10-28T12:14:33","date_gmt":"2025-10-28T15:14:33","guid":{"rendered":"http:\/\/ftuvz.unsl.edu.ar\/?page_id=2574"},"modified":"2025-10-28T12:14:33","modified_gmt":"2025-10-28T15:14:33","slug":"romero-salvia-rosmarinus","status":"publish","type":"page","link":"http:\/\/ftuvz.unsl.edu.ar\/index.php\/romero-salvia-rosmarinus\/","title":{"rendered":"Romero (Salvia rosmarinus)"},"content":{"rendered":"\n<div class=\"wp-block-group has-border-color has-cyan-bluish-gray-border-color is-layout-constrained wp-block-group-is-layout-constrained\" style=\"border-width:1px;padding-top:var(--wp--preset--spacing--20);padding-bottom:var(--wp--preset--spacing--20)\">\n<div class=\"wp-block-columns is-layout-flex wp-container-core-columns-is-layout-d23209a0 wp-block-columns-is-layout-flex\" style=\"border-style:none;border-width:0px;padding-top:var(--wp--preset--spacing--30);padding-bottom:var(--wp--preset--spacing--30)\">\n<div class=\"wp-block-column is-layout-flow wp-block-column-is-layout-flow\">\n<figure class=\"wp-block-image aligncenter size-full is-resized\"><a href=\"http:\/\/ftuvz.unsl.edu.ar\/wp-content\/uploads\/2025\/10\/Romero-Salvia-rosmarinus1.jpg\"><img loading=\"lazy\" decoding=\"async\" width=\"800\" height=\"600\" src=\"http:\/\/ftuvz.unsl.edu.ar\/wp-content\/uploads\/2025\/10\/Romero-Salvia-rosmarinus1.jpg\" alt=\"\" class=\"wp-image-2575\" style=\"object-fit:cover;width:300px;height:300px\" srcset=\"http:\/\/ftuvz.unsl.edu.ar\/wp-content\/uploads\/2025\/10\/Romero-Salvia-rosmarinus1.jpg 800w, http:\/\/ftuvz.unsl.edu.ar\/wp-content\/uploads\/2025\/10\/Romero-Salvia-rosmarinus1-300x225.jpg 300w, http:\/\/ftuvz.unsl.edu.ar\/wp-content\/uploads\/2025\/10\/Romero-Salvia-rosmarinus1-768x576.jpg 768w\" sizes=\"auto, (max-width: 800px) 100vw, 800px\" \/><\/a><\/figure>\n<\/div>\n\n\n\n<div class=\"wp-block-column is-layout-flow wp-block-column-is-layout-flow\">\n<figure class=\"wp-block-image aligncenter size-full is-resized\"><a href=\"http:\/\/ftuvz.unsl.edu.ar\/wp-content\/uploads\/2025\/10\/Romero-Salvia-rosmarinus2.jpg\"><img loading=\"lazy\" decoding=\"async\" width=\"800\" height=\"600\" src=\"http:\/\/ftuvz.unsl.edu.ar\/wp-content\/uploads\/2025\/10\/Romero-Salvia-rosmarinus2.jpg\" alt=\"\" class=\"wp-image-2576\" style=\"object-fit:cover;width:300px;height:300px\" srcset=\"http:\/\/ftuvz.unsl.edu.ar\/wp-content\/uploads\/2025\/10\/Romero-Salvia-rosmarinus2.jpg 800w, http:\/\/ftuvz.unsl.edu.ar\/wp-content\/uploads\/2025\/10\/Romero-Salvia-rosmarinus2-300x225.jpg 300w, http:\/\/ftuvz.unsl.edu.ar\/wp-content\/uploads\/2025\/10\/Romero-Salvia-rosmarinus2-768x576.jpg 768w\" sizes=\"auto, (max-width: 800px) 100vw, 800px\" \/><\/a><\/figure>\n<\/div>\n<\/div>\n\n\n\n<p>El romero es un arbusto arom\u00e1tico, le\u00f1oso, de hojas perennes, muy ramificado y ocasionalmente achaparrado y que puede llegar a medir hasta 2 metros de altura.<br>Los tallos j\u00f3venes est\u00e1n cubiertos de borra \u2014que desaparece al crecer\u2014, a medida que envejecen se vuelven de color rojizo y con la corteza resquebrajada.<br>Las hojas, peque\u00f1as y muy abundantes, presentan forma lineal. Son opuestas, s\u00e9siles, enteras, con los bordes hacia abajo y de un color verde oscuro, mientras que por el env\u00e9s presentan un color blanquecino y est\u00e1n cubiertas de vellosidad.<br>En la zona de uni\u00f3n de la hoja con el tallo nacen los ramilletes flor\u00edferos.<br>Las flores son de unos 5 mm de largo. Tienen la corola bilabiada de una sola pieza.<br>El color es azul violeta p\u00e1lido, rosa o blanco, con c\u00e1liz verde o algo rojizo, tambi\u00e9n bilabiado y acampanado.<br>Son flores axilares, muy arom\u00e1ticas y mel\u00edferas; se localizan en la cima de las ramas, tienen dos estambres encorvados soldados a la corola y con un peque\u00f1o diente.<br>El fruto, encerrado en el fondo del c\u00e1liz, est\u00e1 formado por cuatro n\u00faculas de 1.5-3 por 1-2 mm, ovoides, aplanadas, color casta\u00f1o claro con una mancha clara en la zona de inserci\u00f3n<\/p>\n\n\n\n<p class=\"has-text-align-right\" style=\"font-size:15px\">Fuente:\u00a0<a href=\"https:\/\/colombia.inaturalist.org\/taxa\/82921-Rosmarinus-officinalis\" target=\"_blank\" rel=\"noreferrer noopener\">colombia.inaturalist<\/a><\/p>\n<\/div>\n","protected":false},"excerpt":{"rendered":"<p>El romero es un arbusto arom\u00e1tico, le\u00f1oso, de hojas perennes, muy ramificado y ocasionalmente achaparrado y que puede llegar a [&hellip;]<\/p>\n","protected":false},"author":1,"featured_media":0,"parent":0,"menu_order":0,"comment_status":"closed","ping_status":"closed","template":"","meta":{"site-sidebar-layout":"default","site-content-layout":"","ast-site-content-layout":"default","site-content-style":"default","site-sidebar-style":"default","ast-global-header-display":"","ast-banner-title-visibility":"","ast-main-header-display":"","ast-hfb-above-header-display":"","ast-hfb-below-header-display":"","ast-hfb-mobile-header-display":"","site-post-title":"","ast-breadcrumbs-content":"","ast-featured-img":"","footer-sml-layout":"","theme-transparent-header-meta":"","adv-header-id-meta":"","stick-header-meta":"","header-above-stick-meta":"","header-main-stick-meta":"","header-below-stick-meta":"","astra-migrate-meta-layouts":"default","ast-page-background-enabled":"default","ast-page-background-meta":{"desktop":{"background-color":"var(--ast-global-color-5)","background-image":"","background-repeat":"repeat","background-position":"center center","background-size":"auto","background-attachment":"scroll","background-type":"","background-media":"","overlay-type":"","overlay-color":"","overlay-opacity":"","overlay-gradient":""},"tablet":{"background-color":"","background-image":"","background-repeat":"repeat","background-position":"center center","background-size":"auto","background-attachment":"scroll","background-type":"","background-media":"","overlay-type":"","overlay-color":"","overlay-opacity":"","overlay-gradient":""},"mobile":{"background-color":"","background-image":"","background-repeat":"repeat","background-position":"center center","background-size":"auto","background-attachment":"scroll","background-type":"","background-media":"","overlay-type":"","overlay-color":"","overlay-opacity":"","overlay-gradient":""}},"ast-content-background-meta":{"desktop":{"background-color":"var(--ast-global-color-4)","background-image":"","background-repeat":"repeat","background-position":"center center","background-size":"auto","background-attachment":"scroll","background-type":"","background-media":"","overlay-type":"","overlay-color":"","overlay-opacity":"","overlay-gradient":""},"tablet":{"background-color":"var(--ast-global-color-4)","background-image":"","background-repeat":"repeat","background-position":"center center","background-size":"auto","background-attachment":"scroll","background-type":"","background-media":"","overlay-type":"","overlay-color":"","overlay-opacity":"","overlay-gradient":""},"mobile":{"background-color":"var(--ast-global-color-4)","background-image":"","background-repeat":"repeat","background-position":"center center","background-size":"auto","background-attachment":"scroll","background-type":"","background-media":"","overlay-type":"","overlay-color":"","overlay-opacity":"","overlay-gradient":""}},"footnotes":"","_links_to":"","_links_to_target":""},"class_list":["post-2574","page","type-page","status-publish","hentry"],"rttpg_featured_image_url":null,"rttpg_author":{"display_name":"ftu","author_link":"http:\/\/ftuvz.unsl.edu.ar\/index.php\/author\/ftu\/"},"rttpg_comment":0,"rttpg_category":null,"rttpg_excerpt":"El romero es un arbusto arom\u00e1tico, le\u00f1oso, de hojas perennes, muy ramificado y ocasionalmente achaparrado y que puede llegar a [&hellip;]","_links":{"self":[{"href":"http:\/\/ftuvz.unsl.edu.ar\/index.php\/wp-json\/wp\/v2\/pages\/2574","targetHints":{"allow":["GET"]}}],"collection":[{"href":"http:\/\/ftuvz.unsl.edu.ar\/index.php\/wp-json\/wp\/v2\/pages"}],"about":[{"href":"http:\/\/ftuvz.unsl.edu.ar\/index.php\/wp-json\/wp\/v2\/types\/page"}],"author":[{"embeddable":true,"href":"http:\/\/ftuvz.unsl.edu.ar\/index.php\/wp-json\/wp\/v2\/users\/1"}],"replies":[{"embeddable":true,"href":"http:\/\/ftuvz.unsl.edu.ar\/index.php\/wp-json\/wp\/v2\/comments?post=2574"}],"version-history":[{"count":1,"href":"http:\/\/ftuvz.unsl.edu.ar\/index.php\/wp-json\/wp\/v2\/pages\/2574\/revisions"}],"predecessor-version":[{"id":2577,"href":"http:\/\/ftuvz.unsl.edu.ar\/index.php\/wp-json\/wp\/v2\/pages\/2574\/revisions\/2577"}],"wp:attachment":[{"href":"http:\/\/ftuvz.unsl.edu.ar\/index.php\/wp-json\/wp\/v2\/media?parent=2574"}],"curies":[{"name":"wp","href":"https:\/\/api.w.org\/{rel}","templated":true}]}}