{"id":2567,"date":"2025-10-28T10:25:45","date_gmt":"2025-10-28T13:25:45","guid":{"rendered":"http:\/\/ftuvz.unsl.edu.ar\/?page_id=2567"},"modified":"2025-10-28T10:25:45","modified_gmt":"2025-10-28T13:25:45","slug":"poleo-lippia-turbinata","status":"publish","type":"page","link":"http:\/\/ftuvz.unsl.edu.ar\/index.php\/poleo-lippia-turbinata\/","title":{"rendered":"Poleo (Lippia turbinata)"},"content":{"rendered":"\n<div class=\"wp-block-group has-border-color has-cyan-bluish-gray-border-color is-layout-constrained wp-block-group-is-layout-constrained\" style=\"border-width:1px;padding-top:var(--wp--preset--spacing--20);padding-bottom:var(--wp--preset--spacing--20)\">\n<div class=\"wp-block-columns is-layout-flex wp-container-core-columns-is-layout-d23209a0 wp-block-columns-is-layout-flex\" style=\"border-style:none;border-width:0px;padding-top:var(--wp--preset--spacing--30);padding-bottom:var(--wp--preset--spacing--30)\">\n<div class=\"wp-block-column is-layout-flow wp-block-column-is-layout-flow\">\n<figure class=\"wp-block-image aligncenter size-full is-resized\"><a href=\"http:\/\/ftuvz.unsl.edu.ar\/wp-content\/uploads\/2025\/10\/Poleo-Lippia-turbinata1.jpg\"><img loading=\"lazy\" decoding=\"async\" width=\"300\" height=\"200\" src=\"http:\/\/ftuvz.unsl.edu.ar\/wp-content\/uploads\/2025\/10\/Poleo-Lippia-turbinata1.jpg\" alt=\"\" class=\"wp-image-2568\" style=\"object-fit:cover;width:300px;height:300px\"\/><\/a><\/figure>\n<\/div>\n\n\n\n<div class=\"wp-block-column is-layout-flow wp-block-column-is-layout-flow\">\n<figure class=\"wp-block-image aligncenter size-full is-resized\"><a href=\"http:\/\/ftuvz.unsl.edu.ar\/wp-content\/uploads\/2025\/10\/Poleo-Lippia-turbinata2.jpg\"><img loading=\"lazy\" decoding=\"async\" width=\"300\" height=\"200\" src=\"http:\/\/ftuvz.unsl.edu.ar\/wp-content\/uploads\/2025\/10\/Poleo-Lippia-turbinata2.jpg\" alt=\"\" class=\"wp-image-2569\" style=\"object-fit:cover;width:300px;height:300px\"\/><\/a><\/figure>\n<\/div>\n<\/div>\n\n\n\n<p>Arbustos arom\u00e1ticos de 1-2 m de alto, muy ramificados.<br>Hojas opuestas o ternadas, ovadas, obovadas, angostamente el\u00edpticas a el\u00edpticas, de 1-4,5 x 0,3-2 cm, atenuadas en la base en breve pec\u00edolo, acuminadas, serruladas en los 2\/3 superiores, rara vez enteras, \u00e1spero-escabrosas a glabrescentes en ambas caras.<br>Sinflorescencias en pleiobotrios homot\u00e9ticos frondosos; florescencias en espigas subglobosas, de 4-6 mm de di\u00e1metro, hemisf\u00e9ricas en la fructificaci\u00f3n hasta de 1 cm de di\u00e1metro, con ped\u00fanculos de 3-6 mm de largo; br\u00e1cteas imbricadas, las basales de 3-4,5 x 1-1,8 mm, angostamente el\u00edpticas, las restantes de 1,8- 2 x 1,7-2 mm, ovadas o r\u00f3mbico-ovadas, acuminadas, estrigosas en la parte media y subglabras hacia el \u00e1pice.<br>C\u00e1liz persistente, 2-fido, s\u00e9palos de 1,5-2 mm de largo, lineares o angostamente el\u00edpticos, carena densa y largamente ciliada; corola blanca a blanco-lilacina, tubuloso-bilabiada, de limbo reducido y tubo de 2,5-3 mm de largo, pub\u00e9rulo hacia el \u00e1pice.<br>Fruto obovoide; clusas de 2 x 1,8 mm, cara dorsal subglobosa y algo rugosa, la comisural plana, lisa.<br><\/p>\n\n\n\n<p class=\"has-text-align-right\" style=\"font-size:15px\"><small>Fuente:\u00a0<a href=\"http:\/\/conosur.floraargentina.edu.ar\/species\/details\/25329\" target=\"_blank\" rel=\"noreferrer noopener\">conosur.floraargentina<\/a><\/small><\/p>\n<\/div>\n","protected":false},"excerpt":{"rendered":"<p>Arbustos arom\u00e1ticos de 1-2 m de alto, muy ramificados.Hojas opuestas o ternadas, ovadas, obovadas, angostamente el\u00edpticas a el\u00edpticas, de 1-4,5 [&hellip;]<\/p>\n","protected":false},"author":1,"featured_media":0,"parent":0,"menu_order":0,"comment_status":"closed","ping_status":"closed","template":"","meta":{"site-sidebar-layout":"default","site-content-layout":"","ast-site-content-layout":"default","site-content-style":"default","site-sidebar-style":"default","ast-global-header-display":"","ast-banner-title-visibility":"","ast-main-header-display":"","ast-hfb-above-header-display":"","ast-hfb-below-header-display":"","ast-hfb-mobile-header-display":"","site-post-title":"","ast-breadcrumbs-content":"","ast-featured-img":"","footer-sml-layout":"","theme-transparent-header-meta":"","adv-header-id-meta":"","stick-header-meta":"","header-above-stick-meta":"","header-main-stick-meta":"","header-below-stick-meta":"","astra-migrate-meta-layouts":"default","ast-page-background-enabled":"default","ast-page-background-meta":{"desktop":{"background-color":"var(--ast-global-color-5)","background-image":"","background-repeat":"repeat","background-position":"center center","background-size":"auto","background-attachment":"scroll","background-type":"","background-media":"","overlay-type":"","overlay-color":"","overlay-opacity":"","overlay-gradient":""},"tablet":{"background-color":"","background-image":"","background-repeat":"repeat","background-position":"center center","background-size":"auto","background-attachment":"scroll","background-type":"","background-media":"","overlay-type":"","overlay-color":"","overlay-opacity":"","overlay-gradient":""},"mobile":{"background-color":"","background-image":"","background-repeat":"repeat","background-position":"center center","background-size":"auto","background-attachment":"scroll","background-type":"","background-media":"","overlay-type":"","overlay-color":"","overlay-opacity":"","overlay-gradient":""}},"ast-content-background-meta":{"desktop":{"background-color":"var(--ast-global-color-4)","background-image":"","background-repeat":"repeat","background-position":"center center","background-size":"auto","background-attachment":"scroll","background-type":"","background-media":"","overlay-type":"","overlay-color":"","overlay-opacity":"","overlay-gradient":""},"tablet":{"background-color":"var(--ast-global-color-4)","background-image":"","background-repeat":"repeat","background-position":"center center","background-size":"auto","background-attachment":"scroll","background-type":"","background-media":"","overlay-type":"","overlay-color":"","overlay-opacity":"","overlay-gradient":""},"mobile":{"background-color":"var(--ast-global-color-4)","background-image":"","background-repeat":"repeat","background-position":"center center","background-size":"auto","background-attachment":"scroll","background-type":"","background-media":"","overlay-type":"","overlay-color":"","overlay-opacity":"","overlay-gradient":""}},"footnotes":"","_links_to":"","_links_to_target":""},"class_list":["post-2567","page","type-page","status-publish","hentry"],"rttpg_featured_image_url":null,"rttpg_author":{"display_name":"ftu","author_link":"http:\/\/ftuvz.unsl.edu.ar\/index.php\/author\/ftu\/"},"rttpg_comment":0,"rttpg_category":null,"rttpg_excerpt":"Arbustos arom\u00e1ticos de 1-2 m de alto, muy ramificados.Hojas opuestas o ternadas, ovadas, obovadas, angostamente el\u00edpticas a el\u00edpticas, de 1-4,5 [&hellip;]","_links":{"self":[{"href":"http:\/\/ftuvz.unsl.edu.ar\/index.php\/wp-json\/wp\/v2\/pages\/2567","targetHints":{"allow":["GET"]}}],"collection":[{"href":"http:\/\/ftuvz.unsl.edu.ar\/index.php\/wp-json\/wp\/v2\/pages"}],"about":[{"href":"http:\/\/ftuvz.unsl.edu.ar\/index.php\/wp-json\/wp\/v2\/types\/page"}],"author":[{"embeddable":true,"href":"http:\/\/ftuvz.unsl.edu.ar\/index.php\/wp-json\/wp\/v2\/users\/1"}],"replies":[{"embeddable":true,"href":"http:\/\/ftuvz.unsl.edu.ar\/index.php\/wp-json\/wp\/v2\/comments?post=2567"}],"version-history":[{"count":1,"href":"http:\/\/ftuvz.unsl.edu.ar\/index.php\/wp-json\/wp\/v2\/pages\/2567\/revisions"}],"predecessor-version":[{"id":2570,"href":"http:\/\/ftuvz.unsl.edu.ar\/index.php\/wp-json\/wp\/v2\/pages\/2567\/revisions\/2570"}],"wp:attachment":[{"href":"http:\/\/ftuvz.unsl.edu.ar\/index.php\/wp-json\/wp\/v2\/media?parent=2567"}],"curies":[{"name":"wp","href":"https:\/\/api.w.org\/{rel}","templated":true}]}}