{"id":2563,"date":"2025-10-28T09:58:31","date_gmt":"2025-10-28T12:58:31","guid":{"rendered":"http:\/\/ftuvz.unsl.edu.ar\/?page_id=2563"},"modified":"2025-10-28T09:58:31","modified_gmt":"2025-10-28T12:58:31","slug":"peperina-de-las-lomas-mastuerzo-hedeoma-multiflora","status":"publish","type":"page","link":"http:\/\/ftuvz.unsl.edu.ar\/index.php\/peperina-de-las-lomas-mastuerzo-hedeoma-multiflora\/","title":{"rendered":"Peperina de las lomas \/ Mastuerzo (Hedeoma multiflora)"},"content":{"rendered":"\n<div class=\"wp-block-group has-border-color has-cyan-bluish-gray-border-color is-layout-constrained wp-block-group-is-layout-constrained\" style=\"border-width:1px;padding-top:var(--wp--preset--spacing--20);padding-bottom:var(--wp--preset--spacing--20)\">\n<div class=\"wp-block-columns is-layout-flex wp-container-core-columns-is-layout-d23209a0 wp-block-columns-is-layout-flex\" style=\"border-style:none;border-width:0px;padding-top:var(--wp--preset--spacing--30);padding-bottom:var(--wp--preset--spacing--30)\">\n<div class=\"wp-block-column is-layout-flow wp-block-column-is-layout-flow\">\n<figure class=\"wp-block-image aligncenter size-full is-resized\"><a href=\"http:\/\/ftuvz.unsl.edu.ar\/wp-content\/uploads\/2025\/10\/Peperina-de-las-lomas-Hedeoma-multiflora1-1.jpg\"><img loading=\"lazy\" decoding=\"async\" width=\"338\" height=\"600\" src=\"http:\/\/ftuvz.unsl.edu.ar\/wp-content\/uploads\/2025\/10\/Peperina-de-las-lomas-Hedeoma-multiflora1-1.jpg\" alt=\"\" class=\"wp-image-2564\" style=\"object-fit:cover;width:300px;height:300px\" srcset=\"http:\/\/ftuvz.unsl.edu.ar\/wp-content\/uploads\/2025\/10\/Peperina-de-las-lomas-Hedeoma-multiflora1-1.jpg 338w, http:\/\/ftuvz.unsl.edu.ar\/wp-content\/uploads\/2025\/10\/Peperina-de-las-lomas-Hedeoma-multiflora1-1-169x300.jpg 169w\" sizes=\"auto, (max-width: 338px) 100vw, 338px\" \/><\/a><\/figure>\n<\/div>\n\n\n\n<div class=\"wp-block-column is-layout-flow wp-block-column-is-layout-flow\">\n<figure class=\"wp-block-image aligncenter size-full is-resized\"><a href=\"http:\/\/ftuvz.unsl.edu.ar\/wp-content\/uploads\/2025\/10\/Peperina-de-las-lomas-Hedeoma-multiflora2.jpg\"><img loading=\"lazy\" decoding=\"async\" width=\"1067\" height=\"600\" src=\"http:\/\/ftuvz.unsl.edu.ar\/wp-content\/uploads\/2025\/10\/Peperina-de-las-lomas-Hedeoma-multiflora2.jpg\" alt=\"\" class=\"wp-image-2565\" style=\"object-fit:cover;width:300px;height:300px\" srcset=\"http:\/\/ftuvz.unsl.edu.ar\/wp-content\/uploads\/2025\/10\/Peperina-de-las-lomas-Hedeoma-multiflora2.jpg 1067w, http:\/\/ftuvz.unsl.edu.ar\/wp-content\/uploads\/2025\/10\/Peperina-de-las-lomas-Hedeoma-multiflora2-300x169.jpg 300w, http:\/\/ftuvz.unsl.edu.ar\/wp-content\/uploads\/2025\/10\/Peperina-de-las-lomas-Hedeoma-multiflora2-1024x576.jpg 1024w, http:\/\/ftuvz.unsl.edu.ar\/wp-content\/uploads\/2025\/10\/Peperina-de-las-lomas-Hedeoma-multiflora2-768x432.jpg 768w\" sizes=\"auto, (max-width: 1067px) 100vw, 1067px\" \/><\/a><\/figure>\n<\/div>\n<\/div>\n\n\n\n<p>Hierbas perennes hasta de 30 cm de alto; tallos algo decumbentes y luego erectos, con pubescencia retrorsa, principalmente en las partes j\u00f3venes.<br>Hojas s\u00e9siles, l\u00e1minas linear- el\u00edpticas, de 3-10 \u00d7 0,5-3 mm, base cuneada, \u00e1pice agudo, margen entero, punteado-glandulosas, con pubescencia estrigosa.<br>Flores pediceladas, pedicelos de 2-6 mm de largo, agrupadas en verticilastros axilares 3-6-floros; bract\u00e9olas 2, foli\u00e1ceas.<br>C\u00e1liz de 5,5-7 mm de largo, bilabiado, giboso, pub\u00e9rulo, labio superior con 3 dientes angostamente triangulares, erectos o apenas reflejos, el labio inferior con 2 dientes m\u00e1s largos, subulados.<br>Corola azul o lila, de 7-11 mm de largo, labio superior emarginado, inferior 3-lobado con l\u00f3bulo central mayor que los laterales.<br>Estambres inferiores 2, filamentos de 2-4 mm de largo, glabros, superiores ausentes.<br>Estilo de 8-10 mm de largo, 2-fido.<br>Clusas obovoides, de 1,5 mm, negras, superficie reticulada.<br><\/p>\n\n\n\n<p class=\"has-text-align-right\" style=\"font-size:15px\">Fuente:\u00a0<a href=\"http:\/\/conosur.floraargentina.edu.ar\/species\/details\/9390\" target=\"_blank\" rel=\"noreferrer noopener\">conosur.floraargentina<\/a><\/p>\n<\/div>\n","protected":false},"excerpt":{"rendered":"<p>Hierbas perennes hasta de 30 cm de alto; tallos algo decumbentes y luego erectos, con pubescencia retrorsa, principalmente en las [&hellip;]<\/p>\n","protected":false},"author":1,"featured_media":0,"parent":0,"menu_order":0,"comment_status":"closed","ping_status":"closed","template":"","meta":{"site-sidebar-layout":"default","site-content-layout":"","ast-site-content-layout":"default","site-content-style":"default","site-sidebar-style":"default","ast-global-header-display":"","ast-banner-title-visibility":"","ast-main-header-display":"","ast-hfb-above-header-display":"","ast-hfb-below-header-display":"","ast-hfb-mobile-header-display":"","site-post-title":"","ast-breadcrumbs-content":"","ast-featured-img":"","footer-sml-layout":"","theme-transparent-header-meta":"","adv-header-id-meta":"","stick-header-meta":"","header-above-stick-meta":"","header-main-stick-meta":"","header-below-stick-meta":"","astra-migrate-meta-layouts":"default","ast-page-background-enabled":"default","ast-page-background-meta":{"desktop":{"background-color":"var(--ast-global-color-5)","background-image":"","background-repeat":"repeat","background-position":"center center","background-size":"auto","background-attachment":"scroll","background-type":"","background-media":"","overlay-type":"","overlay-color":"","overlay-opacity":"","overlay-gradient":""},"tablet":{"background-color":"","background-image":"","background-repeat":"repeat","background-position":"center center","background-size":"auto","background-attachment":"scroll","background-type":"","background-media":"","overlay-type":"","overlay-color":"","overlay-opacity":"","overlay-gradient":""},"mobile":{"background-color":"","background-image":"","background-repeat":"repeat","background-position":"center center","background-size":"auto","background-attachment":"scroll","background-type":"","background-media":"","overlay-type":"","overlay-color":"","overlay-opacity":"","overlay-gradient":""}},"ast-content-background-meta":{"desktop":{"background-color":"var(--ast-global-color-4)","background-image":"","background-repeat":"repeat","background-position":"center center","background-size":"auto","background-attachment":"scroll","background-type":"","background-media":"","overlay-type":"","overlay-color":"","overlay-opacity":"","overlay-gradient":""},"tablet":{"background-color":"var(--ast-global-color-4)","background-image":"","background-repeat":"repeat","background-position":"center center","background-size":"auto","background-attachment":"scroll","background-type":"","background-media":"","overlay-type":"","overlay-color":"","overlay-opacity":"","overlay-gradient":""},"mobile":{"background-color":"var(--ast-global-color-4)","background-image":"","background-repeat":"repeat","background-position":"center center","background-size":"auto","background-attachment":"scroll","background-type":"","background-media":"","overlay-type":"","overlay-color":"","overlay-opacity":"","overlay-gradient":""}},"footnotes":"","_links_to":"","_links_to_target":""},"class_list":["post-2563","page","type-page","status-publish","hentry"],"rttpg_featured_image_url":null,"rttpg_author":{"display_name":"ftu","author_link":"http:\/\/ftuvz.unsl.edu.ar\/index.php\/author\/ftu\/"},"rttpg_comment":0,"rttpg_category":null,"rttpg_excerpt":"Hierbas perennes hasta de 30 cm de alto; tallos algo decumbentes y luego erectos, con pubescencia retrorsa, principalmente en las [&hellip;]","_links":{"self":[{"href":"http:\/\/ftuvz.unsl.edu.ar\/index.php\/wp-json\/wp\/v2\/pages\/2563","targetHints":{"allow":["GET"]}}],"collection":[{"href":"http:\/\/ftuvz.unsl.edu.ar\/index.php\/wp-json\/wp\/v2\/pages"}],"about":[{"href":"http:\/\/ftuvz.unsl.edu.ar\/index.php\/wp-json\/wp\/v2\/types\/page"}],"author":[{"embeddable":true,"href":"http:\/\/ftuvz.unsl.edu.ar\/index.php\/wp-json\/wp\/v2\/users\/1"}],"replies":[{"embeddable":true,"href":"http:\/\/ftuvz.unsl.edu.ar\/index.php\/wp-json\/wp\/v2\/comments?post=2563"}],"version-history":[{"count":1,"href":"http:\/\/ftuvz.unsl.edu.ar\/index.php\/wp-json\/wp\/v2\/pages\/2563\/revisions"}],"predecessor-version":[{"id":2566,"href":"http:\/\/ftuvz.unsl.edu.ar\/index.php\/wp-json\/wp\/v2\/pages\/2563\/revisions\/2566"}],"wp:attachment":[{"href":"http:\/\/ftuvz.unsl.edu.ar\/index.php\/wp-json\/wp\/v2\/media?parent=2563"}],"curies":[{"name":"wp","href":"https:\/\/api.w.org\/{rel}","templated":true}]}}