{"id":2552,"date":"2025-10-28T09:38:56","date_gmt":"2025-10-28T12:38:56","guid":{"rendered":"http:\/\/ftuvz.unsl.edu.ar\/?page_id=2552"},"modified":"2025-10-28T09:38:56","modified_gmt":"2025-10-28T12:38:56","slug":"pasto-colorado-schizachirium-condesatum","status":"publish","type":"page","link":"http:\/\/ftuvz.unsl.edu.ar\/index.php\/pasto-colorado-schizachirium-condesatum\/","title":{"rendered":"Pasto colorado (Schizachirium condesatum)"},"content":{"rendered":"\n<div class=\"wp-block-group has-border-color has-cyan-bluish-gray-border-color is-layout-constrained wp-block-group-is-layout-constrained\" style=\"border-width:1px;padding-top:var(--wp--preset--spacing--20);padding-bottom:var(--wp--preset--spacing--20)\">\n<div class=\"wp-block-columns is-layout-flex wp-container-core-columns-is-layout-d23209a0 wp-block-columns-is-layout-flex\" style=\"border-style:none;border-width:0px;padding-top:var(--wp--preset--spacing--30);padding-bottom:var(--wp--preset--spacing--30)\">\n<div class=\"wp-block-column is-layout-flow wp-block-column-is-layout-flow\">\n<figure class=\"wp-block-image aligncenter size-full is-resized\"><a href=\"http:\/\/ftuvz.unsl.edu.ar\/wp-content\/uploads\/2025\/10\/Pasto-colorado-Schizachirium-condesatum1.jpg\"><img loading=\"lazy\" decoding=\"async\" width=\"797\" height=\"600\" src=\"http:\/\/ftuvz.unsl.edu.ar\/wp-content\/uploads\/2025\/10\/Pasto-colorado-Schizachirium-condesatum1.jpg\" alt=\"\" class=\"wp-image-2553\" style=\"object-fit:cover;width:300px;height:300px\" srcset=\"http:\/\/ftuvz.unsl.edu.ar\/wp-content\/uploads\/2025\/10\/Pasto-colorado-Schizachirium-condesatum1.jpg 797w, http:\/\/ftuvz.unsl.edu.ar\/wp-content\/uploads\/2025\/10\/Pasto-colorado-Schizachirium-condesatum1-300x226.jpg 300w, http:\/\/ftuvz.unsl.edu.ar\/wp-content\/uploads\/2025\/10\/Pasto-colorado-Schizachirium-condesatum1-768x578.jpg 768w\" sizes=\"auto, (max-width: 797px) 100vw, 797px\" \/><\/a><\/figure>\n<\/div>\n\n\n\n<div class=\"wp-block-column is-layout-flow wp-block-column-is-layout-flow\">\n<figure class=\"wp-block-image aligncenter size-full is-resized\"><a href=\"http:\/\/ftuvz.unsl.edu.ar\/wp-content\/uploads\/2025\/10\/Pasto-colorado-Schizachirium-condesatum2.jpg\"><img loading=\"lazy\" decoding=\"async\" width=\"797\" height=\"600\" src=\"http:\/\/ftuvz.unsl.edu.ar\/wp-content\/uploads\/2025\/10\/Pasto-colorado-Schizachirium-condesatum2.jpg\" alt=\"\" class=\"wp-image-2554\" style=\"object-fit:cover;width:300px;height:300px\" srcset=\"http:\/\/ftuvz.unsl.edu.ar\/wp-content\/uploads\/2025\/10\/Pasto-colorado-Schizachirium-condesatum2.jpg 797w, http:\/\/ftuvz.unsl.edu.ar\/wp-content\/uploads\/2025\/10\/Pasto-colorado-Schizachirium-condesatum2-300x226.jpg 300w, http:\/\/ftuvz.unsl.edu.ar\/wp-content\/uploads\/2025\/10\/Pasto-colorado-Schizachirium-condesatum2-768x578.jpg 768w\" sizes=\"auto, (max-width: 797px) 100vw, 797px\" \/><\/a><\/figure>\n<\/div>\n<\/div>\n\n\n\n<p>Planta de la familia de las gram\u00edneas (pastos), es una hierba perenne y aspecto erecto, de 35 a 120 cm de alto.<br>Presente como maleza en muchos cultivos y de crecimiento estival es conocida como \u201cpasto colorado\u201d.<br>Posee l\u00e1mina generalmente plana de 2,7-4,5 mm de ancho y vaina convoluta con m\u00e1rgenes rojizos.<br>Posee un rebrote tierno que es \u00fatil como forraje para el ganado, al momento de la floraci\u00f3n la planta pierde calidad debido a la elevada cantidad de ca\u00f1as que posee y se convierte en paja dura casi in\u00fatil como forrajera.<br>La forma de la planta y su vistosidad en estado reproductivo y color de inflorescencia la hacen interesante para su uso en parques y jardines (Martinat et al., 2019).<\/p>\n\n\n\n<p class=\"has-text-align-right\" style=\"font-size:15px\">Foto: Wikipedia<\/p>\n<\/div>\n","protected":false},"excerpt":{"rendered":"<p>Planta de la familia de las gram\u00edneas (pastos), es una hierba perenne y aspecto erecto, de 35 a 120 cm [&hellip;]<\/p>\n","protected":false},"author":1,"featured_media":0,"parent":0,"menu_order":0,"comment_status":"closed","ping_status":"closed","template":"","meta":{"site-sidebar-layout":"default","site-content-layout":"","ast-site-content-layout":"default","site-content-style":"default","site-sidebar-style":"default","ast-global-header-display":"","ast-banner-title-visibility":"","ast-main-header-display":"","ast-hfb-above-header-display":"","ast-hfb-below-header-display":"","ast-hfb-mobile-header-display":"","site-post-title":"","ast-breadcrumbs-content":"","ast-featured-img":"","footer-sml-layout":"","theme-transparent-header-meta":"","adv-header-id-meta":"","stick-header-meta":"","header-above-stick-meta":"","header-main-stick-meta":"","header-below-stick-meta":"","astra-migrate-meta-layouts":"default","ast-page-background-enabled":"default","ast-page-background-meta":{"desktop":{"background-color":"var(--ast-global-color-5)","background-image":"","background-repeat":"repeat","background-position":"center center","background-size":"auto","background-attachment":"scroll","background-type":"","background-media":"","overlay-type":"","overlay-color":"","overlay-opacity":"","overlay-gradient":""},"tablet":{"background-color":"","background-image":"","background-repeat":"repeat","background-position":"center center","background-size":"auto","background-attachment":"scroll","background-type":"","background-media":"","overlay-type":"","overlay-color":"","overlay-opacity":"","overlay-gradient":""},"mobile":{"background-color":"","background-image":"","background-repeat":"repeat","background-position":"center center","background-size":"auto","background-attachment":"scroll","background-type":"","background-media":"","overlay-type":"","overlay-color":"","overlay-opacity":"","overlay-gradient":""}},"ast-content-background-meta":{"desktop":{"background-color":"var(--ast-global-color-4)","background-image":"","background-repeat":"repeat","background-position":"center center","background-size":"auto","background-attachment":"scroll","background-type":"","background-media":"","overlay-type":"","overlay-color":"","overlay-opacity":"","overlay-gradient":""},"tablet":{"background-color":"var(--ast-global-color-4)","background-image":"","background-repeat":"repeat","background-position":"center center","background-size":"auto","background-attachment":"scroll","background-type":"","background-media":"","overlay-type":"","overlay-color":"","overlay-opacity":"","overlay-gradient":""},"mobile":{"background-color":"var(--ast-global-color-4)","background-image":"","background-repeat":"repeat","background-position":"center center","background-size":"auto","background-attachment":"scroll","background-type":"","background-media":"","overlay-type":"","overlay-color":"","overlay-opacity":"","overlay-gradient":""}},"footnotes":"","_links_to":"","_links_to_target":""},"class_list":["post-2552","page","type-page","status-publish","hentry"],"rttpg_featured_image_url":null,"rttpg_author":{"display_name":"ftu","author_link":"http:\/\/ftuvz.unsl.edu.ar\/index.php\/author\/ftu\/"},"rttpg_comment":0,"rttpg_category":null,"rttpg_excerpt":"Planta de la familia de las gram\u00edneas (pastos), es una hierba perenne y aspecto erecto, de 35 a 120 cm [&hellip;]","_links":{"self":[{"href":"http:\/\/ftuvz.unsl.edu.ar\/index.php\/wp-json\/wp\/v2\/pages\/2552","targetHints":{"allow":["GET"]}}],"collection":[{"href":"http:\/\/ftuvz.unsl.edu.ar\/index.php\/wp-json\/wp\/v2\/pages"}],"about":[{"href":"http:\/\/ftuvz.unsl.edu.ar\/index.php\/wp-json\/wp\/v2\/types\/page"}],"author":[{"embeddable":true,"href":"http:\/\/ftuvz.unsl.edu.ar\/index.php\/wp-json\/wp\/v2\/users\/1"}],"replies":[{"embeddable":true,"href":"http:\/\/ftuvz.unsl.edu.ar\/index.php\/wp-json\/wp\/v2\/comments?post=2552"}],"version-history":[{"count":1,"href":"http:\/\/ftuvz.unsl.edu.ar\/index.php\/wp-json\/wp\/v2\/pages\/2552\/revisions"}],"predecessor-version":[{"id":2555,"href":"http:\/\/ftuvz.unsl.edu.ar\/index.php\/wp-json\/wp\/v2\/pages\/2552\/revisions\/2555"}],"wp:attachment":[{"href":"http:\/\/ftuvz.unsl.edu.ar\/index.php\/wp-json\/wp\/v2\/media?parent=2552"}],"curies":[{"name":"wp","href":"https:\/\/api.w.org\/{rel}","templated":true}]}}