{"id":2543,"date":"2025-10-28T09:33:32","date_gmt":"2025-10-28T12:33:32","guid":{"rendered":"http:\/\/ftuvz.unsl.edu.ar\/?page_id=2543"},"modified":"2025-10-28T09:34:12","modified_gmt":"2025-10-28T12:34:12","slug":"muna-muna-clinopodium-gilliesii","status":"publish","type":"page","link":"http:\/\/ftuvz.unsl.edu.ar\/index.php\/muna-muna-clinopodium-gilliesii\/","title":{"rendered":"Mu\u00f1a mu\u00f1a (Clinopodium gilliesii)"},"content":{"rendered":"\n<div class=\"wp-block-group has-border-color has-cyan-bluish-gray-border-color is-layout-constrained wp-block-group-is-layout-constrained\" style=\"border-width:1px;padding-top:var(--wp--preset--spacing--20);padding-bottom:var(--wp--preset--spacing--20)\">\n<div class=\"wp-block-columns is-layout-flex wp-container-core-columns-is-layout-d23209a0 wp-block-columns-is-layout-flex\" style=\"border-style:none;border-width:0px;padding-top:var(--wp--preset--spacing--30);padding-bottom:var(--wp--preset--spacing--30)\">\n<div class=\"wp-block-column is-layout-flow wp-block-column-is-layout-flow\">\n<figure class=\"wp-block-image aligncenter size-full is-resized\"><a href=\"http:\/\/ftuvz.unsl.edu.ar\/wp-content\/uploads\/2025\/10\/Munia-Munia-Clinopodium-odorum1.jpg\"><img loading=\"lazy\" decoding=\"async\" width=\"450\" height=\"600\" src=\"http:\/\/ftuvz.unsl.edu.ar\/wp-content\/uploads\/2025\/10\/Munia-Munia-Clinopodium-odorum1.jpg\" alt=\"\" class=\"wp-image-2545\" style=\"object-fit:cover;width:300px;height:300px\" srcset=\"http:\/\/ftuvz.unsl.edu.ar\/wp-content\/uploads\/2025\/10\/Munia-Munia-Clinopodium-odorum1.jpg 450w, http:\/\/ftuvz.unsl.edu.ar\/wp-content\/uploads\/2025\/10\/Munia-Munia-Clinopodium-odorum1-225x300.jpg 225w\" sizes=\"auto, (max-width: 450px) 100vw, 450px\" \/><\/a><\/figure>\n<\/div>\n\n\n\n<div class=\"wp-block-column is-layout-flow wp-block-column-is-layout-flow\">\n<figure class=\"wp-block-image aligncenter size-full is-resized\"><a href=\"http:\/\/ftuvz.unsl.edu.ar\/wp-content\/uploads\/2025\/10\/Munia-Munia-Clinopodium-odorum2.jpg\"><img loading=\"lazy\" decoding=\"async\" width=\"900\" height=\"600\" src=\"http:\/\/ftuvz.unsl.edu.ar\/wp-content\/uploads\/2025\/10\/Munia-Munia-Clinopodium-odorum2.jpg\" alt=\"\" class=\"wp-image-2546\" style=\"object-fit:cover;width:300px;height:300px\" srcset=\"http:\/\/ftuvz.unsl.edu.ar\/wp-content\/uploads\/2025\/10\/Munia-Munia-Clinopodium-odorum2.jpg 900w, http:\/\/ftuvz.unsl.edu.ar\/wp-content\/uploads\/2025\/10\/Munia-Munia-Clinopodium-odorum2-300x200.jpg 300w, http:\/\/ftuvz.unsl.edu.ar\/wp-content\/uploads\/2025\/10\/Munia-Munia-Clinopodium-odorum2-768x512.jpg 768w\" sizes=\"auto, (max-width: 900px) 100vw, 900px\" \/><\/a><\/figure>\n<\/div>\n<\/div>\n\n\n\n<p>Arbustos ramoso, muy arom\u00e1tico de hasta de 2 m de alto; tallos erguidos, flores muy peque\u00f1as de color blanco amarillento de 1-2 mm de lago.<br>Su olor mentolado hace recordar a la peperina y por ello tambi\u00e9n es conocida como \u201cPeperina negra\u201d.<br>Es frecuente encontrarla en la sierra en lugares h\u00famedos por encima de los 1200m s.n.m.<\/p>\n\n\n\n<p class=\"has-text-align-left\" style=\"font-size:15px\">Po\u00e9tica: Vidalita del Mu\u00f1a Mu\u00f1a<\/p>\n\n\n\n<figure class=\"wp-block-image size-full is-resized\"><a href=\"\/wp-content\/uploads\/jardines-y-sensaciones\/Vidalita-del-Munia-munia.m4a\"><img loading=\"lazy\" decoding=\"async\" width=\"980\" height=\"980\" src=\"http:\/\/ftuvz.unsl.edu.ar\/wp-content\/uploads\/2025\/10\/audio.jpg\" alt=\"\" class=\"wp-image-2488\" style=\"object-fit:cover;width:60px;height:60px\" srcset=\"http:\/\/ftuvz.unsl.edu.ar\/wp-content\/uploads\/2025\/10\/audio.jpg 980w, http:\/\/ftuvz.unsl.edu.ar\/wp-content\/uploads\/2025\/10\/audio-300x300.jpg 300w, http:\/\/ftuvz.unsl.edu.ar\/wp-content\/uploads\/2025\/10\/audio-150x150.jpg 150w, http:\/\/ftuvz.unsl.edu.ar\/wp-content\/uploads\/2025\/10\/audio-768x768.jpg 768w\" sizes=\"auto, (max-width: 980px) 100vw, 980px\" \/><\/a><\/figure>\n<\/div>\n","protected":false},"excerpt":{"rendered":"<p>Arbustos ramoso, muy arom\u00e1tico de hasta de 2 m de alto; tallos erguidos, flores muy peque\u00f1as de color blanco amarillento [&hellip;]<\/p>\n","protected":false},"author":1,"featured_media":0,"parent":0,"menu_order":0,"comment_status":"closed","ping_status":"closed","template":"","meta":{"site-sidebar-layout":"default","site-content-layout":"","ast-site-content-layout":"default","site-content-style":"default","site-sidebar-style":"default","ast-global-header-display":"","ast-banner-title-visibility":"","ast-main-header-display":"","ast-hfb-above-header-display":"","ast-hfb-below-header-display":"","ast-hfb-mobile-header-display":"","site-post-title":"","ast-breadcrumbs-content":"","ast-featured-img":"","footer-sml-layout":"","theme-transparent-header-meta":"","adv-header-id-meta":"","stick-header-meta":"","header-above-stick-meta":"","header-main-stick-meta":"","header-below-stick-meta":"","astra-migrate-meta-layouts":"default","ast-page-background-enabled":"default","ast-page-background-meta":{"desktop":{"background-color":"var(--ast-global-color-5)","background-image":"","background-repeat":"repeat","background-position":"center center","background-size":"auto","background-attachment":"scroll","background-type":"","background-media":"","overlay-type":"","overlay-color":"","overlay-opacity":"","overlay-gradient":""},"tablet":{"background-color":"","background-image":"","background-repeat":"repeat","background-position":"center center","background-size":"auto","background-attachment":"scroll","background-type":"","background-media":"","overlay-type":"","overlay-color":"","overlay-opacity":"","overlay-gradient":""},"mobile":{"background-color":"","background-image":"","background-repeat":"repeat","background-position":"center center","background-size":"auto","background-attachment":"scroll","background-type":"","background-media":"","overlay-type":"","overlay-color":"","overlay-opacity":"","overlay-gradient":""}},"ast-content-background-meta":{"desktop":{"background-color":"var(--ast-global-color-4)","background-image":"","background-repeat":"repeat","background-position":"center center","background-size":"auto","background-attachment":"scroll","background-type":"","background-media":"","overlay-type":"","overlay-color":"","overlay-opacity":"","overlay-gradient":""},"tablet":{"background-color":"var(--ast-global-color-4)","background-image":"","background-repeat":"repeat","background-position":"center center","background-size":"auto","background-attachment":"scroll","background-type":"","background-media":"","overlay-type":"","overlay-color":"","overlay-opacity":"","overlay-gradient":""},"mobile":{"background-color":"var(--ast-global-color-4)","background-image":"","background-repeat":"repeat","background-position":"center center","background-size":"auto","background-attachment":"scroll","background-type":"","background-media":"","overlay-type":"","overlay-color":"","overlay-opacity":"","overlay-gradient":""}},"footnotes":"","_links_to":"","_links_to_target":""},"class_list":["post-2543","page","type-page","status-publish","hentry"],"rttpg_featured_image_url":null,"rttpg_author":{"display_name":"ftu","author_link":"http:\/\/ftuvz.unsl.edu.ar\/index.php\/author\/ftu\/"},"rttpg_comment":0,"rttpg_category":null,"rttpg_excerpt":"Arbustos ramoso, muy arom\u00e1tico de hasta de 2 m de alto; tallos erguidos, flores muy peque\u00f1as de color blanco amarillento [&hellip;]","_links":{"self":[{"href":"http:\/\/ftuvz.unsl.edu.ar\/index.php\/wp-json\/wp\/v2\/pages\/2543","targetHints":{"allow":["GET"]}}],"collection":[{"href":"http:\/\/ftuvz.unsl.edu.ar\/index.php\/wp-json\/wp\/v2\/pages"}],"about":[{"href":"http:\/\/ftuvz.unsl.edu.ar\/index.php\/wp-json\/wp\/v2\/types\/page"}],"author":[{"embeddable":true,"href":"http:\/\/ftuvz.unsl.edu.ar\/index.php\/wp-json\/wp\/v2\/users\/1"}],"replies":[{"embeddable":true,"href":"http:\/\/ftuvz.unsl.edu.ar\/index.php\/wp-json\/wp\/v2\/comments?post=2543"}],"version-history":[{"count":2,"href":"http:\/\/ftuvz.unsl.edu.ar\/index.php\/wp-json\/wp\/v2\/pages\/2543\/revisions"}],"predecessor-version":[{"id":2547,"href":"http:\/\/ftuvz.unsl.edu.ar\/index.php\/wp-json\/wp\/v2\/pages\/2543\/revisions\/2547"}],"wp:attachment":[{"href":"http:\/\/ftuvz.unsl.edu.ar\/index.php\/wp-json\/wp\/v2\/media?parent=2543"}],"curies":[{"name":"wp","href":"https:\/\/api.w.org\/{rel}","templated":true}]}}