{"id":2531,"date":"2025-10-27T13:29:08","date_gmt":"2025-10-27T16:29:08","guid":{"rendered":"http:\/\/ftuvz.unsl.edu.ar\/?page_id=2531"},"modified":"2025-10-29T08:45:57","modified_gmt":"2025-10-29T11:45:57","slug":"incayuyo-lippia-integrifolia","status":"publish","type":"page","link":"http:\/\/ftuvz.unsl.edu.ar\/index.php\/incayuyo-lippia-integrifolia\/","title":{"rendered":"Incayuyo (Lippia integrifolia)"},"content":{"rendered":"\n<div class=\"wp-block-group has-border-color has-cyan-bluish-gray-border-color is-layout-constrained wp-block-group-is-layout-constrained\" style=\"border-width:1px;padding-top:var(--wp--preset--spacing--20);padding-bottom:var(--wp--preset--spacing--20)\">\n<div class=\"wp-block-columns is-layout-flex wp-container-core-columns-is-layout-d23209a0 wp-block-columns-is-layout-flex\" style=\"border-style:none;border-width:0px;padding-top:var(--wp--preset--spacing--30);padding-bottom:var(--wp--preset--spacing--30)\">\n<div class=\"wp-block-column is-layout-flow wp-block-column-is-layout-flow\">\n<figure class=\"wp-block-image aligncenter size-full is-resized\"><a href=\"http:\/\/ftuvz.unsl.edu.ar\/wp-content\/uploads\/2025\/10\/Incayuyo-Lippia-integrifolia1.jpg\"><img loading=\"lazy\" decoding=\"async\" width=\"300\" height=\"200\" src=\"http:\/\/ftuvz.unsl.edu.ar\/wp-content\/uploads\/2025\/10\/Incayuyo-Lippia-integrifolia1.jpg\" alt=\"\" class=\"wp-image-2532\" style=\"object-fit:cover;width:300px;height:300px\"\/><\/a><\/figure>\n<\/div>\n\n\n\n<div class=\"wp-block-column is-layout-flow wp-block-column-is-layout-flow\">\n<figure class=\"wp-block-image aligncenter size-full is-resized\"><a href=\"http:\/\/ftuvz.unsl.edu.ar\/wp-content\/uploads\/2025\/10\/Incayuyo-Lippia-integrifolia2.jpg\"><img loading=\"lazy\" decoding=\"async\" width=\"300\" height=\"200\" src=\"http:\/\/ftuvz.unsl.edu.ar\/wp-content\/uploads\/2025\/10\/Incayuyo-Lippia-integrifolia2.jpg\" alt=\"\" class=\"wp-image-2533\" style=\"object-fit:cover;width:300px;height:300px\"\/><\/a><\/figure>\n<\/div>\n<\/div>\n\n\n\n<p>Arbustos arom\u00e1ticos de 30-100 cm de alto; ramas con corteza pardo-rojiza, exfoliante.<br>Hojas opuestas o algunas veces ternadas; pec\u00edolos de 0,1-7 mm de largo; l\u00e1minas de 3-45(-70) x 0,5-15 mm, lineares a angostamente oblongas u obovadas, margen entero o dentado en el \u00e1pice, a veces revoluto, base aguda u obtusa, \u00e1pice agudo u obtuso, cara adaxial \u00e1speroescabrosa, abaxial glandulosa, con nervio central notable.<br>Sinflorescencias en pleiobotrios homot\u00e9ticos, frondosos; florescencias parciales en espigas capituliformes, 1 \u00f3 2 por axila, subglobosas, de 3,5-10 x 3-10 mm; ped\u00fanculos de 2-13 mm de largo; br\u00e1cteas imbricadas, las externas generalmente el\u00edpticas, de 1-3,5 x 1-2 mm, las internas generalmente obovadas, de 2-3 x 1-2 mm, c\u00f3ncavas, acuminadas, pubescentes y punteadoresinosas bajo la pubescencia.<br>C\u00e1liz de 1,5-3 mm de largo, tubuloso, hendido en ambas caras, hisp\u00eddulo y ciliado, persistente y cubriendo a las clusas; corola blanca o blancorosada, de 3-6 mm de largo; estambres adaxiales con ap\u00e9ndices glandulares.<br>Fruto piriforme de 2,1 x 2 mm; clusas con superficie lisa, cara adaxial plana, cara abaxial convexa.<\/p>\n\n\n\n<p class=\"has-text-align-right\" style=\"font-size:15px\"><small><small>Fuente texto:&nbsp;<a href=\"http:\/\/conosur.floraargentina.edu.ar\/species\/details\/15968\" target=\"_blank\" rel=\"noreferrer noopener\">conosur.floraargentina<\/a>&nbsp;&#8211; Foto: Wikipedia<\/small><\/small><\/p>\n<\/div>\n","protected":false},"excerpt":{"rendered":"<p>Arbustos arom\u00e1ticos de 30-100 cm de alto; ramas con corteza pardo-rojiza, exfoliante.Hojas opuestas o algunas veces ternadas; pec\u00edolos de 0,1-7 [&hellip;]<\/p>\n","protected":false},"author":1,"featured_media":0,"parent":0,"menu_order":0,"comment_status":"closed","ping_status":"closed","template":"","meta":{"site-sidebar-layout":"default","site-content-layout":"","ast-site-content-layout":"default","site-content-style":"default","site-sidebar-style":"default","ast-global-header-display":"","ast-banner-title-visibility":"","ast-main-header-display":"","ast-hfb-above-header-display":"","ast-hfb-below-header-display":"","ast-hfb-mobile-header-display":"","site-post-title":"","ast-breadcrumbs-content":"","ast-featured-img":"","footer-sml-layout":"","theme-transparent-header-meta":"","adv-header-id-meta":"","stick-header-meta":"","header-above-stick-meta":"","header-main-stick-meta":"","header-below-stick-meta":"","astra-migrate-meta-layouts":"default","ast-page-background-enabled":"default","ast-page-background-meta":{"desktop":{"background-color":"var(--ast-global-color-5)","background-image":"","background-repeat":"repeat","background-position":"center center","background-size":"auto","background-attachment":"scroll","background-type":"","background-media":"","overlay-type":"","overlay-color":"","overlay-opacity":"","overlay-gradient":""},"tablet":{"background-color":"","background-image":"","background-repeat":"repeat","background-position":"center center","background-size":"auto","background-attachment":"scroll","background-type":"","background-media":"","overlay-type":"","overlay-color":"","overlay-opacity":"","overlay-gradient":""},"mobile":{"background-color":"","background-image":"","background-repeat":"repeat","background-position":"center center","background-size":"auto","background-attachment":"scroll","background-type":"","background-media":"","overlay-type":"","overlay-color":"","overlay-opacity":"","overlay-gradient":""}},"ast-content-background-meta":{"desktop":{"background-color":"var(--ast-global-color-4)","background-image":"","background-repeat":"repeat","background-position":"center center","background-size":"auto","background-attachment":"scroll","background-type":"","background-media":"","overlay-type":"","overlay-color":"","overlay-opacity":"","overlay-gradient":""},"tablet":{"background-color":"var(--ast-global-color-4)","background-image":"","background-repeat":"repeat","background-position":"center center","background-size":"auto","background-attachment":"scroll","background-type":"","background-media":"","overlay-type":"","overlay-color":"","overlay-opacity":"","overlay-gradient":""},"mobile":{"background-color":"var(--ast-global-color-4)","background-image":"","background-repeat":"repeat","background-position":"center center","background-size":"auto","background-attachment":"scroll","background-type":"","background-media":"","overlay-type":"","overlay-color":"","overlay-opacity":"","overlay-gradient":""}},"footnotes":"","_links_to":"","_links_to_target":""},"class_list":["post-2531","page","type-page","status-publish","hentry"],"rttpg_featured_image_url":null,"rttpg_author":{"display_name":"ftu","author_link":"http:\/\/ftuvz.unsl.edu.ar\/index.php\/author\/ftu\/"},"rttpg_comment":0,"rttpg_category":null,"rttpg_excerpt":"Arbustos arom\u00e1ticos de 30-100 cm de alto; ramas con corteza pardo-rojiza, exfoliante.Hojas opuestas o algunas veces ternadas; pec\u00edolos de 0,1-7 [&hellip;]","_links":{"self":[{"href":"http:\/\/ftuvz.unsl.edu.ar\/index.php\/wp-json\/wp\/v2\/pages\/2531","targetHints":{"allow":["GET"]}}],"collection":[{"href":"http:\/\/ftuvz.unsl.edu.ar\/index.php\/wp-json\/wp\/v2\/pages"}],"about":[{"href":"http:\/\/ftuvz.unsl.edu.ar\/index.php\/wp-json\/wp\/v2\/types\/page"}],"author":[{"embeddable":true,"href":"http:\/\/ftuvz.unsl.edu.ar\/index.php\/wp-json\/wp\/v2\/users\/1"}],"replies":[{"embeddable":true,"href":"http:\/\/ftuvz.unsl.edu.ar\/index.php\/wp-json\/wp\/v2\/comments?post=2531"}],"version-history":[{"count":2,"href":"http:\/\/ftuvz.unsl.edu.ar\/index.php\/wp-json\/wp\/v2\/pages\/2531\/revisions"}],"predecessor-version":[{"id":2659,"href":"http:\/\/ftuvz.unsl.edu.ar\/index.php\/wp-json\/wp\/v2\/pages\/2531\/revisions\/2659"}],"wp:attachment":[{"href":"http:\/\/ftuvz.unsl.edu.ar\/index.php\/wp-json\/wp\/v2\/media?parent=2531"}],"curies":[{"name":"wp","href":"https:\/\/api.w.org\/{rel}","templated":true}]}}