{"id":2528,"date":"2025-10-27T13:25:42","date_gmt":"2025-10-27T16:25:42","guid":{"rendered":"http:\/\/ftuvz.unsl.edu.ar\/?page_id=2528"},"modified":"2025-10-27T13:25:42","modified_gmt":"2025-10-27T16:25:42","slug":"festuca-festuca-hieronymi","status":"publish","type":"page","link":"http:\/\/ftuvz.unsl.edu.ar\/index.php\/festuca-festuca-hieronymi\/","title":{"rendered":"Festuca (Festuca Hieronymi)"},"content":{"rendered":"\n<div class=\"wp-block-group has-border-color has-cyan-bluish-gray-border-color is-layout-constrained wp-block-group-is-layout-constrained\" style=\"border-width:1px;padding-top:var(--wp--preset--spacing--20);padding-bottom:var(--wp--preset--spacing--20)\">\n<div class=\"wp-block-columns is-layout-flex wp-container-core-columns-is-layout-d23209a0 wp-block-columns-is-layout-flex\" style=\"border-style:none;border-width:0px;padding-top:var(--wp--preset--spacing--30);padding-bottom:var(--wp--preset--spacing--30)\">\n<div class=\"wp-block-column is-layout-flow wp-block-column-is-layout-flow\">\n<figure class=\"wp-block-image aligncenter size-full is-resized\"><a href=\"http:\/\/ftuvz.unsl.edu.ar\/wp-content\/uploads\/2025\/10\/Festuca-Festuca-Hieronymi.jpg\"><img loading=\"lazy\" decoding=\"async\" width=\"400\" height=\"267\" src=\"http:\/\/ftuvz.unsl.edu.ar\/wp-content\/uploads\/2025\/10\/Festuca-Festuca-Hieronymi.jpg\" alt=\"\" class=\"wp-image-2529\" style=\"object-fit:cover;width:300px;height:300px\" srcset=\"http:\/\/ftuvz.unsl.edu.ar\/wp-content\/uploads\/2025\/10\/Festuca-Festuca-Hieronymi.jpg 400w, http:\/\/ftuvz.unsl.edu.ar\/wp-content\/uploads\/2025\/10\/Festuca-Festuca-Hieronymi-300x200.jpg 300w\" sizes=\"auto, (max-width: 400px) 100vw, 400px\" \/><\/a><\/figure>\n<\/div>\n<\/div>\n\n\n\n<p>Plantas perennes, cespitosas; ca\u00f1as flor\u00edferas de 60-100 cm de alto, 2-3-nodes; renuevos intravaginales, vernaci\u00f3n conduplicada; hojas de los renuevos planas, m\u00e1rgenes ocasionalmente enrollados o semiplegados, erectas, largas, escabrosas, alcanzando la altura de la pan\u00edcula, \u00e1pice estrechado en una punta filiforme larga y fina; vainas abiertas, glabras y lisas, te\u00f1idas de p\u00farpura p\u00e1lido en la base; l\u00edgulas escariosas, de 0,2-0,3 mm de largo, truncadas, \u00e1pice ciliado, auriculadas, aur\u00edculas conspicuas, de 1 mm de largo, ciliadas; l\u00e1minas planas o semiplegadas, de 0,8-1,5(-2,5) mm de ancho, glabras, escabri\u00fasculas en la superficie abaxial, ca. 13-nervia; trab\u00e9culas completas de escler\u00e9nquima en los nervios primarios, puentes de escler\u00e9nquima abaxiales en los nervios secundarios, escler\u00e9nquima en bloques abaxiales entre nervios, opuestos a los valles, y adaxiales en las costillas.<br>Pan\u00edculas de (10-)17-26 cm de largo, estrechamente lanceoladas, contra\u00eddas, multiespiculadas (80-92 espiguillas), ramas erectas, adpresas al raquis, raquis y ramas escabrosos; ramas basales geminadas.<br>Espiguillas de 11-13 mm de largo, el\u00edpticas, (5-)7-9-floras, verdosas, pediceladas, pedicelos de 2-4,5(-7) mm de largo, segmentos de la raquilla de 1-1,5 mm de largo, esparcidamente escabrosos; glumas lanceoladas, verdes, margen escarioso, estrecho, ocasionalmente te\u00f1idas de p\u00farpura en el \u00e1pice, glabras y lisas excepto en el \u00e1pice escabroso, \u00e1pice agudo, en ocasiones tan largas como los antecios contiguos; gluma inferior de 3,3-4,2(-7,5) mm de largo, 1-nervia; gluma superior de 5-5,5(-8) mm de largo, 3-nervia; lemma de (6-)7-7,5(-9) mm de largo, lanceolada, verde o te\u00f1ida de p\u00farpura en el \u00e1pice, 5-nervia, glabra, con nervios inconspicuos, ligeramente escabrosa en el dorso y en el \u00e1pice, \u00e1pice m\u00fatico, mucronulado o cortamente aristado, arista de 0,5 mm de largo; p\u00e1lea de 6,5-7 mm de largo, lanceolada, 2-dentada, carenas escabri\u00fasculas; callo redondeado en la base, glabro; anteras 3, de 3-3,7 mm de largo; lod\u00edcula de 1 mm de largo; ovario ovoide con \u00e1pice glabro; cariopsis de 3 mm de largo; hilo lineal de \u00bd del largo de la cariopsis.<\/p>\n\n\n\n<p class=\"has-text-align-right\" style=\"font-size:15px\"><small>Fuente texto y foto:\u00a0<a href=\"http:\/\/conosur.floraargentina.edu.ar\/species\/details\/21929\" target=\"_blank\" rel=\"noreferrer noopener\">conosur.floraargentina<\/a><\/small><\/p>\n<\/div>\n","protected":false},"excerpt":{"rendered":"<p>Plantas perennes, cespitosas; ca\u00f1as flor\u00edferas de 60-100 cm de alto, 2-3-nodes; renuevos intravaginales, vernaci\u00f3n conduplicada; hojas de los renuevos planas, [&hellip;]<\/p>\n","protected":false},"author":1,"featured_media":0,"parent":0,"menu_order":0,"comment_status":"closed","ping_status":"closed","template":"","meta":{"site-sidebar-layout":"default","site-content-layout":"","ast-site-content-layout":"default","site-content-style":"default","site-sidebar-style":"default","ast-global-header-display":"","ast-banner-title-visibility":"","ast-main-header-display":"","ast-hfb-above-header-display":"","ast-hfb-below-header-display":"","ast-hfb-mobile-header-display":"","site-post-title":"","ast-breadcrumbs-content":"","ast-featured-img":"","footer-sml-layout":"","theme-transparent-header-meta":"","adv-header-id-meta":"","stick-header-meta":"","header-above-stick-meta":"","header-main-stick-meta":"","header-below-stick-meta":"","astra-migrate-meta-layouts":"default","ast-page-background-enabled":"default","ast-page-background-meta":{"desktop":{"background-color":"var(--ast-global-color-5)","background-image":"","background-repeat":"repeat","background-position":"center center","background-size":"auto","background-attachment":"scroll","background-type":"","background-media":"","overlay-type":"","overlay-color":"","overlay-opacity":"","overlay-gradient":""},"tablet":{"background-color":"","background-image":"","background-repeat":"repeat","background-position":"center center","background-size":"auto","background-attachment":"scroll","background-type":"","background-media":"","overlay-type":"","overlay-color":"","overlay-opacity":"","overlay-gradient":""},"mobile":{"background-color":"","background-image":"","background-repeat":"repeat","background-position":"center center","background-size":"auto","background-attachment":"scroll","background-type":"","background-media":"","overlay-type":"","overlay-color":"","overlay-opacity":"","overlay-gradient":""}},"ast-content-background-meta":{"desktop":{"background-color":"var(--ast-global-color-4)","background-image":"","background-repeat":"repeat","background-position":"center center","background-size":"auto","background-attachment":"scroll","background-type":"","background-media":"","overlay-type":"","overlay-color":"","overlay-opacity":"","overlay-gradient":""},"tablet":{"background-color":"var(--ast-global-color-4)","background-image":"","background-repeat":"repeat","background-position":"center center","background-size":"auto","background-attachment":"scroll","background-type":"","background-media":"","overlay-type":"","overlay-color":"","overlay-opacity":"","overlay-gradient":""},"mobile":{"background-color":"var(--ast-global-color-4)","background-image":"","background-repeat":"repeat","background-position":"center center","background-size":"auto","background-attachment":"scroll","background-type":"","background-media":"","overlay-type":"","overlay-color":"","overlay-opacity":"","overlay-gradient":""}},"footnotes":"","_links_to":"","_links_to_target":""},"class_list":["post-2528","page","type-page","status-publish","hentry"],"rttpg_featured_image_url":null,"rttpg_author":{"display_name":"ftu","author_link":"http:\/\/ftuvz.unsl.edu.ar\/index.php\/author\/ftu\/"},"rttpg_comment":0,"rttpg_category":null,"rttpg_excerpt":"Plantas perennes, cespitosas; ca\u00f1as flor\u00edferas de 60-100 cm de alto, 2-3-nodes; renuevos intravaginales, vernaci\u00f3n conduplicada; hojas de los renuevos planas, [&hellip;]","_links":{"self":[{"href":"http:\/\/ftuvz.unsl.edu.ar\/index.php\/wp-json\/wp\/v2\/pages\/2528","targetHints":{"allow":["GET"]}}],"collection":[{"href":"http:\/\/ftuvz.unsl.edu.ar\/index.php\/wp-json\/wp\/v2\/pages"}],"about":[{"href":"http:\/\/ftuvz.unsl.edu.ar\/index.php\/wp-json\/wp\/v2\/types\/page"}],"author":[{"embeddable":true,"href":"http:\/\/ftuvz.unsl.edu.ar\/index.php\/wp-json\/wp\/v2\/users\/1"}],"replies":[{"embeddable":true,"href":"http:\/\/ftuvz.unsl.edu.ar\/index.php\/wp-json\/wp\/v2\/comments?post=2528"}],"version-history":[{"count":1,"href":"http:\/\/ftuvz.unsl.edu.ar\/index.php\/wp-json\/wp\/v2\/pages\/2528\/revisions"}],"predecessor-version":[{"id":2530,"href":"http:\/\/ftuvz.unsl.edu.ar\/index.php\/wp-json\/wp\/v2\/pages\/2528\/revisions\/2530"}],"wp:attachment":[{"href":"http:\/\/ftuvz.unsl.edu.ar\/index.php\/wp-json\/wp\/v2\/media?parent=2528"}],"curies":[{"name":"wp","href":"https:\/\/api.w.org\/{rel}","templated":true}]}}