{"id":2498,"date":"2025-10-27T11:32:32","date_gmt":"2025-10-27T14:32:32","guid":{"rendered":"http:\/\/ftuvz.unsl.edu.ar\/?page_id=2498"},"modified":"2025-10-27T13:23:09","modified_gmt":"2025-10-27T16:23:09","slug":"ciboulette-allium-schoenoprasum","status":"publish","type":"page","link":"http:\/\/ftuvz.unsl.edu.ar\/index.php\/ciboulette-allium-schoenoprasum\/","title":{"rendered":"Ciboulette (Allium\u00a0schoenoprasum)"},"content":{"rendered":"\n<div class=\"wp-block-group has-border-color has-cyan-bluish-gray-border-color is-layout-constrained wp-block-group-is-layout-constrained\" style=\"border-width:1px;padding-top:var(--wp--preset--spacing--20);padding-bottom:var(--wp--preset--spacing--20)\">\n<div class=\"wp-block-columns is-layout-flex wp-container-core-columns-is-layout-d23209a0 wp-block-columns-is-layout-flex\" style=\"border-style:none;border-width:0px;padding-top:var(--wp--preset--spacing--30);padding-bottom:var(--wp--preset--spacing--30)\">\n<div class=\"wp-block-column is-layout-flow wp-block-column-is-layout-flow\">\n<figure class=\"wp-block-image aligncenter size-full is-resized\"><a href=\"http:\/\/ftuvz.unsl.edu.ar\/wp-content\/uploads\/2025\/10\/Ciboulette-allium-schoenopraasum.jpg\"><img loading=\"lazy\" decoding=\"async\" width=\"800\" height=\"600\" src=\"http:\/\/ftuvz.unsl.edu.ar\/wp-content\/uploads\/2025\/10\/Ciboulette-allium-schoenopraasum.jpg\" alt=\"\" class=\"wp-image-2526\" style=\"object-fit:cover;width:300px;height:300px\" srcset=\"http:\/\/ftuvz.unsl.edu.ar\/wp-content\/uploads\/2025\/10\/Ciboulette-allium-schoenopraasum.jpg 800w, http:\/\/ftuvz.unsl.edu.ar\/wp-content\/uploads\/2025\/10\/Ciboulette-allium-schoenopraasum-300x225.jpg 300w, http:\/\/ftuvz.unsl.edu.ar\/wp-content\/uploads\/2025\/10\/Ciboulette-allium-schoenopraasum-768x576.jpg 768w\" sizes=\"auto, (max-width: 800px) 100vw, 800px\" \/><\/a><\/figure>\n<\/div>\n<\/div>\n\n\n\n<p>Hierba perenne, con un bulbo de 15-43 x 8-14 mm, fusiforme, solitario o en grupos de 2 o 3, con un rizoma muy corto, sin bulbillos; t\u00fanica externa cori\u00e1cea, lisa, gris\u00e1cea. Tallo 12-46 cm, de secci\u00f3n circular, fistuloso.<br>Hojas 1-3, dispuestas a lo largo del tercio inferior del tallo, glabras, sin pec\u00edolo, con una vaina membran\u00e1cea de 27- 130 mm; limbo 9,5-29 x (0,11)0,15-0,26(0,44) cm, linear, cil\u00edndrico, fistuloso, agudo, de margen liso.<br>Inflorescencia de 17-33 x 26-44 mm, esf\u00e9rica o hemisf\u00e9rica, densa, con 7-50 flores m\u00e1s o menos tubulares, sin bulbilos; espata con 2 segmentos subiguales, de 6-14 x 4-10 mm, ovados, m\u00e1s cortos que la inflorescencia, apiculados -acumen 0,4-1,7 mm-, membran\u00e1ceos, que persisten hasta la fructificaci\u00f3n; pedicelos 3,5-15,4 mm, subiguales, de estriados a estrechamente alados, no engrosados, los externos rectos en la antesis, sin bract\u00e9olas.<br>T\u00e9palos el\u00edpticos, m\u00e1s o menos apiculados, purp\u00fareos, lisos; los externos (7,2)8-10,8(12,5) x 1,7-3,4 mm; los internos 7,7-12,8 x 1,7-3,5 mm.<br>Estambres inclusos -relaci\u00f3n estambre\/t\u00e9palo = 0,47- 0,88-; filamentos externos (3,2)4,3-6,1(7,3) x 0,6-1 mm, simples, linear-lanceolados, con la base anchamente triangular; filamentos internos (3,2)4,5-6,1(6,6) x 0,6-1,4 mm, simples, linear-lanceolados, con la base anchamente triangular; anteras 0,5-1,5 x 0,3-0,7 mm, amarillas o purp\u00fareas. Ovario 1,4-3,2 x 1,3-2,8 mm, obovoide, liso, no crestado; estilo 1,7-4,8 mm; estigma entero.<br>Fruto en c\u00e1psula de 3,1-3,8 x 2,6-3,7 mm, con 1 o 2 semillas por l\u00f3culo. Semillas 2,7-3,4 x 1,2-1,7 mm, m\u00e1s o menos irregularmente ovado-angulosas, sin eleosoma.<br>Florece de junio a agosto.<\/p>\n\n\n\n<p class=\"has-text-align-right\" style=\"font-size:15px\">Fuente texto y foto:&nbsp;<a href=\"https:\/\/www.asturnatura.com\/especie\/allium-schoenoprasum.html\" target=\"_blank\" rel=\"noreferrer noopener\">asturnatura<\/a><\/p>\n<\/div>\n","protected":false},"excerpt":{"rendered":"<p>Hierba perenne, con un bulbo de 15-43 x 8-14 mm, fusiforme, solitario o en grupos de 2 o 3, con [&hellip;]<\/p>\n","protected":false},"author":1,"featured_media":0,"parent":0,"menu_order":0,"comment_status":"closed","ping_status":"closed","template":"","meta":{"site-sidebar-layout":"default","site-content-layout":"","ast-site-content-layout":"default","site-content-style":"default","site-sidebar-style":"default","ast-global-header-display":"","ast-banner-title-visibility":"","ast-main-header-display":"","ast-hfb-above-header-display":"","ast-hfb-below-header-display":"","ast-hfb-mobile-header-display":"","site-post-title":"","ast-breadcrumbs-content":"","ast-featured-img":"","footer-sml-layout":"","theme-transparent-header-meta":"","adv-header-id-meta":"","stick-header-meta":"","header-above-stick-meta":"","header-main-stick-meta":"","header-below-stick-meta":"","astra-migrate-meta-layouts":"default","ast-page-background-enabled":"default","ast-page-background-meta":{"desktop":{"background-color":"var(--ast-global-color-5)","background-image":"","background-repeat":"repeat","background-position":"center center","background-size":"auto","background-attachment":"scroll","background-type":"","background-media":"","overlay-type":"","overlay-color":"","overlay-opacity":"","overlay-gradient":""},"tablet":{"background-color":"","background-image":"","background-repeat":"repeat","background-position":"center center","background-size":"auto","background-attachment":"scroll","background-type":"","background-media":"","overlay-type":"","overlay-color":"","overlay-opacity":"","overlay-gradient":""},"mobile":{"background-color":"","background-image":"","background-repeat":"repeat","background-position":"center center","background-size":"auto","background-attachment":"scroll","background-type":"","background-media":"","overlay-type":"","overlay-color":"","overlay-opacity":"","overlay-gradient":""}},"ast-content-background-meta":{"desktop":{"background-color":"var(--ast-global-color-4)","background-image":"","background-repeat":"repeat","background-position":"center center","background-size":"auto","background-attachment":"scroll","background-type":"","background-media":"","overlay-type":"","overlay-color":"","overlay-opacity":"","overlay-gradient":""},"tablet":{"background-color":"var(--ast-global-color-4)","background-image":"","background-repeat":"repeat","background-position":"center center","background-size":"auto","background-attachment":"scroll","background-type":"","background-media":"","overlay-type":"","overlay-color":"","overlay-opacity":"","overlay-gradient":""},"mobile":{"background-color":"var(--ast-global-color-4)","background-image":"","background-repeat":"repeat","background-position":"center center","background-size":"auto","background-attachment":"scroll","background-type":"","background-media":"","overlay-type":"","overlay-color":"","overlay-opacity":"","overlay-gradient":""}},"footnotes":"","_links_to":"","_links_to_target":""},"class_list":["post-2498","page","type-page","status-publish","hentry"],"rttpg_featured_image_url":null,"rttpg_author":{"display_name":"ftu","author_link":"http:\/\/ftuvz.unsl.edu.ar\/index.php\/author\/ftu\/"},"rttpg_comment":0,"rttpg_category":null,"rttpg_excerpt":"Hierba perenne, con un bulbo de 15-43 x 8-14 mm, fusiforme, solitario o en grupos de 2 o 3, con [&hellip;]","_links":{"self":[{"href":"http:\/\/ftuvz.unsl.edu.ar\/index.php\/wp-json\/wp\/v2\/pages\/2498","targetHints":{"allow":["GET"]}}],"collection":[{"href":"http:\/\/ftuvz.unsl.edu.ar\/index.php\/wp-json\/wp\/v2\/pages"}],"about":[{"href":"http:\/\/ftuvz.unsl.edu.ar\/index.php\/wp-json\/wp\/v2\/types\/page"}],"author":[{"embeddable":true,"href":"http:\/\/ftuvz.unsl.edu.ar\/index.php\/wp-json\/wp\/v2\/users\/1"}],"replies":[{"embeddable":true,"href":"http:\/\/ftuvz.unsl.edu.ar\/index.php\/wp-json\/wp\/v2\/comments?post=2498"}],"version-history":[{"count":2,"href":"http:\/\/ftuvz.unsl.edu.ar\/index.php\/wp-json\/wp\/v2\/pages\/2498\/revisions"}],"predecessor-version":[{"id":2527,"href":"http:\/\/ftuvz.unsl.edu.ar\/index.php\/wp-json\/wp\/v2\/pages\/2498\/revisions\/2527"}],"wp:attachment":[{"href":"http:\/\/ftuvz.unsl.edu.ar\/index.php\/wp-json\/wp\/v2\/media?parent=2498"}],"curies":[{"name":"wp","href":"https:\/\/api.w.org\/{rel}","templated":true}]}}