{"id":2480,"date":"2025-10-27T10:56:34","date_gmt":"2025-10-27T13:56:34","guid":{"rendered":"http:\/\/ftuvz.unsl.edu.ar\/?page_id=2480"},"modified":"2025-10-27T12:44:42","modified_gmt":"2025-10-27T15:44:42","slug":"carquejilla-baccharis-articulata","status":"publish","type":"page","link":"http:\/\/ftuvz.unsl.edu.ar\/index.php\/carquejilla-baccharis-articulata\/","title":{"rendered":"Carquejilla (Baccharis articulata)"},"content":{"rendered":"\n<div class=\"wp-block-group has-border-color has-cyan-bluish-gray-border-color is-layout-constrained wp-block-group-is-layout-constrained\" style=\"border-width:1px;padding-top:var(--wp--preset--spacing--20);padding-bottom:var(--wp--preset--spacing--20)\">\n<div class=\"wp-block-columns is-layout-flex wp-container-core-columns-is-layout-d23209a0 wp-block-columns-is-layout-flex\" style=\"border-style:none;border-width:0px;padding-top:var(--wp--preset--spacing--30);padding-bottom:var(--wp--preset--spacing--30)\">\n<div class=\"wp-block-column is-layout-flow wp-block-column-is-layout-flow\">\n<figure class=\"wp-block-image aligncenter size-full\"><a href=\"http:\/\/ftuvz.unsl.edu.ar\/wp-content\/uploads\/2025\/10\/Carquejilla-Baccharis-articulata1.jpg\"><img loading=\"lazy\" decoding=\"async\" width=\"800\" height=\"600\" src=\"http:\/\/ftuvz.unsl.edu.ar\/wp-content\/uploads\/2025\/10\/Carquejilla-Baccharis-articulata1.jpg\" alt=\"\" class=\"wp-image-2511\" srcset=\"http:\/\/ftuvz.unsl.edu.ar\/wp-content\/uploads\/2025\/10\/Carquejilla-Baccharis-articulata1.jpg 800w, http:\/\/ftuvz.unsl.edu.ar\/wp-content\/uploads\/2025\/10\/Carquejilla-Baccharis-articulata1-300x225.jpg 300w, http:\/\/ftuvz.unsl.edu.ar\/wp-content\/uploads\/2025\/10\/Carquejilla-Baccharis-articulata1-768x576.jpg 768w\" sizes=\"auto, (max-width: 800px) 100vw, 800px\" \/><\/a><\/figure>\n<\/div>\n\n\n\n<div class=\"wp-block-column is-layout-flow wp-block-column-is-layout-flow\">\n<figure class=\"wp-block-image aligncenter size-full\"><a href=\"http:\/\/ftuvz.unsl.edu.ar\/wp-content\/uploads\/2025\/10\/Carquejilla-Baccharis-articulata2.jpg\"><img loading=\"lazy\" decoding=\"async\" width=\"800\" height=\"600\" src=\"http:\/\/ftuvz.unsl.edu.ar\/wp-content\/uploads\/2025\/10\/Carquejilla-Baccharis-articulata2.jpg\" alt=\"\" class=\"wp-image-2512\" srcset=\"http:\/\/ftuvz.unsl.edu.ar\/wp-content\/uploads\/2025\/10\/Carquejilla-Baccharis-articulata2.jpg 800w, http:\/\/ftuvz.unsl.edu.ar\/wp-content\/uploads\/2025\/10\/Carquejilla-Baccharis-articulata2-300x225.jpg 300w, http:\/\/ftuvz.unsl.edu.ar\/wp-content\/uploads\/2025\/10\/Carquejilla-Baccharis-articulata2-768x576.jpg 768w\" sizes=\"auto, (max-width: 800px) 100vw, 800px\" \/><\/a><\/figure>\n<\/div>\n\n\n\n<div class=\"wp-block-column is-layout-flow wp-block-column-is-layout-flow\">\n<figure class=\"wp-block-image size-full\"><a href=\"http:\/\/ftuvz.unsl.edu.ar\/wp-content\/uploads\/2025\/10\/Carquejilla-Baccharis-articulata3.jpg\"><img loading=\"lazy\" decoding=\"async\" width=\"800\" height=\"600\" src=\"http:\/\/ftuvz.unsl.edu.ar\/wp-content\/uploads\/2025\/10\/Carquejilla-Baccharis-articulata3.jpg\" alt=\"\" class=\"wp-image-2513\" srcset=\"http:\/\/ftuvz.unsl.edu.ar\/wp-content\/uploads\/2025\/10\/Carquejilla-Baccharis-articulata3.jpg 800w, http:\/\/ftuvz.unsl.edu.ar\/wp-content\/uploads\/2025\/10\/Carquejilla-Baccharis-articulata3-300x225.jpg 300w, http:\/\/ftuvz.unsl.edu.ar\/wp-content\/uploads\/2025\/10\/Carquejilla-Baccharis-articulata3-768x576.jpg 768w\" sizes=\"auto, (max-width: 800px) 100vw, 800px\" \/><\/a><\/figure>\n<\/div>\n<\/div>\n\n\n\n<p>Arbustos de 0,5-2 m de alto, ramosos, revestidos por nidos pilosos, resinosos.<br>Tallos provistos de dos alas longitudinales angostas o anchas de 0,5-10 mm de ancho. Hojas reducidas a br\u00e1cteas inconspicuas.<br>Cap\u00edtulos s\u00e9siles, solitarios o dispuestos en 2-6 glom\u00e9rulos, a su vez ordenados en un racimo simple o racimo de espigas terminal.<br>Cap\u00edtulos pistilados con involucro acampanado de 3-5 \u00d7 3-5 mm; filarios en 3-4 series, obtusos o subobtusos, los exteriores ovados y los interiores oblongos a linear-oblongos. Flores numerosas; corolas de 1,5-2,7 mm de largo, de \u00e1pice irregularmente dentado o brev\u00edsimamente ligulado.<br>Aquenios de 0,5-1 mm de largo, 5-costados, glabros.<br>Papus 1- seriado, apenas acrescente.<br>Cap\u00edtulos estaminados con involucro acampanado de 2-4 \u00d7 3-4 mm; filarios semejantes a los pistilados.<br>Flores numerosas; corolas de 2-3 mm de largo; estilo con ramas separadas.<br>Papus con cerdas no ensanchadas en el \u00e1pice.<\/p>\n\n\n\n<p class=\"has-text-align-right\" style=\"font-size:15px\">Fuente:&nbsp;<a href=\"http:\/\/conosur.floraargentina.edu.ar\/species\/details\/16165\" target=\"_blank\" rel=\"noreferrer noopener\">conosur.floraargentina<\/a><\/p>\n<\/div>\n","protected":false},"excerpt":{"rendered":"<p>Arbustos de 0,5-2 m de alto, ramosos, revestidos por nidos pilosos, resinosos.Tallos provistos de dos alas longitudinales angostas o anchas [&hellip;]<\/p>\n","protected":false},"author":1,"featured_media":0,"parent":0,"menu_order":0,"comment_status":"closed","ping_status":"closed","template":"","meta":{"site-sidebar-layout":"default","site-content-layout":"","ast-site-content-layout":"default","site-content-style":"default","site-sidebar-style":"default","ast-global-header-display":"","ast-banner-title-visibility":"","ast-main-header-display":"","ast-hfb-above-header-display":"","ast-hfb-below-header-display":"","ast-hfb-mobile-header-display":"","site-post-title":"","ast-breadcrumbs-content":"","ast-featured-img":"","footer-sml-layout":"","theme-transparent-header-meta":"","adv-header-id-meta":"","stick-header-meta":"","header-above-stick-meta":"","header-main-stick-meta":"","header-below-stick-meta":"","astra-migrate-meta-layouts":"default","ast-page-background-enabled":"default","ast-page-background-meta":{"desktop":{"background-color":"var(--ast-global-color-5)","background-image":"","background-repeat":"repeat","background-position":"center center","background-size":"auto","background-attachment":"scroll","background-type":"","background-media":"","overlay-type":"","overlay-color":"","overlay-opacity":"","overlay-gradient":""},"tablet":{"background-color":"","background-image":"","background-repeat":"repeat","background-position":"center center","background-size":"auto","background-attachment":"scroll","background-type":"","background-media":"","overlay-type":"","overlay-color":"","overlay-opacity":"","overlay-gradient":""},"mobile":{"background-color":"","background-image":"","background-repeat":"repeat","background-position":"center center","background-size":"auto","background-attachment":"scroll","background-type":"","background-media":"","overlay-type":"","overlay-color":"","overlay-opacity":"","overlay-gradient":""}},"ast-content-background-meta":{"desktop":{"background-color":"var(--ast-global-color-4)","background-image":"","background-repeat":"repeat","background-position":"center center","background-size":"auto","background-attachment":"scroll","background-type":"","background-media":"","overlay-type":"","overlay-color":"","overlay-opacity":"","overlay-gradient":""},"tablet":{"background-color":"var(--ast-global-color-4)","background-image":"","background-repeat":"repeat","background-position":"center center","background-size":"auto","background-attachment":"scroll","background-type":"","background-media":"","overlay-type":"","overlay-color":"","overlay-opacity":"","overlay-gradient":""},"mobile":{"background-color":"var(--ast-global-color-4)","background-image":"","background-repeat":"repeat","background-position":"center center","background-size":"auto","background-attachment":"scroll","background-type":"","background-media":"","overlay-type":"","overlay-color":"","overlay-opacity":"","overlay-gradient":""}},"footnotes":"","_links_to":"","_links_to_target":""},"class_list":["post-2480","page","type-page","status-publish","hentry"],"rttpg_featured_image_url":null,"rttpg_author":{"display_name":"ftu","author_link":"http:\/\/ftuvz.unsl.edu.ar\/index.php\/author\/ftu\/"},"rttpg_comment":0,"rttpg_category":null,"rttpg_excerpt":"Arbustos de 0,5-2 m de alto, ramosos, revestidos por nidos pilosos, resinosos.Tallos provistos de dos alas longitudinales angostas o anchas [&hellip;]","_links":{"self":[{"href":"http:\/\/ftuvz.unsl.edu.ar\/index.php\/wp-json\/wp\/v2\/pages\/2480","targetHints":{"allow":["GET"]}}],"collection":[{"href":"http:\/\/ftuvz.unsl.edu.ar\/index.php\/wp-json\/wp\/v2\/pages"}],"about":[{"href":"http:\/\/ftuvz.unsl.edu.ar\/index.php\/wp-json\/wp\/v2\/types\/page"}],"author":[{"embeddable":true,"href":"http:\/\/ftuvz.unsl.edu.ar\/index.php\/wp-json\/wp\/v2\/users\/1"}],"replies":[{"embeddable":true,"href":"http:\/\/ftuvz.unsl.edu.ar\/index.php\/wp-json\/wp\/v2\/comments?post=2480"}],"version-history":[{"count":4,"href":"http:\/\/ftuvz.unsl.edu.ar\/index.php\/wp-json\/wp\/v2\/pages\/2480\/revisions"}],"predecessor-version":[{"id":2515,"href":"http:\/\/ftuvz.unsl.edu.ar\/index.php\/wp-json\/wp\/v2\/pages\/2480\/revisions\/2515"}],"wp:attachment":[{"href":"http:\/\/ftuvz.unsl.edu.ar\/index.php\/wp-json\/wp\/v2\/media?parent=2480"}],"curies":[{"name":"wp","href":"https:\/\/api.w.org\/{rel}","templated":true}]}}