{"id":2477,"date":"2025-10-27T10:54:31","date_gmt":"2025-10-27T13:54:31","guid":{"rendered":"http:\/\/ftuvz.unsl.edu.ar\/?page_id=2477"},"modified":"2025-10-27T13:20:32","modified_gmt":"2025-10-27T16:20:32","slug":"burrito-aloysia-polystachya","status":"publish","type":"page","link":"http:\/\/ftuvz.unsl.edu.ar\/index.php\/burrito-aloysia-polystachya\/","title":{"rendered":"Burrito (Aloysia polystachya)"},"content":{"rendered":"\n<div class=\"wp-block-group has-border-color has-cyan-bluish-gray-border-color is-layout-constrained wp-block-group-is-layout-constrained\" style=\"border-width:1px;padding-top:var(--wp--preset--spacing--20);padding-bottom:var(--wp--preset--spacing--20)\">\n<div class=\"wp-block-columns is-layout-flex wp-container-core-columns-is-layout-d23209a0 wp-block-columns-is-layout-flex\" style=\"border-style:none;border-width:0px;padding-top:var(--wp--preset--spacing--30);padding-bottom:var(--wp--preset--spacing--30)\">\n<div class=\"wp-block-column is-layout-flow wp-block-column-is-layout-flow\">\n<figure class=\"wp-block-image aligncenter size-full is-resized\"><a href=\"http:\/\/ftuvz.unsl.edu.ar\/wp-content\/uploads\/2025\/10\/Burrito-Aloysia-polystachya.jpg\"><img loading=\"lazy\" decoding=\"async\" width=\"300\" height=\"200\" src=\"http:\/\/ftuvz.unsl.edu.ar\/wp-content\/uploads\/2025\/10\/Burrito-Aloysia-polystachya.jpg\" alt=\"\" class=\"wp-image-2508\" style=\"object-fit:cover;width:300px;height:300px\"\/><\/a><\/figure>\n<\/div>\n<\/div>\n\n\n\n<p>Sufr\u00fatice de 50-150 cm de alto, arom\u00e1tico, ramas glabrescentes con la edad, con entrenudos cortos.<br>Hojas alternas, raramente opuestas, subs\u00e9siles a brevemente subpecioladas; pec\u00edolo de 1- 3 mm de largo; l\u00e1minas el\u00edpticas, de 1-5 x 0,3-1 cm, discolores, base aguda atenuada, \u00e1pice agudo a subobtuso, margen entero, pubescencia escabrosa en cara adaxial, estrigosa y densa en la abaxial.<br>Sinflorescencias en pleiobotrios homot\u00e9ticos, formadas por racimos espiciformes densos, breves, de 0,5-3 cm de largo, solitarios o en fasc\u00edculos axilares, con ped\u00fanculos de 0,5-1 mm de largo. Br\u00e1cteas florales reducidas, anchamente obovadas, de 1-1,5 mm de largo, pubescencia densamente h\u00edspido-tomentosa; c\u00e1liz de 1-1,5 mm de largo, densamente tomentoso, dientes breves, subiguales, triangulares; corola blanca, de 1,5-2 mm de largo, fauce villosa, tomentoso-glandulosa en el exterior; estambres inclusos con el conectivo apiculado. Clusas de 1 x 0,5 mm, glabras.<\/p>\n\n\n\n<p class=\"has-text-align-right\" style=\"font-size:15px\"><small>Fuente texto y foto:&nbsp;<a href=\"http:\/\/conosur.floraargentina.edu.ar\/species\/details\/25140\" target=\"_blank\" rel=\"noreferrer noopener\">conosur.floraargentina<\/a><\/small><\/p>\n<\/div>\n","protected":false},"excerpt":{"rendered":"<p>Sufr\u00fatice de 50-150 cm de alto, arom\u00e1tico, ramas glabrescentes con la edad, con entrenudos cortos.Hojas alternas, raramente opuestas, subs\u00e9siles a [&hellip;]<\/p>\n","protected":false},"author":1,"featured_media":0,"parent":0,"menu_order":0,"comment_status":"closed","ping_status":"closed","template":"","meta":{"site-sidebar-layout":"default","site-content-layout":"","ast-site-content-layout":"default","site-content-style":"default","site-sidebar-style":"default","ast-global-header-display":"","ast-banner-title-visibility":"","ast-main-header-display":"","ast-hfb-above-header-display":"","ast-hfb-below-header-display":"","ast-hfb-mobile-header-display":"","site-post-title":"","ast-breadcrumbs-content":"","ast-featured-img":"","footer-sml-layout":"","theme-transparent-header-meta":"","adv-header-id-meta":"","stick-header-meta":"","header-above-stick-meta":"","header-main-stick-meta":"","header-below-stick-meta":"","astra-migrate-meta-layouts":"default","ast-page-background-enabled":"default","ast-page-background-meta":{"desktop":{"background-color":"var(--ast-global-color-5)","background-image":"","background-repeat":"repeat","background-position":"center center","background-size":"auto","background-attachment":"scroll","background-type":"","background-media":"","overlay-type":"","overlay-color":"","overlay-opacity":"","overlay-gradient":""},"tablet":{"background-color":"","background-image":"","background-repeat":"repeat","background-position":"center center","background-size":"auto","background-attachment":"scroll","background-type":"","background-media":"","overlay-type":"","overlay-color":"","overlay-opacity":"","overlay-gradient":""},"mobile":{"background-color":"","background-image":"","background-repeat":"repeat","background-position":"center center","background-size":"auto","background-attachment":"scroll","background-type":"","background-media":"","overlay-type":"","overlay-color":"","overlay-opacity":"","overlay-gradient":""}},"ast-content-background-meta":{"desktop":{"background-color":"var(--ast-global-color-4)","background-image":"","background-repeat":"repeat","background-position":"center center","background-size":"auto","background-attachment":"scroll","background-type":"","background-media":"","overlay-type":"","overlay-color":"","overlay-opacity":"","overlay-gradient":""},"tablet":{"background-color":"var(--ast-global-color-4)","background-image":"","background-repeat":"repeat","background-position":"center center","background-size":"auto","background-attachment":"scroll","background-type":"","background-media":"","overlay-type":"","overlay-color":"","overlay-opacity":"","overlay-gradient":""},"mobile":{"background-color":"var(--ast-global-color-4)","background-image":"","background-repeat":"repeat","background-position":"center center","background-size":"auto","background-attachment":"scroll","background-type":"","background-media":"","overlay-type":"","overlay-color":"","overlay-opacity":"","overlay-gradient":""}},"footnotes":"","_links_to":"","_links_to_target":""},"class_list":["post-2477","page","type-page","status-publish","hentry"],"rttpg_featured_image_url":null,"rttpg_author":{"display_name":"ftu","author_link":"http:\/\/ftuvz.unsl.edu.ar\/index.php\/author\/ftu\/"},"rttpg_comment":0,"rttpg_category":null,"rttpg_excerpt":"Sufr\u00fatice de 50-150 cm de alto, arom\u00e1tico, ramas glabrescentes con la edad, con entrenudos cortos.Hojas alternas, raramente opuestas, subs\u00e9siles a [&hellip;]","_links":{"self":[{"href":"http:\/\/ftuvz.unsl.edu.ar\/index.php\/wp-json\/wp\/v2\/pages\/2477","targetHints":{"allow":["GET"]}}],"collection":[{"href":"http:\/\/ftuvz.unsl.edu.ar\/index.php\/wp-json\/wp\/v2\/pages"}],"about":[{"href":"http:\/\/ftuvz.unsl.edu.ar\/index.php\/wp-json\/wp\/v2\/types\/page"}],"author":[{"embeddable":true,"href":"http:\/\/ftuvz.unsl.edu.ar\/index.php\/wp-json\/wp\/v2\/users\/1"}],"replies":[{"embeddable":true,"href":"http:\/\/ftuvz.unsl.edu.ar\/index.php\/wp-json\/wp\/v2\/comments?post=2477"}],"version-history":[{"count":3,"href":"http:\/\/ftuvz.unsl.edu.ar\/index.php\/wp-json\/wp\/v2\/pages\/2477\/revisions"}],"predecessor-version":[{"id":2525,"href":"http:\/\/ftuvz.unsl.edu.ar\/index.php\/wp-json\/wp\/v2\/pages\/2477\/revisions\/2525"}],"wp:attachment":[{"href":"http:\/\/ftuvz.unsl.edu.ar\/index.php\/wp-json\/wp\/v2\/media?parent=2477"}],"curies":[{"name":"wp","href":"https:\/\/api.w.org\/{rel}","templated":true}]}}