{"id":2474,"date":"2025-10-27T10:53:02","date_gmt":"2025-10-27T13:53:02","guid":{"rendered":"http:\/\/ftuvz.unsl.edu.ar\/?page_id=2474"},"modified":"2025-10-27T13:20:07","modified_gmt":"2025-10-27T16:20:07","slug":"aleli-matthiola-incana","status":"publish","type":"page","link":"http:\/\/ftuvz.unsl.edu.ar\/index.php\/aleli-matthiola-incana\/","title":{"rendered":"Aleli (Matthiola incana)"},"content":{"rendered":"\n<div class=\"wp-block-group has-border-color has-cyan-bluish-gray-border-color is-layout-constrained wp-block-group-is-layout-constrained\" style=\"border-width:1px;padding-top:var(--wp--preset--spacing--20);padding-bottom:var(--wp--preset--spacing--20)\">\n<div class=\"wp-block-columns is-layout-flex wp-container-core-columns-is-layout-d23209a0 wp-block-columns-is-layout-flex\" style=\"border-style:none;border-width:0px;padding-top:var(--wp--preset--spacing--30);padding-bottom:var(--wp--preset--spacing--30)\">\n<div class=\"wp-block-column is-layout-flow wp-block-column-is-layout-flow\">\n<figure class=\"wp-block-image aligncenter size-full is-resized\"><a href=\"http:\/\/ftuvz.unsl.edu.ar\/wp-content\/uploads\/2025\/10\/Aleli-Matthiola-incana3.jpg\"><img loading=\"lazy\" decoding=\"async\" width=\"270\" height=\"600\" src=\"http:\/\/ftuvz.unsl.edu.ar\/wp-content\/uploads\/2025\/10\/Aleli-Matthiola-incana3.jpg\" alt=\"\" class=\"wp-image-2506\" style=\"object-fit:cover;width:300px;height:300px\" srcset=\"http:\/\/ftuvz.unsl.edu.ar\/wp-content\/uploads\/2025\/10\/Aleli-Matthiola-incana3.jpg 270w, http:\/\/ftuvz.unsl.edu.ar\/wp-content\/uploads\/2025\/10\/Aleli-Matthiola-incana3-135x300.jpg 135w\" sizes=\"auto, (max-width: 270px) 100vw, 270px\" \/><\/a><\/figure>\n<\/div>\n<\/div>\n\n\n\n<p>Planta perenne de base le\u00f1osa, con indumento laxo de pelos ramificados cortos.<br>Tallos erectos de hasta 70 cm de altura, tard\u00edamente glabros.<br>Hojas de hasta 14 \u00d7 2,8 cm, con abundantes pelos ramificados, glaucas, lineares, el\u00edpticas u oblongo-el\u00edpticas, en ocasiones levemente crespas, con margen entero, \u00e1pice obtuso, base atenuada.<br>Pedicelos florales de 5-6 mm long., 10-20 \u00d7 1-2 mm en la fructificaci\u00f3n.<br>Flores de 20-25 mm di\u00e1m.<br>S\u00e9palos ca. 12 \u00d7 3 mm, con abundantes pelos ramificados, estrechamente ovados, margen entero, \u00e1pice obtuso.<br>P\u00e9talos glabros; u\u00f1a ca. 12 mm long., exerta, verde amarillenta; limbo de (9-)11-15 \u00d7 7-10 mm, anchamente obovado u obcordado, patente, margen liso, completamente purp\u00fareo, blanco o variegado. Androceo tetrad\u00ednamo; anteras ca. 3 mm long., agudas; filamentos medianos (internos) ca. 6 mm long., ensanchados hacia la base, los laterales (externos) ca. 3 mm long., no ensanchados en la base.<br>Nectarios 4, ca. 0,7 \u00d7 1 mm, laterales, triangulares, verdes.<br>Silicuas de (2,5-)5-10 \u00d7 0,3-0,5 cm, erectas a patentes, con pelos ramificados cortos cuando inmaduras, color casta\u00f1o claro cuando maduras, ap\u00e9ndice terminal de 0,7-2,5 mm long., truncado, con gibosidades menores a 1,5 mm long.<br>Semillas 20-30 por l\u00f3culo, ca. 3 mm di\u00e1m., suborbiculares, pardas, con ala de ca. 0,5 mm de ancho, de borde entero y sinuado, color crema.<\/p>\n\n\n\n<p class=\"has-text-align-right\" style=\"font-size:15px\"><small>Fuente texto y foto:&nbsp;<a href=\"http:\/\/conosur.floraargentina.edu.ar\/species\/details\/113240\" target=\"_blank\" rel=\"noreferrer noopener\">conosur.floraargentina<\/a><\/small><\/p>\n<\/div>\n","protected":false},"excerpt":{"rendered":"<p>Planta perenne de base le\u00f1osa, con indumento laxo de pelos ramificados cortos.Tallos erectos de hasta 70 cm de altura, tard\u00edamente [&hellip;]<\/p>\n","protected":false},"author":1,"featured_media":0,"parent":0,"menu_order":0,"comment_status":"closed","ping_status":"closed","template":"","meta":{"site-sidebar-layout":"default","site-content-layout":"","ast-site-content-layout":"default","site-content-style":"default","site-sidebar-style":"default","ast-global-header-display":"","ast-banner-title-visibility":"","ast-main-header-display":"","ast-hfb-above-header-display":"","ast-hfb-below-header-display":"","ast-hfb-mobile-header-display":"","site-post-title":"","ast-breadcrumbs-content":"","ast-featured-img":"","footer-sml-layout":"","theme-transparent-header-meta":"","adv-header-id-meta":"","stick-header-meta":"","header-above-stick-meta":"","header-main-stick-meta":"","header-below-stick-meta":"","astra-migrate-meta-layouts":"default","ast-page-background-enabled":"default","ast-page-background-meta":{"desktop":{"background-color":"var(--ast-global-color-5)","background-image":"","background-repeat":"repeat","background-position":"center center","background-size":"auto","background-attachment":"scroll","background-type":"","background-media":"","overlay-type":"","overlay-color":"","overlay-opacity":"","overlay-gradient":""},"tablet":{"background-color":"","background-image":"","background-repeat":"repeat","background-position":"center center","background-size":"auto","background-attachment":"scroll","background-type":"","background-media":"","overlay-type":"","overlay-color":"","overlay-opacity":"","overlay-gradient":""},"mobile":{"background-color":"","background-image":"","background-repeat":"repeat","background-position":"center center","background-size":"auto","background-attachment":"scroll","background-type":"","background-media":"","overlay-type":"","overlay-color":"","overlay-opacity":"","overlay-gradient":""}},"ast-content-background-meta":{"desktop":{"background-color":"var(--ast-global-color-4)","background-image":"","background-repeat":"repeat","background-position":"center center","background-size":"auto","background-attachment":"scroll","background-type":"","background-media":"","overlay-type":"","overlay-color":"","overlay-opacity":"","overlay-gradient":""},"tablet":{"background-color":"var(--ast-global-color-4)","background-image":"","background-repeat":"repeat","background-position":"center center","background-size":"auto","background-attachment":"scroll","background-type":"","background-media":"","overlay-type":"","overlay-color":"","overlay-opacity":"","overlay-gradient":""},"mobile":{"background-color":"var(--ast-global-color-4)","background-image":"","background-repeat":"repeat","background-position":"center center","background-size":"auto","background-attachment":"scroll","background-type":"","background-media":"","overlay-type":"","overlay-color":"","overlay-opacity":"","overlay-gradient":""}},"footnotes":"","_links_to":"","_links_to_target":""},"class_list":["post-2474","page","type-page","status-publish","hentry"],"rttpg_featured_image_url":null,"rttpg_author":{"display_name":"ftu","author_link":"http:\/\/ftuvz.unsl.edu.ar\/index.php\/author\/ftu\/"},"rttpg_comment":0,"rttpg_category":null,"rttpg_excerpt":"Planta perenne de base le\u00f1osa, con indumento laxo de pelos ramificados cortos.Tallos erectos de hasta 70 cm de altura, tard\u00edamente [&hellip;]","_links":{"self":[{"href":"http:\/\/ftuvz.unsl.edu.ar\/index.php\/wp-json\/wp\/v2\/pages\/2474","targetHints":{"allow":["GET"]}}],"collection":[{"href":"http:\/\/ftuvz.unsl.edu.ar\/index.php\/wp-json\/wp\/v2\/pages"}],"about":[{"href":"http:\/\/ftuvz.unsl.edu.ar\/index.php\/wp-json\/wp\/v2\/types\/page"}],"author":[{"embeddable":true,"href":"http:\/\/ftuvz.unsl.edu.ar\/index.php\/wp-json\/wp\/v2\/users\/1"}],"replies":[{"embeddable":true,"href":"http:\/\/ftuvz.unsl.edu.ar\/index.php\/wp-json\/wp\/v2\/comments?post=2474"}],"version-history":[{"count":3,"href":"http:\/\/ftuvz.unsl.edu.ar\/index.php\/wp-json\/wp\/v2\/pages\/2474\/revisions"}],"predecessor-version":[{"id":2524,"href":"http:\/\/ftuvz.unsl.edu.ar\/index.php\/wp-json\/wp\/v2\/pages\/2474\/revisions\/2524"}],"wp:attachment":[{"href":"http:\/\/ftuvz.unsl.edu.ar\/index.php\/wp-json\/wp\/v2\/media?parent=2474"}],"curies":[{"name":"wp","href":"https:\/\/api.w.org\/{rel}","templated":true}]}}