{"id":2469,"date":"2025-10-27T10:51:04","date_gmt":"2025-10-27T13:51:04","guid":{"rendered":"http:\/\/ftuvz.unsl.edu.ar\/?page_id=2469"},"modified":"2025-10-27T13:19:51","modified_gmt":"2025-10-27T16:19:51","slug":"ajenjo-dulce-artemisia-abrotanum","status":"publish","type":"page","link":"http:\/\/ftuvz.unsl.edu.ar\/index.php\/ajenjo-dulce-artemisia-abrotanum\/","title":{"rendered":"Ajenjo dulce (Artemisia abrotanum)"},"content":{"rendered":"\n<div class=\"wp-block-group has-border-color has-cyan-bluish-gray-border-color is-layout-constrained wp-block-group-is-layout-constrained\" style=\"border-width:1px;padding-top:var(--wp--preset--spacing--20);padding-bottom:var(--wp--preset--spacing--20)\">\n<div class=\"wp-block-columns is-layout-flex wp-container-core-columns-is-layout-d23209a0 wp-block-columns-is-layout-flex\" style=\"border-style:none;border-width:0px;padding-top:var(--wp--preset--spacing--30);padding-bottom:var(--wp--preset--spacing--30)\">\n<div class=\"wp-block-column is-layout-flow wp-block-column-is-layout-flow\">\n<figure class=\"wp-block-image aligncenter size-full is-resized\"><a href=\"http:\/\/ftuvz.unsl.edu.ar\/wp-content\/uploads\/2025\/10\/Ajenjo-dulce-Artemisia_abrotanum.jpg\"><img loading=\"lazy\" decoding=\"async\" width=\"220\" height=\"351\" src=\"http:\/\/ftuvz.unsl.edu.ar\/wp-content\/uploads\/2025\/10\/Ajenjo-dulce-Artemisia_abrotanum.jpg\" alt=\"\" class=\"wp-image-2504\" style=\"object-fit:cover;width:200px;height:300px\" srcset=\"http:\/\/ftuvz.unsl.edu.ar\/wp-content\/uploads\/2025\/10\/Ajenjo-dulce-Artemisia_abrotanum.jpg 220w, http:\/\/ftuvz.unsl.edu.ar\/wp-content\/uploads\/2025\/10\/Ajenjo-dulce-Artemisia_abrotanum-188x300.jpg 188w\" sizes=\"auto, (max-width: 220px) 100vw, 220px\" \/><\/a><\/figure>\n<\/div>\n<\/div>\n\n\n\n<p>Sufr\u00fatices ramosos, tomentosos en las partes j\u00f3venes, luego glabrescentes, con tallos generalmente casta\u00f1o-rojizos, arom\u00e1ticos, de 50-130 cm de alto.<br>Hojas superiores enteras, lineares, las restantes 2-3-pinnatisectas, de (2-)3-6 \u00d7 1,5-2,5 cm, con segmentos lineares o filiformes, de 0,2-1,5 mm de ancho, glabras en la cara superior, con escasos pelos en la inferior.<br>Cap\u00edtulos peque\u00f1os, ovoides o subglobosos, subs\u00e9siles, algo p\u00e9ndulos a la madurez, en pan\u00edculas angostas, densas.<br>Involucro de (1-)2-3,5 \u00d7 (1-)2-2,5 mm; filarios oblongos, tomentulosos.<br>Flores dimorfas: las del margen pistiladas, con corola tubuloso-filiforme, de 0,5-1 mm de largo; flores del centro perfectas, corolas tubuloso-acampanadas, de 1,5 mm de largo, con gl\u00e1ndulas.<br>Aquenios elipsoides, pardo-claros, 2-5 angulares, de 0,5-1 mm de largo, glabros.<\/p>\n\n\n\n<p class=\"has-text-align-right\" style=\"font-size:15px\"><small><small>Fuente texto:&nbsp;<a href=\"http:\/\/conosur.floraargentina.edu.ar\/species\/details\/15968\" target=\"_blank\" rel=\"noreferrer noopener\">conosur.floraargentina<\/a>&nbsp;&#8211; Foto: Wikipedia<\/small><\/small><\/p>\n<\/div>\n","protected":false},"excerpt":{"rendered":"<p>Sufr\u00fatices ramosos, tomentosos en las partes j\u00f3venes, luego glabrescentes, con tallos generalmente casta\u00f1o-rojizos, arom\u00e1ticos, de 50-130 cm de alto.Hojas superiores [&hellip;]<\/p>\n","protected":false},"author":1,"featured_media":0,"parent":0,"menu_order":0,"comment_status":"closed","ping_status":"closed","template":"","meta":{"site-sidebar-layout":"default","site-content-layout":"","ast-site-content-layout":"default","site-content-style":"default","site-sidebar-style":"default","ast-global-header-display":"","ast-banner-title-visibility":"","ast-main-header-display":"","ast-hfb-above-header-display":"","ast-hfb-below-header-display":"","ast-hfb-mobile-header-display":"","site-post-title":"","ast-breadcrumbs-content":"","ast-featured-img":"","footer-sml-layout":"","theme-transparent-header-meta":"","adv-header-id-meta":"","stick-header-meta":"","header-above-stick-meta":"","header-main-stick-meta":"","header-below-stick-meta":"","astra-migrate-meta-layouts":"default","ast-page-background-enabled":"default","ast-page-background-meta":{"desktop":{"background-color":"var(--ast-global-color-5)","background-image":"","background-repeat":"repeat","background-position":"center center","background-size":"auto","background-attachment":"scroll","background-type":"","background-media":"","overlay-type":"","overlay-color":"","overlay-opacity":"","overlay-gradient":""},"tablet":{"background-color":"","background-image":"","background-repeat":"repeat","background-position":"center center","background-size":"auto","background-attachment":"scroll","background-type":"","background-media":"","overlay-type":"","overlay-color":"","overlay-opacity":"","overlay-gradient":""},"mobile":{"background-color":"","background-image":"","background-repeat":"repeat","background-position":"center center","background-size":"auto","background-attachment":"scroll","background-type":"","background-media":"","overlay-type":"","overlay-color":"","overlay-opacity":"","overlay-gradient":""}},"ast-content-background-meta":{"desktop":{"background-color":"var(--ast-global-color-4)","background-image":"","background-repeat":"repeat","background-position":"center center","background-size":"auto","background-attachment":"scroll","background-type":"","background-media":"","overlay-type":"","overlay-color":"","overlay-opacity":"","overlay-gradient":""},"tablet":{"background-color":"var(--ast-global-color-4)","background-image":"","background-repeat":"repeat","background-position":"center center","background-size":"auto","background-attachment":"scroll","background-type":"","background-media":"","overlay-type":"","overlay-color":"","overlay-opacity":"","overlay-gradient":""},"mobile":{"background-color":"var(--ast-global-color-4)","background-image":"","background-repeat":"repeat","background-position":"center center","background-size":"auto","background-attachment":"scroll","background-type":"","background-media":"","overlay-type":"","overlay-color":"","overlay-opacity":"","overlay-gradient":""}},"footnotes":"","_links_to":"","_links_to_target":""},"class_list":["post-2469","page","type-page","status-publish","hentry"],"rttpg_featured_image_url":null,"rttpg_author":{"display_name":"ftu","author_link":"http:\/\/ftuvz.unsl.edu.ar\/index.php\/author\/ftu\/"},"rttpg_comment":0,"rttpg_category":null,"rttpg_excerpt":"Sufr\u00fatices ramosos, tomentosos en las partes j\u00f3venes, luego glabrescentes, con tallos generalmente casta\u00f1o-rojizos, arom\u00e1ticos, de 50-130 cm de alto.Hojas superiores [&hellip;]","_links":{"self":[{"href":"http:\/\/ftuvz.unsl.edu.ar\/index.php\/wp-json\/wp\/v2\/pages\/2469","targetHints":{"allow":["GET"]}}],"collection":[{"href":"http:\/\/ftuvz.unsl.edu.ar\/index.php\/wp-json\/wp\/v2\/pages"}],"about":[{"href":"http:\/\/ftuvz.unsl.edu.ar\/index.php\/wp-json\/wp\/v2\/types\/page"}],"author":[{"embeddable":true,"href":"http:\/\/ftuvz.unsl.edu.ar\/index.php\/wp-json\/wp\/v2\/users\/1"}],"replies":[{"embeddable":true,"href":"http:\/\/ftuvz.unsl.edu.ar\/index.php\/wp-json\/wp\/v2\/comments?post=2469"}],"version-history":[{"count":4,"href":"http:\/\/ftuvz.unsl.edu.ar\/index.php\/wp-json\/wp\/v2\/pages\/2469\/revisions"}],"predecessor-version":[{"id":2523,"href":"http:\/\/ftuvz.unsl.edu.ar\/index.php\/wp-json\/wp\/v2\/pages\/2469\/revisions\/2523"}],"wp:attachment":[{"href":"http:\/\/ftuvz.unsl.edu.ar\/index.php\/wp-json\/wp\/v2\/media?parent=2469"}],"curies":[{"name":"wp","href":"https:\/\/api.w.org\/{rel}","templated":true}]}}