{"id":2465,"date":"2025-10-27T10:48:54","date_gmt":"2025-10-27T13:48:54","guid":{"rendered":"http:\/\/ftuvz.unsl.edu.ar\/?page_id=2465"},"modified":"2025-10-27T13:19:26","modified_gmt":"2025-10-27T16:19:26","slug":"ajenjo-artemisia-absinthium","status":"publish","type":"page","link":"http:\/\/ftuvz.unsl.edu.ar\/index.php\/ajenjo-artemisia-absinthium\/","title":{"rendered":"Ajenjo (Artemisia absinthium)"},"content":{"rendered":"\n<div class=\"wp-block-group has-border-color has-cyan-bluish-gray-border-color is-layout-constrained wp-block-group-is-layout-constrained\" style=\"border-width:1px;padding-top:var(--wp--preset--spacing--20);padding-bottom:var(--wp--preset--spacing--20)\">\n<div class=\"wp-block-columns is-layout-flex wp-container-core-columns-is-layout-d23209a0 wp-block-columns-is-layout-flex\" style=\"border-style:none;border-width:0px;padding-top:var(--wp--preset--spacing--30);padding-bottom:var(--wp--preset--spacing--30)\">\n<div class=\"wp-block-column is-layout-flow wp-block-column-is-layout-flow\">\n<figure class=\"wp-block-image aligncenter size-full is-resized\"><a href=\"http:\/\/ftuvz.unsl.edu.ar\/wp-content\/uploads\/2025\/10\/Ajenjo-Artemisia-absinthium1-s-1.png\"><img loading=\"lazy\" decoding=\"async\" width=\"314\" height=\"229\" src=\"http:\/\/ftuvz.unsl.edu.ar\/wp-content\/uploads\/2025\/10\/Ajenjo-Artemisia-absinthium1-s-1.png\" alt=\"\" class=\"wp-image-2466\" style=\"object-fit:cover;width:300px;height:300px\" srcset=\"http:\/\/ftuvz.unsl.edu.ar\/wp-content\/uploads\/2025\/10\/Ajenjo-Artemisia-absinthium1-s-1.png 314w, http:\/\/ftuvz.unsl.edu.ar\/wp-content\/uploads\/2025\/10\/Ajenjo-Artemisia-absinthium1-s-1-300x219.png 300w\" sizes=\"auto, (max-width: 314px) 100vw, 314px\" \/><\/a><\/figure>\n<\/div>\n\n\n\n<div class=\"wp-block-column is-layout-flow wp-block-column-is-layout-flow\">\n<figure class=\"wp-block-image aligncenter size-full is-resized\"><a href=\"http:\/\/ftuvz.unsl.edu.ar\/wp-content\/uploads\/2025\/10\/Ajenjo-Artemisia-absinthium2-s.png\"><img loading=\"lazy\" decoding=\"async\" width=\"314\" height=\"229\" src=\"http:\/\/ftuvz.unsl.edu.ar\/wp-content\/uploads\/2025\/10\/Ajenjo-Artemisia-absinthium2-s.png\" alt=\"\" class=\"wp-image-2467\" style=\"object-fit:cover;width:300px;height:300px\" srcset=\"http:\/\/ftuvz.unsl.edu.ar\/wp-content\/uploads\/2025\/10\/Ajenjo-Artemisia-absinthium2-s.png 314w, http:\/\/ftuvz.unsl.edu.ar\/wp-content\/uploads\/2025\/10\/Ajenjo-Artemisia-absinthium2-s-300x219.png 300w\" sizes=\"auto, (max-width: 314px) 100vw, 314px\" \/><\/a><\/figure>\n<\/div>\n<\/div>\n\n\n\n<p>Sufr\u00fatices ser\u00edceo-pubescentes, arom\u00e1ticos, de 40-60(-150) cm de alto.<br>Hojas basales 2-3-pinnatisectas, de 3-12 \u00d7 1-9 cm, segmentos oblongos a obovados, obtusos, verdoso-cenicientas, ser\u00edceas en ambas caras.<br>Cap\u00edtulos subp\u00e9ndulos, agrupados en pan\u00edculas estrechas, en el extremo de las ramitas.<br>Involucro anchamente ovoide a subgloboso, de 2-3 \u00d7 3-5 mm; filarios 2-3-seriados, los externos herb\u00e1ceos, oblongo-ovados, los internos suborbiculares, densamente ser\u00edceos, con margen ancho, escarioso.<br>Recept\u00e1culo con pelos largos.<br>Flores dimorfas: las del margen en 1 serie, pistiladas, con corolas angostamente tubulosas, de 1-2 mm de largo; flores del centro numerosas, perfectas, corolas tubuloso-acampanadas, de 1-2 mm de largo, amarillas, con gl\u00e1ndulas.<br>Aquenios oblongoides, \u00b1 cil\u00edndricos, algo curvados, de 0,5-1 mm de largo, glabros.<\/p>\n\n\n\n<p class=\"has-text-align-right\" style=\"font-size:15px\"><small>Fuente texto y fotos:&nbsp;<a href=\"http:\/\/conosur.floraargentina.edu.ar\/species\/details\/15970\" target=\"_blank\" rel=\"noreferrer noopener\">conosur.floraargentina<\/a><\/small><\/p>\n<\/div>\n\n\n\n<p><\/p>\n","protected":false},"excerpt":{"rendered":"<p>Sufr\u00fatices ser\u00edceo-pubescentes, arom\u00e1ticos, de 40-60(-150) cm de alto.Hojas basales 2-3-pinnatisectas, de 3-12 \u00d7 1-9 cm, segmentos oblongos a obovados, obtusos, [&hellip;]<\/p>\n","protected":false},"author":1,"featured_media":0,"parent":0,"menu_order":0,"comment_status":"closed","ping_status":"closed","template":"","meta":{"site-sidebar-layout":"default","site-content-layout":"","ast-site-content-layout":"default","site-content-style":"default","site-sidebar-style":"default","ast-global-header-display":"","ast-banner-title-visibility":"","ast-main-header-display":"","ast-hfb-above-header-display":"","ast-hfb-below-header-display":"","ast-hfb-mobile-header-display":"","site-post-title":"","ast-breadcrumbs-content":"","ast-featured-img":"","footer-sml-layout":"","theme-transparent-header-meta":"","adv-header-id-meta":"","stick-header-meta":"","header-above-stick-meta":"","header-main-stick-meta":"","header-below-stick-meta":"","astra-migrate-meta-layouts":"default","ast-page-background-enabled":"default","ast-page-background-meta":{"desktop":{"background-color":"var(--ast-global-color-5)","background-image":"","background-repeat":"repeat","background-position":"center center","background-size":"auto","background-attachment":"scroll","background-type":"","background-media":"","overlay-type":"","overlay-color":"","overlay-opacity":"","overlay-gradient":""},"tablet":{"background-color":"","background-image":"","background-repeat":"repeat","background-position":"center center","background-size":"auto","background-attachment":"scroll","background-type":"","background-media":"","overlay-type":"","overlay-color":"","overlay-opacity":"","overlay-gradient":""},"mobile":{"background-color":"","background-image":"","background-repeat":"repeat","background-position":"center center","background-size":"auto","background-attachment":"scroll","background-type":"","background-media":"","overlay-type":"","overlay-color":"","overlay-opacity":"","overlay-gradient":""}},"ast-content-background-meta":{"desktop":{"background-color":"var(--ast-global-color-4)","background-image":"","background-repeat":"repeat","background-position":"center center","background-size":"auto","background-attachment":"scroll","background-type":"","background-media":"","overlay-type":"","overlay-color":"","overlay-opacity":"","overlay-gradient":""},"tablet":{"background-color":"var(--ast-global-color-4)","background-image":"","background-repeat":"repeat","background-position":"center center","background-size":"auto","background-attachment":"scroll","background-type":"","background-media":"","overlay-type":"","overlay-color":"","overlay-opacity":"","overlay-gradient":""},"mobile":{"background-color":"var(--ast-global-color-4)","background-image":"","background-repeat":"repeat","background-position":"center center","background-size":"auto","background-attachment":"scroll","background-type":"","background-media":"","overlay-type":"","overlay-color":"","overlay-opacity":"","overlay-gradient":""}},"footnotes":"","_links_to":"","_links_to_target":""},"class_list":["post-2465","page","type-page","status-publish","hentry"],"rttpg_featured_image_url":null,"rttpg_author":{"display_name":"ftu","author_link":"http:\/\/ftuvz.unsl.edu.ar\/index.php\/author\/ftu\/"},"rttpg_comment":0,"rttpg_category":null,"rttpg_excerpt":"Sufr\u00fatices ser\u00edceo-pubescentes, arom\u00e1ticos, de 40-60(-150) cm de alto.Hojas basales 2-3-pinnatisectas, de 3-12 \u00d7 1-9 cm, segmentos oblongos a obovados, obtusos, [&hellip;]","_links":{"self":[{"href":"http:\/\/ftuvz.unsl.edu.ar\/index.php\/wp-json\/wp\/v2\/pages\/2465","targetHints":{"allow":["GET"]}}],"collection":[{"href":"http:\/\/ftuvz.unsl.edu.ar\/index.php\/wp-json\/wp\/v2\/pages"}],"about":[{"href":"http:\/\/ftuvz.unsl.edu.ar\/index.php\/wp-json\/wp\/v2\/types\/page"}],"author":[{"embeddable":true,"href":"http:\/\/ftuvz.unsl.edu.ar\/index.php\/wp-json\/wp\/v2\/users\/1"}],"replies":[{"embeddable":true,"href":"http:\/\/ftuvz.unsl.edu.ar\/index.php\/wp-json\/wp\/v2\/comments?post=2465"}],"version-history":[{"count":4,"href":"http:\/\/ftuvz.unsl.edu.ar\/index.php\/wp-json\/wp\/v2\/pages\/2465\/revisions"}],"predecessor-version":[{"id":2522,"href":"http:\/\/ftuvz.unsl.edu.ar\/index.php\/wp-json\/wp\/v2\/pages\/2465\/revisions\/2522"}],"wp:attachment":[{"href":"http:\/\/ftuvz.unsl.edu.ar\/index.php\/wp-json\/wp\/v2\/media?parent=2465"}],"curies":[{"name":"wp","href":"https:\/\/api.w.org\/{rel}","templated":true}]}}