{"id":1919,"date":"2025-10-08T12:32:47","date_gmt":"2025-10-08T15:32:47","guid":{"rendered":"http:\/\/ftuvz.unsl.edu.ar\/?page_id=1919"},"modified":"2025-10-08T12:39:31","modified_gmt":"2025-10-08T15:39:31","slug":"procedimiento-y-formulario-para-salidas-de-practicas","status":"publish","type":"page","link":"http:\/\/ftuvz.unsl.edu.ar\/index.php\/procedimiento-y-formulario-para-salidas-de-practicas\/","title":{"rendered":"Procedimiento y Formulario para Salidas de Pr\u00e1cticas"},"content":{"rendered":"\n<p>Por&nbsp;<a href=\"http:\/\/digesto.unsl.edu.ar\/docs\/202403\/20240321120937_29170.pdf\" target=\"_blank\" rel=\"noreferrer noopener\">Ordenanza Consejo Directivo Nro 1\/24<\/a>&nbsp;se aprueban los Procedimientos y Formularios para las solicitudes de Salida de Pr\u00e1cticas Acad\u00e9micas, de Extensi\u00f3n e Investigaci\u00f3n y de Promoci\u00f3n de Carreras.<\/p>\n\n\n\n<p>Se recomienda a los docentes leer cuidadosamente cada Procedimiento antes de descargar e imprimir el correspondiente formulario.<\/p>\n\n\n\n<p>&#8211;\u00a0<strong>Salidas de Pr\u00e1cticas Acad\u00e9micas<\/strong><br>\u00a0\u00a0\u00a0&#8211; Anexo I Ord.CD 1\/24: Procedimiento para la Solicitud de Salidas de Pr\u00e1cticas Acad\u00e9micas<br>\u00a0\u00a0\u00a0&#8211; Anexo II Ord.CD 1\/24: Formulario de Solicitud de Autorizaci\u00f3n para las Salidas de Pr\u00e1cticas Acad\u00e9micas (<a href=\"\/wp-content\/uploads\/Formularios\/FTU-Formulario-Salidas-de-Practicas-Academicas.pdf\" target=\"_blank\" rel=\"noreferrer noopener\">Descargar formulario<\/a>.)<\/p>\n\n\n\n<p>&#8211;\u00a0<strong>Salidas de Pr\u00e1cticas de Extensi\u00f3n e Investigaci\u00f3n<\/strong><br>\u00a0\u00a0\u00a0&#8211; Anexo III Ord.CD 1\/24: Procedimiento para la Solicitud de Salidas de Pr\u00e1cticas de Extensi\u00f3n e Investigaci\u00f3n<br>\u00a0\u00a0\u00a0&#8211; Anexo IV Ord.CD 1\/24: Formulario de Solicitud de Autorizaci\u00f3n para las Salidas de Pr\u00e1cticas de Extensi\u00f3n e Investigaci\u00f3n (<a href=\"\/wp-content\/uploads\/Formularios\/FTU-Formulario-Salidas-de-Practicas-Extension-e-Investigacion.pdf\" target=\"_blank\" rel=\"noreferrer noopener\">Descargar formulario<\/a>.)<\/p>\n\n\n\n<p>&#8211;\u00a0<strong>Salidas de Pr\u00e1cticas de Promoci\u00f3n de Carreras<\/strong><br>\u00a0\u00a0\u00a0&#8211; Anexo V Ord.CD 1\/24: Procedimiento para la Solicitud de Salidas de Pr\u00e1cticas de Promoci\u00f3n de Carreras<br>\u00a0\u00a0\u00a0&#8211; Anexo VI Ord.CD 1\/24: Formulario de Solicitud de Autorizaci\u00f3n para las Salidas de Pr\u00e1cticas de Promoci\u00f3n de Carreras (<a href=\"\/wp-content\/uploads\/Formularios\/FTU-Formulario-Salidas-de-Practicas-Promocion-de-Carreras.pdf\" target=\"_blank\" rel=\"noreferrer noopener\">Descargar formulario<\/a>.)<\/p>\n\n\n\n<p>En caso de uso de veh\u00edculo particular, se debe adjuntar al tr\u00e1mite la planilla de &#8220;Solicitud de Uso de Veh\u00edculo Particular para Cumplimiento de Comisiones Oficiales&#8221;, la que se solicita en Mesa de Entradas de la facultad. &#8211;\u00a0<strong>Declaraci\u00f3n Jurada de Salud<\/strong><br>\u00a0\u00a0\u00a0&#8211; Anexo VII Ord.CD 1\/24: Formulario de Declaraci\u00f3n Jurada de Salud (<a href=\"\/wp-content\/uploads\/Formularios\/FTU-Formulario-Declaracion-Jurada-Salud.pdf\" target=\"_blank\" rel=\"noreferrer noopener\">Descargar formulario<\/a>.)<\/p>\n\n\n\n<p><\/p>\n","protected":false},"excerpt":{"rendered":"<p>Por&nbsp;Ordenanza Consejo Directivo Nro 1\/24&nbsp;se aprueban los Procedimientos y Formularios para las solicitudes de Salida de Pr\u00e1cticas Acad\u00e9micas, de Extensi\u00f3n [&hellip;]<\/p>\n","protected":false},"author":1,"featured_media":0,"parent":0,"menu_order":0,"comment_status":"closed","ping_status":"closed","template":"","meta":{"site-sidebar-layout":"default","site-content-layout":"","ast-site-content-layout":"default","site-content-style":"default","site-sidebar-style":"default","ast-global-header-display":"","ast-banner-title-visibility":"","ast-main-header-display":"","ast-hfb-above-header-display":"","ast-hfb-below-header-display":"","ast-hfb-mobile-header-display":"","site-post-title":"","ast-breadcrumbs-content":"","ast-featured-img":"","footer-sml-layout":"","theme-transparent-header-meta":"","adv-header-id-meta":"","stick-header-meta":"","header-above-stick-meta":"","header-main-stick-meta":"","header-below-stick-meta":"","astra-migrate-meta-layouts":"default","ast-page-background-enabled":"default","ast-page-background-meta":{"desktop":{"background-color":"var(--ast-global-color-5)","background-image":"","background-repeat":"repeat","background-position":"center center","background-size":"auto","background-attachment":"scroll","background-type":"","background-media":"","overlay-type":"","overlay-color":"","overlay-opacity":"","overlay-gradient":""},"tablet":{"background-color":"","background-image":"","background-repeat":"repeat","background-position":"center center","background-size":"auto","background-attachment":"scroll","background-type":"","background-media":"","overlay-type":"","overlay-color":"","overlay-opacity":"","overlay-gradient":""},"mobile":{"background-color":"","background-image":"","background-repeat":"repeat","background-position":"center center","background-size":"auto","background-attachment":"scroll","background-type":"","background-media":"","overlay-type":"","overlay-color":"","overlay-opacity":"","overlay-gradient":""}},"ast-content-background-meta":{"desktop":{"background-color":"var(--ast-global-color-4)","background-image":"","background-repeat":"repeat","background-position":"center center","background-size":"auto","background-attachment":"scroll","background-type":"","background-media":"","overlay-type":"","overlay-color":"","overlay-opacity":"","overlay-gradient":""},"tablet":{"background-color":"var(--ast-global-color-4)","background-image":"","background-repeat":"repeat","background-position":"center center","background-size":"auto","background-attachment":"scroll","background-type":"","background-media":"","overlay-type":"","overlay-color":"","overlay-opacity":"","overlay-gradient":""},"mobile":{"background-color":"var(--ast-global-color-4)","background-image":"","background-repeat":"repeat","background-position":"center center","background-size":"auto","background-attachment":"scroll","background-type":"","background-media":"","overlay-type":"","overlay-color":"","overlay-opacity":"","overlay-gradient":""}},"footnotes":"","_links_to":"","_links_to_target":""},"class_list":["post-1919","page","type-page","status-publish","hentry"],"rttpg_featured_image_url":null,"rttpg_author":{"display_name":"ftu","author_link":"http:\/\/ftuvz.unsl.edu.ar\/index.php\/author\/ftu\/"},"rttpg_comment":0,"rttpg_category":null,"rttpg_excerpt":"Por&nbsp;Ordenanza Consejo Directivo Nro 1\/24&nbsp;se aprueban los Procedimientos y Formularios para las solicitudes de Salida de Pr\u00e1cticas Acad\u00e9micas, de Extensi\u00f3n [&hellip;]","_links":{"self":[{"href":"http:\/\/ftuvz.unsl.edu.ar\/index.php\/wp-json\/wp\/v2\/pages\/1919","targetHints":{"allow":["GET"]}}],"collection":[{"href":"http:\/\/ftuvz.unsl.edu.ar\/index.php\/wp-json\/wp\/v2\/pages"}],"about":[{"href":"http:\/\/ftuvz.unsl.edu.ar\/index.php\/wp-json\/wp\/v2\/types\/page"}],"author":[{"embeddable":true,"href":"http:\/\/ftuvz.unsl.edu.ar\/index.php\/wp-json\/wp\/v2\/users\/1"}],"replies":[{"embeddable":true,"href":"http:\/\/ftuvz.unsl.edu.ar\/index.php\/wp-json\/wp\/v2\/comments?post=1919"}],"version-history":[{"count":6,"href":"http:\/\/ftuvz.unsl.edu.ar\/index.php\/wp-json\/wp\/v2\/pages\/1919\/revisions"}],"predecessor-version":[{"id":1926,"href":"http:\/\/ftuvz.unsl.edu.ar\/index.php\/wp-json\/wp\/v2\/pages\/1919\/revisions\/1926"}],"wp:attachment":[{"href":"http:\/\/ftuvz.unsl.edu.ar\/index.php\/wp-json\/wp\/v2\/media?parent=1919"}],"curies":[{"name":"wp","href":"https:\/\/api.w.org\/{rel}","templated":true}]}}