{"id":1875,"date":"2025-10-08T10:54:12","date_gmt":"2025-10-08T13:54:12","guid":{"rendered":"http:\/\/ftuvz.unsl.edu.ar\/?page_id=1875"},"modified":"2025-10-08T11:19:25","modified_gmt":"2025-10-08T14:19:25","slug":"solicitud-de-equivalencias","status":"publish","type":"page","link":"http:\/\/ftuvz.unsl.edu.ar\/index.php\/solicitud-de-equivalencias\/","title":{"rendered":"Solicitud de Equivalencias"},"content":{"rendered":"\n<p>Los per\u00edodos para solicitar equivalencias son los meses de abril y agosto de cada a\u00f1o.<\/p>\n\n\n\n<p class=\"has-text-align-center has-border-color has-ast-global-color-3-border-color has-medium-font-size\" style=\"border-width:1px\"><strong>SOLICITUD DE EQUIVALENCIAS de otras Universidades o Unidades Acad\u00e9micas<\/strong><\/p>\n\n\n\n<p>La&nbsp;<a href=\"http:\/\/digesto.unsl.edu.ar\/docs\/201308\/20130808092505_30840.pdf\"><strong>OCS 35\/13<\/strong><\/a>&nbsp;establece los requisitos y condiciones para el R\u00e9gimen de Admisi\u00f3n por Equivalencias. El solicitante deber\u00e1 adjuntar la documentaci\u00f3n establecida en el Art. N\u00b05.<\/p>\n\n\n\n<div class=\"wp-block-columns is-layout-flex wp-container-core-columns-is-layout-ec2e7a44 wp-block-columns-is-layout-flex\" style=\"padding-top:0;padding-bottom:0\">\n<div class=\"wp-block-column is-layout-flow wp-block-column-is-layout-flow\" style=\"padding-top:var(--wp--preset--spacing--40);padding-right:0;padding-bottom:var(--wp--preset--spacing--40);padding-left:0\"><\/div>\n<\/div>\n\n\n\n<p class=\"has-text-align-center has-border-color has-cyan-bluish-gray-border-color has-medium-font-size\" style=\"border-width:1px\"><strong>EQUIVALENCIAS AUTOM\u00c1TICAS ENTRE CARRERAS DE LA FTU<\/strong><\/p>\n\n\n\n<p>Actualmente la FTU cuenta con la&nbsp;<a href=\"http:\/\/digesto.unsl.edu.ar\/docs\/202309\/20230913103808_19314.pdf\"><strong>OD N\u00b0 01\/23<\/strong><\/a>&nbsp;que regula el otorgamiento de equivalencias autom\u00e1ticas entre carreras de la Facultad. Dado que existe una reglamentaci\u00f3n para otorgar estas equivalencias, el estudiante debe solicitar las equivalencias autom\u00e1ticas de la carrera de origen a la nueva carrera por nota por Mesa de Entradas dirigida a Decanato. En este caso no debe presentar ninguna otra documentaci\u00f3n.<\/p>\n\n\n\n<div class=\"wp-block-columns is-layout-flex wp-container-core-columns-is-layout-ec2e7a44 wp-block-columns-is-layout-flex\" style=\"padding-top:0;padding-bottom:0\">\n<div class=\"wp-block-column is-layout-flow wp-block-column-is-layout-flow\" style=\"padding-top:var(--wp--preset--spacing--40);padding-bottom:var(--wp--preset--spacing--40)\"><\/div>\n<\/div>\n\n\n\n<p class=\"has-text-align-center has-border-color has-cyan-bluish-gray-border-color has-medium-font-size\" style=\"border-width:1px\"><strong>EQUIVALENCIAS ENTRE CARRERAS DE LA FTU (NO ESTABLECIDAS COMO AUTOM\u00c1TICAS)<\/strong><\/p>\n\n\n\n<p>En este caso los estudiantes deber\u00e1n presentar nota dirigida a Decanato solicitando las equivalencias detallando carrera de origen, asignaturas y la carrera a la cual solicita las equivalencias.<\/p>\n\n\n\n<p>Consultas:&nbsp;<a href=\"mailto:ftu.coord.acad@gmail.com\">ftu.coord.acad@gmail.com<\/a><\/p>\n","protected":false},"excerpt":{"rendered":"<p>Los per\u00edodos para solicitar equivalencias son los meses de abril y agosto de cada a\u00f1o. SOLICITUD DE EQUIVALENCIAS de otras [&hellip;]<\/p>\n","protected":false},"author":1,"featured_media":0,"parent":0,"menu_order":0,"comment_status":"closed","ping_status":"closed","template":"","meta":{"site-sidebar-layout":"default","site-content-layout":"","ast-site-content-layout":"default","site-content-style":"default","site-sidebar-style":"default","ast-global-header-display":"","ast-banner-title-visibility":"","ast-main-header-display":"","ast-hfb-above-header-display":"","ast-hfb-below-header-display":"","ast-hfb-mobile-header-display":"","site-post-title":"","ast-breadcrumbs-content":"","ast-featured-img":"","footer-sml-layout":"","theme-transparent-header-meta":"","adv-header-id-meta":"","stick-header-meta":"","header-above-stick-meta":"","header-main-stick-meta":"","header-below-stick-meta":"","astra-migrate-meta-layouts":"default","ast-page-background-enabled":"default","ast-page-background-meta":{"desktop":{"background-color":"var(--ast-global-color-5)","background-image":"","background-repeat":"repeat","background-position":"center center","background-size":"auto","background-attachment":"scroll","background-type":"","background-media":"","overlay-type":"","overlay-color":"","overlay-opacity":"","overlay-gradient":""},"tablet":{"background-color":"","background-image":"","background-repeat":"repeat","background-position":"center center","background-size":"auto","background-attachment":"scroll","background-type":"","background-media":"","overlay-type":"","overlay-color":"","overlay-opacity":"","overlay-gradient":""},"mobile":{"background-color":"","background-image":"","background-repeat":"repeat","background-position":"center center","background-size":"auto","background-attachment":"scroll","background-type":"","background-media":"","overlay-type":"","overlay-color":"","overlay-opacity":"","overlay-gradient":""}},"ast-content-background-meta":{"desktop":{"background-color":"var(--ast-global-color-4)","background-image":"","background-repeat":"repeat","background-position":"center center","background-size":"auto","background-attachment":"scroll","background-type":"","background-media":"","overlay-type":"","overlay-color":"","overlay-opacity":"","overlay-gradient":""},"tablet":{"background-color":"var(--ast-global-color-4)","background-image":"","background-repeat":"repeat","background-position":"center center","background-size":"auto","background-attachment":"scroll","background-type":"","background-media":"","overlay-type":"","overlay-color":"","overlay-opacity":"","overlay-gradient":""},"mobile":{"background-color":"var(--ast-global-color-4)","background-image":"","background-repeat":"repeat","background-position":"center center","background-size":"auto","background-attachment":"scroll","background-type":"","background-media":"","overlay-type":"","overlay-color":"","overlay-opacity":"","overlay-gradient":""}},"footnotes":"","_links_to":"","_links_to_target":""},"class_list":["post-1875","page","type-page","status-publish","hentry"],"rttpg_featured_image_url":null,"rttpg_author":{"display_name":"ftu","author_link":"http:\/\/ftuvz.unsl.edu.ar\/index.php\/author\/ftu\/"},"rttpg_comment":0,"rttpg_category":null,"rttpg_excerpt":"Los per\u00edodos para solicitar equivalencias son los meses de abril y agosto de cada a\u00f1o. SOLICITUD DE EQUIVALENCIAS de otras [&hellip;]","_links":{"self":[{"href":"http:\/\/ftuvz.unsl.edu.ar\/index.php\/wp-json\/wp\/v2\/pages\/1875","targetHints":{"allow":["GET"]}}],"collection":[{"href":"http:\/\/ftuvz.unsl.edu.ar\/index.php\/wp-json\/wp\/v2\/pages"}],"about":[{"href":"http:\/\/ftuvz.unsl.edu.ar\/index.php\/wp-json\/wp\/v2\/types\/page"}],"author":[{"embeddable":true,"href":"http:\/\/ftuvz.unsl.edu.ar\/index.php\/wp-json\/wp\/v2\/users\/1"}],"replies":[{"embeddable":true,"href":"http:\/\/ftuvz.unsl.edu.ar\/index.php\/wp-json\/wp\/v2\/comments?post=1875"}],"version-history":[{"count":6,"href":"http:\/\/ftuvz.unsl.edu.ar\/index.php\/wp-json\/wp\/v2\/pages\/1875\/revisions"}],"predecessor-version":[{"id":1882,"href":"http:\/\/ftuvz.unsl.edu.ar\/index.php\/wp-json\/wp\/v2\/pages\/1875\/revisions\/1882"}],"wp:attachment":[{"href":"http:\/\/ftuvz.unsl.edu.ar\/index.php\/wp-json\/wp\/v2\/media?parent=1875"}],"curies":[{"name":"wp","href":"https:\/\/api.w.org\/{rel}","templated":true}]}}