{"id":1678,"date":"2025-10-03T13:29:34","date_gmt":"2025-10-03T16:29:34","guid":{"rendered":"http:\/\/ftuvz.unsl.edu.ar\/?page_id=1678"},"modified":"2025-10-03T13:29:34","modified_gmt":"2025-10-03T16:29:34","slug":"informacion-para-aspirantes-a-ingresar-a-la-ftu-mayores-de-25-anos-sin-secundario-completo","status":"publish","type":"page","link":"http:\/\/ftuvz.unsl.edu.ar\/index.php\/informacion-para-aspirantes-a-ingresar-a-la-ftu-mayores-de-25-anos-sin-secundario-completo\/","title":{"rendered":"Informaci\u00f3n para aspirantes a ingresar a la FTU mayores de 25 a\u00f1os sin secundario completo"},"content":{"rendered":"\n<p class=\"has-ast-global-color-5-color has-text-color has-background has-link-color wp-elements-bd1acc466abb7919799d49df1da97e3b\" style=\"background-color:#996a16\"><strong>Cronograma de actividades 2025<\/strong><\/p>\n\n\n\n<p>\u2022&nbsp;<strong>Primer per\u00edodo de consultas (modalidad virtual)<\/strong>&nbsp;del 2 al 6 de junio.<br>\u2013 Evaluaci\u00f3n comprensi\u00f3n de textos y expresi\u00f3n escrita: 9 de junio.<br>\u2013 Evaluaci\u00f3n resoluci\u00f3n de problemas: 12 de junio.<\/p>\n\n\n\n<p>\u2022&nbsp;<strong>Segundo per\u00edodo de consultas (modalidad virtual):<\/strong>&nbsp;16 al 20 de junio.<\/p>\n\n\n\n<p>\u2022&nbsp;<strong>Recuperaciones de ex\u00e1menes (modalidad presencial):<\/strong><br>\u2013 Comprensi\u00f3n de textos y expresi\u00f3n escrita: 23 de junio.<br>\u2013 Resoluci\u00f3n de problemas: 26 de junio.<\/p>\n\n\n\n<p>\u2022&nbsp;<strong>Publicaci\u00f3n de los resultados:<\/strong><br>\u2013 Primer examen: 16 de junio.<br>\u2013 Recuperaciones: 30 de junio.<\/p>\n\n\n\n<p>Para mayor informaci\u00f3n dirigirse a Gesti\u00f3n Alumnos de la Facultad en Sede Barranca Colorada en el horario de 9hs. a 13hs.<\/p>\n\n\n\n<p>Consultas:&nbsp;<a href=\"mailto:ftu.alumnos@gmail.com\">ftu.alumnos@gmail.com<\/a>.<\/p>\n\n\n\n<p>Sitio web&nbsp;<a href=\"https:\/\/secretariaacademica.unsl.edu.ar\/contenido\/mayores-25\" target=\"_blank\" rel=\"noreferrer noopener\">Secretar\u00eda Acad\u00e9mica UNSL<\/a><\/p>\n","protected":false},"excerpt":{"rendered":"<p>Cronograma de actividades 2025 \u2022&nbsp;Primer per\u00edodo de consultas (modalidad virtual)&nbsp;del 2 al 6 de junio.\u2013 Evaluaci\u00f3n comprensi\u00f3n de textos y [&hellip;]<\/p>\n","protected":false},"author":1,"featured_media":0,"parent":0,"menu_order":0,"comment_status":"closed","ping_status":"closed","template":"","meta":{"site-sidebar-layout":"default","site-content-layout":"","ast-site-content-layout":"default","site-content-style":"default","site-sidebar-style":"default","ast-global-header-display":"","ast-banner-title-visibility":"","ast-main-header-display":"","ast-hfb-above-header-display":"","ast-hfb-below-header-display":"","ast-hfb-mobile-header-display":"","site-post-title":"","ast-breadcrumbs-content":"","ast-featured-img":"","footer-sml-layout":"","theme-transparent-header-meta":"","adv-header-id-meta":"","stick-header-meta":"","header-above-stick-meta":"","header-main-stick-meta":"","header-below-stick-meta":"","astra-migrate-meta-layouts":"default","ast-page-background-enabled":"default","ast-page-background-meta":{"desktop":{"background-color":"var(--ast-global-color-5)","background-image":"","background-repeat":"repeat","background-position":"center center","background-size":"auto","background-attachment":"scroll","background-type":"","background-media":"","overlay-type":"","overlay-color":"","overlay-opacity":"","overlay-gradient":""},"tablet":{"background-color":"","background-image":"","background-repeat":"repeat","background-position":"center center","background-size":"auto","background-attachment":"scroll","background-type":"","background-media":"","overlay-type":"","overlay-color":"","overlay-opacity":"","overlay-gradient":""},"mobile":{"background-color":"","background-image":"","background-repeat":"repeat","background-position":"center center","background-size":"auto","background-attachment":"scroll","background-type":"","background-media":"","overlay-type":"","overlay-color":"","overlay-opacity":"","overlay-gradient":""}},"ast-content-background-meta":{"desktop":{"background-color":"var(--ast-global-color-4)","background-image":"","background-repeat":"repeat","background-position":"center center","background-size":"auto","background-attachment":"scroll","background-type":"","background-media":"","overlay-type":"","overlay-color":"","overlay-opacity":"","overlay-gradient":""},"tablet":{"background-color":"var(--ast-global-color-4)","background-image":"","background-repeat":"repeat","background-position":"center center","background-size":"auto","background-attachment":"scroll","background-type":"","background-media":"","overlay-type":"","overlay-color":"","overlay-opacity":"","overlay-gradient":""},"mobile":{"background-color":"var(--ast-global-color-4)","background-image":"","background-repeat":"repeat","background-position":"center center","background-size":"auto","background-attachment":"scroll","background-type":"","background-media":"","overlay-type":"","overlay-color":"","overlay-opacity":"","overlay-gradient":""}},"footnotes":"","_links_to":"","_links_to_target":""},"class_list":["post-1678","page","type-page","status-publish","hentry"],"rttpg_featured_image_url":null,"rttpg_author":{"display_name":"ftu","author_link":"http:\/\/ftuvz.unsl.edu.ar\/index.php\/author\/ftu\/"},"rttpg_comment":0,"rttpg_category":null,"rttpg_excerpt":"Cronograma de actividades 2025 \u2022&nbsp;Primer per\u00edodo de consultas (modalidad virtual)&nbsp;del 2 al 6 de junio.\u2013 Evaluaci\u00f3n comprensi\u00f3n de textos y [&hellip;]","_links":{"self":[{"href":"http:\/\/ftuvz.unsl.edu.ar\/index.php\/wp-json\/wp\/v2\/pages\/1678","targetHints":{"allow":["GET"]}}],"collection":[{"href":"http:\/\/ftuvz.unsl.edu.ar\/index.php\/wp-json\/wp\/v2\/pages"}],"about":[{"href":"http:\/\/ftuvz.unsl.edu.ar\/index.php\/wp-json\/wp\/v2\/types\/page"}],"author":[{"embeddable":true,"href":"http:\/\/ftuvz.unsl.edu.ar\/index.php\/wp-json\/wp\/v2\/users\/1"}],"replies":[{"embeddable":true,"href":"http:\/\/ftuvz.unsl.edu.ar\/index.php\/wp-json\/wp\/v2\/comments?post=1678"}],"version-history":[{"count":1,"href":"http:\/\/ftuvz.unsl.edu.ar\/index.php\/wp-json\/wp\/v2\/pages\/1678\/revisions"}],"predecessor-version":[{"id":1679,"href":"http:\/\/ftuvz.unsl.edu.ar\/index.php\/wp-json\/wp\/v2\/pages\/1678\/revisions\/1679"}],"wp:attachment":[{"href":"http:\/\/ftuvz.unsl.edu.ar\/index.php\/wp-json\/wp\/v2\/media?parent=1678"}],"curies":[{"name":"wp","href":"https:\/\/api.w.org\/{rel}","templated":true}]}}