{"id":1675,"date":"2025-10-03T13:21:22","date_gmt":"2025-10-03T16:21:22","guid":{"rendered":"http:\/\/ftuvz.unsl.edu.ar\/?page_id=1675"},"modified":"2025-10-20T10:19:31","modified_gmt":"2025-10-20T13:19:31","slug":"documentacion-necesaria","status":"publish","type":"page","link":"http:\/\/ftuvz.unsl.edu.ar\/index.php\/documentacion-necesaria\/","title":{"rendered":"Documentaci\u00f3n necesaria"},"content":{"rendered":"\n<p>La documentaci\u00f3n se recepcionar\u00e1,&nbsp;<strong>exclusivamente de manera presencial, hasta el 31 de marzo de 2026<\/strong>, de lunes a viernes de 9hs. a 13hs. en la Oficina Acad\u00e9mica, Campus Universitario de la FTU, Av. del Libertador San Mart\u00edn S\/N (frente al ingreso al Parque Recreativo) &#8211; Barranca Colorada.<br><br>Documentaci\u00f3n a presentar:<br><strong>1.<\/strong>&nbsp;Concurr\u00ed con el Documento Nacional de Identidad (DNI)&nbsp;y una&nbsp;<strong>fotocopia color<\/strong>&nbsp;del mismo, anverso y reverso<br><br><strong>2.<\/strong>&nbsp;Ficha de preinscripci\u00f3n online (Declaraci\u00f3n Jurada)&nbsp;<strong>impresa y firmada<\/strong>. Deber\u00e1 constar, en ella, el \u00faltimo domicilio vigente.<br><br><strong>3.<\/strong>&nbsp;Constancia de finalizaci\u00f3n de estudios secundarios. Tienes que presentar el certificado anal\u00edtico que acredite la finalizaci\u00f3n del secundario&nbsp;<strong>legalizado<\/strong>. En caso de que la instituci\u00f3n educativa a\u00fan no lo haya emitido, tienes que presentar el certificado de estudios en tr\u00e1mite.<br><br><strong>4.<\/strong>&nbsp;Dos fotograf\u00edas color 4&#215;4<br><br><strong>5.<\/strong>&nbsp;Partida o Acta de Nacimiento (actualizada)<br><br><strong>6.<\/strong>&nbsp;Certificado de Salud&nbsp;emitido por cualquier entidad de Salud P\u00fablica<br>An\u00e1lisis Cl\u00ednicos.<br>&#8211; Grupo y factor sangu\u00edneo<br>&#8211; Hemograma completo<br>&#8211; VSG (erotrosedimentaci\u00f3n)<br>&#8211; Glucemia<br>&#8211; Colesterol total<br>&#8211; Machado Guerreiro (Chagas)<br>&#8211; VDRL<br>&#8211; Orina Completo<br><br>&nbsp;&nbsp;&nbsp; En caso de necesitar el R\/P (indicaci\u00f3n m\u00e9dica para realizar los an\u00e1lisis cl\u00ednicos), solicitarlo en la oficina de Divisi\u00f3n Estudiantes de la Facultad de Turismo y Urbanismo (FTU) sito en el Campus Universitario de Barranca Colorada.<\/p>\n\n\n\n<h4 class=\"wp-block-heading has-text-align-center\"><strong>La documentaci\u00f3n podr\u00e1 ser presentada hasta el 31 de marzo de 2026<\/strong><\/h4>\n\n\n\n<p><strong>Importante:<\/strong><br>\u2022 La oficina Acad\u00e9mica de la FTU atiende de lunes a viernes, de 9hs. a 13hs., en el Campus Universitario, Av. Libertador S\/N, Barranca Colorada (frente al ingreso al Parque Recreativo), de la ciudad de la Villa de Merlo \u2013 Prov. de San Luis.<\/p>\n\n\n\n<h5 class=\"wp-block-heading\">El\/la postulante extranjero\/a, debe presentar Constancia de Inicio de Tr\u00e1mite de Residencia y acercarse por Secretar\u00eda Acad\u00e9mica de Rectorado (sito en Av. Ej\u00e9rcito de los Andes 950, 2do Piso &#8211; Ciudad de San Luis) para obtener mayor informaci\u00f3n sobre tr\u00e1mites complementarios.<\/h5>\n\n\n\n<p>Consultas:<br>&#8211; Programa de Ingreso y Permanencia (PIPE)<br>&nbsp;&nbsp;&nbsp; Email:&nbsp;<a href=\"mailto:ftu.ingreso@gmail.com\">ftu.ingreso@gmail.com<\/a><br>&nbsp;&nbsp;&nbsp; Tel: 266-5253165 (WhatsApp)<br>&#8211; Oficina Acad\u00e9mica<br>&nbsp;&nbsp;&nbsp; Email:&nbsp;<a href=\"mailto:ftu.alumnos@gmail.com\">ftu.alumnos@gmail.com<\/a><br>&nbsp;&nbsp;&nbsp; Tel fijo: 02656-479216<\/p>\n","protected":false},"excerpt":{"rendered":"<p>La documentaci\u00f3n se recepcionar\u00e1,&nbsp;exclusivamente de manera presencial, hasta el 31 de marzo de 2026, de lunes a viernes de 9hs. [&hellip;]<\/p>\n","protected":false},"author":1,"featured_media":0,"parent":0,"menu_order":0,"comment_status":"closed","ping_status":"closed","template":"","meta":{"site-sidebar-layout":"default","site-content-layout":"","ast-site-content-layout":"default","site-content-style":"default","site-sidebar-style":"default","ast-global-header-display":"","ast-banner-title-visibility":"","ast-main-header-display":"","ast-hfb-above-header-display":"","ast-hfb-below-header-display":"","ast-hfb-mobile-header-display":"","site-post-title":"","ast-breadcrumbs-content":"","ast-featured-img":"","footer-sml-layout":"","theme-transparent-header-meta":"","adv-header-id-meta":"","stick-header-meta":"","header-above-stick-meta":"","header-main-stick-meta":"","header-below-stick-meta":"","astra-migrate-meta-layouts":"default","ast-page-background-enabled":"default","ast-page-background-meta":{"desktop":{"background-color":"var(--ast-global-color-5)","background-image":"","background-repeat":"repeat","background-position":"center center","background-size":"auto","background-attachment":"scroll","background-type":"","background-media":"","overlay-type":"","overlay-color":"","overlay-opacity":"","overlay-gradient":""},"tablet":{"background-color":"","background-image":"","background-repeat":"repeat","background-position":"center center","background-size":"auto","background-attachment":"scroll","background-type":"","background-media":"","overlay-type":"","overlay-color":"","overlay-opacity":"","overlay-gradient":""},"mobile":{"background-color":"","background-image":"","background-repeat":"repeat","background-position":"center center","background-size":"auto","background-attachment":"scroll","background-type":"","background-media":"","overlay-type":"","overlay-color":"","overlay-opacity":"","overlay-gradient":""}},"ast-content-background-meta":{"desktop":{"background-color":"var(--ast-global-color-4)","background-image":"","background-repeat":"repeat","background-position":"center center","background-size":"auto","background-attachment":"scroll","background-type":"","background-media":"","overlay-type":"","overlay-color":"","overlay-opacity":"","overlay-gradient":""},"tablet":{"background-color":"var(--ast-global-color-4)","background-image":"","background-repeat":"repeat","background-position":"center center","background-size":"auto","background-attachment":"scroll","background-type":"","background-media":"","overlay-type":"","overlay-color":"","overlay-opacity":"","overlay-gradient":""},"mobile":{"background-color":"var(--ast-global-color-4)","background-image":"","background-repeat":"repeat","background-position":"center center","background-size":"auto","background-attachment":"scroll","background-type":"","background-media":"","overlay-type":"","overlay-color":"","overlay-opacity":"","overlay-gradient":""}},"footnotes":"","_links_to":"","_links_to_target":""},"class_list":["post-1675","page","type-page","status-publish","hentry"],"rttpg_featured_image_url":null,"rttpg_author":{"display_name":"ftu","author_link":"http:\/\/ftuvz.unsl.edu.ar\/index.php\/author\/ftu\/"},"rttpg_comment":0,"rttpg_category":null,"rttpg_excerpt":"La documentaci\u00f3n se recepcionar\u00e1,&nbsp;exclusivamente de manera presencial, hasta el 31 de marzo de 2026, de lunes a viernes de 9hs. [&hellip;]","_links":{"self":[{"href":"http:\/\/ftuvz.unsl.edu.ar\/index.php\/wp-json\/wp\/v2\/pages\/1675","targetHints":{"allow":["GET"]}}],"collection":[{"href":"http:\/\/ftuvz.unsl.edu.ar\/index.php\/wp-json\/wp\/v2\/pages"}],"about":[{"href":"http:\/\/ftuvz.unsl.edu.ar\/index.php\/wp-json\/wp\/v2\/types\/page"}],"author":[{"embeddable":true,"href":"http:\/\/ftuvz.unsl.edu.ar\/index.php\/wp-json\/wp\/v2\/users\/1"}],"replies":[{"embeddable":true,"href":"http:\/\/ftuvz.unsl.edu.ar\/index.php\/wp-json\/wp\/v2\/comments?post=1675"}],"version-history":[{"count":3,"href":"http:\/\/ftuvz.unsl.edu.ar\/index.php\/wp-json\/wp\/v2\/pages\/1675\/revisions"}],"predecessor-version":[{"id":2284,"href":"http:\/\/ftuvz.unsl.edu.ar\/index.php\/wp-json\/wp\/v2\/pages\/1675\/revisions\/2284"}],"wp:attachment":[{"href":"http:\/\/ftuvz.unsl.edu.ar\/index.php\/wp-json\/wp\/v2\/media?parent=1675"}],"curies":[{"name":"wp","href":"https:\/\/api.w.org\/{rel}","templated":true}]}}