{"id":1616,"date":"2025-10-02T13:07:52","date_gmt":"2025-10-02T16:07:52","guid":{"rendered":"http:\/\/ftuvz.unsl.edu.ar\/?page_id=1616"},"modified":"2026-04-01T08:36:51","modified_gmt":"2026-04-01T11:36:51","slug":"auxiliares-de-docencia-de-segunda-categoria","status":"publish","type":"page","link":"http:\/\/ftuvz.unsl.edu.ar\/index.php\/auxiliares-de-docencia-de-segunda-categoria\/","title":{"rendered":"Auxiliares de Docencia de Segunda Categor\u00eda-Alumno"},"content":{"rendered":"\n<p class=\"has-text-align-center\"><strong><strong>No hay Convocatoria activa<\/strong><\/strong><\/p>\n\n\n\n<hr class=\"wp-block-separator alignwide has-text-color has-luminous-vivid-amber-color has-alpha-channel-opacity has-luminous-vivid-amber-background-color has-background is-style-wide\"\/>\n\n\n\n<p><strong>Consultas<\/strong><br>E-mail:&nbsp;<a href=\"mailto:ftu.concursos@gmail.com\">ftu.concursos@gmail.com<\/a>&nbsp;\u2013 Tel. +54-02656-470316<br>Edif. Administrativo: Av. del Libertador San Mart\u00edn 721 (esq. Gob. Rufino Lucero) -Barranca Colorada- (D5881DFN) Villa de Merlo \u2013 San Luis \u2013 Argentina<\/p>\n\n\n\n<h4 class=\"wp-block-heading\"><strong>Consideraciones generales<\/strong><\/h4>\n\n\n\n<p><strong>Para una mejor atenci\u00f3n, se solicita a los aspirantes, presentar la documentaci\u00f3n con suficiente antelaci\u00f3n.<\/strong><\/p>\n\n\n\n<p><strong>\u2013 Normativa Concursos \u2013<\/strong><\/p>\n\n\n\n<div class=\"wp-block-columns is-layout-flex wp-container-core-columns-is-layout-53859560 wp-block-columns-is-layout-flex\" style=\"padding-top:0;padding-right:var(--wp--preset--spacing--50);padding-bottom:0;padding-left:var(--wp--preset--spacing--50)\">\n<div class=\"wp-block-column is-layout-flow wp-block-column-is-layout-flow\" style=\"flex-basis:20%\">\n<p><strong>O.C.S 9\/20<\/strong>&nbsp;(26\/06\/2020) <\/p>\n<\/div>\n\n\n\n<div class=\"wp-block-column is-layout-flow wp-block-column-is-layout-flow\" style=\"flex-basis:10%\">\n<figure class=\"wp-block-image size-full\"><a href=\"\/wp-content\/uploads\/Normativa\/OCS%209-20.pdf\"><img loading=\"lazy\" decoding=\"async\" width=\"25\" height=\"25\" src=\"http:\/\/ftuvz.unsl.edu.ar\/wp-content\/uploads\/2025\/09\/pdf.gif\" alt=\"\" class=\"wp-image-486\"\/><\/a><\/figure>\n<\/div>\n<\/div>\n\n\n\n<div class=\"wp-block-columns is-layout-flex wp-container-core-columns-is-layout-53859560 wp-block-columns-is-layout-flex\" style=\"padding-top:0;padding-right:var(--wp--preset--spacing--50);padding-bottom:0;padding-left:var(--wp--preset--spacing--50)\">\n<div class=\"wp-block-column is-layout-flow wp-block-column-is-layout-flow\" style=\"flex-basis:95%\">\n<p><strong>O.C.S 4\/04<\/strong>&nbsp;(24\/11\/2004) -Reglamentaci\u00f3n para el cargos de Auxiliares de Docencia de Segunda Categor\u00eda-Alumno para cada Facultad<\/p>\n<\/div>\n\n\n\n<div class=\"wp-block-column is-layout-flow wp-block-column-is-layout-flow\" style=\"flex-basis:10%\">\n<figure class=\"wp-block-image size-full\"><a href=\"\/wp-content\/uploads\/Normativa\/OCS-40-04-auxiliar-de-segunda.pdf\"><img loading=\"lazy\" decoding=\"async\" width=\"25\" height=\"25\" src=\"http:\/\/ftuvz.unsl.edu.ar\/wp-content\/uploads\/2025\/09\/pdf.gif\" alt=\"\" class=\"wp-image-486\"\/><\/a><\/figure>\n<\/div>\n<\/div>\n\n\n\n<div class=\"wp-block-columns is-layout-flex wp-container-core-columns-is-layout-53859560 wp-block-columns-is-layout-flex\" style=\"padding-top:0;padding-right:var(--wp--preset--spacing--50);padding-bottom:0;padding-left:var(--wp--preset--spacing--50)\">\n<div class=\"wp-block-column is-layout-flow wp-block-column-is-layout-flow\" style=\"flex-basis:95%\">\n<p><strong>Ord.CD 3\/25<\/strong>&nbsp;(25\/04\/2025) &#8211; Reglamento para el procedimiento de cobertura de cargos de Auxiliares de Docencia de Segunda Categor\u00eda-Alumno de la FTU<\/p>\n<\/div>\n\n\n\n<div class=\"wp-block-column is-layout-flow wp-block-column-is-layout-flow\" style=\"flex-basis:10%\">\n<figure class=\"wp-block-image size-full\"><a href=\"https:\/\/notif-vz.unsl.edu.ar\/uploads\/130022\/OCD_3-25_AUX_DE_2\u00b0.pdf\"><img loading=\"lazy\" decoding=\"async\" width=\"25\" height=\"25\" src=\"http:\/\/ftuvz.unsl.edu.ar\/wp-content\/uploads\/2025\/09\/pdf.gif\" alt=\"\" class=\"wp-image-486\"\/><\/a><\/figure>\n<\/div>\n<\/div>\n\n\n\n<div class=\"wp-block-columns is-layout-flex wp-container-core-columns-is-layout-53859560 wp-block-columns-is-layout-flex\" style=\"padding-top:0;padding-right:var(--wp--preset--spacing--50);padding-bottom:0;padding-left:var(--wp--preset--spacing--50)\">\n<div class=\"wp-block-column is-layout-flow wp-block-column-is-layout-flow\" style=\"flex-basis:95%\">\n<p><strong>O.C.S. 61\/23<\/strong>&nbsp;(28\/12\/2023) &#8211; Reglamento de Expediente Electr\u00f3nico en todo el \u00e1mbito de la Universidad Nacional de San Luis<\/p>\n<\/div>\n\n\n\n<div class=\"wp-block-column is-layout-flow wp-block-column-is-layout-flow\" style=\"flex-basis:10%\">\n<figure class=\"wp-block-image size-full\"><a href=\"\/wp-content\/uploads\/Normativa\/OCS-61-23-Reglamento-Expediente-Electronico.pdf\"><img loading=\"lazy\" decoding=\"async\" width=\"25\" height=\"25\" src=\"http:\/\/ftuvz.unsl.edu.ar\/wp-content\/uploads\/2025\/09\/pdf.gif\" alt=\"\" class=\"wp-image-486\"\/><\/a><\/figure>\n<\/div>\n<\/div>\n\n\n\n<div class=\"wp-block-columns is-layout-flex wp-container-core-columns-is-layout-53859560 wp-block-columns-is-layout-flex\" style=\"padding-top:0;padding-right:var(--wp--preset--spacing--50);padding-bottom:0;padding-left:var(--wp--preset--spacing--50)\">\n<div class=\"wp-block-column is-layout-flow wp-block-column-is-layout-flow\" style=\"flex-basis:95%\">\n<p><strong>O.R. 6\/21&nbsp;<\/strong>(22\/06\/2021) &#8211; Implementa el uso de la Aplicaci\u00f3n&nbsp;<em>&#8220;Notificaciones Electr\u00f3nicas UNSL&#8221;<\/em>&nbsp;en la UNSL&nbsp;<\/p>\n<\/div>\n\n\n\n<div class=\"wp-block-column is-layout-flow wp-block-column-is-layout-flow\" style=\"flex-basis:10%\">\n<figure class=\"wp-block-image size-full\"><a href=\"http:\/\/digesto.unsl.edu.ar\/docs\/202106\/20210623084920_6322.pdf\"><img loading=\"lazy\" decoding=\"async\" width=\"25\" height=\"25\" src=\"http:\/\/ftuvz.unsl.edu.ar\/wp-content\/uploads\/2025\/09\/pdf.gif\" alt=\"\" class=\"wp-image-486\"\/><\/a><\/figure>\n<\/div>\n<\/div>\n\n\n\n<p><strong>&#8211; Notificaciones &#8211;<\/strong><\/p>\n\n\n\n<p>El postulante RECIBIR\u00c1, a trav\u00e9s de la aplicaci\u00f3n&nbsp;<em>\u201cNotificaciones Electr\u00f3nicas UNSL\u201d<\/em>&nbsp;(O.R. N\u00ba 6\/2021), la notificaci\u00f3n de cada una de las instancias del tr\u00e1mite o comunicaciones pertinentes.<br>Para poder recibirlas de manera correcta, deber\u00e1 completar el formulario online (DDJJ) dirigi\u00e9ndose a&nbsp;<a href=\"https:\/\/forms.gle\/xYUjRK437fqu8CQM9\">este link<\/a>&nbsp;o escaneando el c\u00f3digo QR.<\/p>\n\n\n\n<figure class=\"wp-block-image aligncenter size-full\"><img loading=\"lazy\" decoding=\"async\" width=\"200\" height=\"200\" src=\"http:\/\/ftuvz.unsl.edu.ar\/wp-content\/uploads\/2025\/10\/QR-Formulario-Notificaciones-200.png\" alt=\"\" class=\"wp-image-1530\" srcset=\"http:\/\/ftuvz.unsl.edu.ar\/wp-content\/uploads\/2025\/10\/QR-Formulario-Notificaciones-200.png 200w, http:\/\/ftuvz.unsl.edu.ar\/wp-content\/uploads\/2025\/10\/QR-Formulario-Notificaciones-200-150x150.png 150w\" sizes=\"auto, (max-width: 200px) 100vw, 200px\" \/><\/figure>\n\n\n\n<p>Cumplimentado el paso anterior, recibir\u00e1 en el&nbsp;<strong>correo electr\u00f3nico declarado<\/strong>, los pasos detallados para instalar la App en su dispositivo m\u00f3vil y el Link Instalador.<\/p>\n\n\n\n<h5 class=\"wp-block-heading\"><strong>&#8211; Podr\u00e1n aspirar a cargos de Auxiliar de Docencia de Segunda Categor\u00eda &#8211;<\/strong><\/h5>\n\n\n\n<p>Estudiantes de la Facultad de Turismo y Urbanismo de la Universidad Nacional de San Luis que cumplan con los siguientes requisitos:<\/p>\n\n\n\n<p>&nbsp;&nbsp;&nbsp;&nbsp;&nbsp;&nbsp; a. Ser estudiante efectivo de las carreras de grado o pregrado de la Facultad.<br>&nbsp;&nbsp;&nbsp;&nbsp;&nbsp;&nbsp; b. Tener aprobado, al menos el primer a\u00f1o completo de su carrera.<br>&nbsp;&nbsp;&nbsp;&nbsp;&nbsp;&nbsp; c. Haber aprobado el curso del cargo al que aspiran, u otro\/s curso\/s con contenidos curriculares equivalentes.<\/p>\n\n\n\n<p>&nbsp;&nbsp;&nbsp;&nbsp;&nbsp;&nbsp; No podr\u00e1n acceder a este tipo de cargos aquellos aspirantes que posean t\u00edtulo de grado o pregrado, que incluyan en su curr\u00edculum los contenidos del curso motivo del llamado.<br>&nbsp;&nbsp;&nbsp;&nbsp;&nbsp;&nbsp; Un estudiante no podr\u00e1 tener m\u00e1s de UN (1) cargo de Auxiliar de Docencia de Segunda Categor\u00eda -Alumno-.<\/p>\n\n\n\n<h5 class=\"wp-block-heading\"><strong>&#8211; Inscripci\u00f3n &#8211;<\/strong><\/h5>\n\n\n\n<p>La inscripci\u00f3n a concursos se realiza a trav\u00e9s del correo electr\u00f3nico del Departamento de Mesa de Entradas de la Facultad de Turismo y Urbanismo&nbsp;<a href=\"mailto:ftu.mesadeentrada@gmail.com\">ftu.mesadeentrada@gmail.com<\/a>, hasta las 12hs, en el plazo establecido por resoluci\u00f3n del llamado.<br>Ante la imposibilidad de su remisi\u00f3n por correo electr\u00f3nico, el o los archivos correspondientes ser\u00e1n presentados en formato PDF en un dispositivo de almacenamiento externo.<\/p>\n\n\n\n<p>El postulante,&nbsp;por cada concurso al que se presente, deber\u00e1 presentar:<\/p>\n\n\n\n<p>A)-&nbsp;<strong>1 (un) Archivo PDF con la Solicitud de Inscripci\u00f3n<\/strong>&nbsp;(escrita a m\u00e1quina o con letra legible y deber\u00e1 tener la firma del Postulante).<\/p>\n\n\n\n<p>B)-&nbsp;<strong>1 (un) Archivo PDF con el Informe de Situaci\u00f3n Acad\u00e9mica<\/strong><em>(el grado de avance en la Carrera ser\u00e1 el establecido en el Informe Acad\u00e9mico certificado por Secretar\u00eda Acad\u00e9mica)<\/em><\/p>\n\n\n\n<p>C)-&nbsp;<strong>1 (un) Archivo PDF con el Curriculum Vitae<\/strong>&nbsp;(*) con el siguiente formato:<br>&nbsp;&nbsp;&nbsp;-. Tama\u00f1o de papel: hoja A4<br>&nbsp;&nbsp;&nbsp;-. M\u00e1rgenes: superior: 5cm, inferior: 2cm, izquierdo: 4cm, derecho: 2cm.<br>&nbsp;&nbsp;&nbsp;-. Fuente: Times New Roman; tama\u00f1o 12, estilo: regular.<br>&nbsp;&nbsp;&nbsp;-. P\u00e1rrafo: alineaci\u00f3n: izquierda.<\/p>\n\n\n\n<p>D)-&nbsp;<strong>1 (un) Archivo PDF con \u00cdndice<\/strong><em>(detallando el orden de la documentaci\u00f3n presentada)<\/em><strong>y Probanzas<\/strong>.<\/p>\n\n\n\n<p><strong>Nota:<\/strong>&nbsp;Se deber\u00e1 presentar copia digitalizada de los originales de las probanzas.<br>En caso de ser requerido el postulante deber\u00e1 presentar las probanzas en formato papel, para lo cual contar\u00e1 con el plazo de 72hs.&nbsp;<em>(no se podr\u00e1 agregar nueva documentaci\u00f3n a la ya presentada)<\/em><\/p>\n\n\n\n<p><strong>Restricciones para la presentaci\u00f3n de archivos en PDF:<\/strong><br>. Deber\u00e1n ser archivos no superiores a los 25 Megabytes.<br>. Archivos escaneados: deber\u00e1n estar en blanco y negro o escala de grises con resoluci\u00f3n media<\/p>\n\n\n\n<p><strong>(*) \u00cdtems a consignar en el Curriculum Vitae seg\u00fan Ord.C.D.3\/2025<\/strong><br><strong>Antecedentes sobre formaci\u00f3n del aspirante<\/strong><br>&nbsp;&nbsp;&nbsp;a) Carrera\/s que se encuentra cursando.&nbsp;<em>(adjuntar en las probanzas el certificado anal\u00edtico provisorio)<\/em><br>&nbsp;&nbsp;&nbsp;a) T\u00edtulos obtenidos.&nbsp;<em>(de corresponder)<\/em><br>&nbsp;&nbsp;&nbsp;c) Otros antecedentes de formaci\u00f3n.&nbsp;<em>(cursos, talleres, pasant\u00edas)<\/em><\/p>\n\n\n\n<p><strong>Antecedentes docentes<\/strong><br>&nbsp;&nbsp;&nbsp;a) Cargos docentes desempe\u00f1ados, indicando naturaleza de la designaci\u00f3n y los cursos en los que se desempe\u00f1\u00f3.<br>&nbsp;&nbsp;&nbsp;b) Orden de m\u00e9rito de concursos o registros de aspirantes anteriores.<\/p>\n\n\n\n<p><strong>Otros antecedentes<\/strong><br>&nbsp;&nbsp;&nbsp;a) Asistencia a cursos, congresos, jornadas, seminarios, etc.<br>&nbsp;&nbsp;&nbsp;b) Participaci\u00f3n en investigaci\u00f3n.<br>&nbsp;&nbsp;&nbsp;c) Participaci\u00f3n en extensi\u00f3n.<br>&nbsp;&nbsp;&nbsp;d) Experiencia laboral.<br>&nbsp;&nbsp;&nbsp;e) Becas de \u00edndole acad\u00e9mica en que haya sido beneficiario el aspirante.<br>&nbsp;&nbsp;&nbsp;f) Tutor\u00edas realizadas<br>&nbsp;&nbsp;&nbsp;g) Todo otro antecedente que, a juicio del aspirante, se considere pertinente para el cargo.<\/p>\n","protected":false},"excerpt":{"rendered":"<p>No hay Convocatoria activa ConsultasE-mail:&nbsp;ftu.concursos@gmail.com&nbsp;\u2013 Tel. +54-02656-470316Edif. Administrativo: Av. del Libertador San Mart\u00edn 721 (esq. Gob. Rufino Lucero) -Barranca Colorada- [&hellip;]<\/p>\n","protected":false},"author":1,"featured_media":0,"parent":0,"menu_order":0,"comment_status":"closed","ping_status":"closed","template":"","meta":{"site-sidebar-layout":"default","site-content-layout":"","ast-site-content-layout":"default","site-content-style":"default","site-sidebar-style":"default","ast-global-header-display":"","ast-banner-title-visibility":"","ast-main-header-display":"","ast-hfb-above-header-display":"","ast-hfb-below-header-display":"","ast-hfb-mobile-header-display":"","site-post-title":"","ast-breadcrumbs-content":"","ast-featured-img":"","footer-sml-layout":"","theme-transparent-header-meta":"","adv-header-id-meta":"","stick-header-meta":"","header-above-stick-meta":"","header-main-stick-meta":"","header-below-stick-meta":"","astra-migrate-meta-layouts":"default","ast-page-background-enabled":"default","ast-page-background-meta":{"desktop":{"background-color":"var(--ast-global-color-5)","background-image":"","background-repeat":"repeat","background-position":"center center","background-size":"auto","background-attachment":"scroll","background-type":"","background-media":"","overlay-type":"","overlay-color":"","overlay-opacity":"","overlay-gradient":""},"tablet":{"background-color":"","background-image":"","background-repeat":"repeat","background-position":"center center","background-size":"auto","background-attachment":"scroll","background-type":"","background-media":"","overlay-type":"","overlay-color":"","overlay-opacity":"","overlay-gradient":""},"mobile":{"background-color":"","background-image":"","background-repeat":"repeat","background-position":"center center","background-size":"auto","background-attachment":"scroll","background-type":"","background-media":"","overlay-type":"","overlay-color":"","overlay-opacity":"","overlay-gradient":""}},"ast-content-background-meta":{"desktop":{"background-color":"var(--ast-global-color-4)","background-image":"","background-repeat":"repeat","background-position":"center center","background-size":"auto","background-attachment":"scroll","background-type":"","background-media":"","overlay-type":"","overlay-color":"","overlay-opacity":"","overlay-gradient":""},"tablet":{"background-color":"var(--ast-global-color-4)","background-image":"","background-repeat":"repeat","background-position":"center center","background-size":"auto","background-attachment":"scroll","background-type":"","background-media":"","overlay-type":"","overlay-color":"","overlay-opacity":"","overlay-gradient":""},"mobile":{"background-color":"var(--ast-global-color-4)","background-image":"","background-repeat":"repeat","background-position":"center center","background-size":"auto","background-attachment":"scroll","background-type":"","background-media":"","overlay-type":"","overlay-color":"","overlay-opacity":"","overlay-gradient":""}},"footnotes":"","_links_to":"","_links_to_target":""},"class_list":["post-1616","page","type-page","status-publish","hentry"],"rttpg_featured_image_url":null,"rttpg_author":{"display_name":"ftu","author_link":"http:\/\/ftuvz.unsl.edu.ar\/index.php\/author\/ftu\/"},"rttpg_comment":0,"rttpg_category":null,"rttpg_excerpt":"No hay Convocatoria activa ConsultasE-mail:&nbsp;ftu.concursos@gmail.com&nbsp;\u2013 Tel. +54-02656-470316Edif. Administrativo: Av. del Libertador San Mart\u00edn 721 (esq. Gob. Rufino Lucero) -Barranca Colorada- [&hellip;]","_links":{"self":[{"href":"http:\/\/ftuvz.unsl.edu.ar\/index.php\/wp-json\/wp\/v2\/pages\/1616","targetHints":{"allow":["GET"]}}],"collection":[{"href":"http:\/\/ftuvz.unsl.edu.ar\/index.php\/wp-json\/wp\/v2\/pages"}],"about":[{"href":"http:\/\/ftuvz.unsl.edu.ar\/index.php\/wp-json\/wp\/v2\/types\/page"}],"author":[{"embeddable":true,"href":"http:\/\/ftuvz.unsl.edu.ar\/index.php\/wp-json\/wp\/v2\/users\/1"}],"replies":[{"embeddable":true,"href":"http:\/\/ftuvz.unsl.edu.ar\/index.php\/wp-json\/wp\/v2\/comments?post=1616"}],"version-history":[{"count":23,"href":"http:\/\/ftuvz.unsl.edu.ar\/index.php\/wp-json\/wp\/v2\/pages\/1616\/revisions"}],"predecessor-version":[{"id":6121,"href":"http:\/\/ftuvz.unsl.edu.ar\/index.php\/wp-json\/wp\/v2\/pages\/1616\/revisions\/6121"}],"wp:attachment":[{"href":"http:\/\/ftuvz.unsl.edu.ar\/index.php\/wp-json\/wp\/v2\/media?parent=1616"}],"curies":[{"name":"wp","href":"https:\/\/api.w.org\/{rel}","templated":true}]}}