{"id":1579,"date":"2025-10-02T11:57:17","date_gmt":"2025-10-02T14:57:17","guid":{"rendered":"http:\/\/ftuvz.unsl.edu.ar\/?page_id=1579"},"modified":"2025-10-02T13:03:10","modified_gmt":"2025-10-02T16:03:10","slug":"la-facultad-de-turismo-y-urbanismo-en-la-feria-internacional-del-libro-2025","status":"publish","type":"page","link":"http:\/\/ftuvz.unsl.edu.ar\/index.php\/la-facultad-de-turismo-y-urbanismo-en-la-feria-internacional-del-libro-2025\/","title":{"rendered":"La Facultad de Turismo y Urbanismo en la Feria Internacional del Libro 2025"},"content":{"rendered":"\n<div class=\"wp-block-columns is-layout-flex wp-container-core-columns-is-layout-738c88d4 wp-block-columns-is-layout-flex\" style=\"padding-top:var(--wp--preset--spacing--30);padding-right:var(--wp--preset--spacing--20);padding-bottom:var(--wp--preset--spacing--30);padding-left:var(--wp--preset--spacing--20)\">\n<div class=\"wp-block-column has-border-color is-layout-flow wp-block-column-is-layout-flow\" style=\"border-color:#996a16;border-width:5px\">\n<figure class=\"wp-block-image aligncenter size-full\"><a href=\"\/wp-content\/uploads\/libros-publicaciones-ftu\/Destinos-Post-Turisticos.pdf\" target=\"_blank\" rel=\" noreferrer noopener\"><img loading=\"lazy\" decoding=\"async\" width=\"250\" height=\"250\" src=\"http:\/\/ftuvz.unsl.edu.ar\/wp-content\/uploads\/2025\/10\/Destinos-Post-Turisticos-Tapa.jpg\" alt=\"\" class=\"wp-image-1583\" srcset=\"http:\/\/ftuvz.unsl.edu.ar\/wp-content\/uploads\/2025\/10\/Destinos-Post-Turisticos-Tapa.jpg 250w, http:\/\/ftuvz.unsl.edu.ar\/wp-content\/uploads\/2025\/10\/Destinos-Post-Turisticos-Tapa-150x150.jpg 150w\" sizes=\"auto, (max-width: 250px) 100vw, 250px\" \/><\/a><\/figure>\n\n\n\n<p><strong>Destinos Post Tur\u00edsticos : genealog\u00eda de la construcci\u00f3n territorial de nueve destinos -posttur\u00edsticos argentinos<\/strong><\/p>\n\n\n\n<p>Autor: &nbsp;&nbsp;&nbsp; Rodrigo C G\u00f3nzalez<br>ISBN: 978-987-733-375-6<br>Publicaci\u00f3n: 1a. ed. 2023<\/p>\n<\/div>\n\n\n\n<div class=\"wp-block-column has-border-color is-layout-flow wp-block-column-is-layout-flow\" style=\"border-color:#996a16;border-width:5px\">\n<figure class=\"wp-block-image aligncenter size-full\"><a href=\"\/wp-content\/uploads\/libros-publicaciones-ftu\/1er-Congreso-Serranias-Ponencias.pdf\" target=\"_blank\" rel=\" noreferrer noopener\"><img loading=\"lazy\" decoding=\"async\" width=\"250\" height=\"250\" src=\"http:\/\/ftuvz.unsl.edu.ar\/wp-content\/uploads\/2025\/10\/1er-Congreso-Serranias-Ponencias-Tapa.jpg\" alt=\"\" class=\"wp-image-1584\" srcset=\"http:\/\/ftuvz.unsl.edu.ar\/wp-content\/uploads\/2025\/10\/1er-Congreso-Serranias-Ponencias-Tapa.jpg 250w, http:\/\/ftuvz.unsl.edu.ar\/wp-content\/uploads\/2025\/10\/1er-Congreso-Serranias-Ponencias-Tapa-150x150.jpg 150w\" sizes=\"auto, (max-width: 250px) 100vw, 250px\" \/><\/a><\/figure>\n\n\n\n<p><strong>Libro de Ponencias Acad\u00e9micas &#8211; Primer Congreso Internacional de Turismo en Serran\u00edas&nbsp;<em>&#8220;Construyendo espacios Sustentables&#8221;<\/em><\/strong><\/p>\n\n\n\n<p>Autor: S\/D<br>ISBN: 978-987-733-091-5<br>Publicaci\u00f3n: Septiembre 2016<\/p>\n<\/div>\n\n\n\n<div class=\"wp-block-column has-border-color is-layout-flow wp-block-column-is-layout-flow\" style=\"border-color:#996a16;border-width:5px\">\n<figure class=\"wp-block-image aligncenter size-full\"><a href=\"\/wp-content\/uploads\/libros-publicaciones-ftu\/2do-Congreso-Internacional-de-Turismo-de-Serranias-Memorias.pdf\" target=\"_blank\" rel=\" noreferrer noopener\"><img loading=\"lazy\" decoding=\"async\" width=\"250\" height=\"250\" src=\"http:\/\/ftuvz.unsl.edu.ar\/wp-content\/uploads\/2025\/10\/2do-Congreso-Serranias-Memorias-Tapa.jpg\" alt=\"\" class=\"wp-image-1585\" srcset=\"http:\/\/ftuvz.unsl.edu.ar\/wp-content\/uploads\/2025\/10\/2do-Congreso-Serranias-Memorias-Tapa.jpg 250w, http:\/\/ftuvz.unsl.edu.ar\/wp-content\/uploads\/2025\/10\/2do-Congreso-Serranias-Memorias-Tapa-150x150.jpg 150w\" sizes=\"auto, (max-width: 250px) 100vw, 250px\" \/><\/a><\/figure>\n\n\n\n<p><strong>Memorias &#8211; 2\u00ba Congreso Internacional en Serran\u00edas &#8220;Investigaci\u00f3n y Gesti\u00f3n del Patrimonio&#8221;<\/strong><\/p>\n\n\n\n<p>Compilado por: Susana Paredes; Daniela Girolimetto<br>ISBN: 978-987-733-175-2<br>Publicaci\u00f3n: 1a ed 2019<\/p>\n<\/div>\n\n\n\n<div class=\"wp-block-column has-border-color is-layout-flow wp-block-column-is-layout-flow\" style=\"border-color:#996a16;border-width:5px\">\n<figure class=\"wp-block-image aligncenter size-full\"><a href=\"\/wp-content\/uploads\/libros-publicaciones-ftu\/III-Congreso-Internacional-de-Turismo-de-Serranias-Memorias.pdf\" target=\"_blank\" rel=\" noreferrer noopener\"><img loading=\"lazy\" decoding=\"async\" width=\"250\" height=\"250\" src=\"http:\/\/ftuvz.unsl.edu.ar\/wp-content\/uploads\/2025\/10\/3er-Congreso-Serranias-Memorias-Tapa.jpg\" alt=\"\" class=\"wp-image-1586\" srcset=\"http:\/\/ftuvz.unsl.edu.ar\/wp-content\/uploads\/2025\/10\/3er-Congreso-Serranias-Memorias-Tapa.jpg 250w, http:\/\/ftuvz.unsl.edu.ar\/wp-content\/uploads\/2025\/10\/3er-Congreso-Serranias-Memorias-Tapa-150x150.jpg 150w\" sizes=\"auto, (max-width: 250px) 100vw, 250px\" \/><\/a><\/figure>\n\n\n\n<p><strong>3\u00ba Congreso Internacional en Serran\u00edas &#8220;naturaleza, cultura e identidad&#8221;<\/strong><\/p>\n\n\n\n<p>Compilado por: Daniela Girolimetto; Marcela De Luca<br>ISBN: 978-987-733-330-5<br>Publicaci\u00f3n: 1a ed 2022<\/p>\n<\/div>\n<\/div>\n\n\n\n<div class=\"wp-block-columns is-layout-flex wp-container-core-columns-is-layout-738c88d4 wp-block-columns-is-layout-flex\" style=\"padding-top:var(--wp--preset--spacing--30);padding-right:var(--wp--preset--spacing--20);padding-bottom:var(--wp--preset--spacing--30);padding-left:var(--wp--preset--spacing--20)\">\n<div class=\"wp-block-column has-border-color is-layout-flow wp-block-column-is-layout-flow\" style=\"border-color:#996a16;border-width:5px\">\n<figure class=\"wp-block-image aligncenter size-full\"><a href=\"\/wp-content\/uploads\/libros-publicaciones-ftu\/III-Jor-de-Investigacion-II-Jor-de-Extension-Resumenes.pdf\" target=\"_blank\" rel=\" noreferrer noopener\"><img loading=\"lazy\" decoding=\"async\" width=\"250\" height=\"250\" src=\"http:\/\/ftuvz.unsl.edu.ar\/wp-content\/uploads\/2025\/10\/III-Jor-de-Investigacion-II-Jor-de-Extension-Resumenes-Tapa.jpg\" alt=\"\" class=\"wp-image-1597\" srcset=\"http:\/\/ftuvz.unsl.edu.ar\/wp-content\/uploads\/2025\/10\/III-Jor-de-Investigacion-II-Jor-de-Extension-Resumenes-Tapa.jpg 250w, http:\/\/ftuvz.unsl.edu.ar\/wp-content\/uploads\/2025\/10\/III-Jor-de-Investigacion-II-Jor-de-Extension-Resumenes-Tapa-150x150.jpg 150w\" sizes=\"auto, (max-width: 250px) 100vw, 250px\" \/><\/a><\/figure>\n\n\n\n<p><strong>&#8211; III Jornada de Investigaci\u00f3n y II Jornada de Extensi\u00f3n<\/strong><\/p>\n\n\n\n<p>Compilado por: Agustina Generoso; Pablo V\u00edctor Perepelizin<br>ISBN: 978-987-733-351-0<br>Publicaci\u00f3n: 1a ed 2023<\/p>\n<\/div>\n\n\n\n<div class=\"wp-block-column has-border-color is-layout-flow wp-block-column-is-layout-flow\" style=\"border-color:#996a16;border-width:5px\">\n<figure class=\"wp-block-image aligncenter size-full\"><a href=\"\/wp-content\/uploads\/libros-publicaciones-ftu\/Catalogo-de-Paisaje-de-Las-Chacras-San-Luis-2023.pdf\" target=\"_blank\" rel=\" noreferrer noopener\"><img loading=\"lazy\" decoding=\"async\" width=\"250\" height=\"250\" src=\"http:\/\/ftuvz.unsl.edu.ar\/wp-content\/uploads\/2025\/10\/Catalogo-de-Paisaje-de-Las-Chacras-San-Luis-Tapa.jpg\" alt=\"\" class=\"wp-image-1598\" srcset=\"http:\/\/ftuvz.unsl.edu.ar\/wp-content\/uploads\/2025\/10\/Catalogo-de-Paisaje-de-Las-Chacras-San-Luis-Tapa.jpg 250w, http:\/\/ftuvz.unsl.edu.ar\/wp-content\/uploads\/2025\/10\/Catalogo-de-Paisaje-de-Las-Chacras-San-Luis-Tapa-150x150.jpg 150w\" sizes=\"auto, (max-width: 250px) 100vw, 250px\" \/><\/a><\/figure>\n\n\n\n<p><strong>Cat\u00e1logo de paisaje de Las Chacras, San Luis&nbsp;<\/strong>Proyecto de Investigaci\u00f3n Promocionado (PROIPRO) FTU-UNSL<\/p>\n\n\n\n<p>Autores: M\u00f3nica Cresmani y otros<br>ISBN: 978-987-733-387-9<br>Publicaci\u00f3n: 1a ed 2023<\/p>\n<\/div>\n\n\n\n<div class=\"wp-block-column has-border-color is-layout-flow wp-block-column-is-layout-flow\" style=\"border-color:#996a16;border-width:5px\">\n<figure class=\"wp-block-image aligncenter size-full\"><a href=\"\/wp-content\/uploads\/libros-publicaciones-ftu\/Guia-de-plantas-nativas.pdf\" target=\"_blank\" rel=\" noreferrer noopener\"><img loading=\"lazy\" decoding=\"async\" width=\"250\" height=\"250\" src=\"http:\/\/ftuvz.unsl.edu.ar\/wp-content\/uploads\/2025\/10\/Guia-de-plantas-nativas-Tapa.jpg\" alt=\"\" class=\"wp-image-1599\" srcset=\"http:\/\/ftuvz.unsl.edu.ar\/wp-content\/uploads\/2025\/10\/Guia-de-plantas-nativas-Tapa.jpg 250w, http:\/\/ftuvz.unsl.edu.ar\/wp-content\/uploads\/2025\/10\/Guia-de-plantas-nativas-Tapa-150x150.jpg 150w\" sizes=\"auto, (max-width: 250px) 100vw, 250px\" \/><\/a><\/figure>\n\n\n\n<p><strong>Gu\u00eda de campo &#8211; Plantas Nativas de la Sierra Comechingones<\/strong><\/p>\n\n\n\n<p>Autores: Mar\u00eda Cecilia Genovese y otros<br>ISBN: 978-987-733-387-9<br>Publicaci\u00f3n: 1a ed 2023<\/p>\n<\/div>\n\n\n\n<div class=\"wp-block-column has-border-color is-layout-flow wp-block-column-is-layout-flow\" style=\"border-color:#996a16;border-width:5px\">\n<figure class=\"wp-block-image aligncenter size-full\"><a href=\"\/wp-content\/uploads\/libros-publicaciones-ftu\/Revista-Digital-FTU-La-Linterna-Nro3-2023-Suplemento.pdf\" target=\"_blank\" rel=\" noreferrer noopener\"><img loading=\"lazy\" decoding=\"async\" width=\"250\" height=\"250\" src=\"http:\/\/ftuvz.unsl.edu.ar\/wp-content\/uploads\/2025\/10\/Revista-Digital-FTU-La-Linterna-Nro3-2023-Suplemento-Tapa.jpg\" alt=\"\" class=\"wp-image-1600\" srcset=\"http:\/\/ftuvz.unsl.edu.ar\/wp-content\/uploads\/2025\/10\/Revista-Digital-FTU-La-Linterna-Nro3-2023-Suplemento-Tapa.jpg 250w, http:\/\/ftuvz.unsl.edu.ar\/wp-content\/uploads\/2025\/10\/Revista-Digital-FTU-La-Linterna-Nro3-2023-Suplemento-Tapa-150x150.jpg 150w\" sizes=\"auto, (max-width: 250px) 100vw, 250px\" \/><\/a><\/figure>\n\n\n\n<p><strong>Revista Digital&nbsp;<em>&#8220;La Linterna P\u00fablica&#8221;<\/em><\/strong>&nbsp;A\u00f1o 3 &#8211; Nro 3 &#8211; Suplemento especial &#8211; Fiesta en Piedra Blanca<\/p>\n\n\n\n<p>Director: Alberto Trossero<br>ISSN: 2718-7292<br>Publicaci\u00f3n: Noviembre 2023<\/p>\n<\/div>\n<\/div>\n\n\n\n<div class=\"wp-block-columns is-layout-flex wp-container-core-columns-is-layout-738c88d4 wp-block-columns-is-layout-flex\" style=\"padding-top:var(--wp--preset--spacing--30);padding-right:var(--wp--preset--spacing--20);padding-bottom:var(--wp--preset--spacing--30);padding-left:var(--wp--preset--spacing--20)\">\n<div class=\"wp-block-column has-border-color is-layout-flow wp-block-column-is-layout-flow\" style=\"border-color:#996a16;border-width:5px\">\n<figure class=\"wp-block-image aligncenter size-full\"><a href=\"\/wp-content\/uploads\/libros-publicaciones-ftu\/Revista-Digital-FTU-La-Linterna-Nro3-2023.pdf\" target=\"_blank\" rel=\" noreferrer noopener\"><img loading=\"lazy\" decoding=\"async\" width=\"250\" height=\"250\" src=\"http:\/\/ftuvz.unsl.edu.ar\/wp-content\/uploads\/2025\/10\/Revista-Digital-FTU-La-Linterna-Nro3-2023-Tapa.jpg\" alt=\"\" class=\"wp-image-1602\" srcset=\"http:\/\/ftuvz.unsl.edu.ar\/wp-content\/uploads\/2025\/10\/Revista-Digital-FTU-La-Linterna-Nro3-2023-Tapa.jpg 250w, http:\/\/ftuvz.unsl.edu.ar\/wp-content\/uploads\/2025\/10\/Revista-Digital-FTU-La-Linterna-Nro3-2023-Tapa-150x150.jpg 150w\" sizes=\"auto, (max-width: 250px) 100vw, 250px\" \/><\/a><\/figure>\n\n\n\n<p><strong>Revista Digital&nbsp;<em>&#8220;La Linterna P\u00fablica&#8221;<\/em><\/strong>&nbsp;A\u00f1o 3 &#8211; Nro 3 &#8211; Compromiso Cultural<\/p>\n\n\n\n<p>Director: Alberto Trossero<br>ISSN: 2718-7292<br>Publicaci\u00f3n: Septiembre 2023<\/p>\n<\/div>\n\n\n\n<div class=\"wp-block-column has-border-color is-layout-flow wp-block-column-is-layout-flow\" style=\"border-color:#996a16;border-width:5px\">\n<figure class=\"wp-block-image aligncenter size-full\"><a href=\"\/wp-content\/uploads\/libros-publicaciones-ftu\/Revista-Digital-FTU-La-Linterna-Nro2-2021.pdf\" target=\"_blank\" rel=\" noreferrer noopener\"><img loading=\"lazy\" decoding=\"async\" width=\"250\" height=\"250\" src=\"http:\/\/ftuvz.unsl.edu.ar\/wp-content\/uploads\/2025\/10\/Revista-Digital-FTU-La-Linterna-Nro2-2021-Tapa.jpg\" alt=\"\" class=\"wp-image-1603\" srcset=\"http:\/\/ftuvz.unsl.edu.ar\/wp-content\/uploads\/2025\/10\/Revista-Digital-FTU-La-Linterna-Nro2-2021-Tapa.jpg 250w, http:\/\/ftuvz.unsl.edu.ar\/wp-content\/uploads\/2025\/10\/Revista-Digital-FTU-La-Linterna-Nro2-2021-Tapa-150x150.jpg 150w\" sizes=\"auto, (max-width: 250px) 100vw, 250px\" \/><\/a><\/figure>\n\n\n\n<p><strong>Revista Digital&nbsp;<em>&#8220;La Linterna P\u00fablica&#8221;<\/em><\/strong>&nbsp;A\u00f1o 2 &#8211; Nro 2 &#8211; Identidad<\/p>\n\n\n\n<p>Director: Alberto Trossero<br>ISSN: 2718-7292<br>Publicaci\u00f3n: Agosto 2021<\/p>\n<\/div>\n\n\n\n<div class=\"wp-block-column has-border-color is-layout-flow wp-block-column-is-layout-flow\" style=\"border-color:#996a16;border-width:5px\">\n<figure class=\"wp-block-image aligncenter size-full\"><a href=\"\/wp-content\/uploads\/libros-publicaciones-ftu\/Revista-Digital-FTU-La-Linterna-Nro1-2020.pdf\" target=\"_blank\" rel=\" noreferrer noopener\"><img loading=\"lazy\" decoding=\"async\" width=\"250\" height=\"250\" src=\"http:\/\/ftuvz.unsl.edu.ar\/wp-content\/uploads\/2025\/10\/Revista-Digital-FTU-La-Linterna-Nro1-2020-Tapa.jpg\" alt=\"\" class=\"wp-image-1604\" srcset=\"http:\/\/ftuvz.unsl.edu.ar\/wp-content\/uploads\/2025\/10\/Revista-Digital-FTU-La-Linterna-Nro1-2020-Tapa.jpg 250w, http:\/\/ftuvz.unsl.edu.ar\/wp-content\/uploads\/2025\/10\/Revista-Digital-FTU-La-Linterna-Nro1-2020-Tapa-150x150.jpg 150w\" sizes=\"auto, (max-width: 250px) 100vw, 250px\" \/><\/a><\/figure>\n\n\n\n<p><strong>Revista Digital&nbsp;<em>&#8220;La Linterna P\u00fablica&#8221;<\/em><\/strong>&nbsp;A\u00f1o 1 &#8211; Nro 1 &#8211; Esperanza<\/p>\n\n\n\n<p>Director: Alberto Trossero<br>ISSN: 2718-7292<br>Publicaci\u00f3n: Noviembre 2020<\/p>\n<\/div>\n\n\n\n<div class=\"wp-block-column has-border-color has-ast-global-color-5-border-color is-layout-flow wp-block-column-is-layout-flow\" style=\"border-width:5px\">\n<p><\/p>\n\n\n\n<p><\/p>\n<\/div>\n<\/div>\n","protected":false},"excerpt":{"rendered":"<p>Destinos Post Tur\u00edsticos : genealog\u00eda de la construcci\u00f3n territorial de nueve destinos -posttur\u00edsticos argentinos Autor: &nbsp;&nbsp;&nbsp; Rodrigo C G\u00f3nzalezISBN: 978-987-733-375-6Publicaci\u00f3n: [&hellip;]<\/p>\n","protected":false},"author":1,"featured_media":0,"parent":0,"menu_order":0,"comment_status":"closed","ping_status":"closed","template":"","meta":{"site-sidebar-layout":"default","site-content-layout":"","ast-site-content-layout":"default","site-content-style":"default","site-sidebar-style":"default","ast-global-header-display":"","ast-banner-title-visibility":"","ast-main-header-display":"","ast-hfb-above-header-display":"","ast-hfb-below-header-display":"","ast-hfb-mobile-header-display":"","site-post-title":"","ast-breadcrumbs-content":"","ast-featured-img":"","footer-sml-layout":"","theme-transparent-header-meta":"","adv-header-id-meta":"","stick-header-meta":"","header-above-stick-meta":"","header-main-stick-meta":"","header-below-stick-meta":"","astra-migrate-meta-layouts":"default","ast-page-background-enabled":"default","ast-page-background-meta":{"desktop":{"background-color":"var(--ast-global-color-5)","background-image":"","background-repeat":"repeat","background-position":"center center","background-size":"auto","background-attachment":"scroll","background-type":"","background-media":"","overlay-type":"","overlay-color":"","overlay-opacity":"","overlay-gradient":""},"tablet":{"background-color":"","background-image":"","background-repeat":"repeat","background-position":"center center","background-size":"auto","background-attachment":"scroll","background-type":"","background-media":"","overlay-type":"","overlay-color":"","overlay-opacity":"","overlay-gradient":""},"mobile":{"background-color":"","background-image":"","background-repeat":"repeat","background-position":"center center","background-size":"auto","background-attachment":"scroll","background-type":"","background-media":"","overlay-type":"","overlay-color":"","overlay-opacity":"","overlay-gradient":""}},"ast-content-background-meta":{"desktop":{"background-color":"var(--ast-global-color-4)","background-image":"","background-repeat":"repeat","background-position":"center center","background-size":"auto","background-attachment":"scroll","background-type":"","background-media":"","overlay-type":"","overlay-color":"","overlay-opacity":"","overlay-gradient":""},"tablet":{"background-color":"var(--ast-global-color-4)","background-image":"","background-repeat":"repeat","background-position":"center center","background-size":"auto","background-attachment":"scroll","background-type":"","background-media":"","overlay-type":"","overlay-color":"","overlay-opacity":"","overlay-gradient":""},"mobile":{"background-color":"var(--ast-global-color-4)","background-image":"","background-repeat":"repeat","background-position":"center center","background-size":"auto","background-attachment":"scroll","background-type":"","background-media":"","overlay-type":"","overlay-color":"","overlay-opacity":"","overlay-gradient":""}},"footnotes":"","_links_to":"","_links_to_target":""},"class_list":["post-1579","page","type-page","status-publish","hentry"],"rttpg_featured_image_url":null,"rttpg_author":{"display_name":"ftu","author_link":"http:\/\/ftuvz.unsl.edu.ar\/index.php\/author\/ftu\/"},"rttpg_comment":0,"rttpg_category":null,"rttpg_excerpt":"Destinos Post Tur\u00edsticos : genealog\u00eda de la construcci\u00f3n territorial de nueve destinos -posttur\u00edsticos argentinos Autor: &nbsp;&nbsp;&nbsp; Rodrigo C G\u00f3nzalezISBN: 978-987-733-375-6Publicaci\u00f3n: [&hellip;]","_links":{"self":[{"href":"http:\/\/ftuvz.unsl.edu.ar\/index.php\/wp-json\/wp\/v2\/pages\/1579","targetHints":{"allow":["GET"]}}],"collection":[{"href":"http:\/\/ftuvz.unsl.edu.ar\/index.php\/wp-json\/wp\/v2\/pages"}],"about":[{"href":"http:\/\/ftuvz.unsl.edu.ar\/index.php\/wp-json\/wp\/v2\/types\/page"}],"author":[{"embeddable":true,"href":"http:\/\/ftuvz.unsl.edu.ar\/index.php\/wp-json\/wp\/v2\/users\/1"}],"replies":[{"embeddable":true,"href":"http:\/\/ftuvz.unsl.edu.ar\/index.php\/wp-json\/wp\/v2\/comments?post=1579"}],"version-history":[{"count":24,"href":"http:\/\/ftuvz.unsl.edu.ar\/index.php\/wp-json\/wp\/v2\/pages\/1579\/revisions"}],"predecessor-version":[{"id":1615,"href":"http:\/\/ftuvz.unsl.edu.ar\/index.php\/wp-json\/wp\/v2\/pages\/1579\/revisions\/1615"}],"wp:attachment":[{"href":"http:\/\/ftuvz.unsl.edu.ar\/index.php\/wp-json\/wp\/v2\/media?parent=1579"}],"curies":[{"name":"wp","href":"https:\/\/api.w.org\/{rel}","templated":true}]}}