{"id":1545,"date":"2025-10-02T10:39:19","date_gmt":"2025-10-02T13:39:19","guid":{"rendered":"http:\/\/ftuvz.unsl.edu.ar\/?page_id=1545"},"modified":"2025-10-02T11:10:09","modified_gmt":"2025-10-02T14:10:09","slug":"proyectos-de-investigacion-de-la-facultad-de-turismo-y-urbanismo","status":"publish","type":"page","link":"http:\/\/ftuvz.unsl.edu.ar\/index.php\/proyectos-de-investigacion-de-la-facultad-de-turismo-y-urbanismo\/","title":{"rendered":"Proyectos de Investigaci\u00f3n de la Facultad de Turismo y Urbanismo"},"content":{"rendered":"\n<div class=\"wp-block-columns is-layout-flex wp-container-core-columns-is-layout-e0e4babd wp-block-columns-is-layout-flex\" style=\"padding-right:0;padding-left:0\">\n<div class=\"wp-block-column is-layout-flow wp-block-column-is-layout-flow\" style=\"flex-basis:66.66%\">\n<p><strong>&#8211; PROICO 11-0123 &#8220;Elaboraci\u00f3n del cat\u00e1logo de paisaje de la Villa de Merlo, San Luis&#8221;<\/strong><\/p>\n\n\n\n<p>Director: &nbsp;&nbsp;&nbsp; M\u00f3nica Liliana Cresmani<\/p>\n\n\n\n<p>Co-Director: &nbsp;&nbsp;&nbsp; Mar\u00eda In\u00e9s Ciccarone<\/p>\n\n\n\n<p>Contacto: &nbsp;&nbsp;&nbsp;&nbsp;<a href=\"mailto:mcresmani@email.unsl.edu.ar\">mcresmani@email.unsl.edu.ar<\/a><\/p>\n\n\n\n<p>L\u00ednea Territorial: \u00c9rico Hern\u00e1n Bianchi &nbsp;&nbsp;&nbsp; &#8211; &nbsp;&nbsp;&nbsp; L\u00ednea Social: Luciana Sol Silvestre<\/p>\n<\/div>\n\n\n\n<div class=\"wp-block-column is-layout-flow wp-block-column-is-layout-flow\" style=\"flex-basis:33.33%\">\n<figure class=\"wp-block-image size-full\"><img loading=\"lazy\" decoding=\"async\" width=\"333\" height=\"250\" src=\"http:\/\/ftuvz.unsl.edu.ar\/wp-content\/uploads\/2025\/10\/Proico-11-0123.png\" alt=\"\" class=\"wp-image-1546\" srcset=\"http:\/\/ftuvz.unsl.edu.ar\/wp-content\/uploads\/2025\/10\/Proico-11-0123.png 333w, http:\/\/ftuvz.unsl.edu.ar\/wp-content\/uploads\/2025\/10\/Proico-11-0123-300x225.png 300w\" sizes=\"auto, (max-width: 333px) 100vw, 333px\" \/><\/figure>\n<\/div>\n<\/div>\n\n\n\n<p><strong>Resumen<\/strong><br>La elaboraci\u00f3n de este cat\u00e1logo de paisaje permitir\u00e1 resaltar las tendencias que parecen evidentes y definir las l\u00edneas estrat\u00e9gicas y directrices concretas que puedan contribuir a mejorar la calidad de los paisajes y en definitiva la calidad de vida de los habitantes de la Villa de Merlo.<br>El desarrollo de esta propuesta contribuir\u00e1 a la implementaci\u00f3n de pol\u00edticas de paisaje, especialmente la integraci\u00f3n de objetivos paisaj\u00edsticos en las estrategias territoriales, con el acuerdo y la participaci\u00f3n activa de todos los agentes sociales que intervienen en el territorio.<\/p>\n\n\n\n<hr class=\"wp-block-separator alignwide has-text-color has-luminous-vivid-amber-color has-alpha-channel-opacity has-luminous-vivid-amber-background-color has-background is-style-wide\"\/>\n\n\n\n<div class=\"wp-block-columns is-layout-flex wp-container-core-columns-is-layout-e0e4babd wp-block-columns-is-layout-flex\" style=\"padding-right:0;padding-left:0\">\n<div class=\"wp-block-column is-layout-flow wp-block-column-is-layout-flow\" style=\"flex-basis:90%\">\n<p><strong>&#8211; PROICO 11-0223 &#8220;Estudios territoriales multidimensionales en embalses artificiales de zonas semi\u00e1ridas con potencial tur\u00edstico&#8221;<\/strong><\/p>\n\n\n\n<p>Director: &nbsp;&nbsp;&nbsp; Daniela Teresita Girolimetto<\/p>\n\n\n\n<p>Co-Director: &nbsp;&nbsp;&nbsp; Pablo V\u00edctor Perepelizin<\/p>\n\n\n\n<p>Contacto: &nbsp;&nbsp;&nbsp;&nbsp;<a href=\"mailto:girolimettod@gmail.com\">girolimettod@gmail.com<\/a><\/p>\n<\/div>\n\n\n\n<div class=\"wp-block-column is-layout-flow wp-block-column-is-layout-flow\" style=\"flex-basis:10%\"><\/div>\n<\/div>\n\n\n\n<p><strong>Resumen<\/strong><br>Es sabido que en regiones semi\u00e1ridas la disponibilidad del recurso agua es limitada y la construcci\u00f3n de embalses obedece a una l\u00f3gica de optimizaci\u00f3n y eficiencia para equilibrar el acceso al recurso. Estos cuerpos de agua traen consigo diversos impactos en el ecosistema donde se encuentran emplazados. A su vez, modifican el paisaje dando lugar a nuevas actividades recreativas, que en general, no han sido planificadas ni reguladas. La provincia de San Luis, Argentina, basa sus pol\u00edticas hidrol\u00f3gicas en la construcci\u00f3n de reservas de agua artificiales que facilitan la provisi\u00f3n de agua potable. En particular, el corredor establecido a lo largo de la Ruta Provincial 1, es una de las regiones de San Luis donde se han construido embalses artificiales que conforman elementos de importancia del paisaje a escala local y regional, contribuyendo con la llegada de una gran cantidad de turistas, muchos de los cuales se convierten en migrantes de amenidad. As\u00ed, los embalses artificiales son espacios propicios para el desarrollo de diversos fen\u00f3menos tales como la urbanidad, el consumo de agua, cambios en el uso del suelo, el turismo, variaciones en la fauna, aparici\u00f3n de nuevos sectores productivos, entre otros, todos ellos vinculados y ocurriendo dentro de un mismo marco social. Si bien es sabido que no puede existir comportamiento social sin territorio, es necesario adecuar el territorio para alcanzar un desarrollo sostenible en torno a espacios altamente vulnerables a la actividad humana. De esta manera, este proyecto, propone un abordaje estrat\u00e9gico y multidisciplinar que considere al territorio como un todo interrelacionado, que incluye la multidimensionalidad, favoreciendo la planificaci\u00f3n y manejo de los territorios aleda\u00f1os a los espejos de agua artificiales.<\/p>\n\n\n\n<hr class=\"wp-block-separator alignwide has-text-color has-luminous-vivid-amber-color has-alpha-channel-opacity has-luminous-vivid-amber-background-color has-background is-style-wide\"\/>\n\n\n\n<div class=\"wp-block-columns is-layout-flex wp-container-core-columns-is-layout-e0e4babd wp-block-columns-is-layout-flex\" style=\"padding-right:0;padding-left:0\">\n<div class=\"wp-block-column is-layout-flow wp-block-column-is-layout-flow\" style=\"flex-basis:100%\">\n<p><strong>&#8211; PROICO 11-0323 &#8220;Aportes al conocimiento de los productos forestales no maderables de las Sierras Comechingones&#8221;<\/strong><\/p>\n\n\n\n<p>Director: &nbsp;&nbsp;&nbsp; Ariana Cristina Posadaz<\/p>\n\n\n\n<p>Co-Director: &nbsp;&nbsp;&nbsp; Alejandro Daniel Suyama<\/p>\n\n\n\n<p>Contacto: &nbsp;&nbsp;&nbsp;&nbsp;<a href=\"mailto:aposadaz@unsl.edu.ar\">aposadaz@unsl.edu.ar<\/a><\/p>\n<\/div>\n\n\n\n<div class=\"wp-block-column is-layout-flow wp-block-column-is-layout-flow\" style=\"flex-basis:10%\"><\/div>\n<\/div>\n\n\n\n<p><strong>Resumen<\/strong><br>Estudiamos los productos forestales no maderables (PFNM) de las Sierras Comechingones como una estrategia para integrar, a trav\u00e9s del uso sustentable, la conservaci\u00f3n de los recursos forestales con el desarrollo econ\u00f3mico y social de las comunidades. Consideramos que: (a) la prospecci\u00f3n bot\u00e1nica en espacios naturales, identificaci\u00f3n de especies y poblaciones, recolecci\u00f3n de semillas y de prop\u00e1gulos, el relevamiento etnobot\u00e1nico y la caracterizaci\u00f3n bot\u00e1nica y qu\u00edmica, permitir\u00e1n detectar los PFNM sobrexplotados as\u00ed como los promisorios para contribuir en circuitos comerciales; (b) los espacios de conservaci\u00f3n permitir\u00e1n el estudio del material gen\u00e9tico a ser resguardado; (c) los ensayos de domesticaci\u00f3n y cultivo ofrecer\u00e1n material de calidad y herramientas de manejo para los pobladores y productores; (d) el estudio de las t\u00e9cnicas de procesamiento pos cosecha y el agregado de valor en el desarrollo de productos comerciales, fortalecer\u00e1n la comercializaci\u00f3n y la seguridad de los consumidores; (e) los estudios sobre biodiversidad vegetal en parcelas de clausura aportar\u00e1n datos sobre manejo de espacios naturalizados a escala de jardines con fines de conservaci\u00f3n y valorizaci\u00f3n paisaj\u00edstica. Nos proponemos aportar al conocimiento de los PFNM en aspectos multidimensionales asociados al valor que tienen para las comunidades, sus usos, los aspectos ecol\u00f3gicos y de conservaci\u00f3n y la factibilidad de cultivo y comercializaci\u00f3n. Promovemos el uso m\u00faltiple del monte y la valoraci\u00f3n de los bienes y servicios que aportan los ecosistemas desde sus componentes sociales, econ\u00f3micos, culturales y pol\u00edticos, necesaria para el desarrollo de protocolos, planes y leyes que garanticen la sustentabilidad.<\/p>\n\n\n\n<hr class=\"wp-block-separator alignwide has-text-color has-luminous-vivid-amber-color has-alpha-channel-opacity has-luminous-vivid-amber-background-color has-background is-style-wide\"\/>\n\n\n\n<div class=\"wp-block-columns is-layout-flex wp-container-core-columns-is-layout-e0e4babd wp-block-columns-is-layout-flex\" style=\"padding-right:0;padding-left:0\">\n<div class=\"wp-block-column is-layout-flow wp-block-column-is-layout-flow\" style=\"flex-basis:90%\">\n<p><strong>&#8211; PROIPRO 11-0423 &#8220;An\u00e1lisis de las organizaciones tur\u00edsticas de la Villa de Merlo &#8211; Argentina, desde la perspectiva del modelo de vectores de innovaci\u00f3n sustentable&#8221;<\/strong><\/p>\n\n\n\n<p>Director: &nbsp;&nbsp;&nbsp; Carlos Ariel Barreto Ortega<\/p>\n\n\n\n<p>Co-Director: &nbsp;&nbsp;&nbsp; M\u00f3nica del Valle Torrez<\/p>\n\n\n\n<p>Contacto: &nbsp;&nbsp;&nbsp;&nbsp;<a href=\"mailto:barreto.ariel2@gmail.com\">barreto.ariel2@gmail.com<\/a><\/p>\n<\/div>\n\n\n\n<div class=\"wp-block-column is-layout-flow wp-block-column-is-layout-flow\" style=\"flex-basis:10%\"><\/div>\n<\/div>\n\n\n\n<p><strong>Resumen<\/strong><br>El presente proyecto busca analizar a las organizaciones tur\u00edsticas de la Villa de Merlo &#8211; Argentina desde la perspectiva del modelo de vectores de innovaci\u00f3n sustentable. Esta perspectiva resulta ser una v\u00eda para generar organizaciones tur\u00edsticas inteligentes. La Ciudad de Villa de Merlo, tiene potencialidad para desarrollar organizaciones inteligentes. Para ello, se demanda que todos los actores involucrados en los diversos sistemas que la integran, adopten pr\u00e1cticas innovadoras y sustentables que cumplan con dicho prop\u00f3sito. Otras ciudades en Latinoam\u00e9rica, tal el caso de Ciudad de Puebla, M\u00e9xico, est\u00e1 adoptando pr\u00e1cticas desde el enfoque de vectores de innovaci\u00f3n sustentable; por lo que resulta importante identificar las acciones que en materia de sustentabilidad intervienen en ese modelo de gesti\u00f3n. De manera espec\u00edfica, es impostergable estudiar una de las partes que aportan al desarrollo econ\u00f3mico, social y ambiental en estos destinos: las organizaciones tur\u00edsticas. Por tal motivo se pretende realizar un estudio mixto con un dise\u00f1o de investigaci\u00f3n concurrente que permita explicar los vectores de la innovaci\u00f3n sustentable para la generaci\u00f3n de un modelo organizacional capaz de gestionar inteligentemente el aprendizaje, conocimiento, tecnolog\u00eda y talento dentro del sector tur\u00edstico.<\/p>\n\n\n\n<hr class=\"wp-block-separator alignwide has-text-color has-luminous-vivid-amber-color has-alpha-channel-opacity has-luminous-vivid-amber-background-color has-background is-style-wide\"\/>\n\n\n\n<div class=\"wp-block-columns is-layout-flex wp-container-core-columns-is-layout-e0e4babd wp-block-columns-is-layout-flex\" style=\"padding-right:0;padding-left:0\">\n<div class=\"wp-block-column is-layout-flow wp-block-column-is-layout-flow\" style=\"flex-basis:66.66%\">\n<p><strong>&#8211; PROIPRO 11-0523 &#8220;Gamificaci\u00f3n y serious game en situaciones de la vida universitaria&#8221;<\/strong><\/p>\n\n\n\n<p>Director: &nbsp;&nbsp;&nbsp; Marcela Mar\u00eda De Luca<\/p>\n\n\n\n<p>Co-Director: &nbsp;&nbsp;&nbsp; Agustina Generoso<\/p>\n\n\n\n<p>Contacto: &nbsp;&nbsp;&nbsp;&nbsp;<a href=\"mailto:mdeluca@email.unsl.edu.ar\">mdeluca@email.unsl.edu.ar<\/a><\/p>\n<\/div>\n\n\n\n<div class=\"wp-block-column is-layout-flow wp-block-column-is-layout-flow\" style=\"flex-basis:33.33%\">\n<figure class=\"wp-block-image size-full\"><img loading=\"lazy\" decoding=\"async\" width=\"406\" height=\"250\" src=\"http:\/\/ftuvz.unsl.edu.ar\/wp-content\/uploads\/2025\/10\/Proipro-11-0523.png\" alt=\"\" class=\"wp-image-1551\" srcset=\"http:\/\/ftuvz.unsl.edu.ar\/wp-content\/uploads\/2025\/10\/Proipro-11-0523.png 406w, http:\/\/ftuvz.unsl.edu.ar\/wp-content\/uploads\/2025\/10\/Proipro-11-0523-300x185.png 300w\" sizes=\"auto, (max-width: 406px) 100vw, 406px\" \/><\/figure>\n<\/div>\n<\/div>\n\n\n\n<p><strong>Resumen<\/strong><br>Luego de explorar durante dos a\u00f1os sobre la gamificaci\u00f3n y su aplicaci\u00f3n en diferentes actividades educativas, entendemos que la gamificaci\u00f3n utilizada en el contexto educativo es una excelente herramienta motivadora que potencia el aprendizaje. Utilizando esta t\u00e9cnica conseguimos generar inter\u00e9s, curiosidad, incentivar al estudiante a evaluar sus conocimientos, a aprender de sus errores, perder el miedo y sobre todo estimular la motivaci\u00f3n ante el estudio.<br>Nuestro objetivo es indagar en situaciones comunes que atraviesan los estudiantes y mediante la t\u00e9cnica de gamificaci\u00f3n crear un prototipo de juego bas\u00e1ndonos en el concepto de engagement educativo. Seg\u00fan Escalante (2022) el engagement es un compromiso estudiantil, que se puede trabajar en m\u00faltiples dimensiones, desde la capacidad acad\u00e9mica del estudiante hasta la interacci\u00f3n durante las clases o en experiencias extra curriculares en el campus. Lo podr\u00edamos definir como la sensaci\u00f3n de bienestar del alumnado durante el proceso formativo.<br>Algunas preguntas que surgen son: \u00bfPodemos salvar o disminuir las frustraciones o situaciones de estr\u00e9s mediante la aplicaci\u00f3n de un juego? \u00bfPodremos mejorar la inserci\u00f3n y la interacci\u00f3n en lo que denominamos vida universitaria? Para lograr cumplir nuestro prop\u00f3sito planeamos la elaboraci\u00f3n de un modelo de juego de tipo serious game que contemple diferentes situaciones, misiones y desaf\u00edos a resolver, con sus respectivos feedback, premios y recompensas donde se descubran consejos, recomendaciones y reflexiones; para finalmente comprobar y valorar qu\u00e9 beneficios, si los hay, puede aportar \u201cel juego\u201d en la carrera universitaria de los estudiantes.<\/p>\n\n\n\n<hr class=\"wp-block-separator alignwide has-text-color has-luminous-vivid-amber-color has-alpha-channel-opacity has-luminous-vivid-amber-background-color has-background is-style-wide\"\/>\n\n\n\n<div class=\"wp-block-columns is-layout-flex wp-container-core-columns-is-layout-e0e4babd wp-block-columns-is-layout-flex\" style=\"padding-right:0;padding-left:0\">\n<div class=\"wp-block-column is-layout-flow wp-block-column-is-layout-flow\" style=\"flex-basis:90%\">\n<p><strong>&#8211; PROIPRO 11-0623 &#8220;Evaluaci\u00f3n del comportamiento agron\u00f3mico, caracterizaci\u00f3n y selecci\u00f3n de variedades de L\u00fapulo (Humulus lupulus L.) en el paralelo 32&#8221;<\/strong><\/p>\n\n\n\n<p>Director: &nbsp;&nbsp;&nbsp; Sonia Fabiana Oca\u00f1o<\/p>\n\n\n\n<p>Co-Director: &nbsp;&nbsp;&nbsp; Andrea Denegri<\/p>\n\n\n\n<p>Contacto: &nbsp;&nbsp;&nbsp;<\/p>\n<\/div>\n\n\n\n<div class=\"wp-block-column is-layout-flow wp-block-column-is-layout-flow\" style=\"flex-basis:10%\"><\/div>\n<\/div>\n\n\n\n<hr class=\"wp-block-separator alignwide has-text-color has-luminous-vivid-amber-color has-alpha-channel-opacity has-luminous-vivid-amber-background-color has-background is-style-wide\"\/>\n\n\n\n<div class=\"wp-block-columns is-layout-flex wp-container-core-columns-is-layout-e0e4babd wp-block-columns-is-layout-flex\" style=\"padding-right:0;padding-left:0\">\n<div class=\"wp-block-column is-layout-flow wp-block-column-is-layout-flow\" style=\"flex-basis:66.66%\">\n<p><strong>&#8211; PROIPRO 11-0723 &#8220;El derecho a la ciudad en la Villa de Merlo. Accesibilidad en los servicios tur\u00edsticos&#8221;<\/strong><\/p>\n\n\n\n<p>Director: &nbsp;&nbsp;&nbsp; A\u00edda Alba Spinosa Casta\u00f1o<\/p>\n\n\n\n<p>Co-Director: &nbsp;&nbsp;&nbsp; Julio Francisco Leiva<\/p>\n\n\n\n<p>Contacto: &nbsp;&nbsp;&nbsp;&nbsp;<a href=\"mailto:aspinosa@email.unsl.edu.ar\">aspinosa@email.unsl.edu.ar<\/a><\/p>\n<\/div>\n\n\n\n<div class=\"wp-block-column is-layout-flow wp-block-column-is-layout-flow\" style=\"flex-basis:33.33%\">\n<figure class=\"wp-block-image size-full\"><img loading=\"lazy\" decoding=\"async\" width=\"423\" height=\"250\" src=\"http:\/\/ftuvz.unsl.edu.ar\/wp-content\/uploads\/2025\/10\/Proipro-11-0723.jpg\" alt=\"\" class=\"wp-image-1557\" srcset=\"http:\/\/ftuvz.unsl.edu.ar\/wp-content\/uploads\/2025\/10\/Proipro-11-0723.jpg 423w, http:\/\/ftuvz.unsl.edu.ar\/wp-content\/uploads\/2025\/10\/Proipro-11-0723-300x177.jpg 300w\" sizes=\"auto, (max-width: 423px) 100vw, 423px\" \/><\/figure>\n<\/div>\n<\/div>\n\n\n\n<p><strong>Resumen<\/strong><br>La Villa de Merlo brinda posibilidades de acceso a la vivienda, no invadido ni contaminado, seguro y no violento, ambiente propicio para la construcci\u00f3n del derecho a la ciudad. El Derecho a la Ciudad, interpreta Harvey (2008), supone el derecho a usar lo que ya existe en los espacios urbanos y tambi\u00e9n definir y crear lo que deber\u00eda existir con el fin de satisfacer la necesidad humana de llevar una vida digna en los ambientes urbanos.<br>Este trabajo busca, desde el enfoque del desarrollo humano conocer el estado del Derecho a la Ciudad, desde la dimensi\u00f3n de Accesibilidad Urbana, en los servicios tur\u00edsticos ofrecidos en la Villa de Merlo. Para esto ser\u00e1 necesario identificar los actores sociales que intervienen en los Servicios Tur\u00edsticos, durante el a\u00f1o 2023 y las acciones municipales sobre accesibilidad ante la Promoci\u00f3n de Merlo como destino tendiente a ofrecer turismo accesible.<br>El alcance del trabajo tendr\u00e1 como eje la accesibilidad urbana, en sus dimensiones arquitect\u00f3nicas y sensoriales, focalizando en los servicios tur\u00edsticos ofrecidos en el casco c\u00e9ntrico y avenidas principales de la ciudad. La metodolog\u00eda es de tipo Exploratoria-Descriptiva con enfoque cuali-cuantitativo. An\u00e1lisis de datos primarios, obtenidos a partir de la Etnograf\u00eda. Las t\u00e9cnicas de recolecci\u00f3n aplicadas son Observaci\u00f3n, entrevistas y encuestas.<\/p>\n","protected":false},"excerpt":{"rendered":"<p>&#8211; PROICO 11-0123 &#8220;Elaboraci\u00f3n del cat\u00e1logo de paisaje de la Villa de Merlo, San Luis&#8221; Director: &nbsp;&nbsp;&nbsp; M\u00f3nica Liliana Cresmani [&hellip;]<\/p>\n","protected":false},"author":1,"featured_media":0,"parent":0,"menu_order":0,"comment_status":"closed","ping_status":"closed","template":"","meta":{"site-sidebar-layout":"default","site-content-layout":"","ast-site-content-layout":"default","site-content-style":"default","site-sidebar-style":"default","ast-global-header-display":"","ast-banner-title-visibility":"","ast-main-header-display":"","ast-hfb-above-header-display":"","ast-hfb-below-header-display":"","ast-hfb-mobile-header-display":"","site-post-title":"","ast-breadcrumbs-content":"","ast-featured-img":"","footer-sml-layout":"","theme-transparent-header-meta":"","adv-header-id-meta":"","stick-header-meta":"","header-above-stick-meta":"","header-main-stick-meta":"","header-below-stick-meta":"","astra-migrate-meta-layouts":"default","ast-page-background-enabled":"default","ast-page-background-meta":{"desktop":{"background-color":"var(--ast-global-color-5)","background-image":"","background-repeat":"repeat","background-position":"center center","background-size":"auto","background-attachment":"scroll","background-type":"","background-media":"","overlay-type":"","overlay-color":"","overlay-opacity":"","overlay-gradient":""},"tablet":{"background-color":"","background-image":"","background-repeat":"repeat","background-position":"center center","background-size":"auto","background-attachment":"scroll","background-type":"","background-media":"","overlay-type":"","overlay-color":"","overlay-opacity":"","overlay-gradient":""},"mobile":{"background-color":"","background-image":"","background-repeat":"repeat","background-position":"center center","background-size":"auto","background-attachment":"scroll","background-type":"","background-media":"","overlay-type":"","overlay-color":"","overlay-opacity":"","overlay-gradient":""}},"ast-content-background-meta":{"desktop":{"background-color":"var(--ast-global-color-4)","background-image":"","background-repeat":"repeat","background-position":"center center","background-size":"auto","background-attachment":"scroll","background-type":"","background-media":"","overlay-type":"","overlay-color":"","overlay-opacity":"","overlay-gradient":""},"tablet":{"background-color":"var(--ast-global-color-4)","background-image":"","background-repeat":"repeat","background-position":"center center","background-size":"auto","background-attachment":"scroll","background-type":"","background-media":"","overlay-type":"","overlay-color":"","overlay-opacity":"","overlay-gradient":""},"mobile":{"background-color":"var(--ast-global-color-4)","background-image":"","background-repeat":"repeat","background-position":"center center","background-size":"auto","background-attachment":"scroll","background-type":"","background-media":"","overlay-type":"","overlay-color":"","overlay-opacity":"","overlay-gradient":""}},"footnotes":"","_links_to":"","_links_to_target":""},"class_list":["post-1545","page","type-page","status-publish","hentry"],"rttpg_featured_image_url":null,"rttpg_author":{"display_name":"ftu","author_link":"http:\/\/ftuvz.unsl.edu.ar\/index.php\/author\/ftu\/"},"rttpg_comment":0,"rttpg_category":null,"rttpg_excerpt":"&#8211; PROICO 11-0123 &#8220;Elaboraci\u00f3n del cat\u00e1logo de paisaje de la Villa de Merlo, San Luis&#8221; Director: &nbsp;&nbsp;&nbsp; M\u00f3nica Liliana Cresmani [&hellip;]","_links":{"self":[{"href":"http:\/\/ftuvz.unsl.edu.ar\/index.php\/wp-json\/wp\/v2\/pages\/1545","targetHints":{"allow":["GET"]}}],"collection":[{"href":"http:\/\/ftuvz.unsl.edu.ar\/index.php\/wp-json\/wp\/v2\/pages"}],"about":[{"href":"http:\/\/ftuvz.unsl.edu.ar\/index.php\/wp-json\/wp\/v2\/types\/page"}],"author":[{"embeddable":true,"href":"http:\/\/ftuvz.unsl.edu.ar\/index.php\/wp-json\/wp\/v2\/users\/1"}],"replies":[{"embeddable":true,"href":"http:\/\/ftuvz.unsl.edu.ar\/index.php\/wp-json\/wp\/v2\/comments?post=1545"}],"version-history":[{"count":10,"href":"http:\/\/ftuvz.unsl.edu.ar\/index.php\/wp-json\/wp\/v2\/pages\/1545\/revisions"}],"predecessor-version":[{"id":1558,"href":"http:\/\/ftuvz.unsl.edu.ar\/index.php\/wp-json\/wp\/v2\/pages\/1545\/revisions\/1558"}],"wp:attachment":[{"href":"http:\/\/ftuvz.unsl.edu.ar\/index.php\/wp-json\/wp\/v2\/media?parent=1545"}],"curies":[{"name":"wp","href":"https:\/\/api.w.org\/{rel}","templated":true}]}}