{"id":1515,"date":"2025-10-02T09:23:22","date_gmt":"2025-10-02T12:23:22","guid":{"rendered":"http:\/\/ftuvz.unsl.edu.ar\/?page_id=1515"},"modified":"2026-04-01T07:28:21","modified_gmt":"2026-04-01T10:28:21","slug":"inscripcion-de-aspirantes-de-la-ftu","status":"publish","type":"page","link":"http:\/\/ftuvz.unsl.edu.ar\/index.php\/inscripcion-de-aspirantes-de-la-ftu\/","title":{"rendered":"Inscripci\u00f3n de aspirantes para cubrir cargos docentes"},"content":{"rendered":"\n<p>&#8211; Llamar a inscripci\u00f3n de aspirantes para cubrir UN (1) cargo de <strong>PROFESOR ADJUNTO, dedicaci\u00f3n EXCLUSIVA, car\u00e1cter SUPLENTE<\/strong>, con destino al \u00c1rea de Formaci\u00f3n General del Departamento de Turismo, con temas relativos a la <strong>asignatura INGL\u00c9S II <\/strong> de la carrera Tecnicatura Universitaria en Gesti\u00f3n Hotelera. (<a href=\"https:\/\/notif-vz.unsl.edu.ar\/uploads\/158641\/RD_49-26.pdf\">Res.D. 49\/26<\/a>)<\/p>\n\n\n\n<p>Declarar abierta la inscripci\u00f3n, por el t\u00e9rmino de DIEZ (3) d\u00edas h\u00e1biles, <strong>desde el 10 de abril de 2026 y hasta el 14 de abril de 2026<\/strong>. Dicha inscripci\u00f3n se recepcionar\u00e1 a trav\u00e9s del correo electr\u00f3nico del Departamento de Mesa de Entradas de esta Facultad, <a href=\"mailto:ftu.mesadeentrada@gmail.com\">ftu.mesadeentrada@gmail.com<\/a>, o de manera presencial en formato PDF en un dispositivo de almacenamiento externo, en Avda. del Libertador San Mart\u00edn N\u00ba 721 \u2013 Villa de Merlo, en el horario de 8.00 a 12.00hs.<\/p>\n\n\n\n<p>Descargar formulario de Inscripci\u00f3n  <a href=\"http:\/\/ftuvz.unsl.edu.ar\/wp-content\/uploads\/Formularios\/FTU-Formulario-Inscripcion-Aspirante-Interino-y-suplente.pdf\"><img loading=\"lazy\" decoding=\"async\" width=\"25\" height=\"25\" class=\"wp-image-5926\" style=\"width: 25px;\" src=\"http:\/\/ftuvz.unsl.edu.ar\/wp-content\/uploads\/2026\/03\/pdf.gif\" alt=\"\"><\/a><\/p>\n\n\n\n<hr class=\"wp-block-separator has-alpha-channel-opacity is-style-wide\"\/>\n\n\n\n<p>&#8211; Llamar a inscripci\u00f3n de aspirantes para cubrir UN (1) cargo de <strong>PROFESOR ADJUNTO, dedicaci\u00f3n SEMIEXCLUSIVA, car\u00e1cter INTERINO<\/strong>, con destino al \u00c1rea de Formaci\u00f3n General del Departamento de Turismo, con temas relativos a la <strong>asignatura INGL\u00c9S II <\/strong> de la carrera Licenciatura en Turismo. (<a href=\"https:\/\/notif-vz.unsl.edu.ar\/uploads\/158524\/RD_50-26.pdf\">Res.D. 50\/26<\/a>)<\/p>\n\n\n\n<p>Declarar abierta la inscripci\u00f3n, por el t\u00e9rmino de DIEZ (3) d\u00edas h\u00e1biles, <strong>desde el 1 de abril de 2026 y hasta el 7 de abril de 2026<\/strong>. Dicha inscripci\u00f3n se recepcionar\u00e1 a trav\u00e9s del correo electr\u00f3nico del Departamento de Mesa de Entradas de esta Facultad, <a href=\"mailto:ftu.mesadeentrada@gmail.com\">ftu.mesadeentrada@gmail.com<\/a>, o de manera presencial en formato PDF en un dispositivo de almacenamiento externo, en Avda. del Libertador San Mart\u00edn N\u00ba 721 \u2013 Villa de Merlo, en el horario de 8.00 a 12.00hs.<\/p>\n\n\n\n<p>Descargar formulario de inscripci\u00f3n  <a href=\"http:\/\/ftuvz.unsl.edu.ar\/wp-content\/uploads\/Formularios\/FTU-Formulario-Inscripcion-Aspirante-Interino-y-suplente.pdf\"><img loading=\"lazy\" decoding=\"async\" width=\"25\" height=\"25\" class=\"wp-image-5926\" style=\"width: 25px;\" src=\"http:\/\/ftuvz.unsl.edu.ar\/wp-content\/uploads\/2026\/03\/pdf.gif\" alt=\"\"><\/a><\/p>\n\n\n\n<hr class=\"wp-block-separator has-alpha-channel-opacity is-style-wide\"\/>\n\n\n\n<p>&#8211; Llamar a inscripci\u00f3n de aspirantes para cubrir UN (1) cargo de <strong>JEFE DE TRABAJOS PR\u00c1CTICOS, dedicaci\u00f3n SEMIEXCLUSIVA, car\u00e1cter EFECTIVO<\/strong>, con destino al \u00c1rea de Desarrollo Urbano y Regional del Departamento de Turismo, con temas relativos a la <strong>asignatura T\u00c9CNICAS DE RELEVAMIENTO TOPOGR\u00c1FICO Y CATASTRO<\/strong> de la carrera Licenciatura en Gesti\u00f3n para el Desarrollo Urbano y Regional. (<a href=\"https:\/\/notif-vz.unsl.edu.ar\/uploads\/157906\/RCD_14-2026.pdf\">RCD 14\/2026<\/a>) <\/p>\n\n\n\n<p>Declarar abierta la inscripci\u00f3n, por el t\u00e9rmino de DIEZ (10) d\u00edas h\u00e1biles, <strong>desde el 18 de marzo de 2026 y hasta el 6 de abril de 2026<\/strong>. Dicha inscripci\u00f3n se recepcionar\u00e1 a trav\u00e9s del correo electr\u00f3nico del Departamento de Mesa de Entradas de esta Facultad, <a href=\"mailto:ftu.mesadeentrada@gmail.com\">ftu.mesadeentrada@gmail.com<\/a>, o de manera presencial en formato PDF en un dispositivo de almacenamiento externo, en Avda. del Libertador San Mart\u00edn N\u00ba 721 \u2013 Villa de Merlo, en el horario de 8.00 a 12.00hs.<\/p>\n\n\n\n<p>Descargar formulario de inscripci\u00f3n  <a href=\"http:\/\/ftuvz.unsl.edu.ar\/wp-content\/uploads\/Formularios\/FTU-Formulario-Inscripcion-Concurso-Efectivo.pdf\"><img loading=\"lazy\" decoding=\"async\" width=\"25\" height=\"25\" class=\"wp-image-5926\" style=\"width: 25px;\" src=\"http:\/\/ftuvz.unsl.edu.ar\/wp-content\/uploads\/2026\/03\/pdf.gif\" alt=\"\"><\/a><\/p>\n\n\n\n<hr class=\"wp-block-separator has-alpha-channel-opacity is-style-wide\"\/>\n\n\n\n<p>&#8211; Llamar a inscripci\u00f3n de aspirantes para el concurso p\u00fablico y abierto de UN (1) cargo de <strong>PROFESOR ADJUNTO, dedicaci\u00f3n EXCLUSIVA, car\u00e1cter EFECTIVO<\/strong> con destino al \u00c1rea de Formaci\u00f3n B\u00e1sica del Departamento de Arom\u00e1ticas y Jardiner\u00eda, con temas relativos a la <strong>asignatura FISIOLOG\u00cdA VEGETAL<\/strong> de la Carrera Tecnicatura Universitaria en Producci\u00f3n de Plantas Arom\u00e1ticas, seg\u00fan lo establecido por la OCS N\u00b015\/1997. (<a href=\"https:\/\/notif-vz.unsl.edu.ar\/uploads\/157408\/RD_44-2026.pdf\">Res.D. 44\/26<\/a>)<\/p>\n\n\n\n<p>Declarar abierta la inscripci\u00f3n por el t\u00e9rmino de TREINTA (30) d\u00edas h\u00e1biles administrativos, <strong>desde el d\u00eda 25 de marzo hasta el d\u00eda 8 de mayo de 2026<\/strong>. Dicha inscripci\u00f3n se recepcionar\u00e1 a trav\u00e9s del correo electr\u00f3nico del Departamento de Mesa de Entradas de esta Facultad, <a href=\"mailto:ftu.mesadeentrada@gmail.com\">ftu.mesadeentrada@gmail.com<\/a>, o de manera presencial en formato PDF en un dispositivo de almacenamiento externo, en Avda. del Libertador San Mart\u00edn N\u00ba 721 \u2013 Villa de Merlo, en el horario de 8.00 a 12.00hs<\/p>\n\n\n\n<p>Descargar formulario de inscripci\u00f3n  <a href=\"http:\/\/ftuvz.unsl.edu.ar\/wp-content\/uploads\/Formularios\/FTU-Formulario-Inscripcion-Concurso-Efectivo.pdf\"><img loading=\"lazy\" decoding=\"async\" width=\"25\" height=\"25\" class=\"wp-image-5926\" style=\"width: 25px;\" src=\"http:\/\/ftuvz.unsl.edu.ar\/wp-content\/uploads\/2026\/03\/pdf.gif\" alt=\"\"><\/a><\/p>\n\n\n\n<hr class=\"wp-block-separator alignwide has-text-color has-luminous-vivid-amber-color has-alpha-channel-opacity has-luminous-vivid-amber-background-color has-background is-style-wide\"\/>\n\n\n\n<p><strong>Consultas<\/strong><br>E-mail:&nbsp;<a href=\"mailto:ftu.concursos@gmail.com\">ftu.concursos@gmail.com<\/a>&nbsp;&#8211; Tel. +54-02656-470316<br>Edif. Administrativo: Av. del Libertador San Mart\u00edn 721 (esq. Gob. Rufino Lucero) -Barranca Colorada- (D5881DFN) Villa de Merlo &#8211; San Luis &#8211; Argentina<\/p>\n\n\n\n<h4 class=\"wp-block-heading\"><strong>Consideraciones generales<\/strong><\/h4>\n\n\n\n<p><strong>Para una mejor atenci\u00f3n, se solicita a los aspirantes, presentar la documentaci\u00f3n con suficiente antelaci\u00f3n.<\/strong><\/p>\n\n\n\n<p><strong>&#8211; Normativa Concursos &#8211;<\/strong><\/p>\n\n\n\n<div class=\"wp-block-columns is-layout-flex wp-container-core-columns-is-layout-53859560 wp-block-columns-is-layout-flex\" style=\"padding-top:0;padding-right:var(--wp--preset--spacing--50);padding-bottom:0;padding-left:var(--wp--preset--spacing--50)\">\n<div class=\"wp-block-column is-layout-flow wp-block-column-is-layout-flow\" style=\"flex-basis:50%\">\n<p><strong>O.C.S. 15\/97<\/strong>&nbsp;(11\/07\/1997) &#8211; R\u00e9gimen Carrera Docente UNSL<\/p>\n<\/div>\n\n\n\n<div class=\"wp-block-column is-layout-flow wp-block-column-is-layout-flow\" style=\"flex-basis:10%\">\n<figure class=\"wp-block-image size-full\"><a href=\"\/wp-content\/uploads\/Normativa\/OCS-15-97-Reglamento-de-regimen-de-carrera-docente-Completo.pdf\"><img loading=\"lazy\" decoding=\"async\" width=\"25\" height=\"25\" src=\"http:\/\/ftuvz.unsl.edu.ar\/wp-content\/uploads\/2025\/09\/pdf.gif\" alt=\"\" class=\"wp-image-486\"\/><\/a><\/figure>\n<\/div>\n<\/div>\n\n\n\n<div class=\"wp-block-columns is-layout-flex wp-container-core-columns-is-layout-53859560 wp-block-columns-is-layout-flex\" style=\"padding-top:0;padding-right:var(--wp--preset--spacing--50);padding-bottom:0;padding-left:var(--wp--preset--spacing--50)\">\n<div class=\"wp-block-column is-layout-flow wp-block-column-is-layout-flow\" style=\"flex-basis:90%\">\n<p><strong>O.C.S. 13\/2023<\/strong>&nbsp;(10\/03\/2023) &#8211; Procedimiento de cobertura de vacantes docentes universitarios de las Facultades de la UNSL.&nbsp;<\/p>\n<\/div>\n\n\n\n<div class=\"wp-block-column is-layout-flow wp-block-column-is-layout-flow\" style=\"flex-basis:10%\">\n<figure class=\"wp-block-image size-full\"><a href=\"https:\/\/notif-vz.unsl.edu.ar\/uploads\/130022\/OCS_13-23_-_COBERTURA_DE_VACANTE_DOC.pdf\"><img loading=\"lazy\" decoding=\"async\" width=\"25\" height=\"25\" src=\"http:\/\/ftuvz.unsl.edu.ar\/wp-content\/uploads\/2025\/09\/pdf.gif\" alt=\"\" class=\"wp-image-486\"\/><\/a><\/figure>\n<\/div>\n<\/div>\n\n\n\n<div class=\"wp-block-columns is-layout-flex wp-container-core-columns-is-layout-53859560 wp-block-columns-is-layout-flex\" style=\"padding-top:0;padding-right:var(--wp--preset--spacing--50);padding-bottom:0;padding-left:var(--wp--preset--spacing--50)\">\n<div class=\"wp-block-column is-layout-flow wp-block-column-is-layout-flow\" style=\"flex-basis:90%\">\n<p><strong>O.C.S. 61\/23<\/strong>&nbsp;(28\/12\/2023) &#8211; Reglamento de Expediente Electr\u00f3nico en todo el \u00e1mbito de la Universidad Nacional de San Luis &nbsp;<\/p>\n<\/div>\n\n\n\n<div class=\"wp-block-column is-layout-flow wp-block-column-is-layout-flow\" style=\"flex-basis:10%\">\n<figure class=\"wp-block-image size-full\"><a href=\"\/wp-content\/uploads\/Normativa\/OCS-61-23-Reglamento-Expediente-Electronico.pdf\"><img loading=\"lazy\" decoding=\"async\" width=\"25\" height=\"25\" src=\"http:\/\/ftuvz.unsl.edu.ar\/wp-content\/uploads\/2025\/09\/pdf.gif\" alt=\"\" class=\"wp-image-486\"\/><\/a><\/figure>\n<\/div>\n<\/div>\n\n\n\n<div class=\"wp-block-columns is-layout-flex wp-container-core-columns-is-layout-53859560 wp-block-columns-is-layout-flex\" style=\"padding-top:0;padding-right:var(--wp--preset--spacing--50);padding-bottom:0;padding-left:var(--wp--preset--spacing--50)\">\n<div class=\"wp-block-column is-layout-flow wp-block-column-is-layout-flow\" style=\"flex-basis:90%\">\n<p><strong>O.R. 6\/21&nbsp;<\/strong>(22\/06\/2021) &#8211; Implementa el uso de la Aplicacion&nbsp;<em>&#8220;Notificaciones Electronicas UNSL&#8221;<\/em>&nbsp;en la UNSL<\/p>\n<\/div>\n\n\n\n<div class=\"wp-block-column is-layout-flow wp-block-column-is-layout-flow\" style=\"flex-basis:10%\">\n<figure class=\"wp-block-image size-full\"><a href=\"http:\/\/digesto.unsl.edu.ar\/docs\/202106\/20210623084920_6322.pdf\"><img loading=\"lazy\" decoding=\"async\" width=\"25\" height=\"25\" src=\"http:\/\/ftuvz.unsl.edu.ar\/wp-content\/uploads\/2025\/09\/pdf.gif\" alt=\"\" class=\"wp-image-486\"\/><\/a><\/figure>\n<\/div>\n<\/div>\n\n\n\n<p><\/p>\n\n\n\n<p><strong>&#8211; Notificaciones &#8211;<\/strong><\/p>\n\n\n\n<p>El postulante RECIBIR\u00c1, a trav\u00e9s de la aplicaci\u00f3n&nbsp;<em>\u201cNotificaciones Electr\u00f3nicas UNSL\u201d<\/em>&nbsp;(O.R. N\u00ba 6\/2021), la notificaci\u00f3n de cada una de las instancias del tr\u00e1mite o comunicaciones pertinentes.<br>Para poder recibirlas de manera correcta, deber\u00e1 completar el formulario online (DDJJ) dirigi\u00e9ndose a&nbsp;<a href=\"https:\/\/forms.gle\/xYUjRK437fqu8CQM9\">este link<\/a>&nbsp;o escaneando el c\u00f3digo QR.<\/p>\n\n\n\n<figure class=\"wp-block-image aligncenter size-full\"><img loading=\"lazy\" decoding=\"async\" width=\"200\" height=\"200\" src=\"http:\/\/ftuvz.unsl.edu.ar\/wp-content\/uploads\/2025\/10\/QR-Formulario-Notificaciones-200.png\" alt=\"\" class=\"wp-image-1530\" srcset=\"http:\/\/ftuvz.unsl.edu.ar\/wp-content\/uploads\/2025\/10\/QR-Formulario-Notificaciones-200.png 200w, http:\/\/ftuvz.unsl.edu.ar\/wp-content\/uploads\/2025\/10\/QR-Formulario-Notificaciones-200-150x150.png 150w\" sizes=\"auto, (max-width: 200px) 100vw, 200px\" \/><\/figure>\n\n\n\n<p>Cumplimentado el paso anterior, recibir\u00e1 en el&nbsp;<strong>correo electr\u00f3nico declarado<\/strong>, los pasos detallados para instalar la App en su dispositivo m\u00f3vil y el Link Instalador.<\/p>\n\n\n\n<p><strong>&#8211; Inscripciones &#8211;<\/strong><\/p>\n\n\n\n<p>La inscripci\u00f3n a concursos se realiza a trav\u00e9s del correo electr\u00f3nico del Departamento de Mesa de Entradas de la Facultad de Turismo y Urbanismo&nbsp;<a href=\"mailto:ftu.mesadeentrada@gmail.com\">ftu.mesadeentrada@gmail.com<\/a>, hasta las 12hs, en el plazo establecido por resoluci\u00f3n del llamado.<br>Ante la imposibilidad de su remisi\u00f3n por correo electr\u00f3nico, el o los archivos correspondientes ser\u00e1n presentados en formato PDF en un dispositivo de almacenamiento externo.<\/p>\n\n\n\n<p>El postulante,&nbsp;por cada concurso al que se presente, deber\u00e1 presentar:<\/p>\n\n\n\n<p>A)-&nbsp;<strong>1 (un) Archivo PDF con la Solicitud de Inscripci\u00f3n<\/strong>&nbsp;(escrita a m\u00e1quina o con letra legible y deber\u00e1 tener la firma del Postulante).<\/p>\n\n\n\n<p>B)-&nbsp;<strong>1 (un) Archivo PDF con el Curriculum Vitae<\/strong>&nbsp;con el siguiente formato:<br>-. Tama\u00f1o de papel: hoja A4<br>-. M\u00e1rgenes: superior: 5cm, inferior: 2cm, izquierdo: 4cm, derecho: 2cm.<br>-. Fuente: Times New Roman; tama\u00f1o 12, estilo: regular.<br>-. P\u00e1rrafo: alineaci\u00f3n: izquierda.<\/p>\n\n\n\n<p>C)-&nbsp;<strong>1 (un) Archivo PDF con \u00cdndice<\/strong>&nbsp;(detallando el orden de la documentaci\u00f3n presentada)&nbsp;<strong>y Probanzas<\/strong>.<\/p>\n\n\n\n<p><strong>Nota:<\/strong>&nbsp;Se deber\u00e1 presentar copia digitalizada de los originales de las probanzas.<br>En caso de ser requerido el postulante deber\u00e1 presentar las probanzas en formato papel, para lo cual contar\u00e1 con el plazo de 72hs. (no se podr\u00e1 agregar nueva documentaci\u00f3n a la ya presentada)<\/p>\n\n\n\n<p><strong>Restricciones para la presentaci\u00f3n de archivos en PDF:<\/strong><br>. Deber\u00e1n ser archivos no superiores a los 25 Megabytes.<br>. Archivos escaneados: deber\u00e1n estar en blanco y negro o escala de grises con resoluci\u00f3n media<\/p>\n\n\n\n<p><strong>\u00cdtems a consignar en el Curriculum Vitae seg\u00fan Ord.C.S.15\/97<\/strong><br><strong>A) Antecedentes sobre formaci\u00f3n del aspirante.<\/strong><br>&nbsp;&nbsp;&nbsp;1. T\u00edtulos universitarios obtenidos, con menci\u00f3n de la Facultad, Universidad y fecha en la que fue expedido.<br>&nbsp;&nbsp;&nbsp;2. Cursos categorizados como de posgrado, aprobados, consignando horas de duraci\u00f3n, tipo de evaluaci\u00f3n y a\u00f1o de cursado.<br>&nbsp;&nbsp;&nbsp;3. Otros cursos aprobados, a trav\u00e9s de distintas modalidades (seminarios, talleres, etc.), consignando horas de duraci\u00f3n, tipo de evaluaci\u00f3n y a\u00f1o de cursado.<br>&nbsp;&nbsp;&nbsp;4. Becas ganadas, indicando instituci\u00f3n que la otorg\u00f3, objeto de la misma y per\u00edodo en que fue becado.<br>&nbsp;&nbsp;&nbsp;5. Pasant\u00edas realizadas, indicando instituci\u00f3n en que la realiz\u00f3, tema y objeto de la misma, duraci\u00f3n y a\u00f1o.<\/p>\n\n\n\n<p><strong>B) Antecedentes docentes y de formaci\u00f3n de recursos humanos.<\/strong><br>&nbsp;&nbsp;&nbsp;1. Cargos desempe\u00f1ados en la actividad docente nacional, provincial o privada, indicando Instituci\u00f3n, per\u00edodo de ejercicio, naturaleza de la designaci\u00f3n, forma de acceso al mismo e \u00edndole de las tareas desarrolladas. En caso de existir calificaci\u00f3n por el desempe\u00f1o, deber\u00e1 consign\u00e1rsela.<br>&nbsp;&nbsp;&nbsp;2. Cursos dictados categorizados de posgrado, indicando categor\u00eda, funci\u00f3n cumplida en el mismo, duraci\u00f3n, a\u00f1o de dictado y lugar de desarrollo.<br>&nbsp;&nbsp;&nbsp;3. Otros cursos de capacitaci\u00f3n dictados, indicando funci\u00f3n cumplida en el mismo, duraci\u00f3n, a\u00f1o de dictado y lugar de desarrollo.<br>&nbsp;&nbsp;&nbsp;4. Documentos did\u00e1cticos originales elaborados. Si hay m\u00e1s de un autor, indicar la participaci\u00f3n que les cupo en los mismos.<br>&nbsp;&nbsp;&nbsp;5. Montaje de asignaturas y de cursos de capacitaci\u00f3n en general o posgrado. Se entiende por \u201cmontaje\u201d a la tarea de programaci\u00f3n de una asignatura o curso no desarrollado previamente.<br>&nbsp;&nbsp;&nbsp;6. Direcci\u00f3n, Co-Direcci\u00f3n y\/o asesoramiento de tesis de grado y posgrado. Si corresponde, indicar la participaci\u00f3n que le cupo en las mismas.<br>&nbsp;&nbsp;&nbsp;7. Direcci\u00f3n o Co-Direcci\u00f3n de pasant\u00edas.<br>&nbsp;&nbsp;&nbsp;8. Direcci\u00f3n o Co-Direcci\u00f3n de becarios.<\/p>\n\n\n\n<p><strong>C) Antecedentes sobre actividad y producci\u00f3n cient\u00edfica o tecnol\u00f3gica.<\/strong><br>&nbsp;&nbsp;&nbsp;1. Direcci\u00f3n, Co-Direcci\u00f3n y\/o participaci\u00f3n en investigaci\u00f3n, indicando: t\u00edtulo, instituciones que lo subsidiaron, funci\u00f3n desempe\u00f1ada, a\u00f1os de duraci\u00f3n y n\u00famero de personas asignadas al mismo.<br>&nbsp;&nbsp;&nbsp;2. Publicaciones. Se deber\u00e1 consignar: t\u00edtulo, autores, revista o editorial y a\u00f1o de publicaci\u00f3n. En los casos que existan m\u00e1s de un autor deber\u00e1 indicar la participaci\u00f3n que le cupo en las mismas. Del total de publicaciones, deber\u00e1 seleccionar hasta 3 (tres) y adjuntar copia\/s de ellas. En cada caso, se consignar\u00e1n las razones por las cuales el aspirante las considera relevantes.<br>&nbsp;&nbsp;&nbsp;3. Trabajo de tesis. Indicar tema, calificaci\u00f3n obtenida y publicaciones derivadas de la misma (si hubiese).<br>&nbsp;&nbsp;&nbsp;4. Trabajos de investigaci\u00f3n in\u00e9ditos. Deber\u00e1 presentarse un ejemplar firmado.<br>&nbsp;&nbsp;&nbsp;5. Participaci\u00f3n activa en congresos, seminarios, jornadas o acontecimientos cient\u00edficos similares.<br>&nbsp;&nbsp;&nbsp;6. Patentes obtenidas o en tr\u00e1mite.<\/p>\n\n\n\n<p><strong>D) Antecedentes sobre actividades de extensi\u00f3n (Art\u00edculo 30 Estatuto Universitario).<\/strong><br>&nbsp;&nbsp;&nbsp;1. Participaci\u00f3n, colaboraci\u00f3n o generaci\u00f3n de actividades que por su objeto y\/o logros promuevan el mejoramiento de la calidad de vida de la comunidad local, regional o nacional a la que pertenece la Universidad.<br>&nbsp;&nbsp;&nbsp;2. Actuaci\u00f3n en universidades, institutos nacionales, provinciales o privados registrados en el pa\u00eds o en el extranjero.<br>&nbsp;&nbsp;&nbsp;3. Organizaci\u00f3n de eventos cient\u00edficos.<br>&nbsp;&nbsp;&nbsp;4. Actividades realizadas por convenios interinstitucionales.<br>&nbsp;&nbsp;&nbsp;5. Actividades en equipos multi, inter e intradisciplinarios.<br>&nbsp;&nbsp;&nbsp;6. Organizaci\u00f3n o dictado de cursos y conferencias de divulgaci\u00f3n.<br>&nbsp;&nbsp;&nbsp;7. Todo tipo de servicio prestado ante una necesidad de la comunidad.<\/p>\n\n\n\n<p><strong>E) Antecedentes de gesti\u00f3n y gobierno universitario y no universitario.<\/strong><br>&nbsp;&nbsp;&nbsp;1. Cargos rentados o ad-honorem de gesti\u00f3n y gobierno institucional que desempe\u00f1a o haya desempe\u00f1ado, indicando: dependencia, funci\u00f3n, porcentaje de dedicaci\u00f3n y duraci\u00f3n del mismo.<br>&nbsp;&nbsp;&nbsp;2. Participaci\u00f3n en comisiones asesoras y de servicio, tareas o misiones de caracter universitario o afines, desempe\u00f1adas o actuales.<br>&nbsp;&nbsp;&nbsp;3. Desempe\u00f1o en actividad gremial docente universitaria.<br>&nbsp;&nbsp;&nbsp;4. Cargos que desempe\u00f1\u00f3 o desempe\u00f1a en la Administraci\u00f3n P\u00fablica o en la actividad privada, en el pa\u00eds o en el extranjero, relacionados con el \u00e1rea de conocimiento donde se concursa el cargo.<\/p>\n\n\n\n<p><strong>F) Otros antecedentes que se consideren relevantes.<\/strong><\/p>\n\n\n\n<p>En todos los casos que corresponda, se deber\u00e1 se\u00f1alar el lugar y lapso durante el cual desarrollaron las actividades. No se admitir\u00e1 la presentaci\u00f3n de nuevos t\u00edtulos, antecedentes o trabajos con posterioridad a la clausura del plazo de inscripci\u00f3n.-<\/p>\n","protected":false},"excerpt":{"rendered":"<p>&#8211; Llamar a inscripci\u00f3n de aspirantes para cubrir UN (1) cargo de PROFESOR ADJUNTO, dedicaci\u00f3n EXCLUSIVA, car\u00e1cter SUPLENTE, con destino [&hellip;]<\/p>\n","protected":false},"author":1,"featured_media":0,"parent":0,"menu_order":0,"comment_status":"closed","ping_status":"closed","template":"","meta":{"site-sidebar-layout":"default","site-content-layout":"","ast-site-content-layout":"default","site-content-style":"default","site-sidebar-style":"default","ast-global-header-display":"","ast-banner-title-visibility":"","ast-main-header-display":"","ast-hfb-above-header-display":"","ast-hfb-below-header-display":"","ast-hfb-mobile-header-display":"","site-post-title":"","ast-breadcrumbs-content":"","ast-featured-img":"","footer-sml-layout":"","theme-transparent-header-meta":"","adv-header-id-meta":"","stick-header-meta":"","header-above-stick-meta":"","header-main-stick-meta":"","header-below-stick-meta":"","astra-migrate-meta-layouts":"default","ast-page-background-enabled":"default","ast-page-background-meta":{"desktop":{"background-color":"var(--ast-global-color-5)","background-image":"","background-repeat":"repeat","background-position":"center center","background-size":"auto","background-attachment":"scroll","background-type":"","background-media":"","overlay-type":"","overlay-color":"","overlay-opacity":"","overlay-gradient":""},"tablet":{"background-color":"","background-image":"","background-repeat":"repeat","background-position":"center center","background-size":"auto","background-attachment":"scroll","background-type":"","background-media":"","overlay-type":"","overlay-color":"","overlay-opacity":"","overlay-gradient":""},"mobile":{"background-color":"","background-image":"","background-repeat":"repeat","background-position":"center center","background-size":"auto","background-attachment":"scroll","background-type":"","background-media":"","overlay-type":"","overlay-color":"","overlay-opacity":"","overlay-gradient":""}},"ast-content-background-meta":{"desktop":{"background-color":"var(--ast-global-color-4)","background-image":"","background-repeat":"repeat","background-position":"center center","background-size":"auto","background-attachment":"scroll","background-type":"","background-media":"","overlay-type":"","overlay-color":"","overlay-opacity":"","overlay-gradient":""},"tablet":{"background-color":"var(--ast-global-color-4)","background-image":"","background-repeat":"repeat","background-position":"center center","background-size":"auto","background-attachment":"scroll","background-type":"","background-media":"","overlay-type":"","overlay-color":"","overlay-opacity":"","overlay-gradient":""},"mobile":{"background-color":"var(--ast-global-color-4)","background-image":"","background-repeat":"repeat","background-position":"center center","background-size":"auto","background-attachment":"scroll","background-type":"","background-media":"","overlay-type":"","overlay-color":"","overlay-opacity":"","overlay-gradient":""}},"footnotes":"","_links_to":"","_links_to_target":""},"class_list":["post-1515","page","type-page","status-publish","hentry"],"rttpg_featured_image_url":null,"rttpg_author":{"display_name":"ftu","author_link":"http:\/\/ftuvz.unsl.edu.ar\/index.php\/author\/ftu\/"},"rttpg_comment":0,"rttpg_category":null,"rttpg_excerpt":"&#8211; Llamar a inscripci\u00f3n de aspirantes para cubrir UN (1) cargo de PROFESOR ADJUNTO, dedicaci\u00f3n EXCLUSIVA, car\u00e1cter SUPLENTE, con destino [&hellip;]","_links":{"self":[{"href":"http:\/\/ftuvz.unsl.edu.ar\/index.php\/wp-json\/wp\/v2\/pages\/1515","targetHints":{"allow":["GET"]}}],"collection":[{"href":"http:\/\/ftuvz.unsl.edu.ar\/index.php\/wp-json\/wp\/v2\/pages"}],"about":[{"href":"http:\/\/ftuvz.unsl.edu.ar\/index.php\/wp-json\/wp\/v2\/types\/page"}],"author":[{"embeddable":true,"href":"http:\/\/ftuvz.unsl.edu.ar\/index.php\/wp-json\/wp\/v2\/users\/1"}],"replies":[{"embeddable":true,"href":"http:\/\/ftuvz.unsl.edu.ar\/index.php\/wp-json\/wp\/v2\/comments?post=1515"}],"version-history":[{"count":31,"href":"http:\/\/ftuvz.unsl.edu.ar\/index.php\/wp-json\/wp\/v2\/pages\/1515\/revisions"}],"predecessor-version":[{"id":6119,"href":"http:\/\/ftuvz.unsl.edu.ar\/index.php\/wp-json\/wp\/v2\/pages\/1515\/revisions\/6119"}],"wp:attachment":[{"href":"http:\/\/ftuvz.unsl.edu.ar\/index.php\/wp-json\/wp\/v2\/media?parent=1515"}],"curies":[{"name":"wp","href":"https:\/\/api.w.org\/{rel}","templated":true}]}}