{"id":1356,"date":"2025-09-30T08:54:47","date_gmt":"2025-09-30T11:54:47","guid":{"rendered":"http:\/\/ftuvz.unsl.edu.ar\/?page_id=1356"},"modified":"2026-03-18T08:54:07","modified_gmt":"2026-03-18T11:54:07","slug":"posgrado-de-la-facultad-de-turismo-y-urbanismo-2","status":"publish","type":"page","link":"http:\/\/ftuvz.unsl.edu.ar\/index.php\/posgrado-de-la-facultad-de-turismo-y-urbanismo-2\/","title":{"rendered":"Carrera y Cursos de Posgrado de la Facultad de Turismo y Urbanismo"},"content":{"rendered":"\n<figure class=\"wp-block-image aligncenter size-full is-resized\"><img loading=\"lazy\" decoding=\"async\" width=\"833\" height=\"833\" src=\"http:\/\/ftuvz.unsl.edu.ar\/wp-content\/uploads\/2025\/09\/Carreras-de-Posgrado.png\" alt=\"\" class=\"wp-image-125\" style=\"object-fit:cover;width:150px;height:150px\" srcset=\"http:\/\/ftuvz.unsl.edu.ar\/wp-content\/uploads\/2025\/09\/Carreras-de-Posgrado.png 833w, http:\/\/ftuvz.unsl.edu.ar\/wp-content\/uploads\/2025\/09\/Carreras-de-Posgrado-300x300.png 300w, http:\/\/ftuvz.unsl.edu.ar\/wp-content\/uploads\/2025\/09\/Carreras-de-Posgrado-150x150.png 150w, http:\/\/ftuvz.unsl.edu.ar\/wp-content\/uploads\/2025\/09\/Carreras-de-Posgrado-768x768.png 768w\" sizes=\"auto, (max-width: 833px) 100vw, 833px\" \/><\/figure>\n\n\n\n<p class=\"has-text-color has-link-color has-medium-font-size wp-elements-162ec12080710da6e1be21af4ec6c578\" style=\"color:#996a16\"><strong>&#8211; Carrera de Posgrado<\/strong><\/p>\n\n\n\n<div class=\"wp-block-columns has-border-color has-cyan-bluish-gray-border-color is-layout-flex wp-container-core-columns-is-layout-1bd19041 wp-block-columns-is-layout-flex\" style=\"border-width:1px;padding-top:var(--wp--preset--spacing--40);padding-right:var(--wp--preset--spacing--30);padding-bottom:var(--wp--preset--spacing--40);padding-left:var(--wp--preset--spacing--30)\">\n<div class=\"wp-block-column is-layout-flow wp-block-column-is-layout-flow\" style=\"flex-basis:50%\">\n<p><strong><em>Especializaci\u00f3n en Gesti\u00f3n del Desarrollo e Innovaci\u00f3n Tur\u00edstica<\/em>&nbsp;(Esp. GDIT)<\/strong><\/p>\n<\/div>\n\n\n\n<div class=\"wp-block-column is-layout-flow wp-block-column-is-layout-flow\" style=\"flex-basis:33.33%\">\n<div class=\"wp-block-buttons is-layout-flex wp-block-buttons-is-layout-flex\">\n<div class=\"wp-block-button\"><a class=\"wp-block-button__link has-white-color has-text-color has-background has-link-color has-small-font-size has-custom-font-size wp-element-button\" href=\"http:\/\/ftuvz.unsl.edu.ar\/index.php\/especializacion-en-gestion-del-desarrollo-e-innovacion-turistica\/\" style=\"background-color:#996a16\">Ver m\u00e1s<\/a><\/div>\n<\/div>\n<\/div>\n<\/div>\n\n\n\n<p><\/p>\n\n\n\n<p class=\"has-text-color has-link-color has-medium-font-size wp-elements-9f8ec1689b688bb068b8d20f221a84f0\" style=\"color:#996a16\"><strong>&#8211; Cursos de Posgrado<\/strong><\/p>\n\n\n\n<div class=\"wp-block-columns has-border-color has-cyan-bluish-gray-border-color is-layout-flex wp-container-core-columns-is-layout-7f2bc927 wp-block-columns-is-layout-flex\" style=\"border-width:1px;margin-top:var(--wp--preset--spacing--20);margin-bottom:var(--wp--preset--spacing--20);padding-top:var(--wp--preset--spacing--30);padding-right:var(--wp--preset--spacing--30);padding-bottom:var(--wp--preset--spacing--30);padding-left:var(--wp--preset--spacing--30)\">\n<div class=\"wp-block-column is-layout-flow wp-block-column-is-layout-flow\" style=\"padding-top:0;padding-right:0;padding-bottom:0;padding-left:0;flex-basis:95%\">\n<p><strong><strong><strong><strong><strong>Curso &#8211; <strong>\u201cPlanificaci\u00f3n Territorial y Gesti\u00f3n del Paisaje\u201d \u2013 Inicia 10 de abril<\/strong><\/strong><\/strong><\/strong><\/strong><\/strong><\/p>\n<\/div>\n\n\n\n<div class=\"wp-block-column is-layout-flow wp-block-column-is-layout-flow\" style=\"flex-basis:15%\">\n<div class=\"wp-block-buttons is-layout-flex wp-block-buttons-is-layout-flex\">\n<div class=\"wp-block-button\"><a class=\"wp-block-button__link has-white-color has-text-color has-background has-link-color has-small-font-size has-custom-font-size wp-element-button\" href=\"http:\/\/ftuvz.unsl.edu.ar\/index.php\/2026\/03\/18\/curso-de-posgrado-planificacion-territorial-y-gestion-del-paisaje-inicia-10-de-abril\/\" style=\"background-color:#996a16\">Ver m\u00e1s<\/a><\/div>\n<\/div>\n<\/div>\n<\/div>\n\n\n\n<div class=\"wp-block-columns has-border-color has-cyan-bluish-gray-border-color is-layout-flex wp-container-core-columns-is-layout-7f2bc927 wp-block-columns-is-layout-flex\" style=\"border-width:1px;margin-top:var(--wp--preset--spacing--20);margin-bottom:var(--wp--preset--spacing--20);padding-top:var(--wp--preset--spacing--30);padding-right:var(--wp--preset--spacing--30);padding-bottom:var(--wp--preset--spacing--30);padding-left:var(--wp--preset--spacing--30)\">\n<div class=\"wp-block-column is-layout-flow wp-block-column-is-layout-flow\" style=\"padding-top:0;padding-right:0;padding-bottom:0;padding-left:0;flex-basis:95%\">\n<p><strong><strong><strong><strong><strong>Curso &#8211; <strong>\u201cMarketing Digital de Destinos Tur\u00edsticos<\/strong><\/strong><\/strong>&#8220;<\/strong><\/strong><\/strong> <strong><strong><strong><strong><strong><strong> \u2013 Inicia 8 de abril<\/strong><\/strong><\/strong><\/strong><\/strong><\/strong><\/p>\n<\/div>\n\n\n\n<div class=\"wp-block-column is-layout-flow wp-block-column-is-layout-flow\" style=\"flex-basis:15%\">\n<div class=\"wp-block-buttons is-layout-flex wp-block-buttons-is-layout-flex\">\n<div class=\"wp-block-button\"><a class=\"wp-block-button__link has-white-color has-text-color has-background has-link-color has-small-font-size has-custom-font-size wp-element-button\" href=\"http:\/\/ftuvz.unsl.edu.ar\/index.php\/2026\/03\/17\/la-ftu-dara-el-curso-de-posgrado-marketing-digital-de-destinos-turisticos\/\" style=\"background-color:#996a16\">Ver m\u00e1s<\/a><\/div>\n<\/div>\n<\/div>\n<\/div>\n\n\n\n<div class=\"wp-block-columns has-border-color has-cyan-bluish-gray-border-color is-layout-flex wp-container-core-columns-is-layout-7f2bc927 wp-block-columns-is-layout-flex\" style=\"border-width:1px;margin-top:var(--wp--preset--spacing--20);margin-bottom:var(--wp--preset--spacing--20);padding-top:var(--wp--preset--spacing--30);padding-right:var(--wp--preset--spacing--30);padding-bottom:var(--wp--preset--spacing--30);padding-left:var(--wp--preset--spacing--30)\">\n<div class=\"wp-block-column is-layout-flow wp-block-column-is-layout-flow\" style=\"padding-top:0;padding-right:0;padding-bottom:0;padding-left:0;flex-basis:95%\">\n<p><strong><strong><strong><strong><strong>Curso &#8211; &#8220;Gesti\u00f3n de Organizaciones Tur\u00edsticas<\/strong><\/strong>&#8220;<\/strong><\/strong><\/strong> &#8211; <strong>Iniciado<\/strong><\/p>\n<\/div>\n\n\n\n<div class=\"wp-block-column is-layout-flow wp-block-column-is-layout-flow\" style=\"flex-basis:15%\">\n<div class=\"wp-block-buttons is-layout-flex wp-block-buttons-is-layout-flex\">\n<div class=\"wp-block-button\"><a class=\"wp-block-button__link has-white-color has-text-color has-background has-link-color has-small-font-size has-custom-font-size wp-element-button\" href=\"http:\/\/ftuvz.unsl.edu.ar\/index.php\/2026\/03\/04\/curso-de-posgrado-gestion-de-organizaciones-turisticas-3\/\" style=\"background-color:#996a16\">Ver m\u00e1s<\/a><\/div>\n<\/div>\n<\/div>\n<\/div>\n\n\n\n<div class=\"wp-block-columns is-layout-flex wp-container-core-columns-is-layout-6f8f8055 wp-block-columns-is-layout-flex\" style=\"padding-top:var(--wp--preset--spacing--20);padding-right:var(--wp--preset--spacing--30);padding-bottom:var(--wp--preset--spacing--20);padding-left:var(--wp--preset--spacing--30)\">\n<div class=\"wp-block-column is-layout-flow wp-block-column-is-layout-flow\" style=\"flex-basis:30%\">\n<p><strong><strong>Instructivo &#8220;C\u00f3mo registrarte en SIU&#8221;<\/strong><\/strong><\/p>\n<\/div>\n\n\n\n<div class=\"wp-block-column is-layout-flow wp-block-column-is-layout-flow\" style=\"flex-basis:33.33%\">\n<figure class=\"wp-block-image size-full is-resized\"><a href=\"\/wp-content\/uploads\/Normativa\/Como-Registrarte-en-SIU.pdf\" target=\"_blank\" rel=\" noreferrer noopener\"><img loading=\"lazy\" decoding=\"async\" width=\"25\" height=\"25\" src=\"http:\/\/ftuvz.unsl.edu.ar\/wp-content\/uploads\/2025\/09\/pdf.gif\" alt=\"\" class=\"wp-image-486\" style=\"object-fit:cover;width:40px;height:40px\"\/><\/a><\/figure>\n<\/div>\n<\/div>\n\n\n\n<div class=\"wp-block-columns is-layout-flex wp-container-core-columns-is-layout-397e95ff wp-block-columns-is-layout-flex\" style=\"padding-top:var(--wp--preset--spacing--50);padding-right:var(--wp--preset--spacing--30);padding-bottom:var(--wp--preset--spacing--50);padding-left:var(--wp--preset--spacing--30)\">\n<div class=\"wp-block-column is-layout-flow wp-block-column-is-layout-flow\" style=\"flex-basis:30%\">\n<p><strong><strong>Acceso al Sistema Web de Posgrado<\/strong>&nbsp;<\/strong><\/p>\n<\/div>\n\n\n\n<div class=\"wp-block-column is-layout-flow wp-block-column-is-layout-flow\" style=\"flex-basis:33.33%\">\n<figure class=\"wp-block-image size-full\"><a href=\"https:\/\/autogestion-posgrado.unsl.edu.ar\/g3w\/\" target=\"_blank\" rel=\" noreferrer noopener\"><img loading=\"lazy\" decoding=\"async\" width=\"40\" height=\"38\" src=\"http:\/\/ftuvz.unsl.edu.ar\/wp-content\/uploads\/2025\/09\/www.png\" alt=\"\" class=\"wp-image-1187\"\/><\/a><\/figure>\n<\/div>\n<\/div>\n\n\n\n<p class=\"has-text-color has-link-color has-medium-font-size wp-elements-c7ee3a2f907e304428fd9fdead52f4f2\" style=\"color:#996a16\"><strong>&#8211; Oferta de Posgrado de la UNSL<\/strong><\/p>\n\n\n\n<div class=\"wp-block-columns is-layout-flex wp-container-core-columns-is-layout-1bd19041 wp-block-columns-is-layout-flex\" style=\"padding-top:var(--wp--preset--spacing--40);padding-right:var(--wp--preset--spacing--30);padding-bottom:var(--wp--preset--spacing--40);padding-left:var(--wp--preset--spacing--30)\">\n<div class=\"wp-block-column is-layout-flow wp-block-column-is-layout-flow\" style=\"flex-basis:30%\">\n<p><strong><strong><strong>Carreras y Cursos de la UNSL<\/strong><\/strong><\/strong><\/p>\n<\/div>\n\n\n\n<div class=\"wp-block-column is-layout-flow wp-block-column-is-layout-flow\" style=\"flex-basis:33.33%\">\n<figure class=\"wp-block-image size-full\"><a href=\"http:\/\/posgrado.unsl.edu.ar\/\" target=\"_blank\" rel=\" noreferrer noopener\"><img loading=\"lazy\" decoding=\"async\" width=\"40\" height=\"38\" src=\"http:\/\/ftuvz.unsl.edu.ar\/wp-content\/uploads\/2025\/09\/www.png\" alt=\"\" class=\"wp-image-1187\"\/><\/a><\/figure>\n<\/div>\n<\/div>\n\n\n\n<p><\/p>\n\n\n\n<p class=\"has-text-color has-link-color has-medium-font-size wp-elements-78d6b4b2e1a23daf0864d7e582066159\" style=\"color:#996a16\"><strong>&#8211; Historial de Cursos de Posgrado dictados en la FTU<\/strong><\/p>\n\n\n\n<ul class=\"wp-block-list\">\n<li><strong><strong><strong><strong><strong><strong><strong><strong><strong>Curso&nbsp;<em>&#8220;La ciencia en el cine: representaciones y debates epistemol\u00f3gicos&#8221;<\/em> &#8211; Febrero 2026<\/strong><\/strong><\/strong><\/strong><\/strong><\/strong><\/strong><\/strong><\/strong><\/li>\n<\/ul>\n","protected":false},"excerpt":{"rendered":"<p>&#8211; Carrera de Posgrado Especializaci\u00f3n en Gesti\u00f3n del Desarrollo e Innovaci\u00f3n Tur\u00edstica&nbsp;(Esp. GDIT) &#8211; Cursos de Posgrado Curso &#8211; \u201cPlanificaci\u00f3n [&hellip;]<\/p>\n","protected":false},"author":1,"featured_media":0,"parent":0,"menu_order":0,"comment_status":"closed","ping_status":"closed","template":"","meta":{"site-sidebar-layout":"default","site-content-layout":"","ast-site-content-layout":"default","site-content-style":"default","site-sidebar-style":"default","ast-global-header-display":"","ast-banner-title-visibility":"","ast-main-header-display":"","ast-hfb-above-header-display":"","ast-hfb-below-header-display":"","ast-hfb-mobile-header-display":"","site-post-title":"","ast-breadcrumbs-content":"","ast-featured-img":"","footer-sml-layout":"","theme-transparent-header-meta":"","adv-header-id-meta":"","stick-header-meta":"","header-above-stick-meta":"","header-main-stick-meta":"","header-below-stick-meta":"","astra-migrate-meta-layouts":"default","ast-page-background-enabled":"default","ast-page-background-meta":{"desktop":{"background-color":"var(--ast-global-color-5)","background-image":"","background-repeat":"repeat","background-position":"center center","background-size":"auto","background-attachment":"scroll","background-type":"","background-media":"","overlay-type":"","overlay-color":"","overlay-opacity":"","overlay-gradient":""},"tablet":{"background-color":"","background-image":"","background-repeat":"repeat","background-position":"center center","background-size":"auto","background-attachment":"scroll","background-type":"","background-media":"","overlay-type":"","overlay-color":"","overlay-opacity":"","overlay-gradient":""},"mobile":{"background-color":"","background-image":"","background-repeat":"repeat","background-position":"center center","background-size":"auto","background-attachment":"scroll","background-type":"","background-media":"","overlay-type":"","overlay-color":"","overlay-opacity":"","overlay-gradient":""}},"ast-content-background-meta":{"desktop":{"background-color":"var(--ast-global-color-4)","background-image":"","background-repeat":"repeat","background-position":"center center","background-size":"auto","background-attachment":"scroll","background-type":"","background-media":"","overlay-type":"","overlay-color":"","overlay-opacity":"","overlay-gradient":""},"tablet":{"background-color":"var(--ast-global-color-4)","background-image":"","background-repeat":"repeat","background-position":"center center","background-size":"auto","background-attachment":"scroll","background-type":"","background-media":"","overlay-type":"","overlay-color":"","overlay-opacity":"","overlay-gradient":""},"mobile":{"background-color":"var(--ast-global-color-4)","background-image":"","background-repeat":"repeat","background-position":"center center","background-size":"auto","background-attachment":"scroll","background-type":"","background-media":"","overlay-type":"","overlay-color":"","overlay-opacity":"","overlay-gradient":""}},"footnotes":"","_links_to":"","_links_to_target":""},"class_list":["post-1356","page","type-page","status-publish","hentry"],"rttpg_featured_image_url":null,"rttpg_author":{"display_name":"ftu","author_link":"http:\/\/ftuvz.unsl.edu.ar\/index.php\/author\/ftu\/"},"rttpg_comment":0,"rttpg_category":null,"rttpg_excerpt":"&#8211; Carrera de Posgrado Especializaci\u00f3n en Gesti\u00f3n del Desarrollo e Innovaci\u00f3n Tur\u00edstica&nbsp;(Esp. GDIT) &#8211; Cursos de Posgrado Curso &#8211; \u201cPlanificaci\u00f3n [&hellip;]","_links":{"self":[{"href":"http:\/\/ftuvz.unsl.edu.ar\/index.php\/wp-json\/wp\/v2\/pages\/1356","targetHints":{"allow":["GET"]}}],"collection":[{"href":"http:\/\/ftuvz.unsl.edu.ar\/index.php\/wp-json\/wp\/v2\/pages"}],"about":[{"href":"http:\/\/ftuvz.unsl.edu.ar\/index.php\/wp-json\/wp\/v2\/types\/page"}],"author":[{"embeddable":true,"href":"http:\/\/ftuvz.unsl.edu.ar\/index.php\/wp-json\/wp\/v2\/users\/1"}],"replies":[{"embeddable":true,"href":"http:\/\/ftuvz.unsl.edu.ar\/index.php\/wp-json\/wp\/v2\/comments?post=1356"}],"version-history":[{"count":49,"href":"http:\/\/ftuvz.unsl.edu.ar\/index.php\/wp-json\/wp\/v2\/pages\/1356\/revisions"}],"predecessor-version":[{"id":5964,"href":"http:\/\/ftuvz.unsl.edu.ar\/index.php\/wp-json\/wp\/v2\/pages\/1356\/revisions\/5964"}],"wp:attachment":[{"href":"http:\/\/ftuvz.unsl.edu.ar\/index.php\/wp-json\/wp\/v2\/media?parent=1356"}],"curies":[{"name":"wp","href":"https:\/\/api.w.org\/{rel}","templated":true}]}}