{"id":1329,"date":"2025-09-29T13:28:07","date_gmt":"2025-09-29T16:28:07","guid":{"rendered":"http:\/\/ftuvz.unsl.edu.ar\/?page_id=1329"},"modified":"2025-09-30T09:38:09","modified_gmt":"2025-09-30T12:38:09","slug":"licenciatura-en-turismo-lt","status":"publish","type":"page","link":"http:\/\/ftuvz.unsl.edu.ar\/index.php\/licenciatura-en-turismo-lt\/","title":{"rendered":"Licenciatura en Turismo (LT)"},"content":{"rendered":"\n<figure class=\"wp-block-image aligncenter size-full is-resized\"><img loading=\"lazy\" decoding=\"async\" width=\"834\" height=\"834\" src=\"http:\/\/ftuvz.unsl.edu.ar\/wp-content\/uploads\/2025\/09\/Carreras-de-Grado.png\" alt=\"\" class=\"wp-image-124\" style=\"object-fit:cover;width:150px;height:150px\" srcset=\"http:\/\/ftuvz.unsl.edu.ar\/wp-content\/uploads\/2025\/09\/Carreras-de-Grado.png 834w, http:\/\/ftuvz.unsl.edu.ar\/wp-content\/uploads\/2025\/09\/Carreras-de-Grado-300x300.png 300w, http:\/\/ftuvz.unsl.edu.ar\/wp-content\/uploads\/2025\/09\/Carreras-de-Grado-150x150.png 150w, http:\/\/ftuvz.unsl.edu.ar\/wp-content\/uploads\/2025\/09\/Carreras-de-Grado-768x768.png 768w\" sizes=\"auto, (max-width: 834px) 100vw, 834px\" \/><\/figure>\n\n\n\n<h5 class=\"wp-block-heading\">T\u00edtulo: Licenciado\/a en Turismo&nbsp;<small>(Resoluci\u00f3n Ministerial:&nbsp;<a href=\"\/wp-content\/uploads\/Planes-de-estudios\/RME-1303-15-LT.pdf\" target=\"_blank\" rel=\"noreferrer noopener\">R.M.1303\/15<\/a>&nbsp;&#8211; Plan de estudio:&nbsp;<a href=\"http:\/\/digesto.unsl.edu.ar\/docs\/201404\/20140425130854_8924.pdf\">Ord.C.S. 03\/14<\/a>)<\/small><\/h5>\n\n\n\n<h5 class=\"wp-block-heading\">Duraci\u00f3n: 4 a\u00f1os<\/h5>\n\n\n\n<h5 class=\"wp-block-heading\">Objetivos<\/h5>\n\n\n\n<p>Formar profesionales que sean capaces de:<\/p>\n\n\n\n<ul class=\"wp-block-list\">\n<li>Desempe\u00f1arse con \u00e9tica, profesionalismo y considerando su responsabilidad social.<\/li>\n<\/ul>\n\n\n\n<ul class=\"wp-block-list\">\n<li>Organizar, coordinar y administrar instituciones prestadoras de servicios tur\u00edsticos.<\/li>\n<\/ul>\n\n\n\n<ul class=\"wp-block-list\">\n<li>Desarrollar, profundizar y ampliar las acciones tendientes a mejorar la calidad de vida, aprovechando el tiempo libre en armon\u00eda con el medio ambiente.<\/li>\n<\/ul>\n\n\n\n<ul class=\"wp-block-list\">\n<li>Trabajar para mejorar y ampliar las condiciones de acceso a bienes y servicios tur\u00edsticos para todos los sectores de la sociedad.<\/li>\n<\/ul>\n\n\n\n<ul class=\"wp-block-list\">\n<li>Trabajar en equipo e interdisciplinariamente.<\/li>\n<\/ul>\n\n\n\n<ul class=\"wp-block-list\">\n<li>Poseer esp\u00edritu cr\u00edtico frente al conocimiento.<\/li>\n<\/ul>\n\n\n\n<h5 class=\"wp-block-heading\">Alcances del t\u00edtulo<\/h5>\n\n\n\n<ul class=\"wp-block-list\">\n<li>Identificar, comprender y resolver de forma sist\u00e9mica situaciones problem\u00e1ticas vinculadas al tiempo libre, en actividades tur\u00edsticas y recreativas, equiparando las oportunidades de todos los sectores de la sociedad.<\/li>\n<\/ul>\n\n\n\n<ul class=\"wp-block-list\">\n<li>Planificar, organizar, gestionar y evaluar organizaciones p\u00fablicas y privadas del sector tur\u00edstico, o vinculadas a la actividad, en aquellos aspectos propios del sistema y que contribuyan a su desarrollo asegurando la competitividad y calidad de sus productos y servicios.<\/li>\n<\/ul>\n\n\n\n<ul class=\"wp-block-list\">\n<li>Generar y transferir conocimiento en el campo disciplinar del turismo, y aplicarlo en desarrollos e innovaciones dirigidas a los visitantes y a las actividades por ellos realizadas, a las organizaciones intervinientes, a los destinos tur\u00edsticos y su entorno socio econ\u00f3mico y ambiental.<\/li>\n<\/ul>\n\n\n\n<ul class=\"wp-block-list\">\n<li>Elaborar, evaluar y ejecutar el dise\u00f1o de servicios y productos tur\u00edsticos de calidad con una visi\u00f3n sustentable del turismo.<\/li>\n<\/ul>\n\n\n\n<ul class=\"wp-block-list\">\n<li>Participar en equipos multidisciplinarios para planificar y ejecutar acciones en el campo del desarrollo y gesti\u00f3n local del turismo.<\/li>\n<\/ul>\n\n\n\n<p><\/p>\n\n\n\n<p>Organizaci\u00f3n curricular<\/p>\n\n\n\n<div class=\"wp-block-columns is-layout-flex wp-container-core-columns-is-layout-7abde1fe wp-block-columns-is-layout-flex\" style=\"padding-top:var(--wp--preset--spacing--40);padding-bottom:var(--wp--preset--spacing--40)\">\n<div class=\"wp-block-column has-border-color has-ast-global-color-8-border-color is-layout-flow wp-block-column-is-layout-flow\" style=\"border-width:1px\">\n<h6 class=\"wp-block-heading\"><strong>Primer A\u00f1o<\/strong><\/h6>\n\n\n\n<p>&#8211; Patrimonio Natural I<br>&#8211; Comunicaci\u00f3n del Conocimiento<br>&#8211; Antropolog\u00eda Cultural<br>&#8211; Introducci\u00f3n al Turismo<br>&#8211; Administraci\u00f3n de las Organizaciones Tur\u00edsticas<br>&#8211; Patrimonio Cultural I<br>&#8211; Gesti\u00f3n de la Hospitalidad<br>&#8211; Gesti\u00f3n de Servicios de Transporte Tur\u00edstico<\/p>\n<\/div>\n\n\n\n<div class=\"wp-block-column has-border-color has-ast-global-color-8-border-color is-layout-flow wp-block-column-is-layout-flow\" style=\"border-width:1px\">\n<h6 class=\"wp-block-heading\"><strong>Segundo A\u00f1o<\/strong><\/h6>\n\n\n\n<p>&#8211; Patrimonio Natural II<br>&#8211; Ingl\u00e9s I<br>&#8211; Gesti\u00f3n de Agencias de Viajes<br>&#8211; Patrimonio Cultural II<br>&#8211; Econom\u00eda del Turismo<br>&#8211; Administraci\u00f3n y Gesti\u00f3n de Empresas Tur\u00edsticas<br>&#8211; Epistemolog\u00eda<br>&#8211; Psicolog\u00eda Social y Turismo<\/p>\n<\/div>\n\n\n\n<div class=\"wp-block-column has-border-color has-black-border-color is-layout-flow wp-block-column-is-layout-flow\" style=\"border-width:1px\">\n<h6 class=\"wp-block-heading\"><strong>Tercer A\u00f1o<\/strong><\/h6>\n\n\n\n<p>&#8211; Ingl\u00e9s II<br>&#8211; Planificaci\u00f3n y Gesti\u00f3n Tur\u00edstica<br>&#8211; Portugu\u00e9s<br>&#8211; Metodolog\u00eda de la Investigaci\u00f3n<br>&#8211; Sistemas Inform\u00e1ticos Aplicados al Turismo<br>&#8211; Optativa I<br>&#8211; Estad\u00edstica Aplicada al Turismo<br>&#8211; Legislaci\u00f3n Tur\u00edstica<br>&#8211; Sociolog\u00eda y Turismo<\/p>\n<\/div>\n\n\n\n<div class=\"wp-block-column has-border-color has-black-border-color is-layout-flow wp-block-column-is-layout-flow\" style=\"border-width:1px\">\n<h6 class=\"wp-block-heading\">Cuarto<strong> A\u00f1o<\/strong><\/h6>\n\n\n\n<p>&#8211; Ingl\u00e9s III<br>&#8211; Desarrollo y Gesti\u00f3n Local del Turismo<br>&#8211; Formulaci\u00f3n y Evaluaci\u00f3n de Proyectos Tur\u00edsticos<br>&#8211; Pr\u00e1ctica Profesional Supervisada<br>&#8211; Comercializaci\u00f3n Tur\u00edstica<br>&#8211; \u00c9tica<br>&#8211; Optativa II<br>&#8211; Trabajo Final Integrador<\/p>\n\n\n\n<p><small>(<a href=\"http:\/\/digesto.unsl.edu.ar\/docs\/202110\/20211026113034_20412.pdf\" target=\"_blank\" rel=\"noreferrer noopener\">Reglamento TFI &#8211; Ord.D. 3\/21<\/a>)<\/small><\/p>\n<\/div>\n<\/div>\n","protected":false},"excerpt":{"rendered":"<p>T\u00edtulo: Licenciado\/a en Turismo&nbsp;(Resoluci\u00f3n Ministerial:&nbsp;R.M.1303\/15&nbsp;&#8211; Plan de estudio:&nbsp;Ord.C.S. 03\/14) Duraci\u00f3n: 4 a\u00f1os Objetivos Formar profesionales que sean capaces de: Alcances [&hellip;]<\/p>\n","protected":false},"author":1,"featured_media":0,"parent":0,"menu_order":0,"comment_status":"closed","ping_status":"closed","template":"","meta":{"site-sidebar-layout":"default","site-content-layout":"","ast-site-content-layout":"default","site-content-style":"default","site-sidebar-style":"default","ast-global-header-display":"","ast-banner-title-visibility":"","ast-main-header-display":"","ast-hfb-above-header-display":"","ast-hfb-below-header-display":"","ast-hfb-mobile-header-display":"","site-post-title":"","ast-breadcrumbs-content":"","ast-featured-img":"","footer-sml-layout":"","theme-transparent-header-meta":"","adv-header-id-meta":"","stick-header-meta":"","header-above-stick-meta":"","header-main-stick-meta":"","header-below-stick-meta":"","astra-migrate-meta-layouts":"default","ast-page-background-enabled":"default","ast-page-background-meta":{"desktop":{"background-color":"var(--ast-global-color-5)","background-image":"","background-repeat":"repeat","background-position":"center center","background-size":"auto","background-attachment":"scroll","background-type":"","background-media":"","overlay-type":"","overlay-color":"","overlay-opacity":"","overlay-gradient":""},"tablet":{"background-color":"","background-image":"","background-repeat":"repeat","background-position":"center center","background-size":"auto","background-attachment":"scroll","background-type":"","background-media":"","overlay-type":"","overlay-color":"","overlay-opacity":"","overlay-gradient":""},"mobile":{"background-color":"","background-image":"","background-repeat":"repeat","background-position":"center center","background-size":"auto","background-attachment":"scroll","background-type":"","background-media":"","overlay-type":"","overlay-color":"","overlay-opacity":"","overlay-gradient":""}},"ast-content-background-meta":{"desktop":{"background-color":"var(--ast-global-color-4)","background-image":"","background-repeat":"repeat","background-position":"center center","background-size":"auto","background-attachment":"scroll","background-type":"","background-media":"","overlay-type":"","overlay-color":"","overlay-opacity":"","overlay-gradient":""},"tablet":{"background-color":"var(--ast-global-color-4)","background-image":"","background-repeat":"repeat","background-position":"center center","background-size":"auto","background-attachment":"scroll","background-type":"","background-media":"","overlay-type":"","overlay-color":"","overlay-opacity":"","overlay-gradient":""},"mobile":{"background-color":"var(--ast-global-color-4)","background-image":"","background-repeat":"repeat","background-position":"center center","background-size":"auto","background-attachment":"scroll","background-type":"","background-media":"","overlay-type":"","overlay-color":"","overlay-opacity":"","overlay-gradient":""}},"footnotes":"","_links_to":"","_links_to_target":""},"class_list":["post-1329","page","type-page","status-publish","hentry"],"rttpg_featured_image_url":null,"rttpg_author":{"display_name":"ftu","author_link":"http:\/\/ftuvz.unsl.edu.ar\/index.php\/author\/ftu\/"},"rttpg_comment":0,"rttpg_category":null,"rttpg_excerpt":"T\u00edtulo: Licenciado\/a en Turismo&nbsp;(Resoluci\u00f3n Ministerial:&nbsp;R.M.1303\/15&nbsp;&#8211; Plan de estudio:&nbsp;Ord.C.S. 03\/14) Duraci\u00f3n: 4 a\u00f1os Objetivos Formar profesionales que sean capaces de: Alcances [&hellip;]","_links":{"self":[{"href":"http:\/\/ftuvz.unsl.edu.ar\/index.php\/wp-json\/wp\/v2\/pages\/1329","targetHints":{"allow":["GET"]}}],"collection":[{"href":"http:\/\/ftuvz.unsl.edu.ar\/index.php\/wp-json\/wp\/v2\/pages"}],"about":[{"href":"http:\/\/ftuvz.unsl.edu.ar\/index.php\/wp-json\/wp\/v2\/types\/page"}],"author":[{"embeddable":true,"href":"http:\/\/ftuvz.unsl.edu.ar\/index.php\/wp-json\/wp\/v2\/users\/1"}],"replies":[{"embeddable":true,"href":"http:\/\/ftuvz.unsl.edu.ar\/index.php\/wp-json\/wp\/v2\/comments?post=1329"}],"version-history":[{"count":7,"href":"http:\/\/ftuvz.unsl.edu.ar\/index.php\/wp-json\/wp\/v2\/pages\/1329\/revisions"}],"predecessor-version":[{"id":1376,"href":"http:\/\/ftuvz.unsl.edu.ar\/index.php\/wp-json\/wp\/v2\/pages\/1329\/revisions\/1376"}],"wp:attachment":[{"href":"http:\/\/ftuvz.unsl.edu.ar\/index.php\/wp-json\/wp\/v2\/media?parent=1329"}],"curies":[{"name":"wp","href":"https:\/\/api.w.org\/{rel}","templated":true}]}}