{"id":1306,"date":"2025-09-29T13:03:16","date_gmt":"2025-09-29T16:03:16","guid":{"rendered":"http:\/\/ftuvz.unsl.edu.ar\/?page_id=1306"},"modified":"2025-09-30T09:36:40","modified_gmt":"2025-09-30T12:36:40","slug":"licenciatura-en-gestion-para-el-desarrollo-urbano-y-regional-lgdur","status":"publish","type":"page","link":"http:\/\/ftuvz.unsl.edu.ar\/index.php\/licenciatura-en-gestion-para-el-desarrollo-urbano-y-regional-lgdur\/","title":{"rendered":"Licenciatura en Gesti\u00f3n para el Desarrollo Urbano y Regional (LGDUR)"},"content":{"rendered":"\n<figure class=\"wp-block-image aligncenter size-full is-resized\"><img loading=\"lazy\" decoding=\"async\" width=\"834\" height=\"834\" src=\"http:\/\/ftuvz.unsl.edu.ar\/wp-content\/uploads\/2025\/09\/Carreras-de-Grado.png\" alt=\"\" class=\"wp-image-124\" style=\"object-fit:cover;width:150px;height:150px\" srcset=\"http:\/\/ftuvz.unsl.edu.ar\/wp-content\/uploads\/2025\/09\/Carreras-de-Grado.png 834w, http:\/\/ftuvz.unsl.edu.ar\/wp-content\/uploads\/2025\/09\/Carreras-de-Grado-300x300.png 300w, http:\/\/ftuvz.unsl.edu.ar\/wp-content\/uploads\/2025\/09\/Carreras-de-Grado-150x150.png 150w, http:\/\/ftuvz.unsl.edu.ar\/wp-content\/uploads\/2025\/09\/Carreras-de-Grado-768x768.png 768w\" sizes=\"auto, (max-width: 834px) 100vw, 834px\" \/><\/figure>\n\n\n\n<h5 class=\"wp-block-heading\">T\u00edtulo: Licenciado\/a en Gesti\u00f3n para el Desarrollo Urbano y Regional&nbsp;<small>(Resoluci\u00f3n Ministerial:&nbsp;<a href=\"\/wp-content\/uploads\/Planes-de-estudios\/RME-589-2020-Lic-Urbanismo.pdf\" target=\"_blank\" rel=\"noreferrer noopener\">R.M.589\/2020<\/a>&nbsp;&#8211; Plan de estudio:&nbsp;<a href=\"http:\/\/digesto.unsl.edu.ar\/docs\/201912\/20191203121831_2881.pdf\" target=\"_blank\" rel=\"noreferrer noopener\">Ord.C.S. 49\/19<\/a>&nbsp;&#8211; Correlatividades:&nbsp;<a href=\"http:\/\/digesto.unsl.edu.ar\/docs\/201912\/20191203152723_10858.pdf\" target=\"_blank\" rel=\"noreferrer noopener\">Ord.C.S. 57\/19<\/a>)<\/small><\/h5>\n\n\n\n<h5 class=\"wp-block-heading\">Duraci\u00f3n: 4 a\u00f1os<\/h5>\n\n\n\n<h5 class=\"wp-block-heading\">Objetivos<\/h5>\n\n\n\n<ul class=\"wp-block-list\">\n<li>Formar profesionales que sean capaces de gestionar y contribuir a lograr ciudades y regiones donde el desarrollo sostenible y regenerativo sea la visi\u00f3n transversal en su formaci\u00f3n profesional.<\/li>\n<\/ul>\n\n\n\n<ul class=\"wp-block-list\">\n<li>Promover la formaci\u00f3n de profesionales capaces de comprometerse y liderar procesos de desarrollo urbano y regional.<\/li>\n<\/ul>\n\n\n\n<ul class=\"wp-block-list\">\n<li>Promover un pensamiento cr\u00edtico y reflexivo frente a los procesos y problem\u00e1ticas urbanas y regionales.<\/li>\n<\/ul>\n\n\n\n<ul class=\"wp-block-list\">\n<li>Desarrollar capacidades conceptuales, metodol\u00f3gicas e instrumentales que permitan transferir a la pr\u00e1ctica los conocimientos adquiridos en el \u00e1mbito acad\u00e9mico.<\/li>\n<\/ul>\n\n\n\n<ul class=\"wp-block-list\">\n<li>Ejercer la profesi\u00f3n con responsabilidad social y \u00e9tica.<\/li>\n<\/ul>\n\n\n\n<ul class=\"wp-block-list\">\n<li>Comprender el medio natural y biodiversidad regional para evitar impactos negativos.<\/li>\n<\/ul>\n\n\n\n<h5 class=\"wp-block-heading\">Alcances del t\u00edtulo<\/h5>\n\n\n\n<p>El profesional tendr\u00e1 competencias para:<\/p>\n\n\n\n<ul class=\"wp-block-list\">\n<li>Gestionar y contribuir a lograr ciudades y regiones que se desarrollen sostenible y regenerativamente.<\/li>\n<\/ul>\n\n\n\n<ul class=\"wp-block-list\">\n<li>Formular pol\u00edticas y estrategias que impulsen el desarrollo de las ciudades y las regiones.<\/li>\n<\/ul>\n\n\n\n<ul class=\"wp-block-list\">\n<li>Gestionar y generar procesos y acciones que aborden la problem\u00e1tica urbana y regional considerando distintos campos disciplinarios, atento a promover el desarrollo sostenible y el bienestar com\u00fan.<\/li>\n<\/ul>\n\n\n\n<ul class=\"wp-block-list\">\n<li>Estudiar, asesorar, capacitar y sensibilizar a organizaciones en sus distintos niveles y a los actores de la sociedad civil, en el abordaje de la problem\u00e1tica de la ciudad y la regi\u00f3n.<\/li>\n<\/ul>\n\n\n\n<ul class=\"wp-block-list\">\n<li>Conformar e integrar equipos de investigaci\u00f3n inter-multidisciplinarios de trabajo.<\/li>\n<\/ul>\n\n\n\n<ul class=\"wp-block-list\">\n<li>Utilizar tecnolog\u00edas de la informaci\u00f3n y la comunicaci\u00f3n para la toma de decisiones en el proceso de planeamiento urbano y regional.<\/li>\n<\/ul>\n\n\n\n<ul class=\"wp-block-list\">\n<li>Gestionar la preservaci\u00f3n del patrimonio cultural, edilicio y natural con el fin de respetar la identidad local.<\/li>\n<\/ul>\n\n\n\n<ul class=\"wp-block-list\">\n<li>Planificar la ciudad y la regi\u00f3n a partir de considerar el medio natural y biodiversidad regional para evitar impactos negativos.<\/li>\n<\/ul>\n\n\n\n<p><\/p>\n\n\n\n<p>Organizaci\u00f3n curricular<\/p>\n\n\n\n<div class=\"wp-block-columns is-layout-flex wp-container-core-columns-is-layout-7abde1fe wp-block-columns-is-layout-flex\" style=\"padding-top:var(--wp--preset--spacing--40);padding-bottom:var(--wp--preset--spacing--40)\">\n<div class=\"wp-block-column has-border-color has-ast-global-color-8-border-color is-layout-flow wp-block-column-is-layout-flow\" style=\"border-width:1px\">\n<h6 class=\"wp-block-heading\"><strong>Primer A\u00f1o<\/strong><\/h6>\n\n\n\n<p>&#8211; Medio natural y biodiversidad I<br>&#8211; Fundamentos de gesti\u00f3n organizacional<br>&#8211; Expresi\u00f3n oral y escrita<br>&#8211; Evoluci\u00f3n de la ciudad y su patrimonio<br>&#8211; Matem\u00e1tica general<br>&#8211; Medio natural y biodiversidad II<br>&#8211; Ingl\u00e9s I<br>&#8211; Hidrolog\u00eda<\/p>\n<\/div>\n\n\n\n<div class=\"wp-block-column has-border-color has-ast-global-color-8-border-color is-layout-flow wp-block-column-is-layout-flow\" style=\"border-width:1px\">\n<h6 class=\"wp-block-heading\"><strong>Segundo A\u00f1o<\/strong><\/h6>\n\n\n\n<p>&#8211; Teor\u00eda de la planificaci\u00f3n I<br>&#8211; Coordinaci\u00f3n de equipos de trabajo<br>&#8211; Movilidad urbana<br>&#8211; Econom\u00eda urbana<br>&#8211; Gesti\u00f3n del paisaje<br>&#8211; Estad\u00edstica aplicada<br>&#8211; Ingl\u00e9s II<br>&#8211; Ciudad y desarrollo<br>&#8211; Teor\u00eda de la planificaci\u00f3n II<\/p>\n<\/div>\n\n\n\n<div class=\"wp-block-column has-border-color has-black-border-color is-layout-flow wp-block-column-is-layout-flow\" style=\"border-width:1px\">\n<h6 class=\"wp-block-heading\"><strong>Tercer A\u00f1o<\/strong><\/h6>\n\n\n\n<p>&#8211; Planificaci\u00f3n regional<br>&#8211; T\u00e9cnicas de relevamiento topogr\u00e1fico y catastro<br>&#8211; Redes de infraestructura y gesti\u00f3n de servicios urbanos<br>&#8211; Metodolog\u00eda de la investigaci\u00f3n<br>&#8211; Instrumentos inform\u00e1ticos para la planificaci\u00f3n y gesti\u00f3n<br>&#8211; Taller de pr\u00e1ctica<br>&#8211; Planificaci\u00f3n urbana<br>&#8211; Gesti\u00f3n del riesgo<br>&#8211; Optativa I<\/p>\n<\/div>\n\n\n\n<div class=\"wp-block-column has-border-color has-black-border-color is-layout-flow wp-block-column-is-layout-flow\" style=\"border-width:1px\">\n<h6 class=\"wp-block-heading\">Cuarto<strong> A\u00f1o<\/strong><\/h6>\n\n\n\n<p>&#8211; Formulaci\u00f3n, implementaci\u00f3n y evaluaci\u00f3n de proyectos urbanos<br>&#8211; Legislaci\u00f3n urbano ambiental<br>&#8211; Sociolog\u00eda urbana<br>&#8211; \u00c9tica profesional<br>&#8211; Introducci\u00f3n a las pol\u00edticas p\u00fablicas<br>&#8211; Desarrollo local<br>&#8211; Trabajo Final Integrador<br>&#8211; Optativa II<\/p>\n<\/div>\n<\/div>\n\n\n\n<p><\/p>\n","protected":false},"excerpt":{"rendered":"<p>T\u00edtulo: Licenciado\/a en Gesti\u00f3n para el Desarrollo Urbano y Regional&nbsp;(Resoluci\u00f3n Ministerial:&nbsp;R.M.589\/2020&nbsp;&#8211; Plan de estudio:&nbsp;Ord.C.S. 49\/19&nbsp;&#8211; Correlatividades:&nbsp;Ord.C.S. 57\/19) Duraci\u00f3n: 4 a\u00f1os [&hellip;]<\/p>\n","protected":false},"author":1,"featured_media":0,"parent":0,"menu_order":0,"comment_status":"closed","ping_status":"closed","template":"","meta":{"site-sidebar-layout":"default","site-content-layout":"","ast-site-content-layout":"default","site-content-style":"default","site-sidebar-style":"default","ast-global-header-display":"","ast-banner-title-visibility":"","ast-main-header-display":"","ast-hfb-above-header-display":"","ast-hfb-below-header-display":"","ast-hfb-mobile-header-display":"","site-post-title":"","ast-breadcrumbs-content":"","ast-featured-img":"","footer-sml-layout":"","theme-transparent-header-meta":"","adv-header-id-meta":"","stick-header-meta":"","header-above-stick-meta":"","header-main-stick-meta":"","header-below-stick-meta":"","astra-migrate-meta-layouts":"default","ast-page-background-enabled":"default","ast-page-background-meta":{"desktop":{"background-color":"var(--ast-global-color-5)","background-image":"","background-repeat":"repeat","background-position":"center center","background-size":"auto","background-attachment":"scroll","background-type":"","background-media":"","overlay-type":"","overlay-color":"","overlay-opacity":"","overlay-gradient":""},"tablet":{"background-color":"","background-image":"","background-repeat":"repeat","background-position":"center center","background-size":"auto","background-attachment":"scroll","background-type":"","background-media":"","overlay-type":"","overlay-color":"","overlay-opacity":"","overlay-gradient":""},"mobile":{"background-color":"","background-image":"","background-repeat":"repeat","background-position":"center center","background-size":"auto","background-attachment":"scroll","background-type":"","background-media":"","overlay-type":"","overlay-color":"","overlay-opacity":"","overlay-gradient":""}},"ast-content-background-meta":{"desktop":{"background-color":"var(--ast-global-color-4)","background-image":"","background-repeat":"repeat","background-position":"center center","background-size":"auto","background-attachment":"scroll","background-type":"","background-media":"","overlay-type":"","overlay-color":"","overlay-opacity":"","overlay-gradient":""},"tablet":{"background-color":"var(--ast-global-color-4)","background-image":"","background-repeat":"repeat","background-position":"center center","background-size":"auto","background-attachment":"scroll","background-type":"","background-media":"","overlay-type":"","overlay-color":"","overlay-opacity":"","overlay-gradient":""},"mobile":{"background-color":"var(--ast-global-color-4)","background-image":"","background-repeat":"repeat","background-position":"center center","background-size":"auto","background-attachment":"scroll","background-type":"","background-media":"","overlay-type":"","overlay-color":"","overlay-opacity":"","overlay-gradient":""}},"footnotes":"","_links_to":"","_links_to_target":""},"class_list":["post-1306","page","type-page","status-publish","hentry"],"rttpg_featured_image_url":null,"rttpg_author":{"display_name":"ftu","author_link":"http:\/\/ftuvz.unsl.edu.ar\/index.php\/author\/ftu\/"},"rttpg_comment":0,"rttpg_category":null,"rttpg_excerpt":"T\u00edtulo: Licenciado\/a en Gesti\u00f3n para el Desarrollo Urbano y Regional&nbsp;(Resoluci\u00f3n Ministerial:&nbsp;R.M.589\/2020&nbsp;&#8211; Plan de estudio:&nbsp;Ord.C.S. 49\/19&nbsp;&#8211; Correlatividades:&nbsp;Ord.C.S. 57\/19) Duraci\u00f3n: 4 a\u00f1os [&hellip;]","_links":{"self":[{"href":"http:\/\/ftuvz.unsl.edu.ar\/index.php\/wp-json\/wp\/v2\/pages\/1306","targetHints":{"allow":["GET"]}}],"collection":[{"href":"http:\/\/ftuvz.unsl.edu.ar\/index.php\/wp-json\/wp\/v2\/pages"}],"about":[{"href":"http:\/\/ftuvz.unsl.edu.ar\/index.php\/wp-json\/wp\/v2\/types\/page"}],"author":[{"embeddable":true,"href":"http:\/\/ftuvz.unsl.edu.ar\/index.php\/wp-json\/wp\/v2\/users\/1"}],"replies":[{"embeddable":true,"href":"http:\/\/ftuvz.unsl.edu.ar\/index.php\/wp-json\/wp\/v2\/comments?post=1306"}],"version-history":[{"count":9,"href":"http:\/\/ftuvz.unsl.edu.ar\/index.php\/wp-json\/wp\/v2\/pages\/1306\/revisions"}],"predecessor-version":[{"id":1374,"href":"http:\/\/ftuvz.unsl.edu.ar\/index.php\/wp-json\/wp\/v2\/pages\/1306\/revisions\/1374"}],"wp:attachment":[{"href":"http:\/\/ftuvz.unsl.edu.ar\/index.php\/wp-json\/wp\/v2\/media?parent=1306"}],"curies":[{"name":"wp","href":"https:\/\/api.w.org\/{rel}","templated":true}]}}