{"id":1289,"date":"2025-09-29T12:26:01","date_gmt":"2025-09-29T15:26:01","guid":{"rendered":"http:\/\/ftuvz.unsl.edu.ar\/?page_id=1289"},"modified":"2025-09-30T09:34:34","modified_gmt":"2025-09-30T12:34:34","slug":"tecnicatura-universitaria-en-parques-jardines-y-floricultura-tupjyf","status":"publish","type":"page","link":"http:\/\/ftuvz.unsl.edu.ar\/index.php\/tecnicatura-universitaria-en-parques-jardines-y-floricultura-tupjyf\/","title":{"rendered":"Tecnicatura Universitaria en Parques, Jardines y Floricultura (TUPJyF)"},"content":{"rendered":"\n<figure class=\"wp-block-image aligncenter size-full is-resized\"><img loading=\"lazy\" decoding=\"async\" width=\"834\" height=\"834\" src=\"http:\/\/ftuvz.unsl.edu.ar\/wp-content\/uploads\/2025\/09\/Carreras-de-Pregrado.png\" alt=\"\" class=\"wp-image-123\" style=\"object-fit:cover;width:150px;height:150px\" srcset=\"http:\/\/ftuvz.unsl.edu.ar\/wp-content\/uploads\/2025\/09\/Carreras-de-Pregrado.png 834w, http:\/\/ftuvz.unsl.edu.ar\/wp-content\/uploads\/2025\/09\/Carreras-de-Pregrado-300x300.png 300w, http:\/\/ftuvz.unsl.edu.ar\/wp-content\/uploads\/2025\/09\/Carreras-de-Pregrado-150x150.png 150w, http:\/\/ftuvz.unsl.edu.ar\/wp-content\/uploads\/2025\/09\/Carreras-de-Pregrado-768x768.png 768w\" sizes=\"auto, (max-width: 834px) 100vw, 834px\" \/><\/figure>\n\n\n\n<p>T\u00edtulo: T\u00e9cnico Universitario en Parques, Jardines y Floricultura&nbsp;<small>(Resoluci\u00f3n Ministerial:&nbsp;<a href=\"\/wp-content\/uploads\/Planes-de-estudios\/RME-283-03-TUPJyF.pdf\" target=\"_blank\" rel=\"noreferrer noopener\">R.M.283\/03<\/a>&nbsp;&#8211; Plan de estudio:&nbsp;<a href=\"\/wp-content\/uploads\/Planes-de-estudios\/OCS-11-97-TUPJyF.pdf\" target=\"_blank\" rel=\"noreferrer noopener\">Ord.C.S.11\/97<\/a>&nbsp;&#8211; Correlatividades:&nbsp;<a href=\"\/wp-content\/uploads\/Planes-de-estudios\/OCS-21-13-TUPJyF.pdf\" target=\"_blank\" rel=\"noreferrer noopener\">Ord.C.S.21\/13<\/a>)<\/small><\/p>\n\n\n\n<h5 class=\"wp-block-heading\">Duraci\u00f3n: 3 a\u00f1os<\/h5>\n\n\n\n<h5 class=\"wp-block-heading\">Objetivos<\/h5>\n\n\n\n<ul class=\"wp-block-list\">\n<li>Formar recursos humanos id\u00f3neos a nivel de t\u00e9cnicos para un campo laboral de importante crecimiento como la floricultura y el desarrollo de parques y jardines en una sociedad que d\u00eda a d\u00eda privilegia esta actividad en procura de una mejor calidad de vida.<\/li>\n<\/ul>\n\n\n\n<ul class=\"wp-block-list\">\n<li>Capacitar a los futuros egresados en los conocimientos te\u00f3ricos y en el eficiente uso de las t\u00e9cnicas espec\u00edficas de la actividad.<\/li>\n<\/ul>\n\n\n\n<ul class=\"wp-block-list\">\n<li>Desarrollar en los futuros t\u00e9cnicos la creatividad necesaria para la aplicaci\u00f3n de su formaci\u00f3n en el impulso de nuevas actividades y en la activa participaci\u00f3n en los requerimientos de la comunidad en su campo espec\u00edfico.<\/li>\n<\/ul>\n\n\n\n<h5 class=\"wp-block-heading\">Alcances del t\u00edtulo<\/h5>\n\n\n\n<p>Los egresados podr\u00e1n ejercer su profesi\u00f3n, desarrollando tareas o asesorando en:<\/p>\n\n\n\n<ul class=\"wp-block-list\">\n<li>Cultivos de flores y plantas ornamentales.<\/li>\n<\/ul>\n\n\n\n<ul class=\"wp-block-list\">\n<li>Desarrollo de jardines o parques en el \u00e1rea privada y p\u00fablica.<\/li>\n<\/ul>\n\n\n\n<ul class=\"wp-block-list\">\n<li>En materia de suelos, manejo h\u00eddrico y nutricional.<\/li>\n<\/ul>\n\n\n\n<ul class=\"wp-block-list\">\n<li>En la decoraci\u00f3n de casas, parques, edificios p\u00fablicos y privados.<\/li>\n<\/ul>\n\n\n\n<ul class=\"wp-block-list\">\n<li>Producir y mejorar especies vegetales.<\/li>\n<\/ul>\n\n\n\n<ul class=\"wp-block-list\">\n<li>Detectar y erradicar plagas y enfermedades.<\/li>\n<\/ul>\n\n\n\n<ul class=\"wp-block-list\">\n<li>Podr\u00e1 ejercer su actividad en forma individual, en equipos interdisciplinarios, en empresas privadas y organismos p\u00fablicos.<\/li>\n<\/ul>\n\n\n\n<p><\/p>\n\n\n\n<p>Organizaci\u00f3n curricular<\/p>\n\n\n\n<div class=\"wp-block-columns is-layout-flex wp-container-core-columns-is-layout-7abde1fe wp-block-columns-is-layout-flex\" style=\"padding-top:var(--wp--preset--spacing--40);padding-bottom:var(--wp--preset--spacing--40)\">\n<div class=\"wp-block-column has-border-color has-ast-global-color-8-border-color is-layout-flow wp-block-column-is-layout-flow\" style=\"border-width:1px\">\n<h6 class=\"wp-block-heading\"><strong>Primer A\u00f1o<\/strong><\/h6>\n\n\n\n<p>&#8211; Bot\u00e1nica<br>&#8211; Clima y Suelos<br>&#8211; Dibujo t\u00e9cnico e Introducci\u00f3n al Dise\u00f1o<br>&#8211; Jardiner\u00eda I<br>&#8211; Fisiolog\u00eda Vegetal<br>&#8211; Sanidad Vegetal<br>&#8211; Floricultura I<br>&#8211; Taller de Pr\u00e1ctica Integradora I<\/p>\n<\/div>\n\n\n\n<div class=\"wp-block-column has-border-color has-ast-global-color-8-border-color is-layout-flow wp-block-column-is-layout-flow\" style=\"border-width:1px\">\n<h6 class=\"wp-block-heading\"><strong>Segundo A\u00f1o<\/strong><\/h6>\n\n\n\n<p>&#8211; Floricultura II<br>&#8211; Arbolado Urbano<br>&#8211; Seminario I<br>&#8211; Jardiner\u00eda II<br>&#8211; Instalaciones y Herramientas para Jardiner\u00eda<br>&#8211; Floricultura III<br>&#8211; Comercializaci\u00f3n<br>&#8211; Taller de Pr\u00e1ctica Integradora II<\/p>\n<\/div>\n\n\n\n<div class=\"wp-block-column has-border-color has-black-border-color is-layout-flow wp-block-column-is-layout-flow\" style=\"border-width:1px\">\n<h6 class=\"wp-block-heading\"><strong>Tercer A\u00f1o<\/strong><\/h6>\n\n\n\n<p>&#8211; Seminario II<br>&#8211; Dise\u00f1o de Parques y Jardines<br>&#8211; Mejoramiento de Especies Florales y Ornamentales<br>&#8211; Plantas para interiores<br>&#8211; Seminario III<br>&#8211; Taller de Pr\u00e1ctica Integradora III<\/p>\n<\/div>\n<\/div>\n","protected":false},"excerpt":{"rendered":"<p>T\u00edtulo: T\u00e9cnico Universitario en Parques, Jardines y Floricultura&nbsp;(Resoluci\u00f3n Ministerial:&nbsp;R.M.283\/03&nbsp;&#8211; Plan de estudio:&nbsp;Ord.C.S.11\/97&nbsp;&#8211; Correlatividades:&nbsp;Ord.C.S.21\/13) Duraci\u00f3n: 3 a\u00f1os Objetivos Alcances del t\u00edtulo [&hellip;]<\/p>\n","protected":false},"author":1,"featured_media":0,"parent":0,"menu_order":0,"comment_status":"closed","ping_status":"closed","template":"","meta":{"site-sidebar-layout":"default","site-content-layout":"","ast-site-content-layout":"default","site-content-style":"default","site-sidebar-style":"default","ast-global-header-display":"","ast-banner-title-visibility":"","ast-main-header-display":"","ast-hfb-above-header-display":"","ast-hfb-below-header-display":"","ast-hfb-mobile-header-display":"","site-post-title":"","ast-breadcrumbs-content":"","ast-featured-img":"","footer-sml-layout":"","theme-transparent-header-meta":"","adv-header-id-meta":"","stick-header-meta":"","header-above-stick-meta":"","header-main-stick-meta":"","header-below-stick-meta":"","astra-migrate-meta-layouts":"default","ast-page-background-enabled":"default","ast-page-background-meta":{"desktop":{"background-color":"var(--ast-global-color-5)","background-image":"","background-repeat":"repeat","background-position":"center center","background-size":"auto","background-attachment":"scroll","background-type":"","background-media":"","overlay-type":"","overlay-color":"","overlay-opacity":"","overlay-gradient":""},"tablet":{"background-color":"","background-image":"","background-repeat":"repeat","background-position":"center center","background-size":"auto","background-attachment":"scroll","background-type":"","background-media":"","overlay-type":"","overlay-color":"","overlay-opacity":"","overlay-gradient":""},"mobile":{"background-color":"","background-image":"","background-repeat":"repeat","background-position":"center center","background-size":"auto","background-attachment":"scroll","background-type":"","background-media":"","overlay-type":"","overlay-color":"","overlay-opacity":"","overlay-gradient":""}},"ast-content-background-meta":{"desktop":{"background-color":"var(--ast-global-color-4)","background-image":"","background-repeat":"repeat","background-position":"center center","background-size":"auto","background-attachment":"scroll","background-type":"","background-media":"","overlay-type":"","overlay-color":"","overlay-opacity":"","overlay-gradient":""},"tablet":{"background-color":"var(--ast-global-color-4)","background-image":"","background-repeat":"repeat","background-position":"center center","background-size":"auto","background-attachment":"scroll","background-type":"","background-media":"","overlay-type":"","overlay-color":"","overlay-opacity":"","overlay-gradient":""},"mobile":{"background-color":"var(--ast-global-color-4)","background-image":"","background-repeat":"repeat","background-position":"center center","background-size":"auto","background-attachment":"scroll","background-type":"","background-media":"","overlay-type":"","overlay-color":"","overlay-opacity":"","overlay-gradient":""}},"footnotes":"","_links_to":"","_links_to_target":""},"class_list":["post-1289","page","type-page","status-publish","hentry"],"rttpg_featured_image_url":null,"rttpg_author":{"display_name":"ftu","author_link":"http:\/\/ftuvz.unsl.edu.ar\/index.php\/author\/ftu\/"},"rttpg_comment":0,"rttpg_category":null,"rttpg_excerpt":"T\u00edtulo: T\u00e9cnico Universitario en Parques, Jardines y Floricultura&nbsp;(Resoluci\u00f3n Ministerial:&nbsp;R.M.283\/03&nbsp;&#8211; Plan de estudio:&nbsp;Ord.C.S.11\/97&nbsp;&#8211; Correlatividades:&nbsp;Ord.C.S.21\/13) Duraci\u00f3n: 3 a\u00f1os Objetivos Alcances del t\u00edtulo [&hellip;]","_links":{"self":[{"href":"http:\/\/ftuvz.unsl.edu.ar\/index.php\/wp-json\/wp\/v2\/pages\/1289","targetHints":{"allow":["GET"]}}],"collection":[{"href":"http:\/\/ftuvz.unsl.edu.ar\/index.php\/wp-json\/wp\/v2\/pages"}],"about":[{"href":"http:\/\/ftuvz.unsl.edu.ar\/index.php\/wp-json\/wp\/v2\/types\/page"}],"author":[{"embeddable":true,"href":"http:\/\/ftuvz.unsl.edu.ar\/index.php\/wp-json\/wp\/v2\/users\/1"}],"replies":[{"embeddable":true,"href":"http:\/\/ftuvz.unsl.edu.ar\/index.php\/wp-json\/wp\/v2\/comments?post=1289"}],"version-history":[{"count":7,"href":"http:\/\/ftuvz.unsl.edu.ar\/index.php\/wp-json\/wp\/v2\/pages\/1289\/revisions"}],"predecessor-version":[{"id":1372,"href":"http:\/\/ftuvz.unsl.edu.ar\/index.php\/wp-json\/wp\/v2\/pages\/1289\/revisions\/1372"}],"wp:attachment":[{"href":"http:\/\/ftuvz.unsl.edu.ar\/index.php\/wp-json\/wp\/v2\/media?parent=1289"}],"curies":[{"name":"wp","href":"https:\/\/api.w.org\/{rel}","templated":true}]}}