{"id":1273,"date":"2025-09-29T11:10:23","date_gmt":"2025-09-29T14:10:23","guid":{"rendered":"http:\/\/ftuvz.unsl.edu.ar\/?page_id=1273"},"modified":"2025-09-30T09:31:06","modified_gmt":"2025-09-30T12:31:06","slug":"tecnicatura-universitaria-en-gestion-hotelera-tugh","status":"publish","type":"page","link":"http:\/\/ftuvz.unsl.edu.ar\/index.php\/tecnicatura-universitaria-en-gestion-hotelera-tugh\/","title":{"rendered":"Tecnicatura Universitaria en Gesti\u00f3n Hotelera (TUGH)"},"content":{"rendered":"\n<figure class=\"wp-block-image aligncenter size-full is-resized\"><img loading=\"lazy\" decoding=\"async\" width=\"834\" height=\"834\" src=\"http:\/\/ftuvz.unsl.edu.ar\/wp-content\/uploads\/2025\/09\/Carreras-de-Pregrado.png\" alt=\"\" class=\"wp-image-123\" style=\"object-fit:cover;width:150px;height:150px\" srcset=\"http:\/\/ftuvz.unsl.edu.ar\/wp-content\/uploads\/2025\/09\/Carreras-de-Pregrado.png 834w, http:\/\/ftuvz.unsl.edu.ar\/wp-content\/uploads\/2025\/09\/Carreras-de-Pregrado-300x300.png 300w, http:\/\/ftuvz.unsl.edu.ar\/wp-content\/uploads\/2025\/09\/Carreras-de-Pregrado-150x150.png 150w, http:\/\/ftuvz.unsl.edu.ar\/wp-content\/uploads\/2025\/09\/Carreras-de-Pregrado-768x768.png 768w\" sizes=\"auto, (max-width: 834px) 100vw, 834px\" \/><\/figure>\n\n\n\n<h5 class=\"wp-block-heading\">T\u00edtulo: T\u00e9cnico Universitario en Gesti\u00f3n Hotelera&nbsp;<small>(Resoluci\u00f3n Ministerial:&nbsp;<a href=\"\/wp-content\/uploads\/Planes-de-estudios\/RME-1569-04-TUGH.pdf\" target=\"_blank\" rel=\"noreferrer noopener\">R.M.1569\/04<\/a>&nbsp;&#8211; Plan de estudio:&nbsp;<a href=\"\/wp-content\/uploads\/Planes-de-estudios\/OCS-29-04-TUGH.pdf\" target=\"_blank\" rel=\"noreferrer noopener\">Ord.C.S.29\/04<\/a>&nbsp;&#8211; Correlatividades:&nbsp;<a href=\"\/wp-content\/uploads\/Planes-de-estudios\/OCS-39-12-TUGH.pdf\">Ord.C.S.39\/12<\/a>&nbsp;&#8211; R\u00e9gimen de pr\u00e1cticas Pre profesionales y Laborales&nbsp;<a href=\"\/wp-content\/uploads\/Planes-de-estudios\/Ord-D-4-21-Reglamento-Practicas-PreProf-TUGT-TUGH.pdf\">Ord.D.4\/21<\/a>)<\/small><\/h5>\n\n\n\n<h5 class=\"wp-block-heading\">Duraci\u00f3n: 3 a\u00f1os<\/h5>\n\n\n\n<h5 class=\"wp-block-heading\">Objetivos<\/h5>\n\n\n\n<ul class=\"wp-block-list\">\n<li>Obtener un conocimiento de las complejizaciones de la actividad a lo largo del tiempo de acuerdo con los cambios tecnol\u00f3gicos y de las condiciones socio-t\u00e9cnico-econ\u00f3micas, como as\u00ed tambi\u00e9n el estado actual del sector y las tendencias futuras.<\/li>\n<\/ul>\n\n\n\n<ul class=\"wp-block-list\">\n<li>Lograr la idoneidad en el manejo de las pr\u00e1cticas y las t\u00e9cnicas que posibiliten una gesti\u00f3n profesional de la actividad.<\/li>\n<\/ul>\n\n\n\n<ul class=\"wp-block-list\">\n<li>Integrarse a grupos de trabajo con el objetivo de lograr una labor conjunta desde un enfoque interdisciplinario.<\/li>\n<\/ul>\n\n\n\n<ul class=\"wp-block-list\">\n<li>Dominar los procedimientos conducentes al dise\u00f1o e implementaci\u00f3n de acciones y obras de mejoramiento de servicios hoteleros tendientes a incrementar la calidad de la vida humana.<\/li>\n<\/ul>\n\n\n\n<ul class=\"wp-block-list\">\n<li>Desarrollar la capacidad para elevar la calidad de la presentaci\u00f3n de servicios en la empresa hotelera.<\/li>\n<\/ul>\n\n\n\n<h5 class=\"wp-block-heading\">Alcances del t\u00edtulo<\/h5>\n\n\n\n<ul class=\"wp-block-list\">\n<li>Administrar las distintas \u00e1reas de la empresa hotelera, a partir de los objetivos generales del establecimiento, asegurando la acogida y atenci\u00f3n del cliente y la correcta presentaci\u00f3n de los servicios, seg\u00fan criterios de eficacia, econom\u00eda y productividad.<\/li>\n<\/ul>\n\n\n\n<ul class=\"wp-block-list\">\n<li>Organizar y gestionar el servicio de recepci\u00f3n, conserjer\u00eda y comunicaciones.<\/li>\n<\/ul>\n\n\n\n<ul class=\"wp-block-list\">\n<li>Organizar y supervisar las tareas de limpieza, lavado, arreglo y puesta a punto, relativas al servicio de pisos, aseos p\u00fablicos, lavander\u00eda y lencer\u00eda, de una instalaci\u00f3n de alojamiento.<\/li>\n<\/ul>\n\n\n\n<ul class=\"wp-block-list\">\n<li>Programar y realizar el procedimiento de compras, su almacenamiento y su distribuci\u00f3n interna.<\/li>\n<\/ul>\n\n\n\n<ul class=\"wp-block-list\">\n<li>Realizar acciones encaminadas a la elaboraci\u00f3n del plan de marketing, publicidad y promoci\u00f3n del establecimiento.<\/li>\n<\/ul>\n\n\n\n<ul class=\"wp-block-list\">\n<li>Asistir en la programaci\u00f3n y realizaci\u00f3n de acciones de mantenimiento y reparaci\u00f3n de instalaciones.<\/li>\n<\/ul>\n\n\n\n<ul class=\"wp-block-list\">\n<li>Programar y organizar en el hotel, actividades recreativas.<\/li>\n<\/ul>\n\n\n\n<ul class=\"wp-block-list\">\n<li>Colaborara en el dise\u00f1o de los procedimientos administrativos de aplicaci\u00f3n en la empresa hotelera.<\/li>\n<\/ul>\n\n\n\n<ul class=\"wp-block-list\">\n<li>Colaborar en el proyecto de organizaci\u00f3n de los espacios y de equipamientos espec\u00edfico del hotel.<\/li>\n<\/ul>\n\n\n\n<ul class=\"wp-block-list\">\n<li>Asistir en la elaboraci\u00f3n de instrucciones y procedimientos relacionados con el aseguramiento de la calidad.<\/li>\n<\/ul>\n\n\n\n<ul class=\"wp-block-list\">\n<li>Integrar el equipo de mandos intermedios de un establecimiento hotelero.<\/li>\n<\/ul>\n\n\n\n<ul class=\"wp-block-list\">\n<li>Asistir al nivel directivo en la funci\u00f3n de toma de decisiones, colaborando en la coordinaci\u00f3n del servicio integral del establecimiento, en definici\u00f3n de objetivos, planes y presupuestos departamentales, en los cambios de organizaci\u00f3n y en la puesta en marcha de nuevos procedimientos de trabajo.<\/li>\n<\/ul>\n\n\n\n<div class=\"wp-block-columns is-layout-flex wp-container-core-columns-is-layout-7abde1fe wp-block-columns-is-layout-flex\" style=\"padding-top:var(--wp--preset--spacing--40);padding-bottom:var(--wp--preset--spacing--40)\">\n<div class=\"wp-block-column has-border-color has-ast-global-color-8-border-color is-layout-flow wp-block-column-is-layout-flow\" style=\"border-width:1px\">\n<h6 class=\"wp-block-heading\"><strong>Primer A\u00f1o<\/strong><\/h6>\n\n\n\n<p>&#8211; Taller de Comunicaci\u00f3n Oral y Escrita<br>&#8211; Teor\u00eda y T\u00e9cnica del Turismo<br>&#8211; Geograf\u00eda Tur\u00edstica Argentina<br>&#8211; Teor\u00eda de las Organizaciones<br>&#8211; Ingl\u00e9s I<br>&#8211; Computaci\u00f3n<br>&#8211; Contabilidad General<br>&#8211; Ingl\u00e9s II<br>&#8211; Administraci\u00f3n Hotelera I<\/p>\n<\/div>\n\n\n\n<div class=\"wp-block-column has-border-color has-ast-global-color-8-border-color is-layout-flow wp-block-column-is-layout-flow\" style=\"border-width:1px\">\n<h6 class=\"wp-block-heading\"><strong>Segundo A\u00f1o<\/strong><\/h6>\n\n\n\n<p>&#8211; Taller de din\u00e1mica de grupos<br>&#8211; Administraci\u00f3n de personal<br>&#8211; Gesti\u00f3n de alimentos y bebidas<br>&#8211; Ingl\u00e9s III<br>&#8211; Portugu\u00e9s I<br>&#8211; Administraci\u00f3n hotelera II<br>&#8211; Legislaci\u00f3n tur\u00edstica<br>&#8211; Costos<br>&#8211; Ingl\u00e9s IV<br>&#8211; Portugu\u00e9s II<br>&#8211; Gesti\u00f3n de alimentos y bebidas II<br>&#8211; Seguridad y mantenimiento<br>&#8211; Pr\u00e1ctica pre-profesional I<\/p>\n<\/div>\n\n\n\n<div class=\"wp-block-column has-border-color has-black-border-color is-layout-flow wp-block-column-is-layout-flow\" style=\"border-width:1px\">\n<h6 class=\"wp-block-heading\"><strong>Tercer A\u00f1o<\/strong><\/h6>\n\n\n\n<p>&#8211; Comercializaci\u00f3n Tur\u00edstica<br>&#8211; Ingl\u00e9s V<br>&#8211; Portugu\u00e9s III<br>&#8211; T\u00e9cnicas de Recreaci\u00f3n<br>&#8211; Estad\u00edstica Descriptiva Aplicada<br>&#8211; Administraci\u00f3n Hotelera III<br>&#8211; Control de Gesti\u00f3n<br>&#8211; Ingl\u00e9s VI<br>&#8211; Portugu\u00e9s IV<br>&#8211; Relaciones p\u00fablicas y protocolo<br>&#8211; \u00c9tica y pr\u00e1ctica profesional<br>-Pr\u00e1ctica Pre-Profesional II<\/p>\n<\/div>\n<\/div>\n\n\n\n<p><\/p>\n","protected":false},"excerpt":{"rendered":"<p>T\u00edtulo: T\u00e9cnico Universitario en Gesti\u00f3n Hotelera&nbsp;(Resoluci\u00f3n Ministerial:&nbsp;R.M.1569\/04&nbsp;&#8211; Plan de estudio:&nbsp;Ord.C.S.29\/04&nbsp;&#8211; Correlatividades:&nbsp;Ord.C.S.39\/12&nbsp;&#8211; R\u00e9gimen de pr\u00e1cticas Pre profesionales y Laborales&nbsp;Ord.D.4\/21) Duraci\u00f3n: 3 [&hellip;]<\/p>\n","protected":false},"author":1,"featured_media":0,"parent":0,"menu_order":0,"comment_status":"closed","ping_status":"closed","template":"","meta":{"site-sidebar-layout":"default","site-content-layout":"","ast-site-content-layout":"default","site-content-style":"default","site-sidebar-style":"default","ast-global-header-display":"","ast-banner-title-visibility":"","ast-main-header-display":"","ast-hfb-above-header-display":"","ast-hfb-below-header-display":"","ast-hfb-mobile-header-display":"","site-post-title":"","ast-breadcrumbs-content":"","ast-featured-img":"","footer-sml-layout":"","theme-transparent-header-meta":"","adv-header-id-meta":"","stick-header-meta":"","header-above-stick-meta":"","header-main-stick-meta":"","header-below-stick-meta":"","astra-migrate-meta-layouts":"default","ast-page-background-enabled":"default","ast-page-background-meta":{"desktop":{"background-color":"var(--ast-global-color-5)","background-image":"","background-repeat":"repeat","background-position":"center center","background-size":"auto","background-attachment":"scroll","background-type":"","background-media":"","overlay-type":"","overlay-color":"","overlay-opacity":"","overlay-gradient":""},"tablet":{"background-color":"","background-image":"","background-repeat":"repeat","background-position":"center center","background-size":"auto","background-attachment":"scroll","background-type":"","background-media":"","overlay-type":"","overlay-color":"","overlay-opacity":"","overlay-gradient":""},"mobile":{"background-color":"","background-image":"","background-repeat":"repeat","background-position":"center center","background-size":"auto","background-attachment":"scroll","background-type":"","background-media":"","overlay-type":"","overlay-color":"","overlay-opacity":"","overlay-gradient":""}},"ast-content-background-meta":{"desktop":{"background-color":"var(--ast-global-color-4)","background-image":"","background-repeat":"repeat","background-position":"center center","background-size":"auto","background-attachment":"scroll","background-type":"","background-media":"","overlay-type":"","overlay-color":"","overlay-opacity":"","overlay-gradient":""},"tablet":{"background-color":"var(--ast-global-color-4)","background-image":"","background-repeat":"repeat","background-position":"center center","background-size":"auto","background-attachment":"scroll","background-type":"","background-media":"","overlay-type":"","overlay-color":"","overlay-opacity":"","overlay-gradient":""},"mobile":{"background-color":"var(--ast-global-color-4)","background-image":"","background-repeat":"repeat","background-position":"center center","background-size":"auto","background-attachment":"scroll","background-type":"","background-media":"","overlay-type":"","overlay-color":"","overlay-opacity":"","overlay-gradient":""}},"footnotes":"","_links_to":"","_links_to_target":""},"class_list":["post-1273","page","type-page","status-publish","hentry"],"rttpg_featured_image_url":null,"rttpg_author":{"display_name":"ftu","author_link":"http:\/\/ftuvz.unsl.edu.ar\/index.php\/author\/ftu\/"},"rttpg_comment":0,"rttpg_category":null,"rttpg_excerpt":"T\u00edtulo: T\u00e9cnico Universitario en Gesti\u00f3n Hotelera&nbsp;(Resoluci\u00f3n Ministerial:&nbsp;R.M.1569\/04&nbsp;&#8211; Plan de estudio:&nbsp;Ord.C.S.29\/04&nbsp;&#8211; Correlatividades:&nbsp;Ord.C.S.39\/12&nbsp;&#8211; R\u00e9gimen de pr\u00e1cticas Pre profesionales y Laborales&nbsp;Ord.D.4\/21) Duraci\u00f3n: 3 [&hellip;]","_links":{"self":[{"href":"http:\/\/ftuvz.unsl.edu.ar\/index.php\/wp-json\/wp\/v2\/pages\/1273","targetHints":{"allow":["GET"]}}],"collection":[{"href":"http:\/\/ftuvz.unsl.edu.ar\/index.php\/wp-json\/wp\/v2\/pages"}],"about":[{"href":"http:\/\/ftuvz.unsl.edu.ar\/index.php\/wp-json\/wp\/v2\/types\/page"}],"author":[{"embeddable":true,"href":"http:\/\/ftuvz.unsl.edu.ar\/index.php\/wp-json\/wp\/v2\/users\/1"}],"replies":[{"embeddable":true,"href":"http:\/\/ftuvz.unsl.edu.ar\/index.php\/wp-json\/wp\/v2\/comments?post=1273"}],"version-history":[{"count":7,"href":"http:\/\/ftuvz.unsl.edu.ar\/index.php\/wp-json\/wp\/v2\/pages\/1273\/revisions"}],"predecessor-version":[{"id":1368,"href":"http:\/\/ftuvz.unsl.edu.ar\/index.php\/wp-json\/wp\/v2\/pages\/1273\/revisions\/1368"}],"wp:attachment":[{"href":"http:\/\/ftuvz.unsl.edu.ar\/index.php\/wp-json\/wp\/v2\/media?parent=1273"}],"curies":[{"name":"wp","href":"https:\/\/api.w.org\/{rel}","templated":true}]}}