{"id":1264,"date":"2025-09-29T10:59:59","date_gmt":"2025-09-29T13:59:59","guid":{"rendered":"http:\/\/ftuvz.unsl.edu.ar\/?page_id=1264"},"modified":"2025-09-30T09:33:47","modified_gmt":"2025-09-30T12:33:47","slug":"tecnicatura-universitaria-en-gestion-turistica-tugt","status":"publish","type":"page","link":"http:\/\/ftuvz.unsl.edu.ar\/index.php\/tecnicatura-universitaria-en-gestion-turistica-tugt\/","title":{"rendered":"Tecnicatura Universitaria en Gesti\u00f3n Tur\u00edstica (TUGT)"},"content":{"rendered":"\n<figure class=\"wp-block-image aligncenter size-full is-resized\"><img loading=\"lazy\" decoding=\"async\" width=\"834\" height=\"834\" src=\"http:\/\/ftuvz.unsl.edu.ar\/wp-content\/uploads\/2025\/09\/Carreras-de-Pregrado.png\" alt=\"\" class=\"wp-image-123\" style=\"object-fit:cover;width:150px;height:150px\" srcset=\"http:\/\/ftuvz.unsl.edu.ar\/wp-content\/uploads\/2025\/09\/Carreras-de-Pregrado.png 834w, http:\/\/ftuvz.unsl.edu.ar\/wp-content\/uploads\/2025\/09\/Carreras-de-Pregrado-300x300.png 300w, http:\/\/ftuvz.unsl.edu.ar\/wp-content\/uploads\/2025\/09\/Carreras-de-Pregrado-150x150.png 150w, http:\/\/ftuvz.unsl.edu.ar\/wp-content\/uploads\/2025\/09\/Carreras-de-Pregrado-768x768.png 768w\" sizes=\"auto, (max-width: 834px) 100vw, 834px\" \/><\/figure>\n\n\n\n<h5 class=\"wp-block-heading\">T\u00edtulo: T\u00e9cnico Universitario en Gesti\u00f3n Tur\u00edstica&nbsp;<small>(Resoluci\u00f3n Ministerial:&nbsp;<a href=\"\/wp-content\/uploads\/Planes-de-estudios\/RME-917-04-TUGT.pdf\" target=\"_blank\" rel=\"noreferrer noopener\">R.M.917\/04<\/a>&nbsp;&#8211; Plan de estudio:&nbsp;<a href=\"\/wp-content\/uploads\/Planes-de-estudios\/OCS-48-03-TUGT.pdf\" target=\"_blank\" rel=\"noreferrer noopener\">Ord.C.S.48\/03<\/a>&nbsp;y&nbsp;<a href=\"\/wp-content\/uploads\/Planes-de-estudios\/OCS-37-11-TUGT.pdf\" target=\"_blank\" rel=\"noreferrer noopener\">Ord.C.S.37\/11<\/a>&nbsp;&#8211; R\u00e9gimen de pr\u00e1cticas Pre profesionales y Laborales&nbsp;<a href=\"\/wp-content\/uploads\/Planes-de-estudios\/Ord-D-4-21-Reglamento-Practicas-PreProf-TUGT-TUGH.pdf\" target=\"_blank\" rel=\"noreferrer noopener\">Ord.D.4\/21<\/a>)<\/small><\/h5>\n\n\n\n<h5 class=\"wp-block-heading\">Duraci\u00f3n: 3 a\u00f1os<\/h5>\n\n\n\n<h5 class=\"wp-block-heading\">Objetivos<\/h5>\n\n\n\n<ul class=\"wp-block-list\">\n<li>Conocer las complejizaciones de la actividad a lo largo del tiempo, de acuerdo con los cambios tecnol\u00f3gicos y las condiciones socio-t\u00e9cnico- econ\u00f3micas, como as\u00ed tambi\u00e9n el estado actual del sector y las tendencias futuras.<\/li>\n<\/ul>\n\n\n\n<ul class=\"wp-block-list\">\n<li>Lograr la idoneidad en el manejo de las pr\u00e1cticas y las t\u00e9cnicas que posibiliten una gesti\u00f3n profesional de la actividad.<\/li>\n<\/ul>\n\n\n\n<ul class=\"wp-block-list\">\n<li>Integrarse a grupos de trabajo con el objeto de lograr una labor conjunta desde un enfoque interdisciplinario.<\/li>\n<\/ul>\n\n\n\n<ul class=\"wp-block-list\">\n<li>Dominar los procedimientos conducentes al dise\u00f1o e implementaci\u00f3n de acciones y obras de mejoramiento de servicios tur\u00edsticos tendientes a incrementar la calidad de la vida humana, aprovechando el ocio creativo del hombre, en armon\u00eda con el resto de las especies vivientes.<\/li>\n<\/ul>\n\n\n\n<h5 class=\"wp-block-heading\">Alcances del t\u00edtulo<\/h5>\n\n\n\n<p>Los graduados podr\u00e1n:<\/p>\n\n\n\n<ul class=\"wp-block-list\">\n<li>Colaborar en la planificaci\u00f3n, programaci\u00f3n y promoci\u00f3n tur\u00edstica a nivel local, regional y nacional, tanto en la \u00f3rbita p\u00fablica como privada.<\/li>\n<\/ul>\n\n\n\n<ul class=\"wp-block-list\">\n<li>Participar en el asesoramiento a organismos oficiales y no gubernamentales de turismo, en todo lo referido a los aspectos t\u00e9cnicos que correspondan a la actividad del sector.<\/li>\n<\/ul>\n\n\n\n<ul class=\"wp-block-list\">\n<li>Gestionar las distintas actividades tur\u00edsticas: agencias de viajes, empresas de viajes y turismo, operadores tur\u00edsticos, empresas de transporte tur\u00edstico, empresas de asistencia al viajero y obras sociales en su \u00e1rea tur\u00edstica.<\/li>\n<\/ul>\n\n\n\n<ul class=\"wp-block-list\">\n<li>Desempe\u00f1arse en la orientaci\u00f3n y acompa\u00f1amiento de visitantes tur\u00edsticos.<\/li>\n<\/ul>\n\n\n\n<ul class=\"wp-block-list\">\n<li>Participar en la generaci\u00f3n y dise\u00f1o de emprendimientos tur\u00edsticos de peque\u00f1a envergadura.<\/li>\n<\/ul>\n\n\n\n<p>Organizaci\u00f3n curricular<\/p>\n\n\n\n<div class=\"wp-block-columns is-layout-flex wp-container-core-columns-is-layout-7abde1fe wp-block-columns-is-layout-flex\" style=\"padding-top:var(--wp--preset--spacing--40);padding-bottom:var(--wp--preset--spacing--40)\">\n<div class=\"wp-block-column has-border-color has-ast-global-color-8-border-color is-layout-flow wp-block-column-is-layout-flow\" style=\"border-width:1px\">\n<h6 class=\"wp-block-heading\"><strong>Primer A\u00f1o<\/strong><\/h6>\n\n\n\n<p>&#8211; Taller de Comunicaci\u00f3n Oral y Escrita<br>&#8211; Teor\u00eda y T\u00e9cnica del Turismo<br>&#8211; Geograf\u00eda Tur\u00edstica Argentina<br>&#8211; Teor\u00eda de las Organizaciones<br>&#8211; Ingl\u00e9s I<br>&#8211; Computaci\u00f3n<br>&#8211; Contabilidad General<br>&#8211; Ingl\u00e9s II<br>&#8211; An\u00e1lisis de Recursos Tur\u00edsticos Naturales<\/p>\n<\/div>\n\n\n\n<div class=\"wp-block-column has-border-color has-ast-global-color-8-border-color is-layout-flow wp-block-column-is-layout-flow\" style=\"border-width:1px\">\n<h6 class=\"wp-block-heading\"><strong>Segundo A\u00f1o<\/strong><\/h6>\n\n\n\n<p>&#8211; Servicios Tur\u00edsticos<br>&#8211; Taller de Din\u00e1mica de Grupos<br>&#8211; an\u00e1lisis de Recursos Tur\u00edsticos Culturales<br>&#8211; Ingl\u00e9s III<br>&#8211; Portugu\u00e9s I<br>&#8211; Legislaci\u00f3n Tur\u00edstica<br>&#8211; Costos<br>&#8211; Ingl\u00e9s IV<br>&#8211; Portugu\u00e9s II<br>&#8211; Pr\u00e1ctica Pre-Profesional I<\/p>\n<\/div>\n\n\n\n<div class=\"wp-block-column has-border-color has-black-border-color is-layout-flow wp-block-column-is-layout-flow\" style=\"border-width:1px\">\n<h6 class=\"wp-block-heading\"><strong>Tercer A\u00f1o<\/strong><\/h6>\n\n\n\n<p>&#8211; Comercializaci\u00f3n Tur\u00edstica<br>&#8211; Ingl\u00e9s V<br>&#8211; Portugu\u00e9s III<br>&#8211; Estad\u00edstica Descriptiva Aplicada<br>&#8211; Relaciones P\u00fablicas y Protocolo<br>&#8211; Control de Gesti\u00f3n<br>&#8211; Ingl\u00e9s VI<br>&#8211; Portugu\u00e9s IV<br>-Pr\u00e1ctica Pre-Profesional II<\/p>\n<\/div>\n<\/div>\n","protected":false},"excerpt":{"rendered":"<p>T\u00edtulo: T\u00e9cnico Universitario en Gesti\u00f3n Tur\u00edstica&nbsp;(Resoluci\u00f3n Ministerial:&nbsp;R.M.917\/04&nbsp;&#8211; Plan de estudio:&nbsp;Ord.C.S.48\/03&nbsp;y&nbsp;Ord.C.S.37\/11&nbsp;&#8211; R\u00e9gimen de pr\u00e1cticas Pre profesionales y Laborales&nbsp;Ord.D.4\/21) Duraci\u00f3n: 3 a\u00f1os [&hellip;]<\/p>\n","protected":false},"author":1,"featured_media":0,"parent":0,"menu_order":0,"comment_status":"closed","ping_status":"closed","template":"","meta":{"site-sidebar-layout":"default","site-content-layout":"","ast-site-content-layout":"default","site-content-style":"default","site-sidebar-style":"default","ast-global-header-display":"","ast-banner-title-visibility":"","ast-main-header-display":"","ast-hfb-above-header-display":"","ast-hfb-below-header-display":"","ast-hfb-mobile-header-display":"","site-post-title":"","ast-breadcrumbs-content":"","ast-featured-img":"","footer-sml-layout":"","theme-transparent-header-meta":"","adv-header-id-meta":"","stick-header-meta":"","header-above-stick-meta":"","header-main-stick-meta":"","header-below-stick-meta":"","astra-migrate-meta-layouts":"default","ast-page-background-enabled":"default","ast-page-background-meta":{"desktop":{"background-color":"var(--ast-global-color-5)","background-image":"","background-repeat":"repeat","background-position":"center center","background-size":"auto","background-attachment":"scroll","background-type":"","background-media":"","overlay-type":"","overlay-color":"","overlay-opacity":"","overlay-gradient":""},"tablet":{"background-color":"","background-image":"","background-repeat":"repeat","background-position":"center center","background-size":"auto","background-attachment":"scroll","background-type":"","background-media":"","overlay-type":"","overlay-color":"","overlay-opacity":"","overlay-gradient":""},"mobile":{"background-color":"","background-image":"","background-repeat":"repeat","background-position":"center center","background-size":"auto","background-attachment":"scroll","background-type":"","background-media":"","overlay-type":"","overlay-color":"","overlay-opacity":"","overlay-gradient":""}},"ast-content-background-meta":{"desktop":{"background-color":"var(--ast-global-color-4)","background-image":"","background-repeat":"repeat","background-position":"center center","background-size":"auto","background-attachment":"scroll","background-type":"","background-media":"","overlay-type":"","overlay-color":"","overlay-opacity":"","overlay-gradient":""},"tablet":{"background-color":"var(--ast-global-color-4)","background-image":"","background-repeat":"repeat","background-position":"center center","background-size":"auto","background-attachment":"scroll","background-type":"","background-media":"","overlay-type":"","overlay-color":"","overlay-opacity":"","overlay-gradient":""},"mobile":{"background-color":"var(--ast-global-color-4)","background-image":"","background-repeat":"repeat","background-position":"center center","background-size":"auto","background-attachment":"scroll","background-type":"","background-media":"","overlay-type":"","overlay-color":"","overlay-opacity":"","overlay-gradient":""}},"footnotes":"","_links_to":"","_links_to_target":""},"class_list":["post-1264","page","type-page","status-publish","hentry"],"rttpg_featured_image_url":null,"rttpg_author":{"display_name":"ftu","author_link":"http:\/\/ftuvz.unsl.edu.ar\/index.php\/author\/ftu\/"},"rttpg_comment":0,"rttpg_category":null,"rttpg_excerpt":"T\u00edtulo: T\u00e9cnico Universitario en Gesti\u00f3n Tur\u00edstica&nbsp;(Resoluci\u00f3n Ministerial:&nbsp;R.M.917\/04&nbsp;&#8211; Plan de estudio:&nbsp;Ord.C.S.48\/03&nbsp;y&nbsp;Ord.C.S.37\/11&nbsp;&#8211; R\u00e9gimen de pr\u00e1cticas Pre profesionales y Laborales&nbsp;Ord.D.4\/21) Duraci\u00f3n: 3 a\u00f1os [&hellip;]","_links":{"self":[{"href":"http:\/\/ftuvz.unsl.edu.ar\/index.php\/wp-json\/wp\/v2\/pages\/1264","targetHints":{"allow":["GET"]}}],"collection":[{"href":"http:\/\/ftuvz.unsl.edu.ar\/index.php\/wp-json\/wp\/v2\/pages"}],"about":[{"href":"http:\/\/ftuvz.unsl.edu.ar\/index.php\/wp-json\/wp\/v2\/types\/page"}],"author":[{"embeddable":true,"href":"http:\/\/ftuvz.unsl.edu.ar\/index.php\/wp-json\/wp\/v2\/users\/1"}],"replies":[{"embeddable":true,"href":"http:\/\/ftuvz.unsl.edu.ar\/index.php\/wp-json\/wp\/v2\/comments?post=1264"}],"version-history":[{"count":8,"href":"http:\/\/ftuvz.unsl.edu.ar\/index.php\/wp-json\/wp\/v2\/pages\/1264\/revisions"}],"predecessor-version":[{"id":1370,"href":"http:\/\/ftuvz.unsl.edu.ar\/index.php\/wp-json\/wp\/v2\/pages\/1264\/revisions\/1370"}],"wp:attachment":[{"href":"http:\/\/ftuvz.unsl.edu.ar\/index.php\/wp-json\/wp\/v2\/media?parent=1264"}],"curies":[{"name":"wp","href":"https:\/\/api.w.org\/{rel}","templated":true}]}}