{"id":1254,"date":"2025-09-29T10:45:52","date_gmt":"2025-09-29T13:45:52","guid":{"rendered":"http:\/\/ftuvz.unsl.edu.ar\/?page_id=1254"},"modified":"2025-09-30T09:32:22","modified_gmt":"2025-09-30T12:32:22","slug":"guia-universitario-de-turismo-gut","status":"publish","type":"page","link":"http:\/\/ftuvz.unsl.edu.ar\/index.php\/guia-universitario-de-turismo-gut\/","title":{"rendered":"Gu\u00eda Universitario de Turismo (GUT)"},"content":{"rendered":"\n<figure class=\"wp-block-image aligncenter size-full is-resized\"><img loading=\"lazy\" decoding=\"async\" width=\"834\" height=\"834\" src=\"http:\/\/ftuvz.unsl.edu.ar\/wp-content\/uploads\/2025\/09\/Carreras-de-Pregrado.png\" alt=\"\" class=\"wp-image-123\" style=\"object-fit:cover;width:150px;height:150px\" srcset=\"http:\/\/ftuvz.unsl.edu.ar\/wp-content\/uploads\/2025\/09\/Carreras-de-Pregrado.png 834w, http:\/\/ftuvz.unsl.edu.ar\/wp-content\/uploads\/2025\/09\/Carreras-de-Pregrado-300x300.png 300w, http:\/\/ftuvz.unsl.edu.ar\/wp-content\/uploads\/2025\/09\/Carreras-de-Pregrado-150x150.png 150w, http:\/\/ftuvz.unsl.edu.ar\/wp-content\/uploads\/2025\/09\/Carreras-de-Pregrado-768x768.png 768w\" sizes=\"auto, (max-width: 834px) 100vw, 834px\" \/><\/figure>\n\n\n\n<h5 class=\"wp-block-heading\">T\u00edtulo: Gu\u00eda Universitario de Turismo&nbsp;<small>(Resoluci\u00f3n Ministerial:&nbsp;<a href=\"\/wp-content\/uploads\/Planes-de-estudios\/RME-1289-08-GUT.pdf\">R.M.1289\/08<\/a>&nbsp;&#8211; Plan de estudio:&nbsp;<a href=\"https:\/\/notif-vz.unsl.edu.ar\/uploads\/90346\/OCS_18-24_EXP_16394-22.pdf\" target=\"_blank\" rel=\"noreferrer noopener\">Ord.C.S. 18\/24<\/a> &nbsp;y &nbsp;<a href=\"http:\/\/digesto.unsl.edu.ar\/docs\/202312\/20231219132029_12941.pdf\" target=\"_blank\" rel=\"noreferrer noopener\">Ord.C.D. 6\/23<\/a>)<br>Correlatividades&nbsp;<a href=\"https:\/\/notif-vz.unsl.edu.ar\/uploads\/90346\/OCS_19-24_EXP_16394-22.pdf\" target=\"_blank\" rel=\"noreferrer noopener\">Ord.C.S.19\/24<\/a><br>Plan de Transici\u00f3n entre Planes de Estudios Ord.C.S.14\/08 y Ord.C.D.6\/23:&nbsp;<a href=\"https:\/\/notif-vz.unsl.edu.ar\/uploads\/109403\/OCD_8-23.pdf\" target=\"_blank\" rel=\"noreferrer noopener\">Ord.C.D.8\/23<\/a>&nbsp;y&nbsp;<a href=\"https:\/\/notif-vz.unsl.edu.ar\/uploads\/109358\/OCS_50-24_-_GUT_PLAN_TRANSICION.pdf\" target=\"_blank\" rel=\"noreferrer noopener\">Ord.C.S.50\/24<\/a><br>Plan de estudio y Correlatividades 2008:&nbsp;<a href=\"\/wp-content\/uploads\/Planes-de-estudios\/OCS-14-08-GUT.pdf\" target=\"_blank\" rel=\"noreferrer noopener\">Ord.C.S. 14\/08<\/a><\/small><\/h5>\n\n\n\n<h5 class=\"wp-block-heading\">Duraci\u00f3n: 3 a\u00f1os<\/h5>\n\n\n\n<h5 class=\"wp-block-heading\">Objetivos<\/h5>\n\n\n\n<p>Formar profesionales capacitados para:<\/p>\n\n\n\n<ul class=\"wp-block-list\">\n<li>Actuar como facilitadores-mediadores en el intercambio con visitantes y residentes resguardando el patrimonio natural y cultural.<\/li>\n<\/ul>\n\n\n\n<ul class=\"wp-block-list\">\n<li>Realizar relevamientos de informaci\u00f3n y selecci\u00f3n de datos poniendo en valor a los atractivos tur\u00edsticos del \u00e1rea de desempe\u00f1o de una manera comprometida con el desarrollo local, los valores culturales y su identidad.<\/li>\n<\/ul>\n\n\n\n<ul class=\"wp-block-list\">\n<li>Integrar desde un enfoque sist\u00e9mico las dimensiones culturales, ambientales, econ\u00f3micas e hist\u00f3ricas.<\/li>\n<\/ul>\n\n\n\n<h5 class=\"wp-block-heading\">Alcances del t\u00edtulo<\/h5>\n\n\n\n<ul class=\"wp-block-list\">\n<li>El Gu\u00eda Universitario de Turismo se encuentra competente para:<\/li>\n<\/ul>\n\n\n\n<ul class=\"wp-block-list\">\n<li>Guiar en sitios patrimoniales naturales y\/o culturales, ciudades, museos y \u00e1reas protegidas.<\/li>\n<\/ul>\n\n\n\n<ul class=\"wp-block-list\">\n<li>Coordinar grupos para agencias de viaje, hoteles y\/o empresas de transporte.<\/li>\n<\/ul>\n\n\n\n<ul class=\"wp-block-list\">\n<li>Informar, asesorar y orientar a turistas, visitantes y\/o residentes.<\/li>\n<\/ul>\n\n\n\n<ul class=\"wp-block-list\">\n<li>Colaborar en la recepci\u00f3n de grupos de turistas, visitantes y\/o residentes en instituciones oficiales y\/o privadas.<\/li>\n<\/ul>\n\n\n\n<ul class=\"wp-block-list\">\n<li>Realizar actividades de recreaci\u00f3n con turistas, visitantes y\/o residentes.<\/li>\n<\/ul>\n\n\n\n<p><\/p>\n\n\n\n<p>Organizaci\u00f3n curricular&nbsp;Plan de estudio&nbsp;<a href=\"https:\/\/notif-vz.unsl.edu.ar\/uploads\/90346\/OCS_18-24_EXP_16394-22.pdf\" target=\"_blank\" rel=\"noreferrer noopener\">Ord.C.S. 18\/24<\/a>&nbsp;y&nbsp;<a href=\"http:\/\/digesto.unsl.edu.ar\/docs\/202312\/20231219132029_12941.pdf\" target=\"_blank\" rel=\"noreferrer noopener\">Ord.C.D. 6\/23<\/a><\/p>\n\n\n\n<div class=\"wp-block-columns is-layout-flex wp-container-core-columns-is-layout-7abde1fe wp-block-columns-is-layout-flex\" style=\"padding-top:var(--wp--preset--spacing--40);padding-bottom:var(--wp--preset--spacing--40)\">\n<div class=\"wp-block-column has-border-color has-ast-global-color-8-border-color is-layout-flow wp-block-column-is-layout-flow\" style=\"border-width:1px\">\n<h6 class=\"wp-block-heading\"><strong>Primer A\u00f1o<\/strong><\/h6>\n\n\n\n<p>&#8211; Comunicaci\u00f3n<br>&#8211; Teor\u00eda y T\u00e9cnica del Turismo<br>&#8211; Introducci\u00f3n a la Geograf\u00eda<br>&#8211; Din\u00e1mica de Grupos<br>&#8211; Antropolog\u00eda Cultural<br>&#8211; Din\u00e1mica y Recreaci\u00f3n de los Grupos<br>&#8211; Geograf\u00eda Tur\u00edstica Argentina<br>&#8211; Historia Argentina y Latinoamericana<br>&#8211; Inform\u00e1tica Aplicada<br>&#8211; Introducci\u00f3n al Guiado Tur\u00edstico<\/p>\n<\/div>\n\n\n\n<div class=\"wp-block-column has-border-color has-ast-global-color-8-border-color is-layout-flow wp-block-column-is-layout-flow\" style=\"border-width:1px\">\n<h6 class=\"wp-block-heading\"><strong>Segundo A\u00f1o<\/strong><\/h6>\n\n\n\n<p>&#8211; Ecolog\u00eda Aplicada al Turismo<br>&#8211; Recursos Tur\u00edsticos Nacionales I<br>&#8211; Geotecnolog\u00edas aplicadas al Turismo<br>&#8211; Pr\u00e1ctica de Guiado I<br>&#8211; Legislaci\u00f3n Tur\u00edstica<br>&#8211; Turismo de Naturaleza<br>&#8211; Recursos Tur\u00edsticos Nacionales II<br>&#8211; Ingl\u00e9s I<br>&#8211; Portugu\u00e9s I<br>&#8211; Pr\u00e1ctica de Guiado II<\/p>\n<\/div>\n\n\n\n<div class=\"wp-block-column has-border-color has-black-border-color is-layout-flow wp-block-column-is-layout-flow\" style=\"border-width:1px\">\n<h6 class=\"wp-block-heading\"><strong>Tercer A\u00f1o<\/strong><\/h6>\n\n\n\n<p>&#8211; Ingl\u00e9s II<br>&#8211; Portugu\u00e9s II<br>&#8211; Recursos y Patrimonios Culturales<br>&#8211; Recursos Tur\u00edsticos Regionales<br>&#8211; Folklore Argentino<br>&#8211; Pr\u00e1ctica de Guiado III<br>&#8211; Ingl\u00e9s III<br>&#8211; \u00c9tica y Deontolog\u00eda Profesional<br>&#8211; Seminario de Animaci\u00f3n Tur\u00edstica<br>&#8211; Flora y Fauna<br>&#8211; Pr\u00e1ctica Integradora<\/p>\n<\/div>\n<\/div>\n\n\n\n<p><\/p>\n\n\n\n<p>Organizaci\u00f3n curricular&nbsp;Plan de estudio y Correlatividades 2008&nbsp;<a href=\"http:\/\/ftu.unsl.edu.ar\/pags\/Normativa\/Reglamentos\/OCS-14-08-GUT.pdf\" target=\"_blank\" rel=\"noreferrer noopener\">Ord.C.S. 14\/08<\/a><\/p>\n\n\n\n<div class=\"wp-block-columns is-layout-flex wp-container-core-columns-is-layout-7abde1fe wp-block-columns-is-layout-flex\" style=\"padding-top:var(--wp--preset--spacing--40);padding-bottom:var(--wp--preset--spacing--40)\">\n<div class=\"wp-block-column has-border-color has-ast-global-color-8-border-color is-layout-flow wp-block-column-is-layout-flow\" style=\"border-width:1px\">\n<h6 class=\"wp-block-heading\"><strong>Primer A\u00f1o<\/strong><\/h6>\n\n\n\n<p>&#8211; Taller de Comunicaci\u00f3n Oral y Escrita<br>&#8211; Teor\u00eda y T\u00e9cnica del Turismo<br>&#8211; Geograf\u00eda Tur\u00edstica Argentina<br>&#8211; Din\u00e1mica y Recreaci\u00f3n de los Grupos<br>&#8211; Ingl\u00e9s I<br>&#8211; Inform\u00e1tica<br>&#8211; Pr\u00e1ctica I<br>&#8211; Ingl\u00e9s II<br>&#8211; Primeros Auxilios<\/p>\n<\/div>\n\n\n\n<div class=\"wp-block-column has-border-color has-ast-global-color-8-border-color is-layout-flow wp-block-column-is-layout-flow\" style=\"border-width:1px\">\n<h6 class=\"wp-block-heading\"><strong>Segundo A\u00f1o<\/strong><\/h6>\n\n\n\n<p>&#8211; Turismo y Naturaleza<br>&#8211; Antropolog\u00eda Cultural<br>&#8211; Recursos Tur\u00edsticos Nacionales<br>&#8211; Ingl\u00e9s III<br>&#8211; Portugu\u00e9s I<br>&#8211; Geotecnolog\u00edas aplicadas al Turismo<br>&#8211; Pr\u00e1ctica II<br>&#8211; Ingl\u00e9s IV<br>&#8211; Portugu\u00e9s II<br>&#8211; T\u00e9cnicas de Supervivencia<br>&#8211; Legislaci\u00f3n Tur\u00edstica<\/p>\n<\/div>\n\n\n\n<div class=\"wp-block-column has-border-color has-black-border-color is-layout-flow wp-block-column-is-layout-flow\" style=\"border-width:1px\">\n<h6 class=\"wp-block-heading\"><strong>Tercer A\u00f1o<\/strong><\/h6>\n\n\n\n<p>&#8211; Cultura y Sociedad<br>&#8211; Flora y Fauna Regional<br>&#8211; Ingl\u00e9s V<br>&#8211; Portugu\u00e9s III<br>&#8211; Folklore Argentino<br>&#8211; Pr\u00e1ctica III<br>&#8211; Recursos Tur\u00edsticos Regionales<br>&#8211; \u00c9tica y Deontolog\u00eda Profesional<br>&#8211; Relaciones P\u00fablicas y Protocolo<br>&#8211; Ingl\u00e9s VI<br>&#8211; Portugu\u00e9s IV<br>&#8211; Seminario de Animaci\u00f3n Tur\u00edstica<\/p>\n<\/div>\n<\/div>\n","protected":false},"excerpt":{"rendered":"<p>T\u00edtulo: Gu\u00eda Universitario de Turismo&nbsp;(Resoluci\u00f3n Ministerial:&nbsp;R.M.1289\/08&nbsp;&#8211; Plan de estudio:&nbsp;Ord.C.S. 18\/24 &nbsp;y &nbsp;Ord.C.D. 6\/23)Correlatividades&nbsp;Ord.C.S.19\/24Plan de Transici\u00f3n entre Planes de Estudios Ord.C.S.14\/08 [&hellip;]<\/p>\n","protected":false},"author":1,"featured_media":0,"parent":0,"menu_order":0,"comment_status":"closed","ping_status":"closed","template":"","meta":{"site-sidebar-layout":"default","site-content-layout":"","ast-site-content-layout":"default","site-content-style":"default","site-sidebar-style":"default","ast-global-header-display":"","ast-banner-title-visibility":"","ast-main-header-display":"","ast-hfb-above-header-display":"","ast-hfb-below-header-display":"","ast-hfb-mobile-header-display":"","site-post-title":"","ast-breadcrumbs-content":"","ast-featured-img":"","footer-sml-layout":"","theme-transparent-header-meta":"","adv-header-id-meta":"","stick-header-meta":"","header-above-stick-meta":"","header-main-stick-meta":"","header-below-stick-meta":"","astra-migrate-meta-layouts":"default","ast-page-background-enabled":"default","ast-page-background-meta":{"desktop":{"background-color":"var(--ast-global-color-5)","background-image":"","background-repeat":"repeat","background-position":"center center","background-size":"auto","background-attachment":"scroll","background-type":"","background-media":"","overlay-type":"","overlay-color":"","overlay-opacity":"","overlay-gradient":""},"tablet":{"background-color":"","background-image":"","background-repeat":"repeat","background-position":"center center","background-size":"auto","background-attachment":"scroll","background-type":"","background-media":"","overlay-type":"","overlay-color":"","overlay-opacity":"","overlay-gradient":""},"mobile":{"background-color":"","background-image":"","background-repeat":"repeat","background-position":"center center","background-size":"auto","background-attachment":"scroll","background-type":"","background-media":"","overlay-type":"","overlay-color":"","overlay-opacity":"","overlay-gradient":""}},"ast-content-background-meta":{"desktop":{"background-color":"var(--ast-global-color-4)","background-image":"","background-repeat":"repeat","background-position":"center center","background-size":"auto","background-attachment":"scroll","background-type":"","background-media":"","overlay-type":"","overlay-color":"","overlay-opacity":"","overlay-gradient":""},"tablet":{"background-color":"var(--ast-global-color-4)","background-image":"","background-repeat":"repeat","background-position":"center center","background-size":"auto","background-attachment":"scroll","background-type":"","background-media":"","overlay-type":"","overlay-color":"","overlay-opacity":"","overlay-gradient":""},"mobile":{"background-color":"var(--ast-global-color-4)","background-image":"","background-repeat":"repeat","background-position":"center center","background-size":"auto","background-attachment":"scroll","background-type":"","background-media":"","overlay-type":"","overlay-color":"","overlay-opacity":"","overlay-gradient":""}},"footnotes":"","_links_to":"","_links_to_target":""},"class_list":["post-1254","page","type-page","status-publish","hentry"],"rttpg_featured_image_url":null,"rttpg_author":{"display_name":"ftu","author_link":"http:\/\/ftuvz.unsl.edu.ar\/index.php\/author\/ftu\/"},"rttpg_comment":0,"rttpg_category":null,"rttpg_excerpt":"T\u00edtulo: Gu\u00eda Universitario de Turismo&nbsp;(Resoluci\u00f3n Ministerial:&nbsp;R.M.1289\/08&nbsp;&#8211; Plan de estudio:&nbsp;Ord.C.S. 18\/24 &nbsp;y &nbsp;Ord.C.D. 6\/23)Correlatividades&nbsp;Ord.C.S.19\/24Plan de Transici\u00f3n entre Planes de Estudios Ord.C.S.14\/08 [&hellip;]","_links":{"self":[{"href":"http:\/\/ftuvz.unsl.edu.ar\/index.php\/wp-json\/wp\/v2\/pages\/1254","targetHints":{"allow":["GET"]}}],"collection":[{"href":"http:\/\/ftuvz.unsl.edu.ar\/index.php\/wp-json\/wp\/v2\/pages"}],"about":[{"href":"http:\/\/ftuvz.unsl.edu.ar\/index.php\/wp-json\/wp\/v2\/types\/page"}],"author":[{"embeddable":true,"href":"http:\/\/ftuvz.unsl.edu.ar\/index.php\/wp-json\/wp\/v2\/users\/1"}],"replies":[{"embeddable":true,"href":"http:\/\/ftuvz.unsl.edu.ar\/index.php\/wp-json\/wp\/v2\/comments?post=1254"}],"version-history":[{"count":7,"href":"http:\/\/ftuvz.unsl.edu.ar\/index.php\/wp-json\/wp\/v2\/pages\/1254\/revisions"}],"predecessor-version":[{"id":1369,"href":"http:\/\/ftuvz.unsl.edu.ar\/index.php\/wp-json\/wp\/v2\/pages\/1254\/revisions\/1369"}],"wp:attachment":[{"href":"http:\/\/ftuvz.unsl.edu.ar\/index.php\/wp-json\/wp\/v2\/media?parent=1254"}],"curies":[{"name":"wp","href":"https:\/\/api.w.org\/{rel}","templated":true}]}}