{"id":1169,"date":"2025-09-29T08:25:33","date_gmt":"2025-09-29T11:25:33","guid":{"rendered":"http:\/\/ftuvz.unsl.edu.ar\/?page_id=1169"},"modified":"2025-09-29T08:48:08","modified_gmt":"2025-09-29T11:48:08","slug":"secretaria-de-investigacion-y-posgrado-de-la-ftu-2","status":"publish","type":"page","link":"http:\/\/ftuvz.unsl.edu.ar\/index.php\/secretaria-de-investigacion-y-posgrado-de-la-ftu-2\/","title":{"rendered":"Secretar\u00eda de Investigaci\u00f3n y Posgrado de la FTU"},"content":{"rendered":"\n<p><strong>Secretario:&nbsp;<\/strong>&nbsp;&nbsp;&nbsp;<strong>Dr. Pablo V\u00edctor Perepelizin<\/strong>&nbsp;\u2013 Resoluci\u00f3n:&nbsp;<strong><a href=\"https:\/\/notif-vz.unsl.edu.ar\/uploads\/133961\/RD_189-25.pdf\"><strong>R.C.D. 4\/23<\/strong><\/a><\/strong>&nbsp;\u2013 Contacto:&nbsp;<a href=\"mailto:ftu-secposg@unsl.edu.ar\">ftu-secposg@unsl.edu.ar<\/a><\/p>\n\n\n\n<p><strong>Divisi\u00f3n Investigaci\u00f3n y Posgrado<\/strong>&nbsp;&#8211; Av. del Libertador San Mart\u00edn 721 (esq. Gob. Rufino Lucero) &#8211; Barranca Colorada. Horario de atenci\u00f3n: Lunes a Viernes de 9 a 13hs.<br>Contacto:&nbsp;<a href=\"mailto:ftu.posgrado@gmail.com\">ftu.posgrado@gmail.com<\/a><\/p>\n\n\n\n<p class=\"has-white-color has-text-color has-background has-link-color wp-elements-c741baaeb5dc7406537f69d33d20dbb7\" style=\"background-color:#996a16\"><em><em>&#8211; Comisi\u00f3n Asesora de Investigaci\u00f3n y Posgrado (CAIP) de la FTU<\/em><\/em><\/p>\n\n\n\n<div class=\"wp-block-columns is-layout-flex wp-container-core-columns-is-layout-7b33dff3 wp-block-columns-is-layout-flex\" style=\"margin-top:var(--wp--preset--spacing--50);margin-bottom:var(--wp--preset--spacing--50);padding-top:0;padding-right:0;padding-bottom:0;padding-left:0\">\n<div class=\"wp-block-column has-medium-font-size is-layout-flow wp-block-column-is-layout-flow\" style=\"flex-basis:25%\">\n<p>Res. Consejo Directivo 53\/2203<\/p>\n<\/div>\n\n\n\n<div class=\"wp-block-column is-vertically-aligned-center is-layout-flow wp-block-column-is-layout-flow\" style=\"flex-basis:33.33%\">\n<figure class=\"wp-block-image size-full is-resized\"><a href=\"http:\/\/digesto.unsl.edu.ar\/docs\/202312\/20231222093339_31480.pdf\"><img loading=\"lazy\" decoding=\"async\" width=\"25\" height=\"25\" src=\"http:\/\/ftuvz.unsl.edu.ar\/wp-content\/uploads\/2025\/09\/pdf.gif\" alt=\"\" class=\"wp-image-486\" style=\"width:30px;height:auto\"\/><\/a><\/figure>\n<\/div>\n<\/div>\n\n\n\n<p><strong>Coordinador<\/strong>Pablo V\u00edctor PEREPELIZIN<\/p>\n\n\n\n<p><strong>Integrantes<\/strong>Sonia Fabiana &#8211; Alejandro SUYAMA &#8211; Carlos Ariel BARRETO &#8211; Marcela Mar\u00eda DE LUCA &#8211; \u00c9rico Hern\u00e1n BIANCHI &#8211; Oscar Mart\u00edn MIGUEL<\/p>\n\n\n\n<p class=\"has-white-color has-text-color has-background has-link-color wp-elements-3423ab3d20ce661a03f797b0222508be\" style=\"background-color:#996a16\"><em><em>&#8211; Normativa&#8230;<\/em><\/em><\/p>\n\n\n\n<div class=\"wp-block-columns is-layout-flex wp-container-core-columns-is-layout-7b33dff3 wp-block-columns-is-layout-flex\" style=\"margin-top:var(--wp--preset--spacing--50);margin-bottom:var(--wp--preset--spacing--50);padding-top:0;padding-right:0;padding-bottom:0;padding-left:0\">\n<div class=\"wp-block-column has-medium-font-size is-layout-flow wp-block-column-is-layout-flow\" style=\"flex-basis:45%\">\n<p>Normativa General de la Ense\u00f1anza de Posgrado de la UNSL<\/p>\n<\/div>\n\n\n\n<div class=\"wp-block-column is-vertically-aligned-center is-layout-flow wp-block-column-is-layout-flow\" style=\"flex-basis:33.33%\">\n<figure class=\"wp-block-image size-full is-resized\"><a href=\"\/wp-content\/uploads\/Normativa\/OCS-35-16-Regimen-Posgrado-UNSL.pdf\"><img loading=\"lazy\" decoding=\"async\" width=\"25\" height=\"25\" src=\"http:\/\/ftuvz.unsl.edu.ar\/wp-content\/uploads\/2025\/09\/pdf.gif\" alt=\"\" class=\"wp-image-486\" style=\"width:30px;height:auto\"\/><\/a><\/figure>\n<\/div>\n<\/div>\n\n\n\n<div class=\"wp-block-columns is-layout-flex wp-container-core-columns-is-layout-7b33dff3 wp-block-columns-is-layout-flex\" style=\"margin-top:var(--wp--preset--spacing--50);margin-bottom:var(--wp--preset--spacing--50);padding-top:0;padding-right:0;padding-bottom:0;padding-left:0\">\n<div class=\"wp-block-column has-medium-font-size is-layout-flow wp-block-column-is-layout-flow\" style=\"flex-basis:30%\">\n<p>Sitio web de Posgrado de la UNSL<\/p>\n<\/div>\n\n\n\n<div class=\"wp-block-column is-vertically-aligned-center is-layout-flow wp-block-column-is-layout-flow\" style=\"flex-basis:33.33%\">\n<figure class=\"wp-block-image size-full is-resized\"><a href=\"http:\/\/posgrado.unsl.edu.ar\/\" target=\"_blank\" rel=\" noreferrer noopener\"><img loading=\"lazy\" decoding=\"async\" width=\"40\" height=\"38\" src=\"http:\/\/ftuvz.unsl.edu.ar\/wp-content\/uploads\/2025\/09\/www.png\" alt=\"\" class=\"wp-image-1187\" style=\"width:30px;height:auto\"\/><\/a><\/figure>\n<\/div>\n<\/div>\n","protected":false},"excerpt":{"rendered":"<p>Secretario:&nbsp;&nbsp;&nbsp;&nbsp;Dr. Pablo V\u00edctor Perepelizin&nbsp;\u2013 Resoluci\u00f3n:&nbsp;R.C.D. 4\/23&nbsp;\u2013 Contacto:&nbsp;ftu-secposg@unsl.edu.ar Divisi\u00f3n Investigaci\u00f3n y Posgrado&nbsp;&#8211; Av. del Libertador San Mart\u00edn 721 (esq. Gob. Rufino [&hellip;]<\/p>\n","protected":false},"author":1,"featured_media":0,"parent":0,"menu_order":0,"comment_status":"closed","ping_status":"closed","template":"","meta":{"site-sidebar-layout":"default","site-content-layout":"","ast-site-content-layout":"default","site-content-style":"default","site-sidebar-style":"default","ast-global-header-display":"","ast-banner-title-visibility":"","ast-main-header-display":"","ast-hfb-above-header-display":"","ast-hfb-below-header-display":"","ast-hfb-mobile-header-display":"","site-post-title":"","ast-breadcrumbs-content":"","ast-featured-img":"","footer-sml-layout":"","theme-transparent-header-meta":"","adv-header-id-meta":"","stick-header-meta":"","header-above-stick-meta":"","header-main-stick-meta":"","header-below-stick-meta":"","astra-migrate-meta-layouts":"default","ast-page-background-enabled":"default","ast-page-background-meta":{"desktop":{"background-color":"var(--ast-global-color-5)","background-image":"","background-repeat":"repeat","background-position":"center center","background-size":"auto","background-attachment":"scroll","background-type":"","background-media":"","overlay-type":"","overlay-color":"","overlay-opacity":"","overlay-gradient":""},"tablet":{"background-color":"","background-image":"","background-repeat":"repeat","background-position":"center center","background-size":"auto","background-attachment":"scroll","background-type":"","background-media":"","overlay-type":"","overlay-color":"","overlay-opacity":"","overlay-gradient":""},"mobile":{"background-color":"","background-image":"","background-repeat":"repeat","background-position":"center center","background-size":"auto","background-attachment":"scroll","background-type":"","background-media":"","overlay-type":"","overlay-color":"","overlay-opacity":"","overlay-gradient":""}},"ast-content-background-meta":{"desktop":{"background-color":"var(--ast-global-color-4)","background-image":"","background-repeat":"repeat","background-position":"center center","background-size":"auto","background-attachment":"scroll","background-type":"","background-media":"","overlay-type":"","overlay-color":"","overlay-opacity":"","overlay-gradient":""},"tablet":{"background-color":"var(--ast-global-color-4)","background-image":"","background-repeat":"repeat","background-position":"center center","background-size":"auto","background-attachment":"scroll","background-type":"","background-media":"","overlay-type":"","overlay-color":"","overlay-opacity":"","overlay-gradient":""},"mobile":{"background-color":"var(--ast-global-color-4)","background-image":"","background-repeat":"repeat","background-position":"center center","background-size":"auto","background-attachment":"scroll","background-type":"","background-media":"","overlay-type":"","overlay-color":"","overlay-opacity":"","overlay-gradient":""}},"footnotes":"","_links_to":"","_links_to_target":""},"class_list":["post-1169","page","type-page","status-publish","hentry"],"rttpg_featured_image_url":null,"rttpg_author":{"display_name":"ftu","author_link":"http:\/\/ftuvz.unsl.edu.ar\/index.php\/author\/ftu\/"},"rttpg_comment":0,"rttpg_category":null,"rttpg_excerpt":"Secretario:&nbsp;&nbsp;&nbsp;&nbsp;Dr. Pablo V\u00edctor Perepelizin&nbsp;\u2013 Resoluci\u00f3n:&nbsp;R.C.D. 4\/23&nbsp;\u2013 Contacto:&nbsp;ftu-secposg@unsl.edu.ar Divisi\u00f3n Investigaci\u00f3n y Posgrado&nbsp;&#8211; Av. del Libertador San Mart\u00edn 721 (esq. Gob. Rufino [&hellip;]","_links":{"self":[{"href":"http:\/\/ftuvz.unsl.edu.ar\/index.php\/wp-json\/wp\/v2\/pages\/1169","targetHints":{"allow":["GET"]}}],"collection":[{"href":"http:\/\/ftuvz.unsl.edu.ar\/index.php\/wp-json\/wp\/v2\/pages"}],"about":[{"href":"http:\/\/ftuvz.unsl.edu.ar\/index.php\/wp-json\/wp\/v2\/types\/page"}],"author":[{"embeddable":true,"href":"http:\/\/ftuvz.unsl.edu.ar\/index.php\/wp-json\/wp\/v2\/users\/1"}],"replies":[{"embeddable":true,"href":"http:\/\/ftuvz.unsl.edu.ar\/index.php\/wp-json\/wp\/v2\/comments?post=1169"}],"version-history":[{"count":19,"href":"http:\/\/ftuvz.unsl.edu.ar\/index.php\/wp-json\/wp\/v2\/pages\/1169\/revisions"}],"predecessor-version":[{"id":1192,"href":"http:\/\/ftuvz.unsl.edu.ar\/index.php\/wp-json\/wp\/v2\/pages\/1169\/revisions\/1192"}],"wp:attachment":[{"href":"http:\/\/ftuvz.unsl.edu.ar\/index.php\/wp-json\/wp\/v2\/media?parent=1169"}],"curies":[{"name":"wp","href":"https:\/\/api.w.org\/{rel}","templated":true}]}}